{"id":957,"date":"2023-02-22T19:46:09","date_gmt":"2023-02-22T23:46:09","guid":{"rendered":"https:\/\/site.ac-martinique.fr\/clg-alexandrestellio\/?page_id=957"},"modified":"2024-01-31T13:54:24","modified_gmt":"2024-01-31T17:54:24","slug":"accueil","status":"publish","type":"page","link":"https:\/\/site.ac-martinique.fr\/clg-alexandrestellio\/","title":{"rendered":"ACCUEIL"},"content":{"rendered":"<p><!-- wp:paragraph{\"backgroundColor\":\"green\",\"textColor\":\"black\"} --><\/p>\n<div class=\"su-animate\" style=\"opacity:0;-webkit-animation-duration:1s;-webkit-animation-delay:0s;animation-duration:1s;animation-delay:0s;\" data-animation=\"bounceIn\" data-duration=\"1\" data-delay=\"0\">\n<div class=\"su-note\"  style=\"border-color:#c31919;border-radius:10px;-moz-border-radius:10px;-webkit-border-radius:10px;\"><div class=\"su-note-inner su-u-clearfix su-u-trim\" style=\"background-color:#dd3333;border-color:#ffffff;color:#FFFFFF;border-radius:10px;-moz-border-radius:10px;-webkit-border-radius:10px;\">\n<h1>\u26a0 STOP URGENT &#8230; Flash info !<\/h1>\n<div class=\"su-box su-box-style-default\" id=\"\" style=\"border-color:#8ebacc;border-radius:3px;max-width:none\"><div class=\"su-box-title\" style=\"background-color:#c1edff;color:#000000;border-top-left-radius:1px;border-top-right-radius:1px\">Journal n\u00b05 de la SEGPA<\/div><div class=\"su-box-content su-u-clearfix su-u-trim\" style=\"border-bottom-left-radius:1px;border-bottom-right-radius:1px\">\n<p><a href=\"https:\/\/heyzine.com\/flip-book\/3a87bcae8c.html\">Voir le journal Segpa News n\u00b05<\/a><\/p>\n<\/div><\/div>\n<\/div><\/div>\n<\/div>\n\n\n<div style=\"height:20px\" aria-hidden=\"true\" class=\"wp-block-spacer\"><\/div>\n\n\n\n<div class=\"wp-block-group has-dark-gray-color has-green-background-color has-text-color has-background tw-top-shape-halftone tw-bottom-shape-halftone\"><div class=\"wp-block-group__inner-container is-layout-constrained wp-block-group-is-layout-constrained\">\n<h5 class=\"wp-block-heading has-text-align-center has-dark-gray-color has-green-background-color has-text-color has-background\">ACTIVIT\u00c9 \u00c0 VENIR<\/h5>\n<\/div><\/div>\n\n\n\n<div style=\"height:20px\" aria-hidden=\"true\" class=\"wp-block-spacer\"><\/div>\n\n\n<div class=\"su-list\" style=\"margin-left:0px\">\n<ul>\n<li><i class=\"sui sui-star\" style=\"color:#ffad33\"><\/i> &#8230;<\/li>\n<\/ul>\n<\/div>\n\n\n<div style=\"height:20px\" aria-hidden=\"true\" class=\"wp-block-spacer\"><\/div>\n\n\n\n<p><\/p>\n\n\n\n<div class=\"wp-block-group has-dark-gray-color has-green-background-color has-text-color has-background tw-top-shape-halftone tw-bottom-shape-halftone\"><div class=\"wp-block-group__inner-container is-layout-constrained wp-block-group-is-layout-constrained\">\n<h5 class=\"wp-block-heading has-text-align-center has-dark-gray-color has-green-background-color has-text-color has-background\">R\u00c9SUM\u00c9 DU MOIS<\/h5>\n<\/div><\/div>\n\n\n\n<div style=\"height:20px\" aria-hidden=\"true\" class=\"wp-block-spacer\"><\/div>\n\n\n<div class=\"su-list\" style=\"margin-left:0px\">\n<ul>\n<li><i class=\"sui sui-star\" style=\"color:#ffad33\"><\/i> Bonne ann\u00e9e 2024<\/li>\n<li><i class=\"sui sui-star\" style=\"color:#ffad33\"><\/i> 26\/01\/2024 : <a href=\"https:\/\/viaatv.tv\/video-operation-working-outdoor-les-jeunes-arlesiens-pratiquent-langlais-sur-le-terrain\/\">Op\u00e9ration \u00ab\u00a0working outdoor\u00a0\u00bb : les jeunes Arl\u00e9siens pratiquent l&rsquo;anglais sur le terrain<\/a><\/li>\n<\/ul>\n<\/div>\n\n\n<div style=\"height:20px\" aria-hidden=\"true\" class=\"wp-block-spacer\"><\/div>\n\n\n\n<div class=\"wp-block-group has-dark-gray-color has-green-background-color has-text-color has-background tw-top-shape-halftone tw-bottom-shape-halftone\"><div class=\"wp-block-group__inner-container is-layout-constrained wp-block-group-is-layout-constrained\">\n<h5 class=\"wp-block-heading has-text-align-center has-dark-gray-color has-green-background-color has-text-color has-background\">ARTICLE DU MOIS<\/h5>\n<\/div><\/div>\n\n\n\n<div style=\"height:20px\" aria-hidden=\"true\" class=\"wp-block-spacer\"><\/div>\n\n\n\n<div data-wp-interactive=\"core\/file\" class=\"wp-block-file\"><object data-wp-bind--hidden=\"!state.hasPdfPreview\" hidden class=\"wp-block-file__embed\" data=\"https:\/\/site.ac-martinique.fr\/clg-alexandrestellio\/wp-content\/uploads\/sites\/106\/2023\/12\/ARTICLE-FORMATION-DES-DELEGUES-2023.pdf\" type=\"application\/pdf\" style=\"width:100%;height:600px\" aria-label=\"PDF embarqu\u00e9\"><\/object><a href=\"https:\/\/site.ac-martinique.fr\/clg-alexandrestellio\/wp-content\/uploads\/sites\/106\/2023\/12\/ARTICLE-FORMATION-DES-DELEGUES-2023.pdf\" class=\"wp-block-file__button wp-element-button\" download>T\u00e9l\u00e9charger L&rsquo;affiche<\/a><\/div>\n\n\n\n<div style=\"height:20px\" aria-hidden=\"true\" class=\"wp-block-spacer\"><\/div>\n\n\n\n<div class=\"wp-block-group has-dark-gray-color has-green-background-color has-text-color has-background tw-top-shape-halftone tw-bottom-shape-halftone\"><div class=\"wp-block-group__inner-container is-layout-constrained wp-block-group-is-layout-constrained\">\n<h5 class=\"wp-block-heading has-text-align-center has-dark-gray-color has-green-background-color has-text-color has-background\">AUTRES ARTICLES<\/h5>\n<\/div><\/div>\n\n\n\n<div style=\"height:20px\" aria-hidden=\"true\" class=\"wp-block-spacer\"><\/div>\n\n\n\n<div data-wp-interactive=\"core\/file\" class=\"wp-block-file\"><object data-wp-bind--hidden=\"!state.hasPdfPreview\" hidden class=\"wp-block-file__embed\" data=\"https:\/\/site.ac-martinique.fr\/clg-alexandrestellio\/wp-content\/uploads\/sites\/106\/2023\/09\/Affiche-Box-de-lecture.pdf\" type=\"application\/pdf\" style=\"width:100%;height:600px\" aria-label=\"Contenu embarqu\u00e9                                                    .\"><\/object><a id=\"wp-block-file--media-b86d80fa-4583-4fe7-ab2b-723066412aef\" href=\"https:\/\/site.ac-martinique.fr\/clg-alexandrestellio\/wp-content\/uploads\/sites\/106\/2023\/09\/Affiche-Box-de-lecture.pdf\">                                                   <\/a><a href=\"https:\/\/site.ac-martinique.fr\/clg-alexandrestellio\/wp-content\/uploads\/sites\/106\/2023\/09\/Affiche-Box-de-lecture.pdf\" class=\"wp-block-file__button wp-element-button\" download aria-describedby=\"wp-block-file--media-b86d80fa-4583-4fe7-ab2b-723066412aef\">T\u00e9l\u00e9charger L&rsquo;affiche<\/a><\/div>\n\n\n\n<div style=\"height:20px\" aria-hidden=\"true\" class=\"wp-block-spacer\"><\/div>\n\n\n<div class=\"su-list\" style=\"margin-left:0px\">\n<ul>\n<li><i class=\"sui sui-star\" style=\"color:#ffad33\"><\/i> <a href=\"https:\/\/site.ac-martinique.fr\/clg-alexandrestellio\/?p=2260\"><strong>Activit\u00e9 \u00e9chec<\/strong><\/a><\/li>\n<li><i class=\"sui sui-star\" style=\"color:#ffad33\"><\/i> <a href=\"https:\/\/site.ac-martinique.fr\/clg-alexandrestellio\/wp-content\/uploads\/sites\/106\/2023\/09\/Assemblee-de-rentree2023-2024.pdf\"><em><strong>Assembl\u00e9e de rentr\u00e9e 2023-2024.pdf<\/strong><\/em><\/a><\/li>\n<li><i class=\"sui sui-star\" style=\"color:#ffad33\"><\/i> <a href=\"https:\/\/site.ac-martinique.fr\/clg-alexandrestellio\/wp-content\/uploads\/sites\/106\/2023\/10\/En-route-vers-la-reussite-2023.pdf\"><strong>En route vers la r\u00e9ussite &#8211; Focus sur les m\u00e9tiers de la mer<\/strong><\/a><\/li>\n<li><i class=\"sui sui-star\" style=\"color:#ffad33\"><\/i> <a href=\"https:\/\/site.ac-martinique.fr\/clg-alexandrestellio\/?p=2293\"><strong>Jeunes en librairie<\/strong><\/a><\/li>\n<li><i class=\"sui sui-star\" style=\"color:#ffad33\"><\/i> <a href=\"https:\/\/site.ac-martinique.fr\/clg-alexandrestellio\/?p=2573\"><strong>Label E3D niveau 1<\/strong><\/a><\/li>\n<li><i class=\"sui sui-star\" style=\"color:#ffad33\"><\/i> <strong><a href=\"https:\/\/site.ac-martinique.fr\/clg-alexandrestellio\/?p=2656\">Le th\u00e9\u00e2tre pour sensibiliser : \u00ab\u00a0Ces filles-l\u00e0\u00a0\u00bb<\/a><\/strong><\/li>\n<li><i class=\"sui sui-star\" style=\"color:#ffad33\"><\/i> <strong><a href=\"https:\/\/site.ac-martinique.fr\/clg-alexandrestellio\/wp-content\/uploads\/sites\/106\/2023\/10\/MATINEE-DE-COHESION.pdf\">Matin\u00e9e de coh\u00e9sion &#8211; 07\/2023<\/a><\/strong><\/li>\n<li><i class=\"sui sui-star\" style=\"color:#ffad33\"><\/i> <strong><a href=\"https:\/\/site.ac-martinique.fr\/clg-alexandrestellio\/?p=2557\">Nos premiers \u00e9l\u00e8ves form\u00e9s aux GQS<\/a><\/strong><\/li>\n<li><i class=\"sui sui-star\" style=\"color:#ffad33\"><\/i> <strong><a href=\"https:\/\/viaatv.tv\/video-operation-working-outdoor-les-jeunes-arlesiens-pratiquent-langlais-sur-le-terrain\/\">Op\u00e9ration \u201cworking outdoor\u201d : les jeunes Arl\u00e9siens pratiquent l\u2019anglais sur le terrain<\/a><\/strong><\/li>\n<li><i class=\"sui sui-star\" style=\"color:#ffad33\"><\/i> <strong><a href=\"https:\/\/site.ac-martinique.fr\/clg-alexandrestellio\/?p=2092\">Participation aux ateliers des Zones Humides<\/a><\/strong><\/li>\n<li><i class=\"sui sui-star\" style=\"color:#ffad33\"><\/i> <a href=\"https:\/\/site.ac-martinique.fr\/clg-alexandrestellio\/?p=2111\"><strong>Projets r\u00e9novation du champ professionnel<\/strong><\/a><\/li>\n<li><i class=\"sui sui-star\" style=\"color:#ffad33\"><\/i> <strong><a href=\"https:\/\/site.ac-martinique.fr\/clg-alexandrestellio\/?p=2450\">Retour de la 2\u00e8me \u00e9dition du restaurant p\u00e9dagogique<\/a><\/strong><\/li>\n<li><i class=\"sui sui-star\" style=\"color:#ffad33\"><\/i> <a href=\"https:\/\/site.ac-martinique.fr\/clg-alexandrestellio\/?p=2568\"><strong>Semaine des langues vivantes, de la presse et des m\u00e9dias<\/strong><\/a><\/li>\n<li><i class=\"sui sui-star\" style=\"color:#ffad33\"><\/i> <a href=\"https:\/\/site.ac-martinique.fr\/clg-alexandrestellio\/?p=2080\"><strong>Sortie au village du d\u00e9veloppement durable &#8211; Challenge piles<\/strong><\/a><\/li>\n<li><i class=\"sui sui-star\" style=\"color:#ffad33\"><\/i> <strong><a href=\"https:\/\/site.ac-martinique.fr\/clg-alexandrestellio\/?p=2034\">Sortie au village du d\u00e9veloppement durable &#8211; Malecon<\/a><\/strong><\/li>\n<\/ul>\n<\/div>","protected":false},"excerpt":{"rendered":"<p>ACTIVIT\u00c9 \u00c0 VENIR R\u00c9SUM\u00c9 DU MOIS ARTICLE DU MOIS AUTRES ARTICLES<\/p>\n","protected":false},"author":304,"featured_media":0,"parent":0,"menu_order":0,"comment_status":"closed","ping_status":"closed","template":"","meta":{"footnotes":""},"class_list":["post-957","page","type-page","status-publish","hentry"],"_links":{"self":[{"href":"https:\/\/site.ac-martinique.fr\/clg-alexandrestellio\/index.php?rest_route=\/wp\/v2\/pages\/957","targetHints":{"allow":["GET"]}}],"collection":[{"href":"https:\/\/site.ac-martinique.fr\/clg-alexandrestellio\/index.php?rest_route=\/wp\/v2\/pages"}],"about":[{"href":"https:\/\/site.ac-martinique.fr\/clg-alexandrestellio\/index.php?rest_route=\/wp\/v2\/types\/page"}],"author":[{"embeddable":true,"href":"https:\/\/site.ac-martinique.fr\/clg-alexandrestellio\/index.php?rest_route=\/wp\/v2\/users\/304"}],"replies":[{"embeddable":true,"href":"https:\/\/site.ac-martinique.fr\/clg-alexandrestellio\/index.php?rest_route=%2Fwp%2Fv2%2Fcomments&post=957"}],"version-history":[{"count":336,"href":"https:\/\/site.ac-martinique.fr\/clg-alexandrestellio\/index.php?rest_route=\/wp\/v2\/pages\/957\/revisions"}],"predecessor-version":[{"id":2694,"href":"https:\/\/site.ac-martinique.fr\/clg-alexandrestellio\/index.php?rest_route=\/wp\/v2\/pages\/957\/revisions\/2694"}],"wp:attachment":[{"href":"https:\/\/site.ac-martinique.fr\/clg-alexandrestellio\/index.php?rest_route=%2Fwp%2Fv2%2Fmedia&parent=957"}],"curies":[{"name":"wp","href":"https:\/\/api.w.org\/{rel}","templated":true}]}}