{"id":970,"date":"2023-02-02T20:17:19","date_gmt":"2023-02-03T00:17:19","guid":{"rendered":"https:\/\/site.ac-martinique.fr\/clg-alexandrestellio\/?page_id=970"},"modified":"2023-02-25T16:00:52","modified_gmt":"2023-02-25T20:00:52","slug":"sorties-pedagogique","status":"publish","type":"page","link":"https:\/\/site.ac-martinique.fr\/clg-alexandrestellio\/?page_id=970","title":{"rendered":"SORTIES P\u00c9DAGOGIQUES"},"content":{"rendered":"<h1><span style=\"font-family: georgia, palatino, serif; color: #3366ff;\">Matin\u00e9e de coh\u00e9sion pour les classes de 6\u00e8me<\/span><\/h1>\n\n\n<div class=\"wp-block-media-text alignwide is-stacked-on-mobile is-vertically-aligned-center is-style-tw-shadow\"><figure class=\"wp-block-media-text__media\"><img loading=\"lazy\" decoding=\"async\" width=\"768\" height=\"1024\" src=\"https:\/\/site.ac-martinique.fr\/clg-alexandrestellio\/wp-content\/uploads\/sites\/106\/2022\/10\/WhatsApp-Image-2022-09-05-at-18.53.59-1-1.jpeg\" alt=\"\" class=\"wp-image-462 size-full\" srcset=\"https:\/\/site.ac-martinique.fr\/clg-alexandrestellio\/wp-content\/uploads\/sites\/106\/2022\/10\/WhatsApp-Image-2022-09-05-at-18.53.59-1-1.jpeg 768w, https:\/\/site.ac-martinique.fr\/clg-alexandrestellio\/wp-content\/uploads\/sites\/106\/2022\/10\/WhatsApp-Image-2022-09-05-at-18.53.59-1-1-225x300.jpeg 225w\" sizes=\"auto, (max-width: 706px) 89vw, (max-width: 767px) 82vw, 740px\" \/><\/figure><div class=\"wp-block-media-text__content\">\n<p class=\"has-text-align-left\"><a href=\"https:\/\/site.ac-martinique.fr\/clg-alexandrestellio\/?p=459\">Acc\u00e9der \u00e0 l&rsquo;article &#8230;<\/a><\/p>\n<\/div><\/div>\n\n\n<h1><span style=\"font-family: georgia, palatino, serif; color: #3366ff;\">Matin\u00e9e de coh\u00e9sion pour les classes de 5\u00e8me<\/span><\/h1>\n\n\n<div class=\"wp-block-media-text alignwide is-stacked-on-mobile is-style-tw-shadow\"><figure class=\"wp-block-media-text__media\"><img loading=\"lazy\" decoding=\"async\" width=\"576\" height=\"1024\" src=\"https:\/\/site.ac-martinique.fr\/clg-alexandrestellio\/wp-content\/uploads\/sites\/106\/2022\/10\/WhatsApp-Image-2022-09-05-at-09.56.55-576x1024.jpeg\" alt=\"\" class=\"wp-image-497 size-full\" srcset=\"https:\/\/site.ac-martinique.fr\/clg-alexandrestellio\/wp-content\/uploads\/sites\/106\/2022\/10\/WhatsApp-Image-2022-09-05-at-09.56.55-576x1024.jpeg 576w, https:\/\/site.ac-martinique.fr\/clg-alexandrestellio\/wp-content\/uploads\/sites\/106\/2022\/10\/WhatsApp-Image-2022-09-05-at-09.56.55-169x300.jpeg 169w, https:\/\/site.ac-martinique.fr\/clg-alexandrestellio\/wp-content\/uploads\/sites\/106\/2022\/10\/WhatsApp-Image-2022-09-05-at-09.56.55-768x1366.jpeg 768w, https:\/\/site.ac-martinique.fr\/clg-alexandrestellio\/wp-content\/uploads\/sites\/106\/2022\/10\/WhatsApp-Image-2022-09-05-at-09.56.55-864x1536.jpeg 864w, https:\/\/site.ac-martinique.fr\/clg-alexandrestellio\/wp-content\/uploads\/sites\/106\/2022\/10\/WhatsApp-Image-2022-09-05-at-09.56.55.jpeg 899w\" sizes=\"auto, (max-width: 576px) 100vw, 576px\" \/><\/figure><div class=\"wp-block-media-text__content\">\n<p class=\"has-text-align-left\"><a href=\"https:\/\/site.ac-martinique.fr\/clg-alexandrestellio\/?p=492\">Acc\u00e9der \u00e0 l&rsquo;article &#8230;<\/a><\/p>\n<\/div><\/div>\n\n\n<h1><span style=\"font-family: georgia, palatino, serif; color: #3366ff;\">Matin\u00e9e de coh\u00e9sion pour les classes de 4\u00e8me<\/span><\/h1>\n\n\n<div class=\"wp-block-media-text alignwide is-stacked-on-mobile is-style-tw-shadow\"><figure class=\"wp-block-media-text__media\"><img loading=\"lazy\" decoding=\"async\" width=\"1024\" height=\"498\" src=\"https:\/\/site.ac-martinique.fr\/clg-alexandrestellio\/wp-content\/uploads\/sites\/106\/2022\/10\/WhatsApp-Image-2022-09-05-at-11.53.15-1024x498.jpeg\" alt=\"\" class=\"wp-image-484 size-full\" srcset=\"https:\/\/site.ac-martinique.fr\/clg-alexandrestellio\/wp-content\/uploads\/sites\/106\/2022\/10\/WhatsApp-Image-2022-09-05-at-11.53.15-1024x498.jpeg 1024w, https:\/\/site.ac-martinique.fr\/clg-alexandrestellio\/wp-content\/uploads\/sites\/106\/2022\/10\/WhatsApp-Image-2022-09-05-at-11.53.15-300x146.jpeg 300w, https:\/\/site.ac-martinique.fr\/clg-alexandrestellio\/wp-content\/uploads\/sites\/106\/2022\/10\/WhatsApp-Image-2022-09-05-at-11.53.15-768x373.jpeg 768w, https:\/\/site.ac-martinique.fr\/clg-alexandrestellio\/wp-content\/uploads\/sites\/106\/2022\/10\/WhatsApp-Image-2022-09-05-at-11.53.15.jpeg 1280w\" sizes=\"auto, (max-width: 706px) 89vw, (max-width: 767px) 82vw, 740px\" \/><\/figure><div class=\"wp-block-media-text__content\">\n<p class=\"has-text-align-left\"><a href=\"https:\/\/site.ac-martinique.fr\/clg-alexandrestellio\/?p=483\">Acc\u00e9der \u00e0 l&rsquo;article &#8230;<\/a><\/p>\n<\/div><\/div>\n\n\n<h1><span style=\"font-family: georgia, palatino, serif; color: #3366ff;\">Matin\u00e9e de coh\u00e9sion pour les classes de 3\u00e8me<\/span><\/h1>\n<p>\u00a0<\/p>\n\n\n<div class=\"wp-block-media-text alignwide is-stacked-on-mobile is-style-tw-shadow\"><figure class=\"wp-block-media-text__media\"><img loading=\"lazy\" decoding=\"async\" width=\"1024\" height=\"473\" src=\"https:\/\/site.ac-martinique.fr\/clg-alexandrestellio\/wp-content\/uploads\/sites\/106\/2022\/10\/20220905_095031-1024x473.jpg\" alt=\"\" class=\"wp-image-474 size-full\" srcset=\"https:\/\/site.ac-martinique.fr\/clg-alexandrestellio\/wp-content\/uploads\/sites\/106\/2022\/10\/20220905_095031-1024x473.jpg 1024w, https:\/\/site.ac-martinique.fr\/clg-alexandrestellio\/wp-content\/uploads\/sites\/106\/2022\/10\/20220905_095031-300x139.jpg 300w, https:\/\/site.ac-martinique.fr\/clg-alexandrestellio\/wp-content\/uploads\/sites\/106\/2022\/10\/20220905_095031-768x355.jpg 768w, https:\/\/site.ac-martinique.fr\/clg-alexandrestellio\/wp-content\/uploads\/sites\/106\/2022\/10\/20220905_095031-1536x710.jpg 1536w, https:\/\/site.ac-martinique.fr\/clg-alexandrestellio\/wp-content\/uploads\/sites\/106\/2022\/10\/20220905_095031-2048x946.jpg 2048w\" sizes=\"auto, (max-width: 706px) 89vw, (max-width: 767px) 82vw, 740px\" \/><\/figure><div class=\"wp-block-media-text__content\">\n<p><a href=\"https:\/\/site.ac-martinique.fr\/clg-alexandrestellio\/?p=473\">Acc\u00e9der \u00e0 l&rsquo;article &#8230;<\/a><\/p>\n<\/div><\/div>\n","protected":false},"excerpt":{"rendered":"<p>Matin\u00e9e de coh\u00e9sion pour les classes de 6\u00e8me Acc\u00e9der \u00e0 l&rsquo;article &#8230; Matin\u00e9e de coh\u00e9sion pour les classes de 5\u00e8me Acc\u00e9der \u00e0 l&rsquo;article &#8230; Matin\u00e9e de coh\u00e9sion pour les classes de 4\u00e8me Acc\u00e9der \u00e0 l&rsquo;article &#8230; Matin\u00e9e de coh\u00e9sion pour les classes de 3\u00e8me \u00a0 Acc\u00e9der \u00e0 l&rsquo;article &#8230;<\/p>\n","protected":false},"author":304,"featured_media":0,"parent":0,"menu_order":0,"comment_status":"closed","ping_status":"closed","template":"","meta":{"footnotes":""},"class_list":["post-970","page","type-page","status-publish","hentry"],"_links":{"self":[{"href":"https:\/\/site.ac-martinique.fr\/clg-alexandrestellio\/index.php?rest_route=\/wp\/v2\/pages\/970","targetHints":{"allow":["GET"]}}],"collection":[{"href":"https:\/\/site.ac-martinique.fr\/clg-alexandrestellio\/index.php?rest_route=\/wp\/v2\/pages"}],"about":[{"href":"https:\/\/site.ac-martinique.fr\/clg-alexandrestellio\/index.php?rest_route=\/wp\/v2\/types\/page"}],"author":[{"embeddable":true,"href":"https:\/\/site.ac-martinique.fr\/clg-alexandrestellio\/index.php?rest_route=\/wp\/v2\/users\/304"}],"replies":[{"embeddable":true,"href":"https:\/\/site.ac-martinique.fr\/clg-alexandrestellio\/index.php?rest_route=%2Fwp%2Fv2%2Fcomments&post=970"}],"version-history":[{"count":22,"href":"https:\/\/site.ac-martinique.fr\/clg-alexandrestellio\/index.php?rest_route=\/wp\/v2\/pages\/970\/revisions"}],"predecessor-version":[{"id":2052,"href":"https:\/\/site.ac-martinique.fr\/clg-alexandrestellio\/index.php?rest_route=\/wp\/v2\/pages\/970\/revisions\/2052"}],"wp:attachment":[{"href":"https:\/\/site.ac-martinique.fr\/clg-alexandrestellio\/index.php?rest_route=%2Fwp%2Fv2%2Fmedia&parent=970"}],"curies":[{"name":"wp","href":"https:\/\/api.w.org\/{rel}","templated":true}]}}