{"id":7011,"date":"2024-07-08T14:15:09","date_gmt":"2024-07-08T18:15:09","guid":{"rendered":"https:\/\/site.ac-martinique.fr\/clg-asselindebeauville\/?page_id=7011"},"modified":"2024-07-08T14:30:32","modified_gmt":"2024-07-08T18:30:32","slug":"projets-latin-francais-2024","status":"publish","type":"page","link":"https:\/\/site.ac-martinique.fr\/clg-asselindebeauville\/?page_id=7011","title":{"rendered":"Projets Latin &#8211; Fran\u00e7ais 2023-2024"},"content":{"rendered":"\n<p><a href=\"https:\/\/view.genially.com\/6682a033593a1c0014cca5b3\/presentation-projet-faune-et-flore-6eme\" target=\"_blank\" rel=\"noreferrer noopener\">Venez d\u00e9couvrir la faune et la flore de Martinique avec les sixi\u00e8mes 2, 6 et 7 !<\/a><\/p>\n\n\n\n<figure class=\"wp-block-image size-large\"><a href=\"https:\/\/view.genially.com\/6682a033593a1c0014cca5b3\/presentation-projet-faune-et-flore-6eme\"><img loading=\"lazy\" decoding=\"async\" width=\"700\" height=\"490\" src=\"https:\/\/site.ac-martinique.fr\/clg-asselindebeauville\/wp-content\/uploads\/sites\/83\/2024\/07\/1-700x490.jpg\" alt=\"\" class=\"wp-image-7017\" srcset=\"https:\/\/site.ac-martinique.fr\/clg-asselindebeauville\/wp-content\/uploads\/sites\/83\/2024\/07\/1-700x490.jpg 700w, https:\/\/site.ac-martinique.fr\/clg-asselindebeauville\/wp-content\/uploads\/sites\/83\/2024\/07\/1-300x210.jpg 300w, https:\/\/site.ac-martinique.fr\/clg-asselindebeauville\/wp-content\/uploads\/sites\/83\/2024\/07\/1.jpg 1065w\" sizes=\"auto, (max-width: 700px) 100vw, 700px\" \/><\/a><\/figure>\n\n\n\n<p><\/p>\n\n\n\n<p><\/p>\n\n\n\n<p><a href=\"https:\/\/view.genially.com\/667ec92250c75b0014ff9328\/presentation-defi-lecture-2024-latinistes\">Qui a remport\u00e9 le d\u00e9fi-lecture entre latinistes des coll\u00e8ges Suzanne Roussi-C\u00e9saire, Rivi\u00e8re Sal\u00e9e et Asselin de Beauville ? Pour le savoir, d\u00e9couvrez-le en images !<\/a><\/p>\n\n\n\n<figure class=\"wp-block-image size-large\"><a href=\"https:\/\/view.genially.com\/667ec92250c75b0014ff9328\/presentation-defi-lecture-2024-latinistes\"><img loading=\"lazy\" decoding=\"async\" width=\"700\" height=\"490\" src=\"https:\/\/site.ac-martinique.fr\/clg-asselindebeauville\/wp-content\/uploads\/sites\/83\/2024\/07\/2-700x490.jpg\" alt=\"\" class=\"wp-image-7019\" srcset=\"https:\/\/site.ac-martinique.fr\/clg-asselindebeauville\/wp-content\/uploads\/sites\/83\/2024\/07\/2-700x490.jpg 700w, https:\/\/site.ac-martinique.fr\/clg-asselindebeauville\/wp-content\/uploads\/sites\/83\/2024\/07\/2-300x210.jpg 300w, https:\/\/site.ac-martinique.fr\/clg-asselindebeauville\/wp-content\/uploads\/sites\/83\/2024\/07\/2.jpg 1065w\" sizes=\"auto, (max-width: 700px) 100vw, 700px\" \/><\/a><\/figure>\n\n\n\n<p><\/p>\n\n\n\n<p><\/p>\n\n\n\n<p><a href=\"https:\/\/view.genially.com\/6685d7be8e112e001405c239\/guide-saint-pierre-pompei\" target=\"_blank\" rel=\"noreferrer noopener\">Que s&rsquo;est-il pass\u00e9 \u00e0 Saint Pierre et Pomp\u00e9i ? Pour le savoir, les quatri\u00e8mes et les troisi\u00e8mes latinistes ont fait des recherches sur Pomp\u00e9i, ville romaine et ont visit\u00e9 Saint Pierre. Venez d\u00e9couvrir le destin explosif de ces deux villes !<\/a><\/p>\n\n\n\n<figure class=\"wp-block-image size-large\"><a href=\"https:\/\/view.genially.com\/6685d7be8e112e001405c239\/guide-saint-pierre-pompei\"><img loading=\"lazy\" decoding=\"async\" width=\"700\" height=\"490\" src=\"https:\/\/site.ac-martinique.fr\/clg-asselindebeauville\/wp-content\/uploads\/sites\/83\/2024\/07\/3-700x490.jpg\" alt=\"\" class=\"wp-image-7020\" srcset=\"https:\/\/site.ac-martinique.fr\/clg-asselindebeauville\/wp-content\/uploads\/sites\/83\/2024\/07\/3-700x490.jpg 700w, https:\/\/site.ac-martinique.fr\/clg-asselindebeauville\/wp-content\/uploads\/sites\/83\/2024\/07\/3-300x210.jpg 300w, https:\/\/site.ac-martinique.fr\/clg-asselindebeauville\/wp-content\/uploads\/sites\/83\/2024\/07\/3.jpg 1065w\" sizes=\"auto, (max-width: 700px) 100vw, 700px\" \/><\/a><\/figure>\n","protected":false},"excerpt":{"rendered":"<p>Venez d\u00e9couvrir la faune et la flore de Martinique avec les sixi\u00e8mes 2, 6 et 7 ! Qui a remport\u00e9 &hellip; <\/p>\n<p class=\"link-more\"><a href=\"https:\/\/site.ac-martinique.fr\/clg-asselindebeauville\/?page_id=7011\" class=\"more-link\">Lire la suite&#8230;<span class=\"screen-reader-text\"> \u00ab\u00a0Projets Latin &#8211; Fran\u00e7ais 2023-2024\u00a0\u00bb<\/span><\/a><\/p>\n","protected":false},"author":215,"featured_media":0,"parent":0,"menu_order":0,"comment_status":"closed","ping_status":"closed","template":"","meta":{"footnotes":"","_links_to":"","_links_to_target":""},"class_list":["post-7011","page","type-page","status-publish","hentry"],"_links":{"self":[{"href":"https:\/\/site.ac-martinique.fr\/clg-asselindebeauville\/index.php?rest_route=\/wp\/v2\/pages\/7011","targetHints":{"allow":["GET"]}}],"collection":[{"href":"https:\/\/site.ac-martinique.fr\/clg-asselindebeauville\/index.php?rest_route=\/wp\/v2\/pages"}],"about":[{"href":"https:\/\/site.ac-martinique.fr\/clg-asselindebeauville\/index.php?rest_route=\/wp\/v2\/types\/page"}],"author":[{"embeddable":true,"href":"https:\/\/site.ac-martinique.fr\/clg-asselindebeauville\/index.php?rest_route=\/wp\/v2\/users\/215"}],"replies":[{"embeddable":true,"href":"https:\/\/site.ac-martinique.fr\/clg-asselindebeauville\/index.php?rest_route=%2Fwp%2Fv2%2Fcomments&post=7011"}],"version-history":[{"count":4,"href":"https:\/\/site.ac-martinique.fr\/clg-asselindebeauville\/index.php?rest_route=\/wp\/v2\/pages\/7011\/revisions"}],"predecessor-version":[{"id":7022,"href":"https:\/\/site.ac-martinique.fr\/clg-asselindebeauville\/index.php?rest_route=\/wp\/v2\/pages\/7011\/revisions\/7022"}],"wp:attachment":[{"href":"https:\/\/site.ac-martinique.fr\/clg-asselindebeauville\/index.php?rest_route=%2Fwp%2Fv2%2Fmedia&parent=7011"}],"curies":[{"name":"wp","href":"https:\/\/api.w.org\/{rel}","templated":true}]}}