{"id":7451,"date":"2025-06-24T15:49:30","date_gmt":"2025-06-24T19:49:30","guid":{"rendered":"https:\/\/site.ac-martinique.fr\/clg-asselindebeauville\/?page_id=7451"},"modified":"2025-06-24T15:49:30","modified_gmt":"2025-06-24T19:49:30","slug":"inscriptions-2025-2026-au-college-asselin-de-beauville","status":"publish","type":"page","link":"https:\/\/site.ac-martinique.fr\/clg-asselindebeauville\/?page_id=7451","title":{"rendered":"Inscriptions 2025-2026 au Coll\u00e8ge Asselin de Beauville"},"content":{"rendered":"\n<p><\/p>\n\n\n\n<p>. <a href=\"https:\/\/site.ac-martinique.fr\/clg-asselindebeauville\/wp-content\/uploads\/sites\/83\/2025\/06\/calendrier-inscriptions-cm2-2025-2026.pdf\" target=\"_blank\" rel=\"noreferrer noopener\">Calendrier des inscriptions CM2 en sixi\u00e8me<\/a><br><br>. <a href=\"https:\/\/site.ac-martinique.fr\/clg-asselindebeauville\/wp-content\/uploads\/sites\/83\/2025\/06\/inscriptions-6eme.pdf\" target=\"_blank\" rel=\"noreferrer noopener\">Documents \u00e0 fournir pour l&rsquo;inscription en sixi\u00e8me.pdf<\/a><br><br>. <a href=\"https:\/\/site.ac-martinique.fr\/clg-asselindebeauville\/wp-content\/uploads\/sites\/83\/2025\/06\/inscriptions-nouveaux-eleves.pdf\" target=\"_blank\" rel=\"noreferrer noopener\">Documents \u00e0 fournir concernant les d\u00e9rogations (nouveaux \u00e9l\u00e8ves)<\/a><\/p>\n\n\n\n<p><\/p>\n","protected":false},"excerpt":{"rendered":"<p>. Calendrier des inscriptions CM2 en sixi\u00e8me . Documents \u00e0 fournir pour l&rsquo;inscription en sixi\u00e8me.pdf . Documents \u00e0 fournir concernant &hellip; <\/p>\n<p class=\"link-more\"><a href=\"https:\/\/site.ac-martinique.fr\/clg-asselindebeauville\/?page_id=7451\" class=\"more-link\">Lire la suite&#8230;<span class=\"screen-reader-text\"> \u00ab\u00a0Inscriptions 2025-2026 au Coll\u00e8ge Asselin de Beauville\u00a0\u00bb<\/span><\/a><\/p>\n","protected":false},"author":215,"featured_media":0,"parent":0,"menu_order":0,"comment_status":"closed","ping_status":"closed","template":"","meta":{"footnotes":"","_links_to":"","_links_to_target":""},"class_list":["post-7451","page","type-page","status-publish","hentry"],"_links":{"self":[{"href":"https:\/\/site.ac-martinique.fr\/clg-asselindebeauville\/index.php?rest_route=\/wp\/v2\/pages\/7451","targetHints":{"allow":["GET"]}}],"collection":[{"href":"https:\/\/site.ac-martinique.fr\/clg-asselindebeauville\/index.php?rest_route=\/wp\/v2\/pages"}],"about":[{"href":"https:\/\/site.ac-martinique.fr\/clg-asselindebeauville\/index.php?rest_route=\/wp\/v2\/types\/page"}],"author":[{"embeddable":true,"href":"https:\/\/site.ac-martinique.fr\/clg-asselindebeauville\/index.php?rest_route=\/wp\/v2\/users\/215"}],"replies":[{"embeddable":true,"href":"https:\/\/site.ac-martinique.fr\/clg-asselindebeauville\/index.php?rest_route=%2Fwp%2Fv2%2Fcomments&post=7451"}],"version-history":[{"count":1,"href":"https:\/\/site.ac-martinique.fr\/clg-asselindebeauville\/index.php?rest_route=\/wp\/v2\/pages\/7451\/revisions"}],"predecessor-version":[{"id":7452,"href":"https:\/\/site.ac-martinique.fr\/clg-asselindebeauville\/index.php?rest_route=\/wp\/v2\/pages\/7451\/revisions\/7452"}],"wp:attachment":[{"href":"https:\/\/site.ac-martinique.fr\/clg-asselindebeauville\/index.php?rest_route=%2Fwp%2Fv2%2Fmedia&parent=7451"}],"curies":[{"name":"wp","href":"https:\/\/api.w.org\/{rel}","templated":true}]}}