{"id":7590,"date":"2025-11-16T11:04:22","date_gmt":"2025-11-16T15:04:22","guid":{"rendered":"https:\/\/site.ac-martinique.fr\/clg-asselindebeauville\/?page_id=7590"},"modified":"2025-11-16T11:04:22","modified_gmt":"2025-11-16T15:04:22","slug":"3-chams-du-college-asselin-de-beauville-ont-eu-le-plaisir-dexposer-leur-travail-au-village-de-la-fete-de-la-science-a-luniversite-de-schoelcher-du-13-au-15-11","status":"publish","type":"page","link":"https:\/\/site.ac-martinique.fr\/clg-asselindebeauville\/?page_id=7590","title":{"rendered":"3\u00b0 CHAMS du coll\u00e8ge Asselin de Beauville ont eu le plaisir d&rsquo;exposer leur travail au village de la f\u00eate de la science \u00e0 l&rsquo;universit\u00e9 de Schoelcher du 13 au 15\/11."},"content":{"rendered":"\n<figure class=\"wp-block-image size-large\"><img loading=\"lazy\" decoding=\"async\" width=\"700\" height=\"473\" src=\"https:\/\/site.ac-martinique.fr\/clg-asselindebeauville\/wp-content\/uploads\/sites\/83\/2025\/11\/1000074725-700x473.jpg\" alt=\"\" class=\"wp-image-7589\" srcset=\"https:\/\/site.ac-martinique.fr\/clg-asselindebeauville\/wp-content\/uploads\/sites\/83\/2025\/11\/1000074725-700x473.jpg 700w, https:\/\/site.ac-martinique.fr\/clg-asselindebeauville\/wp-content\/uploads\/sites\/83\/2025\/11\/1000074725-300x203.jpg 300w, https:\/\/site.ac-martinique.fr\/clg-asselindebeauville\/wp-content\/uploads\/sites\/83\/2025\/11\/1000074725-1536x1037.jpg 1536w, https:\/\/site.ac-martinique.fr\/clg-asselindebeauville\/wp-content\/uploads\/sites\/83\/2025\/11\/1000074725-2048x1382.jpg 2048w\" sizes=\"auto, (max-width: 700px) 100vw, 700px\" \/><\/figure>\n\n\n\n<figure class=\"wp-block-image size-large\"><img loading=\"lazy\" decoding=\"async\" width=\"700\" height=\"323\" src=\"https:\/\/site.ac-martinique.fr\/clg-asselindebeauville\/wp-content\/uploads\/sites\/83\/2025\/11\/1000074534-700x323.jpg\" alt=\"\" class=\"wp-image-7588\" srcset=\"https:\/\/site.ac-martinique.fr\/clg-asselindebeauville\/wp-content\/uploads\/sites\/83\/2025\/11\/1000074534-700x323.jpg 700w, https:\/\/site.ac-martinique.fr\/clg-asselindebeauville\/wp-content\/uploads\/sites\/83\/2025\/11\/1000074534-300x139.jpg 300w, https:\/\/site.ac-martinique.fr\/clg-asselindebeauville\/wp-content\/uploads\/sites\/83\/2025\/11\/1000074534-1536x709.jpg 1536w, https:\/\/site.ac-martinique.fr\/clg-asselindebeauville\/wp-content\/uploads\/sites\/83\/2025\/11\/1000074534-2048x946.jpg 2048w\" sizes=\"auto, (max-width: 700px) 100vw, 700px\" \/><\/figure>\n\n\n\n<figure class=\"wp-block-image size-large\"><img loading=\"lazy\" decoding=\"async\" width=\"700\" height=\"396\" src=\"https:\/\/site.ac-martinique.fr\/clg-asselindebeauville\/wp-content\/uploads\/sites\/83\/2025\/11\/1000074513-700x396.jpg\" alt=\"\" class=\"wp-image-7587\" srcset=\"https:\/\/site.ac-martinique.fr\/clg-asselindebeauville\/wp-content\/uploads\/sites\/83\/2025\/11\/1000074513-700x396.jpg 700w, https:\/\/site.ac-martinique.fr\/clg-asselindebeauville\/wp-content\/uploads\/sites\/83\/2025\/11\/1000074513-300x170.jpg 300w, https:\/\/site.ac-martinique.fr\/clg-asselindebeauville\/wp-content\/uploads\/sites\/83\/2025\/11\/1000074513-1536x869.jpg 1536w, https:\/\/site.ac-martinique.fr\/clg-asselindebeauville\/wp-content\/uploads\/sites\/83\/2025\/11\/1000074513-2048x1158.jpg 2048w\" sizes=\"auto, (max-width: 700px) 100vw, 700px\" \/><\/figure>\n\n\n\n<figure class=\"wp-block-image size-large\"><img loading=\"lazy\" decoding=\"async\" width=\"700\" height=\"459\" src=\"https:\/\/site.ac-martinique.fr\/clg-asselindebeauville\/wp-content\/uploads\/sites\/83\/2025\/11\/1000074509-700x459.jpg\" alt=\"\" class=\"wp-image-7586\" srcset=\"https:\/\/site.ac-martinique.fr\/clg-asselindebeauville\/wp-content\/uploads\/sites\/83\/2025\/11\/1000074509-700x459.jpg 700w, https:\/\/site.ac-martinique.fr\/clg-asselindebeauville\/wp-content\/uploads\/sites\/83\/2025\/11\/1000074509-300x197.jpg 300w, https:\/\/site.ac-martinique.fr\/clg-asselindebeauville\/wp-content\/uploads\/sites\/83\/2025\/11\/1000074509-1536x1008.jpg 1536w, https:\/\/site.ac-martinique.fr\/clg-asselindebeauville\/wp-content\/uploads\/sites\/83\/2025\/11\/1000074509-2048x1344.jpg 2048w\" sizes=\"auto, (max-width: 700px) 100vw, 700px\" \/><\/figure>\n\n\n\n<figure class=\"wp-block-image size-large\"><img loading=\"lazy\" decoding=\"async\" width=\"700\" height=\"323\" src=\"https:\/\/site.ac-martinique.fr\/clg-asselindebeauville\/wp-content\/uploads\/sites\/83\/2025\/11\/1000074488-700x323.jpg\" alt=\"\" class=\"wp-image-7584\" srcset=\"https:\/\/site.ac-martinique.fr\/clg-asselindebeauville\/wp-content\/uploads\/sites\/83\/2025\/11\/1000074488-700x323.jpg 700w, https:\/\/site.ac-martinique.fr\/clg-asselindebeauville\/wp-content\/uploads\/sites\/83\/2025\/11\/1000074488-300x139.jpg 300w, https:\/\/site.ac-martinique.fr\/clg-asselindebeauville\/wp-content\/uploads\/sites\/83\/2025\/11\/1000074488-1536x709.jpg 1536w, https:\/\/site.ac-martinique.fr\/clg-asselindebeauville\/wp-content\/uploads\/sites\/83\/2025\/11\/1000074488-2048x946.jpg 2048w\" sizes=\"auto, (max-width: 700px) 100vw, 700px\" \/><\/figure>\n\n\n\n<figure class=\"wp-block-image size-large\"><img loading=\"lazy\" decoding=\"async\" width=\"700\" height=\"487\" src=\"https:\/\/site.ac-martinique.fr\/clg-asselindebeauville\/wp-content\/uploads\/sites\/83\/2025\/11\/1000074370-700x487.jpg\" alt=\"\" class=\"wp-image-7583\" srcset=\"https:\/\/site.ac-martinique.fr\/clg-asselindebeauville\/wp-content\/uploads\/sites\/83\/2025\/11\/1000074370-700x487.jpg 700w, https:\/\/site.ac-martinique.fr\/clg-asselindebeauville\/wp-content\/uploads\/sites\/83\/2025\/11\/1000074370-300x209.jpg 300w, https:\/\/site.ac-martinique.fr\/clg-asselindebeauville\/wp-content\/uploads\/sites\/83\/2025\/11\/1000074370-1536x1068.jpg 1536w, https:\/\/site.ac-martinique.fr\/clg-asselindebeauville\/wp-content\/uploads\/sites\/83\/2025\/11\/1000074370-2048x1423.jpg 2048w\" sizes=\"auto, (max-width: 700px) 100vw, 700px\" \/><\/figure>\n\n\n\n<figure class=\"wp-block-image size-large\"><img loading=\"lazy\" decoding=\"async\" width=\"700\" height=\"425\" src=\"https:\/\/site.ac-martinique.fr\/clg-asselindebeauville\/wp-content\/uploads\/sites\/83\/2025\/11\/1000074365-700x425.jpg\" alt=\"\" class=\"wp-image-7582\" srcset=\"https:\/\/site.ac-martinique.fr\/clg-asselindebeauville\/wp-content\/uploads\/sites\/83\/2025\/11\/1000074365-700x425.jpg 700w, https:\/\/site.ac-martinique.fr\/clg-asselindebeauville\/wp-content\/uploads\/sites\/83\/2025\/11\/1000074365-300x182.jpg 300w, https:\/\/site.ac-martinique.fr\/clg-asselindebeauville\/wp-content\/uploads\/sites\/83\/2025\/11\/1000074365-1536x932.jpg 1536w, https:\/\/site.ac-martinique.fr\/clg-asselindebeauville\/wp-content\/uploads\/sites\/83\/2025\/11\/1000074365-2048x1242.jpg 2048w\" sizes=\"auto, (max-width: 700px) 100vw, 700px\" \/><\/figure>\n\n\n\n<figure class=\"wp-block-image size-large\"><img loading=\"lazy\" decoding=\"async\" width=\"700\" height=\"614\" src=\"https:\/\/site.ac-martinique.fr\/clg-asselindebeauville\/wp-content\/uploads\/sites\/83\/2025\/11\/1000074350-700x614.jpg\" alt=\"\" class=\"wp-image-7581\" srcset=\"https:\/\/site.ac-martinique.fr\/clg-asselindebeauville\/wp-content\/uploads\/sites\/83\/2025\/11\/1000074350-700x614.jpg 700w, https:\/\/site.ac-martinique.fr\/clg-asselindebeauville\/wp-content\/uploads\/sites\/83\/2025\/11\/1000074350-300x263.jpg 300w, https:\/\/site.ac-martinique.fr\/clg-asselindebeauville\/wp-content\/uploads\/sites\/83\/2025\/11\/1000074350-1536x1347.jpg 1536w, https:\/\/site.ac-martinique.fr\/clg-asselindebeauville\/wp-content\/uploads\/sites\/83\/2025\/11\/1000074350-2048x1796.jpg 2048w\" sizes=\"auto, (max-width: 700px) 100vw, 700px\" \/><\/figure>\n","protected":false},"excerpt":{"rendered":"","protected":false},"author":215,"featured_media":0,"parent":0,"menu_order":0,"comment_status":"closed","ping_status":"closed","template":"","meta":{"footnotes":"","_links_to":"","_links_to_target":""},"class_list":["post-7590","page","type-page","status-publish","hentry"],"_links":{"self":[{"href":"https:\/\/site.ac-martinique.fr\/clg-asselindebeauville\/index.php?rest_route=\/wp\/v2\/pages\/7590","targetHints":{"allow":["GET"]}}],"collection":[{"href":"https:\/\/site.ac-martinique.fr\/clg-asselindebeauville\/index.php?rest_route=\/wp\/v2\/pages"}],"about":[{"href":"https:\/\/site.ac-martinique.fr\/clg-asselindebeauville\/index.php?rest_route=\/wp\/v2\/types\/page"}],"author":[{"embeddable":true,"href":"https:\/\/site.ac-martinique.fr\/clg-asselindebeauville\/index.php?rest_route=\/wp\/v2\/users\/215"}],"replies":[{"embeddable":true,"href":"https:\/\/site.ac-martinique.fr\/clg-asselindebeauville\/index.php?rest_route=%2Fwp%2Fv2%2Fcomments&post=7590"}],"version-history":[{"count":1,"href":"https:\/\/site.ac-martinique.fr\/clg-asselindebeauville\/index.php?rest_route=\/wp\/v2\/pages\/7590\/revisions"}],"predecessor-version":[{"id":7591,"href":"https:\/\/site.ac-martinique.fr\/clg-asselindebeauville\/index.php?rest_route=\/wp\/v2\/pages\/7590\/revisions\/7591"}],"wp:attachment":[{"href":"https:\/\/site.ac-martinique.fr\/clg-asselindebeauville\/index.php?rest_route=%2Fwp%2Fv2%2Fmedia&parent=7590"}],"curies":[{"name":"wp","href":"https:\/\/api.w.org\/{rel}","templated":true}]}}