{"id":7683,"date":"2026-03-26T16:04:57","date_gmt":"2026-03-26T20:04:57","guid":{"rendered":"https:\/\/site.ac-martinique.fr\/clg-asselindebeauville\/?page_id=7683"},"modified":"2026-03-26T16:12:13","modified_gmt":"2026-03-26T20:12:13","slug":"mercredi-25-mars-lors-de-la-finale-academique-du-concours-c-genial-les-3emes-chams-ont-remporte-le-1er-prix-avec-leur-robot-sargatorus","status":"publish","type":"page","link":"https:\/\/site.ac-martinique.fr\/clg-asselindebeauville\/?page_id=7683","title":{"rendered":"Mercredi 25 mars, lors de la finale acad\u00e9mique du concours C G\u00e9nial, les 3\u00e8mes CHAMS ont remport\u00e9 le 1er prix avec leur robot SARGATORUS.\u00a0"},"content":{"rendered":"\n<p>Ils vont repr\u00e9senter la Martinique \u00e0 Paris lors de la finale nationale.<\/p>\n\n\n\n<p>Les 4\u00e8mes CHAMS n&rsquo;ont pas d\u00e9m\u00e9rit\u00e9, ils remportent le 5\u00e8me prix avec leur carnaval de robots diables rouges<\/p>\n\n\n\n<figure data-wp-context=\"{&quot;imageId&quot;:&quot;69da1f985703a&quot;}\" data-wp-interactive=\"core\/image\" data-wp-key=\"69da1f985703a\" class=\"wp-block-image size-large wp-lightbox-container\"><img loading=\"lazy\" decoding=\"async\" width=\"700\" height=\"509\" data-wp-class--hide=\"state.isContentHidden\" data-wp-class--show=\"state.isContentVisible\" data-wp-init=\"callbacks.setButtonStyles\" data-wp-on--click=\"actions.showLightbox\" data-wp-on--load=\"callbacks.setButtonStyles\" data-wp-on-window--resize=\"callbacks.setButtonStyles\" src=\"https:\/\/site.ac-martinique.fr\/clg-asselindebeauville\/wp-content\/uploads\/sites\/83\/2026\/03\/1-1er-prix-700x509.jpg\" alt=\"\" class=\"wp-image-7686\" srcset=\"https:\/\/site.ac-martinique.fr\/clg-asselindebeauville\/wp-content\/uploads\/sites\/83\/2026\/03\/1-1er-prix-700x509.jpg 700w, https:\/\/site.ac-martinique.fr\/clg-asselindebeauville\/wp-content\/uploads\/sites\/83\/2026\/03\/1-1er-prix-300x218.jpg 300w, https:\/\/site.ac-martinique.fr\/clg-asselindebeauville\/wp-content\/uploads\/sites\/83\/2026\/03\/1-1er-prix-1536x1117.jpg 1536w, https:\/\/site.ac-martinique.fr\/clg-asselindebeauville\/wp-content\/uploads\/sites\/83\/2026\/03\/1-1er-prix-2048x1489.jpg 2048w\" sizes=\"auto, (max-width: 700px) 100vw, 700px\" \/><button\n\t\t\tclass=\"lightbox-trigger\"\n\t\t\ttype=\"button\"\n\t\t\taria-haspopup=\"dialog\"\n\t\t\taria-label=\"Agrandir\"\n\t\t\tdata-wp-init=\"callbacks.initTriggerButton\"\n\t\t\tdata-wp-on--click=\"actions.showLightbox\"\n\t\t\tdata-wp-style--right=\"state.imageButtonRight\"\n\t\t\tdata-wp-style--top=\"state.imageButtonTop\"\n\t\t>\n\t\t\t<svg xmlns=\"http:\/\/www.w3.org\/2000\/svg\" width=\"12\" height=\"12\" fill=\"none\" viewBox=\"0 0 12 12\">\n\t\t\t\t<path fill=\"#fff\" d=\"M2 0a2 2 0 0 0-2 2v2h1.5V2a.5.5 0 0 1 .5-.5h2V0H2Zm2 10.5H2a.5.5 0 0 1-.5-.5V8H0v2a2 2 0 0 0 2 2h2v-1.5ZM8 12v-1.5h2a.5.5 0 0 0 .5-.5V8H12v2a2 2 0 0 1-2 2H8Zm2-12a2 2 0 0 1 2 2v2h-1.5V2a.5.5 0 0 0-.5-.5H8V0h2Z\" \/>\n\t\t\t<\/svg>\n\t\t<\/button><\/figure>\n\n\n\n<figure class=\"wp-block-video\"><video height=\"1080\" style=\"aspect-ratio: 1920 \/ 1080;\" width=\"1920\" controls src=\"https:\/\/site.ac-martinique.fr\/clg-asselindebeauville\/wp-content\/uploads\/sites\/83\/2026\/03\/2-sargatorus.mp4\"><\/video><\/figure>\n\n\n\n<figure class=\"wp-block-image size-large\"><img loading=\"lazy\" decoding=\"async\" width=\"700\" height=\"473\" src=\"https:\/\/site.ac-martinique.fr\/clg-asselindebeauville\/wp-content\/uploads\/sites\/83\/2026\/03\/3-les-3emes-700x473.jpg\" alt=\"\" class=\"wp-image-7699\" srcset=\"https:\/\/site.ac-martinique.fr\/clg-asselindebeauville\/wp-content\/uploads\/sites\/83\/2026\/03\/3-les-3emes-700x473.jpg 700w, https:\/\/site.ac-martinique.fr\/clg-asselindebeauville\/wp-content\/uploads\/sites\/83\/2026\/03\/3-les-3emes-300x203.jpg 300w, https:\/\/site.ac-martinique.fr\/clg-asselindebeauville\/wp-content\/uploads\/sites\/83\/2026\/03\/3-les-3emes-1536x1037.jpg 1536w, https:\/\/site.ac-martinique.fr\/clg-asselindebeauville\/wp-content\/uploads\/sites\/83\/2026\/03\/3-les-3emes-2048x1383.jpg 2048w\" sizes=\"auto, (max-width: 700px) 100vw, 700px\" \/><\/figure>\n\n\n\n<figure class=\"wp-block-image size-large\"><img loading=\"lazy\" decoding=\"async\" width=\"700\" height=\"865\" src=\"https:\/\/site.ac-martinique.fr\/clg-asselindebeauville\/wp-content\/uploads\/sites\/83\/2026\/03\/4-bis-700x865.jpg\" alt=\"\" class=\"wp-image-7698\" srcset=\"https:\/\/site.ac-martinique.fr\/clg-asselindebeauville\/wp-content\/uploads\/sites\/83\/2026\/03\/4-bis-700x865.jpg 700w, https:\/\/site.ac-martinique.fr\/clg-asselindebeauville\/wp-content\/uploads\/sites\/83\/2026\/03\/4-bis-243x300.jpg 243w, https:\/\/site.ac-martinique.fr\/clg-asselindebeauville\/wp-content\/uploads\/sites\/83\/2026\/03\/4-bis-1243x1536.jpg 1243w, https:\/\/site.ac-martinique.fr\/clg-asselindebeauville\/wp-content\/uploads\/sites\/83\/2026\/03\/4-bis-1657x2048.jpg 1657w, https:\/\/site.ac-martinique.fr\/clg-asselindebeauville\/wp-content\/uploads\/sites\/83\/2026\/03\/4-bis.jpg 1711w\" sizes=\"auto, (max-width: 700px) 100vw, 700px\" \/><\/figure>\n\n\n\n<figure class=\"wp-block-video\"><video height=\"1080\" style=\"aspect-ratio: 1920 \/ 1080;\" width=\"1920\" controls src=\"https:\/\/site.ac-martinique.fr\/clg-asselindebeauville\/wp-content\/uploads\/sites\/83\/2026\/03\/5-paris.mp4\"><\/video><\/figure>\n\n\n\n<figure class=\"wp-block-image size-large\"><img loading=\"lazy\" decoding=\"async\" width=\"700\" height=\"509\" src=\"https:\/\/site.ac-martinique.fr\/clg-asselindebeauville\/wp-content\/uploads\/sites\/83\/2026\/03\/6-5-eme-prix-1-700x509.jpg\" alt=\"\" class=\"wp-image-7700\" srcset=\"https:\/\/site.ac-martinique.fr\/clg-asselindebeauville\/wp-content\/uploads\/sites\/83\/2026\/03\/6-5-eme-prix-1-700x509.jpg 700w, https:\/\/site.ac-martinique.fr\/clg-asselindebeauville\/wp-content\/uploads\/sites\/83\/2026\/03\/6-5-eme-prix-1-300x218.jpg 300w, https:\/\/site.ac-martinique.fr\/clg-asselindebeauville\/wp-content\/uploads\/sites\/83\/2026\/03\/6-5-eme-prix-1-1536x1117.jpg 1536w, https:\/\/site.ac-martinique.fr\/clg-asselindebeauville\/wp-content\/uploads\/sites\/83\/2026\/03\/6-5-eme-prix-1-2048x1489.jpg 2048w\" sizes=\"auto, (max-width: 700px) 100vw, 700px\" \/><\/figure>\n\n\n\n<figure data-wp-context=\"{&quot;imageId&quot;:&quot;69da1f98583a8&quot;}\" data-wp-interactive=\"core\/image\" data-wp-key=\"69da1f98583a8\" class=\"wp-block-image size-large wp-lightbox-container\"><img loading=\"lazy\" decoding=\"async\" width=\"700\" height=\"527\" data-wp-class--hide=\"state.isContentHidden\" data-wp-class--show=\"state.isContentVisible\" data-wp-init=\"callbacks.setButtonStyles\" data-wp-on--click=\"actions.showLightbox\" data-wp-on--load=\"callbacks.setButtonStyles\" data-wp-on-window--resize=\"callbacks.setButtonStyles\" src=\"https:\/\/site.ac-martinique.fr\/clg-asselindebeauville\/wp-content\/uploads\/sites\/83\/2026\/03\/7-20260325_141738-1-700x527.jpg\" alt=\"\" class=\"wp-image-7695\" srcset=\"https:\/\/site.ac-martinique.fr\/clg-asselindebeauville\/wp-content\/uploads\/sites\/83\/2026\/03\/7-20260325_141738-1-700x527.jpg 700w, https:\/\/site.ac-martinique.fr\/clg-asselindebeauville\/wp-content\/uploads\/sites\/83\/2026\/03\/7-20260325_141738-1-300x226.jpg 300w, https:\/\/site.ac-martinique.fr\/clg-asselindebeauville\/wp-content\/uploads\/sites\/83\/2026\/03\/7-20260325_141738-1-1536x1157.jpg 1536w, https:\/\/site.ac-martinique.fr\/clg-asselindebeauville\/wp-content\/uploads\/sites\/83\/2026\/03\/7-20260325_141738-1-2048x1542.jpg 2048w\" sizes=\"auto, (max-width: 700px) 100vw, 700px\" \/><button\n\t\t\tclass=\"lightbox-trigger\"\n\t\t\ttype=\"button\"\n\t\t\taria-haspopup=\"dialog\"\n\t\t\taria-label=\"Agrandir\"\n\t\t\tdata-wp-init=\"callbacks.initTriggerButton\"\n\t\t\tdata-wp-on--click=\"actions.showLightbox\"\n\t\t\tdata-wp-style--right=\"state.imageButtonRight\"\n\t\t\tdata-wp-style--top=\"state.imageButtonTop\"\n\t\t>\n\t\t\t<svg xmlns=\"http:\/\/www.w3.org\/2000\/svg\" width=\"12\" height=\"12\" fill=\"none\" viewBox=\"0 0 12 12\">\n\t\t\t\t<path fill=\"#fff\" d=\"M2 0a2 2 0 0 0-2 2v2h1.5V2a.5.5 0 0 1 .5-.5h2V0H2Zm2 10.5H2a.5.5 0 0 1-.5-.5V8H0v2a2 2 0 0 0 2 2h2v-1.5ZM8 12v-1.5h2a.5.5 0 0 0 .5-.5V8H12v2a2 2 0 0 1-2 2H8Zm2-12a2 2 0 0 1 2 2v2h-1.5V2a.5.5 0 0 0-.5-.5H8V0h2Z\" \/>\n\t\t\t<\/svg>\n\t\t<\/button><\/figure>\n\n\n\n<figure class=\"wp-block-image size-large\"><img loading=\"lazy\" decoding=\"async\" width=\"700\" height=\"428\" src=\"https:\/\/site.ac-martinique.fr\/clg-asselindebeauville\/wp-content\/uploads\/sites\/83\/2026\/03\/888-700x428.jpg\" alt=\"\" class=\"wp-image-7705\" srcset=\"https:\/\/site.ac-martinique.fr\/clg-asselindebeauville\/wp-content\/uploads\/sites\/83\/2026\/03\/888-700x428.jpg 700w, https:\/\/site.ac-martinique.fr\/clg-asselindebeauville\/wp-content\/uploads\/sites\/83\/2026\/03\/888-300x184.jpg 300w, https:\/\/site.ac-martinique.fr\/clg-asselindebeauville\/wp-content\/uploads\/sites\/83\/2026\/03\/888.jpg 1458w\" sizes=\"auto, (max-width: 700px) 100vw, 700px\" \/><\/figure>\n\n\n\n<figure class=\"wp-block-image size-large\"><img loading=\"lazy\" decoding=\"async\" width=\"700\" height=\"525\" src=\"https:\/\/site.ac-martinique.fr\/clg-asselindebeauville\/wp-content\/uploads\/sites\/83\/2026\/03\/9-IMG-20260325-WA0010-700x525.jpg\" alt=\"\" class=\"wp-image-7688\" srcset=\"https:\/\/site.ac-martinique.fr\/clg-asselindebeauville\/wp-content\/uploads\/sites\/83\/2026\/03\/9-IMG-20260325-WA0010-700x525.jpg 700w, https:\/\/site.ac-martinique.fr\/clg-asselindebeauville\/wp-content\/uploads\/sites\/83\/2026\/03\/9-IMG-20260325-WA0010-300x225.jpg 300w, https:\/\/site.ac-martinique.fr\/clg-asselindebeauville\/wp-content\/uploads\/sites\/83\/2026\/03\/9-IMG-20260325-WA0010.jpg 1280w\" sizes=\"auto, (max-width: 700px) 100vw, 700px\" \/><\/figure>\n\n\n\n<figure data-wp-context=\"{&quot;imageId&quot;:&quot;69da1f98588bb&quot;}\" data-wp-interactive=\"core\/image\" data-wp-key=\"69da1f98588bb\" class=\"wp-block-image size-large wp-lightbox-container\"><img loading=\"lazy\" decoding=\"async\" width=\"700\" height=\"933\" data-wp-class--hide=\"state.isContentHidden\" data-wp-class--show=\"state.isContentVisible\" data-wp-init=\"callbacks.setButtonStyles\" data-wp-on--click=\"actions.showLightbox\" data-wp-on--load=\"callbacks.setButtonStyles\" data-wp-on-window--resize=\"callbacks.setButtonStyles\" src=\"https:\/\/site.ac-martinique.fr\/clg-asselindebeauville\/wp-content\/uploads\/sites\/83\/2026\/03\/10-IMG-20260325-WA0011-700x933.jpg\" alt=\"\" class=\"wp-image-7689\" srcset=\"https:\/\/site.ac-martinique.fr\/clg-asselindebeauville\/wp-content\/uploads\/sites\/83\/2026\/03\/10-IMG-20260325-WA0011-700x933.jpg 700w, https:\/\/site.ac-martinique.fr\/clg-asselindebeauville\/wp-content\/uploads\/sites\/83\/2026\/03\/10-IMG-20260325-WA0011-225x300.jpg 225w, https:\/\/site.ac-martinique.fr\/clg-asselindebeauville\/wp-content\/uploads\/sites\/83\/2026\/03\/10-IMG-20260325-WA0011.jpg 960w\" sizes=\"auto, (max-width: 700px) 100vw, 700px\" \/><button\n\t\t\tclass=\"lightbox-trigger\"\n\t\t\ttype=\"button\"\n\t\t\taria-haspopup=\"dialog\"\n\t\t\taria-label=\"Agrandir\"\n\t\t\tdata-wp-init=\"callbacks.initTriggerButton\"\n\t\t\tdata-wp-on--click=\"actions.showLightbox\"\n\t\t\tdata-wp-style--right=\"state.imageButtonRight\"\n\t\t\tdata-wp-style--top=\"state.imageButtonTop\"\n\t\t>\n\t\t\t<svg xmlns=\"http:\/\/www.w3.org\/2000\/svg\" width=\"12\" height=\"12\" fill=\"none\" viewBox=\"0 0 12 12\">\n\t\t\t\t<path fill=\"#fff\" d=\"M2 0a2 2 0 0 0-2 2v2h1.5V2a.5.5 0 0 1 .5-.5h2V0H2Zm2 10.5H2a.5.5 0 0 1-.5-.5V8H0v2a2 2 0 0 0 2 2h2v-1.5ZM8 12v-1.5h2a.5.5 0 0 0 .5-.5V8H12v2a2 2 0 0 1-2 2H8Zm2-12a2 2 0 0 1 2 2v2h-1.5V2a.5.5 0 0 0-.5-.5H8V0h2Z\" \/>\n\t\t\t<\/svg>\n\t\t<\/button><\/figure>\n\n\n\n<figure data-wp-context=\"{&quot;imageId&quot;:&quot;69da1f9858b91&quot;}\" data-wp-interactive=\"core\/image\" data-wp-key=\"69da1f9858b91\" class=\"wp-block-image size-large wp-lightbox-container\"><img loading=\"lazy\" decoding=\"async\" width=\"700\" height=\"525\" data-wp-class--hide=\"state.isContentHidden\" data-wp-class--show=\"state.isContentVisible\" data-wp-init=\"callbacks.setButtonStyles\" data-wp-on--click=\"actions.showLightbox\" data-wp-on--load=\"callbacks.setButtonStyles\" data-wp-on-window--resize=\"callbacks.setButtonStyles\" src=\"https:\/\/site.ac-martinique.fr\/clg-asselindebeauville\/wp-content\/uploads\/sites\/83\/2026\/03\/11-IMG-20260325-WA0012-700x525.jpg\" alt=\"\" class=\"wp-image-7690\" srcset=\"https:\/\/site.ac-martinique.fr\/clg-asselindebeauville\/wp-content\/uploads\/sites\/83\/2026\/03\/11-IMG-20260325-WA0012-700x525.jpg 700w, https:\/\/site.ac-martinique.fr\/clg-asselindebeauville\/wp-content\/uploads\/sites\/83\/2026\/03\/11-IMG-20260325-WA0012-300x225.jpg 300w, https:\/\/site.ac-martinique.fr\/clg-asselindebeauville\/wp-content\/uploads\/sites\/83\/2026\/03\/11-IMG-20260325-WA0012.jpg 1280w\" sizes=\"auto, (max-width: 700px) 100vw, 700px\" \/><button\n\t\t\tclass=\"lightbox-trigger\"\n\t\t\ttype=\"button\"\n\t\t\taria-haspopup=\"dialog\"\n\t\t\taria-label=\"Agrandir\"\n\t\t\tdata-wp-init=\"callbacks.initTriggerButton\"\n\t\t\tdata-wp-on--click=\"actions.showLightbox\"\n\t\t\tdata-wp-style--right=\"state.imageButtonRight\"\n\t\t\tdata-wp-style--top=\"state.imageButtonTop\"\n\t\t>\n\t\t\t<svg xmlns=\"http:\/\/www.w3.org\/2000\/svg\" width=\"12\" height=\"12\" fill=\"none\" viewBox=\"0 0 12 12\">\n\t\t\t\t<path fill=\"#fff\" d=\"M2 0a2 2 0 0 0-2 2v2h1.5V2a.5.5 0 0 1 .5-.5h2V0H2Zm2 10.5H2a.5.5 0 0 1-.5-.5V8H0v2a2 2 0 0 0 2 2h2v-1.5ZM8 12v-1.5h2a.5.5 0 0 0 .5-.5V8H12v2a2 2 0 0 1-2 2H8Zm2-12a2 2 0 0 1 2 2v2h-1.5V2a.5.5 0 0 0-.5-.5H8V0h2Z\" \/>\n\t\t\t<\/svg>\n\t\t<\/button><\/figure>\n\n\n\n<figure class=\"wp-block-image size-large\"><img loading=\"lazy\" decoding=\"async\" width=\"700\" height=\"525\" src=\"https:\/\/site.ac-martinique.fr\/clg-asselindebeauville\/wp-content\/uploads\/sites\/83\/2026\/03\/12-IMG-20260325-WA0013-1-700x525.jpg\" alt=\"\" class=\"wp-image-7696\" srcset=\"https:\/\/site.ac-martinique.fr\/clg-asselindebeauville\/wp-content\/uploads\/sites\/83\/2026\/03\/12-IMG-20260325-WA0013-1-700x525.jpg 700w, https:\/\/site.ac-martinique.fr\/clg-asselindebeauville\/wp-content\/uploads\/sites\/83\/2026\/03\/12-IMG-20260325-WA0013-1-300x225.jpg 300w, https:\/\/site.ac-martinique.fr\/clg-asselindebeauville\/wp-content\/uploads\/sites\/83\/2026\/03\/12-IMG-20260325-WA0013-1.jpg 1280w\" sizes=\"auto, (max-width: 700px) 100vw, 700px\" \/><\/figure>\n","protected":false},"excerpt":{"rendered":"<p>Ils vont repr\u00e9senter la Martinique \u00e0 Paris lors de la finale nationale. Les 4\u00e8mes CHAMS n&rsquo;ont pas d\u00e9m\u00e9rit\u00e9, ils remportent &hellip; <\/p>\n<p class=\"link-more\"><a href=\"https:\/\/site.ac-martinique.fr\/clg-asselindebeauville\/?page_id=7683\" class=\"more-link\">Lire la suite&#8230;<span class=\"screen-reader-text\"> \u00ab\u00a0Mercredi 25 mars, lors de la finale acad\u00e9mique du concours C G\u00e9nial, les 3\u00e8mes CHAMS ont remport\u00e9 le 1er prix avec leur robot SARGATORUS.\u00a0\u00ab\u00a0<\/span><\/a><\/p>\n","protected":false},"author":215,"featured_media":0,"parent":0,"menu_order":0,"comment_status":"closed","ping_status":"closed","template":"","meta":{"footnotes":"","_links_to":"","_links_to_target":""},"class_list":["post-7683","page","type-page","status-publish","hentry"],"_links":{"self":[{"href":"https:\/\/site.ac-martinique.fr\/clg-asselindebeauville\/index.php?rest_route=\/wp\/v2\/pages\/7683","targetHints":{"allow":["GET"]}}],"collection":[{"href":"https:\/\/site.ac-martinique.fr\/clg-asselindebeauville\/index.php?rest_route=\/wp\/v2\/pages"}],"about":[{"href":"https:\/\/site.ac-martinique.fr\/clg-asselindebeauville\/index.php?rest_route=\/wp\/v2\/types\/page"}],"author":[{"embeddable":true,"href":"https:\/\/site.ac-martinique.fr\/clg-asselindebeauville\/index.php?rest_route=\/wp\/v2\/users\/215"}],"replies":[{"embeddable":true,"href":"https:\/\/site.ac-martinique.fr\/clg-asselindebeauville\/index.php?rest_route=%2Fwp%2Fv2%2Fcomments&post=7683"}],"version-history":[{"count":3,"href":"https:\/\/site.ac-martinique.fr\/clg-asselindebeauville\/index.php?rest_route=\/wp\/v2\/pages\/7683\/revisions"}],"predecessor-version":[{"id":7710,"href":"https:\/\/site.ac-martinique.fr\/clg-asselindebeauville\/index.php?rest_route=\/wp\/v2\/pages\/7683\/revisions\/7710"}],"wp:attachment":[{"href":"https:\/\/site.ac-martinique.fr\/clg-asselindebeauville\/index.php?rest_route=%2Fwp%2Fv2%2Fmedia&parent=7683"}],"curies":[{"name":"wp","href":"https:\/\/api.w.org\/{rel}","templated":true}]}}