{"id":1483,"date":"2023-10-24T10:01:28","date_gmt":"2023-10-24T14:01:28","guid":{"rendered":"https:\/\/site.ac-martinique.fr\/clg-bassepointe\/?page_id=1483"},"modified":"2023-10-25T10:06:07","modified_gmt":"2023-10-25T14:06:07","slug":"erasmus-2","status":"publish","type":"page","link":"https:\/\/site.ac-martinique.fr\/clg-bassepointe\/erasmus-2\/","title":{"rendered":"Erasmus"},"content":{"rendered":"\n<p>Le label EUROSCOL a \u00e9t\u00e9 d\u00e9cern\u00e9 au coll\u00e8ge lors de la c\u00e9r\u00e9monie officielle du 11 Octobre 2023 <\/p>\n\n\n\n<figure class=\"wp-block-image\"><img loading=\"lazy\" decoding=\"async\" width=\"2560\" height=\"1152\" src=\"https:\/\/site.ac-martinique.fr\/clg-bassepointe\/wp-content\/uploads\/sites\/108\/2023\/10\/Remise-trophee-ERASMUS-11-OCTOBRE-2023-scaled.jpg\" alt=\"\" class=\"wp-image-1580\" srcset=\"https:\/\/site.ac-martinique.fr\/clg-bassepointe\/wp-content\/uploads\/sites\/108\/2023\/10\/Remise-trophee-ERASMUS-11-OCTOBRE-2023-scaled.jpg 2560w, https:\/\/site.ac-martinique.fr\/clg-bassepointe\/wp-content\/uploads\/sites\/108\/2023\/10\/Remise-trophee-ERASMUS-11-OCTOBRE-2023-300x135.jpg 300w, https:\/\/site.ac-martinique.fr\/clg-bassepointe\/wp-content\/uploads\/sites\/108\/2023\/10\/Remise-trophee-ERASMUS-11-OCTOBRE-2023-1024x461.jpg 1024w, https:\/\/site.ac-martinique.fr\/clg-bassepointe\/wp-content\/uploads\/sites\/108\/2023\/10\/Remise-trophee-ERASMUS-11-OCTOBRE-2023-768x346.jpg 768w, https:\/\/site.ac-martinique.fr\/clg-bassepointe\/wp-content\/uploads\/sites\/108\/2023\/10\/Remise-trophee-ERASMUS-11-OCTOBRE-2023-1536x691.jpg 1536w, https:\/\/site.ac-martinique.fr\/clg-bassepointe\/wp-content\/uploads\/sites\/108\/2023\/10\/Remise-trophee-ERASMUS-11-OCTOBRE-2023-2048x922.jpg 2048w\" sizes=\"auto, (max-width: 2560px) 100vw, 2560px\" \/><\/figure>\n","protected":false},"excerpt":{"rendered":"<p>Le label EUROSCOL a \u00e9t\u00e9 d\u00e9cern\u00e9 au coll\u00e8ge lors de la c\u00e9r\u00e9monie officielle du 11 Octobre 2023<\/p>\n","protected":false},"author":456,"featured_media":0,"parent":0,"menu_order":0,"comment_status":"closed","ping_status":"closed","template":"","meta":{"inspiro_hide_title":false,"footnotes":""},"class_list":["post-1483","page","type-page","status-publish","hentry"],"_links":{"self":[{"href":"https:\/\/site.ac-martinique.fr\/clg-bassepointe\/wp-json\/wp\/v2\/pages\/1483","targetHints":{"allow":["GET"]}}],"collection":[{"href":"https:\/\/site.ac-martinique.fr\/clg-bassepointe\/wp-json\/wp\/v2\/pages"}],"about":[{"href":"https:\/\/site.ac-martinique.fr\/clg-bassepointe\/wp-json\/wp\/v2\/types\/page"}],"author":[{"embeddable":true,"href":"https:\/\/site.ac-martinique.fr\/clg-bassepointe\/wp-json\/wp\/v2\/users\/456"}],"replies":[{"embeddable":true,"href":"https:\/\/site.ac-martinique.fr\/clg-bassepointe\/wp-json\/wp\/v2\/comments?post=1483"}],"version-history":[{"count":4,"href":"https:\/\/site.ac-martinique.fr\/clg-bassepointe\/wp-json\/wp\/v2\/pages\/1483\/revisions"}],"predecessor-version":[{"id":1620,"href":"https:\/\/site.ac-martinique.fr\/clg-bassepointe\/wp-json\/wp\/v2\/pages\/1483\/revisions\/1620"}],"wp:attachment":[{"href":"https:\/\/site.ac-martinique.fr\/clg-bassepointe\/wp-json\/wp\/v2\/media?parent=1483"}],"curies":[{"name":"wp","href":"https:\/\/api.w.org\/{rel}","templated":true}]}}