{"id":1685,"date":"2024-04-15T08:51:35","date_gmt":"2024-04-15T12:51:35","guid":{"rendered":"https:\/\/site.ac-martinique.fr\/clg-bassepointe\/?page_id=1685"},"modified":"2025-05-09T10:46:27","modified_gmt":"2025-05-09T14:46:27","slug":"projets-et-actions","status":"publish","type":"page","link":"https:\/\/site.ac-martinique.fr\/clg-bassepointe\/projets-et-actions\/","title":{"rendered":"PROJETS ET ACTIONS"},"content":{"rendered":"\n<figure class=\"wp-block-gallery has-nested-images columns-default is-cropped wp-block-gallery-1 is-layout-flex wp-block-gallery-is-layout-flex\">\n<figure class=\"wp-block-image size-full\"><img loading=\"lazy\" decoding=\"async\" width=\"679\" height=\"598\" data-id=\"2110\" src=\"https:\/\/site.ac-martinique.fr\/clg-bassepointe\/wp-content\/uploads\/sites\/108\/2025\/05\/Capture-decran-2025-05-09-094430.png\" alt=\"\" class=\"wp-image-2110\" srcset=\"https:\/\/site.ac-martinique.fr\/clg-bassepointe\/wp-content\/uploads\/sites\/108\/2025\/05\/Capture-decran-2025-05-09-094430.png 679w, https:\/\/site.ac-martinique.fr\/clg-bassepointe\/wp-content\/uploads\/sites\/108\/2025\/05\/Capture-decran-2025-05-09-094430-300x264.png 300w\" sizes=\"auto, (max-width: 679px) 100vw, 679px\" \/><\/figure>\n<\/figure>\n\n\n\n<figure class=\"wp-block-gallery has-nested-images columns-default is-cropped wp-block-gallery-2 is-layout-flex wp-block-gallery-is-layout-flex\">\n<figure class=\"wp-block-image size-large\"><img loading=\"lazy\" decoding=\"async\" width=\"1024\" height=\"768\" data-id=\"2113\" src=\"https:\/\/site.ac-martinique.fr\/clg-bassepointe\/wp-content\/uploads\/sites\/108\/2025\/05\/2-1024x768.jpg\" alt=\"\" class=\"wp-image-2113\" srcset=\"https:\/\/site.ac-martinique.fr\/clg-bassepointe\/wp-content\/uploads\/sites\/108\/2025\/05\/2-1024x768.jpg 1024w, https:\/\/site.ac-martinique.fr\/clg-bassepointe\/wp-content\/uploads\/sites\/108\/2025\/05\/2-300x225.jpg 300w, https:\/\/site.ac-martinique.fr\/clg-bassepointe\/wp-content\/uploads\/sites\/108\/2025\/05\/2.jpg 1280w\" sizes=\"auto, (max-width: 1024px) 100vw, 1024px\" \/><\/figure>\n\n\n\n<figure class=\"wp-block-image size-large\"><img loading=\"lazy\" decoding=\"async\" width=\"1024\" height=\"768\" data-id=\"2112\" src=\"https:\/\/site.ac-martinique.fr\/clg-bassepointe\/wp-content\/uploads\/sites\/108\/2025\/05\/3-1024x768.jpg\" alt=\"\" class=\"wp-image-2112\" srcset=\"https:\/\/site.ac-martinique.fr\/clg-bassepointe\/wp-content\/uploads\/sites\/108\/2025\/05\/3-1024x768.jpg 1024w, https:\/\/site.ac-martinique.fr\/clg-bassepointe\/wp-content\/uploads\/sites\/108\/2025\/05\/3-300x225.jpg 300w, https:\/\/site.ac-martinique.fr\/clg-bassepointe\/wp-content\/uploads\/sites\/108\/2025\/05\/3.jpg 1280w\" sizes=\"auto, (max-width: 1024px) 100vw, 1024px\" \/><\/figure>\n<\/figure>\n\n\n\n<p><strong>Visite de l\u2019atelier LS TRADE&nbsp;: La main \u00e0 la p\u00e2te pour notre d\u00e9part \u00e0 la BARBADE<\/strong><\/p>\n\n\n\n<div class=\"wp-block-group has-global-padding is-layout-constrained wp-block-group-is-layout-constrained\">\n<div class=\"wp-block-group is-vertical is-layout-flex wp-container-core-group-is-layout-fe9cc265 wp-block-group-is-layout-flex\">\n<p class=\"has-text-align-left\">Le mardi 26 Novembre 2024<strong>, <\/strong>Les \u00e9l\u00e8ves de la 4A\/3A, accompagn\u00e9s de Mme DESPOIS ont eu l\u2019immense plaisir de visiter l\u2019atelier LS Trade afin de fabriquer pr\u00e8s de 300 pots de beurre de karit\u00e9. <\/p>\n\n\n\n<p class=\"has-text-align-left\">M. OZIER-LAFONTAINE, pr\u00e9sident de l\u2019entreprise a guid\u00e9 les \u00e9l\u00e8ves. Ils ont aussi pu b\u00e9n\u00e9ficier d\u2019une masterclass autour des bienfaits des produits tels le beurre de karit\u00e9, l\u2019huile de curcuma et de moringa.&nbsp;<\/p>\n\n\n\n<p class=\"has-text-align-left\">Cette entreprise Martiniquaise sp\u00e9cialis\u00e9e dans la fabrication de produits cosm\u00e9tiques 100% naturels nous a gracieusement donn\u00e9 pr\u00e8s de 75 Kg de beurre de Karit\u00e9 que nos \u00e9l\u00e8ves ont transform\u00e9s conditionn\u00e9s et emball\u00e9s.<\/p>\n\n\n\n<p class=\"has-text-align-left\">Gr\u00e2ce \u00e0 cette sortie, les \u00e9l\u00e8ves ont pu aussi prendre conscience des enjeux de la transformation des produits comme les plantes de chez nous.&nbsp;&nbsp;&nbsp;&nbsp;&nbsp;<\/p>\n\n\n\n<p class=\"has-text-align-left\">Cette sortie rev\u00eat une importance particuli\u00e8re car il s\u2019agissait pour les \u00e9l\u00e8ves de participer \u00e0 la recherche de financement pour un voyage \u00e0 la Barbade au cours du troisi\u00e8me trimestre de l\u2019ann\u00e9e 2024-2025 dans le cadre du projet \u201cde la Terre \u00e0 l\u2019Assiette\u201d, de la Section G\u00e9n\u00e9rale Professionnelle Adapt\u00e9e (SEGPA).<\/p>\n\n\n\n<p class=\"has-text-align-left\">Les \u00e9l\u00e8ves ont \u00e9t\u00e9 \u00e0 l\u2019\u00e9coute, ils ont fait preuve de concentration et de discipline pour aboutir.<\/p>\n\n\n\n<p class=\"has-text-align-left\">Merci \u00e0 M. OZIER-LAFONTAINE pour sa g\u00e9n\u00e9rosit\u00e9, sa collaboration \u00e0 l\u2019enrichissement culturel de nos \u00e9l\u00e8ves. &nbsp;<\/p>\n<\/div>\n<\/div>\n\n\n\n<figure class=\"wp-block-gallery has-nested-images columns-default is-cropped wp-block-gallery-3 is-layout-flex wp-block-gallery-is-layout-flex\">\n<figure class=\"wp-block-image size-large\"><img loading=\"lazy\" decoding=\"async\" width=\"304\" height=\"214\" data-id=\"2050\" src=\"https:\/\/site.ac-martinique.fr\/clg-bassepointe\/wp-content\/uploads\/sites\/108\/2025\/02\/Image1.jpg\" alt=\"\" class=\"wp-image-2050\" srcset=\"https:\/\/site.ac-martinique.fr\/clg-bassepointe\/wp-content\/uploads\/sites\/108\/2025\/02\/Image1.jpg 304w, https:\/\/site.ac-martinique.fr\/clg-bassepointe\/wp-content\/uploads\/sites\/108\/2025\/02\/Image1-300x211.jpg 300w\" sizes=\"auto, (max-width: 304px) 100vw, 304px\" \/><\/figure>\n\n\n\n<figure class=\"wp-block-image size-large\"><img loading=\"lazy\" decoding=\"async\" width=\"285\" height=\"213\" data-id=\"2055\" src=\"https:\/\/site.ac-martinique.fr\/clg-bassepointe\/wp-content\/uploads\/sites\/108\/2025\/02\/Image2-1.jpg\" alt=\"\" class=\"wp-image-2055\"\/><\/figure>\n\n\n\n<figure class=\"wp-block-image size-large\"><img loading=\"lazy\" decoding=\"async\" width=\"297\" height=\"212\" data-id=\"2054\" src=\"https:\/\/site.ac-martinique.fr\/clg-bassepointe\/wp-content\/uploads\/sites\/108\/2025\/02\/Image4-1.jpg\" alt=\"\" class=\"wp-image-2054\"\/><\/figure>\n<\/figure>\n\n\n\n<p><\/p>\n","protected":false},"excerpt":{"rendered":"<p>Visite de l\u2019atelier LS TRADE&nbsp;: La main \u00e0 la p\u00e2te pour notre d\u00e9part \u00e0 la BARBADE Le mardi 26 Novembre 2024, Les \u00e9l\u00e8ves de la 4A\/3A, accompagn\u00e9s de Mme DESPOIS ont eu l\u2019immense plaisir de visiter l\u2019atelier LS Trade afin de fabriquer pr\u00e8s de 300 pots de beurre de karit\u00e9. M. OZIER-LAFONTAINE, pr\u00e9sident de l\u2019entreprise &hellip; <\/p>\n<p class=\"link-more\"><a href=\"https:\/\/site.ac-martinique.fr\/clg-bassepointe\/projets-et-actions\/\" class=\"more-link\">Lire la suite de<span class=\"screen-reader-text\">\u00ab\u00a0PROJETS ET ACTIONS\u00a0\u00bb<\/span><\/a><\/p>\n","protected":false},"author":456,"featured_media":0,"parent":0,"menu_order":0,"comment_status":"closed","ping_status":"closed","template":"","meta":{"inspiro_hide_title":false,"footnotes":""},"class_list":["post-1685","page","type-page","status-publish","hentry"],"_links":{"self":[{"href":"https:\/\/site.ac-martinique.fr\/clg-bassepointe\/wp-json\/wp\/v2\/pages\/1685","targetHints":{"allow":["GET"]}}],"collection":[{"href":"https:\/\/site.ac-martinique.fr\/clg-bassepointe\/wp-json\/wp\/v2\/pages"}],"about":[{"href":"https:\/\/site.ac-martinique.fr\/clg-bassepointe\/wp-json\/wp\/v2\/types\/page"}],"author":[{"embeddable":true,"href":"https:\/\/site.ac-martinique.fr\/clg-bassepointe\/wp-json\/wp\/v2\/users\/456"}],"replies":[{"embeddable":true,"href":"https:\/\/site.ac-martinique.fr\/clg-bassepointe\/wp-json\/wp\/v2\/comments?post=1685"}],"version-history":[{"count":6,"href":"https:\/\/site.ac-martinique.fr\/clg-bassepointe\/wp-json\/wp\/v2\/pages\/1685\/revisions"}],"predecessor-version":[{"id":2114,"href":"https:\/\/site.ac-martinique.fr\/clg-bassepointe\/wp-json\/wp\/v2\/pages\/1685\/revisions\/2114"}],"wp:attachment":[{"href":"https:\/\/site.ac-martinique.fr\/clg-bassepointe\/wp-json\/wp\/v2\/media?parent=1685"}],"curies":[{"name":"wp","href":"https:\/\/api.w.org\/{rel}","templated":true}]}}