{"id":1694,"date":"2024-04-15T09:20:14","date_gmt":"2024-04-15T13:20:14","guid":{"rendered":"https:\/\/site.ac-martinique.fr\/clg-bassepointe\/?page_id=1694"},"modified":"2025-05-09T11:06:46","modified_gmt":"2025-05-09T15:06:46","slug":"projets-et-actions-2","status":"publish","type":"page","link":"https:\/\/site.ac-martinique.fr\/clg-bassepointe\/projets-et-actions-2\/","title":{"rendered":"Projets et Actions"},"content":{"rendered":"\n<p>                                                 <strong>Des calendriers de No\u00ebl \u00e9colo<\/strong><\/p>\n\n\n\n<p><br>D\u2019octobre \u00e0 novembre 2024, les \u00e9l\u00e8ves ont particip\u00e9 \u00e0 une collecte de rouleaux vides<br>organis\u00e9e par Mme HIERSO, professeur R\u00e9f\u00e9rent \u00e0 l\u2019\u00c9ducation au D\u00e9veloppement<br>Durable, pour fabriquer des calendriers.<br>Les centaines de rouleaux collect\u00e9s ont permis \u00e0 une quinzaine d\u2019\u00e9l\u00e8ves volontaires<br>de r\u00e9aliser puis de d\u00e9corer une vingtaine de calendriers qui ont ensuite \u00e9t\u00e9 remplis de<br>petits cadeaux, offerts par des partenaires et par le coll\u00e8ge.<br>Une tombola a ensuite \u00e9t\u00e9 organis\u00e9e, permettant aux heureux gagnants, parmi<br>lesquels des \u00e9l\u00e8ves, un professeur et une assistante d\u2019\u00e9ducation, de remporter chacun<br>un calendrier et d\u2019avoir donc une petite surprise par jour durant le mois de D\u00e9cembre.<br>Deux associations engag\u00e9es dans la lutte contre le cancer ont b\u00e9n\u00e9fici\u00e9 des sommes<br>r\u00e9colt\u00e9es durant la tombola.<\/p>\n\n\n\n<figure class=\"wp-block-gallery has-nested-images columns-default is-cropped wp-block-gallery-1 is-layout-flex wp-block-gallery-is-layout-flex\">\n<figure class=\"wp-block-image size-full\"><img loading=\"lazy\" decoding=\"async\" width=\"236\" height=\"269\" data-id=\"2119\" src=\"https:\/\/site.ac-martinique.fr\/clg-bassepointe\/wp-content\/uploads\/sites\/108\/2025\/05\/Capture-decran-2025-05-09-105730-2.png\" alt=\"\" class=\"wp-image-2119\"\/><\/figure>\n\n\n\n<figure class=\"wp-block-image size-full\"><img loading=\"lazy\" decoding=\"async\" width=\"472\" height=\"257\" data-id=\"2120\" src=\"https:\/\/site.ac-martinique.fr\/clg-bassepointe\/wp-content\/uploads\/sites\/108\/2025\/05\/Capture-decran-2025-05-09-105756-1.png\" alt=\"\" class=\"wp-image-2120\" srcset=\"https:\/\/site.ac-martinique.fr\/clg-bassepointe\/wp-content\/uploads\/sites\/108\/2025\/05\/Capture-decran-2025-05-09-105756-1.png 472w, https:\/\/site.ac-martinique.fr\/clg-bassepointe\/wp-content\/uploads\/sites\/108\/2025\/05\/Capture-decran-2025-05-09-105756-1-300x163.png 300w\" sizes=\"auto, (max-width: 472px) 100vw, 472px\" \/><\/figure>\n\n\n\n<figure class=\"wp-block-image size-full\"><img loading=\"lazy\" decoding=\"async\" width=\"501\" height=\"548\" data-id=\"2121\" src=\"https:\/\/site.ac-martinique.fr\/clg-bassepointe\/wp-content\/uploads\/sites\/108\/2025\/05\/Capture-decran-2025-05-09-105642-1.png\" alt=\"\" class=\"wp-image-2121\" srcset=\"https:\/\/site.ac-martinique.fr\/clg-bassepointe\/wp-content\/uploads\/sites\/108\/2025\/05\/Capture-decran-2025-05-09-105642-1.png 501w, https:\/\/site.ac-martinique.fr\/clg-bassepointe\/wp-content\/uploads\/sites\/108\/2025\/05\/Capture-decran-2025-05-09-105642-1-274x300.png 274w\" sizes=\"auto, (max-width: 501px) 100vw, 501px\" \/><\/figure>\n<\/figure>\n\n\n\n<p><strong>Un Jardin Cr\u00e9ole Inclusif<\/strong><\/p>\n\n\n\n<p>Initi\u00e9, dans le cadre du projet interdisciplinaire intitul\u00e9 \u00ab&nbsp;De la terre \u00e0 l\u2019assiette&nbsp;\u00bb, le jardin cr\u00e9ole du coll\u00e8ge r\u00e9unit les \u00e9l\u00e8ves de la SEGPA et de l\u2019option cr\u00e9ole du coll\u00e8ge Aim\u00e9 C\u00e9saire de Basse-Pointe. Pour d\u00e9marrer ce projet, un lasot\u00e8 a eu lieu le jeudi 14 novembre 2024 aux cot\u00e9s des membres de l\u2019association \u00ab&nbsp;Lasot\u00e8&nbsp;\u00bb de Fonds Saint Denis. Cette action avait un double objectif&nbsp;:<\/p>\n\n\n\n<p>-Montrer aux \u00e9l\u00e8ves cette tradition s\u00e9culaire, pratique collective de travailler ensemble le labour au rythme des tambours.<\/p>\n\n\n\n<p>-Valoriser une pratique culturelle inscrit dans notre patrimoine qui v\u00e9hicule des valeurs telles que l\u2019entraide, l\u2019\u00e9change.<\/p>\n\n\n\n<p>Parapot a an pwoj\u00e9 ki ka liann\u00e9 plizi\u00e8 disiplin \u00e9ti tit-li s\u00e9 \u00ab&nbsp;d\u00e9pi lat\u00e8 riv\u00e9 an zasiet&nbsp;\u00bb, s\u00e9 z\u00e9lev SEGPA \u00e9pi kr\u00e9yol kolej \u00c9m\u00e9 S\u00e9z\u00e8 Baspwent k\u00e9 ni pou m\u00e9t\u00e9 doubout an jaden kr\u00e9yol. Pou koumans\u00e9 jaden-an, s\u00e9 z\u00e9lev-la f\u00e8 an lasot\u00e8 j\u00e9di 14 novanm \u00e9pi moun lasosiasion \u00ab&nbsp;Lasot\u00e8&nbsp;\u00bb Fon-Sendini. Lasot\u00e8-tala s\u00e9 t\u00e9 pou montr\u00e9 s\u00e9 z\u00e9lev-la tradision-tala ki vi\u00e9 pas\u00e9 vi\u00e9 fet, manni\u00e8 labour\u00e9 t\u00e8-a ansanm-ansanm asou son tanbou-a. Montr\u00e9 yo an manni\u00e8 travay t\u00e8-a ki anchouk\u00e9 adan matjoukann-nou \u00e9 ki ka mennen d\u00e9 val\u00e8 f\u00f2 kontel koudmen, bokantaj.<\/p>\n\n\n\n<figure class=\"wp-block-gallery has-nested-images columns-default is-cropped wp-block-gallery-2 is-layout-flex wp-block-gallery-is-layout-flex\">\n<figure class=\"wp-block-image size-large\"><img loading=\"lazy\" decoding=\"async\" width=\"771\" height=\"1024\" data-id=\"2044\" src=\"https:\/\/site.ac-martinique.fr\/clg-bassepointe\/wp-content\/uploads\/sites\/108\/2025\/02\/WhatsApp-Image-2025-02-06-at-11.34.11-2-771x1024.jpeg\" alt=\"\" class=\"wp-image-2044\" srcset=\"https:\/\/site.ac-martinique.fr\/clg-bassepointe\/wp-content\/uploads\/sites\/108\/2025\/02\/WhatsApp-Image-2025-02-06-at-11.34.11-2-771x1024.jpeg 771w, https:\/\/site.ac-martinique.fr\/clg-bassepointe\/wp-content\/uploads\/sites\/108\/2025\/02\/WhatsApp-Image-2025-02-06-at-11.34.11-2-226x300.jpeg 226w, https:\/\/site.ac-martinique.fr\/clg-bassepointe\/wp-content\/uploads\/sites\/108\/2025\/02\/WhatsApp-Image-2025-02-06-at-11.34.11-2-768x1021.jpeg 768w, https:\/\/site.ac-martinique.fr\/clg-bassepointe\/wp-content\/uploads\/sites\/108\/2025\/02\/WhatsApp-Image-2025-02-06-at-11.34.11-2-1156x1536.jpeg 1156w, https:\/\/site.ac-martinique.fr\/clg-bassepointe\/wp-content\/uploads\/sites\/108\/2025\/02\/WhatsApp-Image-2025-02-06-at-11.34.11-2-1140x1515.jpeg 1140w, https:\/\/site.ac-martinique.fr\/clg-bassepointe\/wp-content\/uploads\/sites\/108\/2025\/02\/WhatsApp-Image-2025-02-06-at-11.34.11-2.jpeg 1204w\" sizes=\"auto, (max-width: 771px) 100vw, 771px\" \/><\/figure>\n\n\n\n<figure class=\"wp-block-image size-large\"><img loading=\"lazy\" decoding=\"async\" width=\"771\" height=\"1024\" data-id=\"2045\" src=\"https:\/\/site.ac-martinique.fr\/clg-bassepointe\/wp-content\/uploads\/sites\/108\/2025\/02\/WhatsApp-Image-2025-02-06-at-11.34.11-1-1-771x1024.jpeg\" alt=\"\" class=\"wp-image-2045\" srcset=\"https:\/\/site.ac-martinique.fr\/clg-bassepointe\/wp-content\/uploads\/sites\/108\/2025\/02\/WhatsApp-Image-2025-02-06-at-11.34.11-1-1-771x1024.jpeg 771w, https:\/\/site.ac-martinique.fr\/clg-bassepointe\/wp-content\/uploads\/sites\/108\/2025\/02\/WhatsApp-Image-2025-02-06-at-11.34.11-1-1-226x300.jpeg 226w, https:\/\/site.ac-martinique.fr\/clg-bassepointe\/wp-content\/uploads\/sites\/108\/2025\/02\/WhatsApp-Image-2025-02-06-at-11.34.11-1-1-768x1021.jpeg 768w, https:\/\/site.ac-martinique.fr\/clg-bassepointe\/wp-content\/uploads\/sites\/108\/2025\/02\/WhatsApp-Image-2025-02-06-at-11.34.11-1-1-1156x1536.jpeg 1156w, https:\/\/site.ac-martinique.fr\/clg-bassepointe\/wp-content\/uploads\/sites\/108\/2025\/02\/WhatsApp-Image-2025-02-06-at-11.34.11-1-1-1140x1515.jpeg 1140w, https:\/\/site.ac-martinique.fr\/clg-bassepointe\/wp-content\/uploads\/sites\/108\/2025\/02\/WhatsApp-Image-2025-02-06-at-11.34.11-1-1.jpeg 1204w\" sizes=\"auto, (max-width: 771px) 100vw, 771px\" \/><\/figure>\n<\/figure>\n","protected":false},"excerpt":{"rendered":"<p>Des calendriers de No\u00ebl \u00e9colo D\u2019octobre \u00e0 novembre 2024, les \u00e9l\u00e8ves ont particip\u00e9 \u00e0 une collecte de rouleaux videsorganis\u00e9e par Mme HIERSO, professeur R\u00e9f\u00e9rent \u00e0 l\u2019\u00c9ducation au D\u00e9veloppementDurable, pour fabriquer des calendriers.Les centaines de rouleaux collect\u00e9s ont permis \u00e0 une quinzaine d\u2019\u00e9l\u00e8ves volontairesde r\u00e9aliser puis de d\u00e9corer une vingtaine de calendriers qui ont ensuite \u00e9t\u00e9 &hellip; <\/p>\n<p class=\"link-more\"><a href=\"https:\/\/site.ac-martinique.fr\/clg-bassepointe\/projets-et-actions-2\/\" class=\"more-link\">Lire la suite de<span class=\"screen-reader-text\">\u00ab\u00a0Projets et Actions\u00a0\u00bb<\/span><\/a><\/p>\n","protected":false},"author":456,"featured_media":0,"parent":0,"menu_order":0,"comment_status":"closed","ping_status":"closed","template":"","meta":{"inspiro_hide_title":false,"footnotes":""},"class_list":["post-1694","page","type-page","status-publish","hentry"],"_links":{"self":[{"href":"https:\/\/site.ac-martinique.fr\/clg-bassepointe\/wp-json\/wp\/v2\/pages\/1694","targetHints":{"allow":["GET"]}}],"collection":[{"href":"https:\/\/site.ac-martinique.fr\/clg-bassepointe\/wp-json\/wp\/v2\/pages"}],"about":[{"href":"https:\/\/site.ac-martinique.fr\/clg-bassepointe\/wp-json\/wp\/v2\/types\/page"}],"author":[{"embeddable":true,"href":"https:\/\/site.ac-martinique.fr\/clg-bassepointe\/wp-json\/wp\/v2\/users\/456"}],"replies":[{"embeddable":true,"href":"https:\/\/site.ac-martinique.fr\/clg-bassepointe\/wp-json\/wp\/v2\/comments?post=1694"}],"version-history":[{"count":22,"href":"https:\/\/site.ac-martinique.fr\/clg-bassepointe\/wp-json\/wp\/v2\/pages\/1694\/revisions"}],"predecessor-version":[{"id":2126,"href":"https:\/\/site.ac-martinique.fr\/clg-bassepointe\/wp-json\/wp\/v2\/pages\/1694\/revisions\/2126"}],"wp:attachment":[{"href":"https:\/\/site.ac-martinique.fr\/clg-bassepointe\/wp-json\/wp\/v2\/media?parent=1694"}],"curies":[{"name":"wp","href":"https:\/\/api.w.org\/{rel}","templated":true}]}}