{"id":1753,"date":"2024-06-03T08:38:11","date_gmt":"2024-06-03T12:38:11","guid":{"rendered":"https:\/\/site.ac-martinique.fr\/clg-bassepointe\/?page_id=1753"},"modified":"2026-04-20T16:40:30","modified_gmt":"2026-04-20T20:40:30","slug":"e-twinning-lv","status":"publish","type":"page","link":"https:\/\/site.ac-martinique.fr\/clg-bassepointe\/e-twinning-lv\/","title":{"rendered":"E-TWINNING LV"},"content":{"rendered":"\n<p class=\"has-text-align-center\"><strong>Projet eTwinning autour des contes<\/strong> <strong>et l\u00e9gendes de la Cara\u00efbe, de la Slov\u00e9nie et de la Roumanie appel\u00e9 \u00a0\u00bb Fairy Tales\u00a0\u00bb <\/strong><\/p>\n\n\n\n<figure class=\"wp-block-gallery has-nested-images columns-default is-cropped wp-block-gallery-1 is-layout-flex wp-block-gallery-is-layout-flex\">\n<figure class=\"wp-block-image size-large\"><img loading=\"lazy\" decoding=\"async\" width=\"804\" height=\"1024\" data-id=\"2188\" src=\"https:\/\/site.ac-martinique.fr\/clg-bassepointe\/wp-content\/uploads\/sites\/108\/2026\/04\/Felicitations-1-804x1024.jpeg\" alt=\"\" class=\"wp-image-2188\" srcset=\"https:\/\/site.ac-martinique.fr\/clg-bassepointe\/wp-content\/uploads\/sites\/108\/2026\/04\/Felicitations-1-804x1024.jpeg 804w, https:\/\/site.ac-martinique.fr\/clg-bassepointe\/wp-content\/uploads\/sites\/108\/2026\/04\/Felicitations-1-235x300.jpeg 235w, https:\/\/site.ac-martinique.fr\/clg-bassepointe\/wp-content\/uploads\/sites\/108\/2026\/04\/Felicitations-1.jpeg 871w\" sizes=\"auto, (max-width: 804px) 100vw, 804px\" \/><\/figure>\n<\/figure>\n","protected":false},"excerpt":{"rendered":"<p>Projet eTwinning autour des contes et l\u00e9gendes de la Cara\u00efbe, de la Slov\u00e9nie et de la Roumanie appel\u00e9 \u00a0\u00bb Fairy Tales\u00a0\u00bb<\/p>\n","protected":false},"author":456,"featured_media":0,"parent":0,"menu_order":0,"comment_status":"closed","ping_status":"closed","template":"","meta":{"inspiro_hide_title":false,"footnotes":""},"class_list":["post-1753","page","type-page","status-publish","hentry"],"_links":{"self":[{"href":"https:\/\/site.ac-martinique.fr\/clg-bassepointe\/wp-json\/wp\/v2\/pages\/1753","targetHints":{"allow":["GET"]}}],"collection":[{"href":"https:\/\/site.ac-martinique.fr\/clg-bassepointe\/wp-json\/wp\/v2\/pages"}],"about":[{"href":"https:\/\/site.ac-martinique.fr\/clg-bassepointe\/wp-json\/wp\/v2\/types\/page"}],"author":[{"embeddable":true,"href":"https:\/\/site.ac-martinique.fr\/clg-bassepointe\/wp-json\/wp\/v2\/users\/456"}],"replies":[{"embeddable":true,"href":"https:\/\/site.ac-martinique.fr\/clg-bassepointe\/wp-json\/wp\/v2\/comments?post=1753"}],"version-history":[{"count":2,"href":"https:\/\/site.ac-martinique.fr\/clg-bassepointe\/wp-json\/wp\/v2\/pages\/1753\/revisions"}],"predecessor-version":[{"id":2189,"href":"https:\/\/site.ac-martinique.fr\/clg-bassepointe\/wp-json\/wp\/v2\/pages\/1753\/revisions\/2189"}],"wp:attachment":[{"href":"https:\/\/site.ac-martinique.fr\/clg-bassepointe\/wp-json\/wp\/v2\/media?parent=1753"}],"curies":[{"name":"wp","href":"https:\/\/api.w.org\/{rel}","templated":true}]}}