{"id":1826,"date":"2024-10-22T09:50:32","date_gmt":"2024-10-22T13:50:32","guid":{"rendered":"https:\/\/site.ac-martinique.fr\/clg-bassepointe\/?page_id=1826"},"modified":"2024-11-28T11:44:59","modified_gmt":"2024-11-28T15:44:59","slug":"t-e-r","status":"publish","type":"page","link":"https:\/\/site.ac-martinique.fr\/clg-bassepointe\/t-e-r\/","title":{"rendered":"Signature de la Convention T.E.R"},"content":{"rendered":"\n<p><br>Le mardi 28 mai 2024, le coll\u00e8ge s\u2019est inscrit dans une nouvelle dynamique. Il a \u00e9t\u00e9 sign\u00e9 dans l\u2019\u00e9tablissement la premi\u00e8re convention Territoire \u00c9ducatif Rural (TER) de la Martinique associant les diff\u00e9rentes communes du secteur de recrutement du coll\u00e8ge : AJOUPA-BOUILLON, BASSE-POINTE, MACOUBA et GRAND RIVIERE.<br>La signature de cette convention est un atout majeur pour la communaut\u00e9 \u00e9ducative. Elle vise \u00e0 accompagner, p\u00e9renniser et renforcer les initiatives p\u00e9dagogiques et \u00e9ducatives d\u00e9j\u00e0 entreprises par les \u00e9coles et le coll\u00e8ge en y joignant tous les partenaires socio-culturels et politiques du secteur (le rectorat, les mairies, la CTM, la CAF, la DRAJES, associations diverses).<\/p>\n\n\n<p><iframe loading=\"lazy\" width=\"560\" height=\"315\" src=\"https:\/\/www.youtube.com\/embed\/3EfSTOJ6Gbk?si=ezvzj-IfG9mnNJQQ\" title=\"YouTube video player\" frameborder=\"0\" allow=\"accelerometer; autoplay; clipboard-write; encrypted-media; gyroscope; picture-in-picture; web-share\" referrerpolicy=\"strict-origin-when-cross-origin\" allowfullscreen><\/iframe><\/p>\n","protected":false},"excerpt":{"rendered":"<p>Le mardi 28 mai 2024, le coll\u00e8ge s\u2019est inscrit dans une nouvelle dynamique. Il a \u00e9t\u00e9 sign\u00e9 dans l\u2019\u00e9tablissement la premi\u00e8re convention Territoire \u00c9ducatif Rural (TER) de la Martinique associant les diff\u00e9rentes communes du secteur de recrutement du coll\u00e8ge : AJOUPA-BOUILLON, BASSE-POINTE, MACOUBA et GRAND RIVIERE.La signature de cette convention est un atout majeur pour &hellip; <\/p>\n<p class=\"link-more\"><a href=\"https:\/\/site.ac-martinique.fr\/clg-bassepointe\/t-e-r\/\" class=\"more-link\">Lire la suite de<span class=\"screen-reader-text\">\u00ab\u00a0Signature de la Convention T.E.R\u00a0\u00bb<\/span><\/a><\/p>\n","protected":false},"author":456,"featured_media":0,"parent":0,"menu_order":0,"comment_status":"closed","ping_status":"closed","template":"","meta":{"inspiro_hide_title":false,"footnotes":""},"class_list":["post-1826","page","type-page","status-publish","hentry"],"_links":{"self":[{"href":"https:\/\/site.ac-martinique.fr\/clg-bassepointe\/wp-json\/wp\/v2\/pages\/1826","targetHints":{"allow":["GET"]}}],"collection":[{"href":"https:\/\/site.ac-martinique.fr\/clg-bassepointe\/wp-json\/wp\/v2\/pages"}],"about":[{"href":"https:\/\/site.ac-martinique.fr\/clg-bassepointe\/wp-json\/wp\/v2\/types\/page"}],"author":[{"embeddable":true,"href":"https:\/\/site.ac-martinique.fr\/clg-bassepointe\/wp-json\/wp\/v2\/users\/456"}],"replies":[{"embeddable":true,"href":"https:\/\/site.ac-martinique.fr\/clg-bassepointe\/wp-json\/wp\/v2\/comments?post=1826"}],"version-history":[{"count":13,"href":"https:\/\/site.ac-martinique.fr\/clg-bassepointe\/wp-json\/wp\/v2\/pages\/1826\/revisions"}],"predecessor-version":[{"id":1927,"href":"https:\/\/site.ac-martinique.fr\/clg-bassepointe\/wp-json\/wp\/v2\/pages\/1826\/revisions\/1927"}],"wp:attachment":[{"href":"https:\/\/site.ac-martinique.fr\/clg-bassepointe\/wp-json\/wp\/v2\/media?parent=1826"}],"curies":[{"name":"wp","href":"https:\/\/api.w.org\/{rel}","templated":true}]}}