{"id":208,"date":"2021-12-12T20:21:36","date_gmt":"2021-12-13T00:21:36","guid":{"rendered":"https:\/\/site.ac-martinique.fr\/clg-bassepointe\/?page_id=208"},"modified":"2023-07-08T20:06:22","modified_gmt":"2023-07-09T00:06:22","slug":"contacts-2","status":"publish","type":"page","link":"https:\/\/site.ac-martinique.fr\/clg-bassepointe\/contacts-2\/","title":{"rendered":"Contacts"},"content":{"rendered":"\n<p><strong>Coll\u00e8ge Aim\u00e9 C\u00e9saire<\/strong><\/p>\n\n\n\n<p><strong>Rue du Docteur MORESTIN      Quartier HACKAERT    97218 BASSE-POINTE<\/strong><\/p>\n\n\n\n<p><strong>T\u00e9l\u00e9phone :<\/strong> <strong><mark style=\"background-color:rgba(0, 0, 0, 0)\" class=\"has-inline-color has-blue-color\">0596 78 52 12<\/mark><\/strong><\/p>\n\n\n\n<p><strong>Mail :<\/strong> <strong><mark style=\"background-color:rgba(0, 0, 0, 0)\" class=\"has-inline-color has-blue-color\">ce.9720472f@ac-martinique.fr<\/mark><\/strong><\/p>\n","protected":false},"excerpt":{"rendered":"<p>Coll\u00e8ge Aim\u00e9 C\u00e9saire Rue du Docteur MORESTIN Quartier HACKAERT 97218 BASSE-POINTE T\u00e9l\u00e9phone : 0596 78 52 12 Mail : ce.9720472f@ac-martinique.fr<\/p>\n","protected":false},"author":318,"featured_media":0,"parent":0,"menu_order":0,"comment_status":"closed","ping_status":"closed","template":"","meta":{"inspiro_hide_title":false,"footnotes":""},"class_list":["post-208","page","type-page","status-publish","hentry"],"_links":{"self":[{"href":"https:\/\/site.ac-martinique.fr\/clg-bassepointe\/wp-json\/wp\/v2\/pages\/208","targetHints":{"allow":["GET"]}}],"collection":[{"href":"https:\/\/site.ac-martinique.fr\/clg-bassepointe\/wp-json\/wp\/v2\/pages"}],"about":[{"href":"https:\/\/site.ac-martinique.fr\/clg-bassepointe\/wp-json\/wp\/v2\/types\/page"}],"author":[{"embeddable":true,"href":"https:\/\/site.ac-martinique.fr\/clg-bassepointe\/wp-json\/wp\/v2\/users\/318"}],"replies":[{"embeddable":true,"href":"https:\/\/site.ac-martinique.fr\/clg-bassepointe\/wp-json\/wp\/v2\/comments?post=208"}],"version-history":[{"count":2,"href":"https:\/\/site.ac-martinique.fr\/clg-bassepointe\/wp-json\/wp\/v2\/pages\/208\/revisions"}],"predecessor-version":[{"id":1006,"href":"https:\/\/site.ac-martinique.fr\/clg-bassepointe\/wp-json\/wp\/v2\/pages\/208\/revisions\/1006"}],"wp:attachment":[{"href":"https:\/\/site.ac-martinique.fr\/clg-bassepointe\/wp-json\/wp\/v2\/media?parent=208"}],"curies":[{"name":"wp","href":"https:\/\/api.w.org\/{rel}","templated":true}]}}