{"id":269,"date":"2022-02-16T21:46:01","date_gmt":"2022-02-17T01:46:01","guid":{"rendered":"https:\/\/site.ac-martinique.fr\/clg-bassepointe\/?page_id=269"},"modified":"2022-02-16T21:46:01","modified_gmt":"2022-02-17T01:46:01","slug":"temoignages-deleves-6eme-edition-des-nuits-de-la-lecture","status":"publish","type":"page","link":"https:\/\/site.ac-martinique.fr\/clg-bassepointe\/temoignages-deleves-6eme-edition-des-nuits-de-la-lecture\/","title":{"rendered":"T\u00e9moignages d&rsquo;\u00e9l\u00e8ves (6\u00e8me \u00e9dition des nuits de la lecture)"},"content":{"rendered":"\n<p class=\"has-background\" style=\"background-color:#5cdf2d\">\u00ab\u00a0Le vendredi 21 janvier 2022, les \u00e9l\u00e8ves de 4<sup>\u00e8me<\/sup> du coll\u00e8ge Aim\u00e9 C\u00e9saire de Basse-Pointe se sont rendus \u00e0 Gradis pour un spectacle sur l\u2019amour. Au d\u00e9but il y avait 5 acteurs qui ont r\u00e9alis\u00e9 une sc\u00e8ne. J\u2019ai bien aim\u00e9 car \u00e7a parlait d\u2019amour et on a chant\u00e9, mais je n\u2019ai pas appr\u00e9ci\u00e9 le fait qu\u2019on n\u2019entendait pas bien. Apr\u00e8s, les \u00e9l\u00e8ves ont pu assister \u00e0 la lecture d\u2019un texte par un conteur. Tout s\u2019est bien pass\u00e9 dans l\u2019ensemble.\u00a0\u00bb                                                                                               <em><strong>Alicia, 4<sup>\u00e8me<\/sup> B<\/strong><\/em><\/p>\n\n\n\n<p class=\"has-background\" style=\"background-color:#e6d61c\">\u00ab\u00a0Vendredi 21 janvier 2022, les \u00e9l\u00e8ves de 4<sup>\u00e8me<\/sup> B et C sont all\u00e9s \u00e0 Gradis pour regarder un joli spectacle sur l\u2019amour. On nous a racont\u00e9 une belle histoire\u00a0: une petite fille qui est tomb\u00e9e amoureuse. Apr\u00e8s on nous a chant\u00e9 une belle chanson. J\u2019aime bien les chansons et les histoires. On a rigol\u00e9 et c\u2019\u00e9tait bien\u00a0!\u00a0\u00bb                       <em><strong>Widtcha\u00eblle, 4<sup>\u00e8me<\/sup> B<\/strong><\/em><\/p>\n\n\n\n<p class=\"has-background\" style=\"background-color:#26f0f0\">\u00ab\u00a0C\u2019\u00e9tait le vendredi 21 janvier 2022 \u00e0 Gradis. Il y avait des com\u00e9diens, des professeurs et des \u00e9l\u00e8ves. C\u2019\u00e9tait magnifique\u00a0! J\u2019ai aim\u00e9 les chansons car elles parlaient d\u2019amour.\u00a0\u00bb                                                                           <strong> <em>Sanderline, 4<sup>\u00e8me<\/sup> B<\/em><\/strong><\/p>\n\n\n\n<p class=\"has-background\" style=\"background-color:#f28fee\">\u00ab\u00a0Le vendredi 21 janvier 2022, les \u00e9l\u00e8ves de 4<sup>\u00e8me<\/sup> du coll\u00e8ge Aim\u00e9 C\u00e9saire de Basse-Pointe sont all\u00e9s \u00e0 Gradis et nous avons vu des com\u00e9diens et des musiciens. Ils ont chant\u00e9 des chansons d\u2019amour, lu des textes sur l\u2019amour et il y avait aussi des po\u00e8mes d\u2019amour. C\u2019\u00e9tait g\u00e9nial\u00a0! Tout \u00e9tait parfait\u00a0! J\u2019ai tout aim\u00e9, surtout les chansons d\u2019amour\u2026\u00a0\u00bb                                                                                              <em><strong>Djemerly, 4<sup>\u00e8me<\/sup> B<\/strong><\/em><\/p>\n","protected":false},"excerpt":{"rendered":"<p>\u00ab\u00a0Le vendredi 21 janvier 2022, les \u00e9l\u00e8ves de 4\u00e8me du coll\u00e8ge Aim\u00e9 C\u00e9saire de Basse-Pointe se sont rendus \u00e0 Gradis pour un spectacle sur l\u2019amour. Au d\u00e9but il y avait 5 acteurs qui ont r\u00e9alis\u00e9 une sc\u00e8ne. J\u2019ai bien aim\u00e9 car \u00e7a parlait d\u2019amour et on a chant\u00e9, mais je n\u2019ai pas appr\u00e9ci\u00e9 le fait &hellip; <\/p>\n<p class=\"link-more\"><a href=\"https:\/\/site.ac-martinique.fr\/clg-bassepointe\/temoignages-deleves-6eme-edition-des-nuits-de-la-lecture\/\" class=\"more-link\">Lire la suite de<span class=\"screen-reader-text\">\u00ab\u00a0T\u00e9moignages d&rsquo;\u00e9l\u00e8ves (6\u00e8me \u00e9dition des nuits de la lecture)\u00a0\u00bb<\/span><\/a><\/p>\n","protected":false},"author":318,"featured_media":0,"parent":0,"menu_order":0,"comment_status":"closed","ping_status":"closed","template":"","meta":{"inspiro_hide_title":false,"footnotes":""},"class_list":["post-269","page","type-page","status-publish","hentry"],"_links":{"self":[{"href":"https:\/\/site.ac-martinique.fr\/clg-bassepointe\/wp-json\/wp\/v2\/pages\/269","targetHints":{"allow":["GET"]}}],"collection":[{"href":"https:\/\/site.ac-martinique.fr\/clg-bassepointe\/wp-json\/wp\/v2\/pages"}],"about":[{"href":"https:\/\/site.ac-martinique.fr\/clg-bassepointe\/wp-json\/wp\/v2\/types\/page"}],"author":[{"embeddable":true,"href":"https:\/\/site.ac-martinique.fr\/clg-bassepointe\/wp-json\/wp\/v2\/users\/318"}],"replies":[{"embeddable":true,"href":"https:\/\/site.ac-martinique.fr\/clg-bassepointe\/wp-json\/wp\/v2\/comments?post=269"}],"version-history":[{"count":1,"href":"https:\/\/site.ac-martinique.fr\/clg-bassepointe\/wp-json\/wp\/v2\/pages\/269\/revisions"}],"predecessor-version":[{"id":270,"href":"https:\/\/site.ac-martinique.fr\/clg-bassepointe\/wp-json\/wp\/v2\/pages\/269\/revisions\/270"}],"wp:attachment":[{"href":"https:\/\/site.ac-martinique.fr\/clg-bassepointe\/wp-json\/wp\/v2\/media?parent=269"}],"curies":[{"name":"wp","href":"https:\/\/api.w.org\/{rel}","templated":true}]}}