{"id":400,"date":"2022-05-04T22:39:15","date_gmt":"2022-05-05T02:39:15","guid":{"rendered":"https:\/\/site.ac-martinique.fr\/clg-bassepointe\/?page_id=400"},"modified":"2022-05-04T22:39:15","modified_gmt":"2022-05-05T02:39:15","slug":"temoignages-deleves-visite-de-lecolieu-de-tivoli","status":"publish","type":"page","link":"https:\/\/site.ac-martinique.fr\/clg-bassepointe\/temoignages-deleves-visite-de-lecolieu-de-tivoli\/","title":{"rendered":"T\u00e9moignages d&rsquo;\u00e9l\u00e8ves (Visite de l&rsquo;Ecolieu de Tivoli)"},"content":{"rendered":"\n<p class=\"has-background\" style=\"background-color:#3ed94f\">\u00ab\u00a0C\u2019\u00e9tait g\u00e9nial parce qu\u2019on \u00e9tait en famille et les gens qui nous ont accueillis \u00e9taient sympas.\u00a0\u00bb <em><strong>Djemerly, 4<sup>\u00e8me<\/sup> B<\/strong><\/em><\/p>\n\n\n\n<p class=\"has-background\" style=\"background-color:#d9ec19\">\u00ab\u00a0C\u2019\u00e9tait super\u00a0! Je me suis bien amus\u00e9e\u00a0!\u00a0\u00bb <em><strong>Widtcha\u00eblle, 4<sup>\u00e8me<\/sup> B<\/strong><\/em><\/p>\n\n\n\n<p class=\"has-background\" style=\"background-color:#21e3dc\">\u00ab\u00a0J\u2019ai aim\u00e9 aller \u00e0 la rivi\u00e8re parce que j\u2019ai mis mes pieds dans l\u2019eau.\u00a0\u00bb <em><strong>Ismael, 5<sup>\u00e8me<\/sup> B<\/strong><\/em><\/p>\n","protected":false},"excerpt":{"rendered":"<p>\u00ab\u00a0C\u2019\u00e9tait g\u00e9nial parce qu\u2019on \u00e9tait en famille et les gens qui nous ont accueillis \u00e9taient sympas.\u00a0\u00bb Djemerly, 4\u00e8me B \u00ab\u00a0C\u2019\u00e9tait super\u00a0! Je me suis bien amus\u00e9e\u00a0!\u00a0\u00bb Widtcha\u00eblle, 4\u00e8me B \u00ab\u00a0J\u2019ai aim\u00e9 aller \u00e0 la rivi\u00e8re parce que j\u2019ai mis mes pieds dans l\u2019eau.\u00a0\u00bb Ismael, 5\u00e8me B<\/p>\n","protected":false},"author":318,"featured_media":0,"parent":0,"menu_order":0,"comment_status":"closed","ping_status":"closed","template":"","meta":{"inspiro_hide_title":false,"footnotes":""},"class_list":["post-400","page","type-page","status-publish","hentry"],"_links":{"self":[{"href":"https:\/\/site.ac-martinique.fr\/clg-bassepointe\/wp-json\/wp\/v2\/pages\/400","targetHints":{"allow":["GET"]}}],"collection":[{"href":"https:\/\/site.ac-martinique.fr\/clg-bassepointe\/wp-json\/wp\/v2\/pages"}],"about":[{"href":"https:\/\/site.ac-martinique.fr\/clg-bassepointe\/wp-json\/wp\/v2\/types\/page"}],"author":[{"embeddable":true,"href":"https:\/\/site.ac-martinique.fr\/clg-bassepointe\/wp-json\/wp\/v2\/users\/318"}],"replies":[{"embeddable":true,"href":"https:\/\/site.ac-martinique.fr\/clg-bassepointe\/wp-json\/wp\/v2\/comments?post=400"}],"version-history":[{"count":1,"href":"https:\/\/site.ac-martinique.fr\/clg-bassepointe\/wp-json\/wp\/v2\/pages\/400\/revisions"}],"predecessor-version":[{"id":401,"href":"https:\/\/site.ac-martinique.fr\/clg-bassepointe\/wp-json\/wp\/v2\/pages\/400\/revisions\/401"}],"wp:attachment":[{"href":"https:\/\/site.ac-martinique.fr\/clg-bassepointe\/wp-json\/wp\/v2\/media?parent=400"}],"curies":[{"name":"wp","href":"https:\/\/api.w.org\/{rel}","templated":true}]}}