{"id":458,"date":"2022-06-26T22:49:58","date_gmt":"2022-06-27T02:49:58","guid":{"rendered":"https:\/\/site.ac-martinique.fr\/clg-bassepointe\/?page_id=458"},"modified":"2022-06-26T22:49:58","modified_gmt":"2022-06-27T02:49:58","slug":"temoignages-deleves-decouverte-du-patrimoine-culturel-et-naturel-aux-trois-ilets","status":"publish","type":"page","link":"https:\/\/site.ac-martinique.fr\/clg-bassepointe\/temoignages-deleves-decouverte-du-patrimoine-culturel-et-naturel-aux-trois-ilets\/","title":{"rendered":"T\u00e9moignages d&rsquo;\u00e9l\u00e8ves (D\u00e9couverte du patrimoine culturel et naturel aux Trois \u00celets)"},"content":{"rendered":"\n<p> <p class=\"has-background\" style=\"background-color:#5cdf2d\">\u00ab\u00a0J&rsquo;ai appris \u00e0 faire du cacao, o\u00f9 habitaient les esclaves et l&rsquo;histoire des am\u00e9rindiens. J&rsquo;ai appr\u00e9ci\u00e9 le pique-nique sur la plage et jouer avec ma famille.\u00bb                                                                                               <em><strong>Isma\u00ebl, 5<sup>\u00e8me<\/sup> B<\/strong><\/em><\/p>   <p class=\"has-background\" style=\"background-color:#e6d61c\">\u00ab\u00a0J&rsquo;ai appris qu&rsquo;il y avait des am\u00e9rindiens avant nous et qu&rsquo;ils avaient les cheveux longs. J&rsquo;ai appr\u00e9ci\u00e9 quand on est all\u00e9 \u00e0 la plage parce que je me suis bien amus\u00e9e.\u00a0\u00bb                       <em><strong>Sanderline, 4<sup>\u00e8me<\/sup> B<\/strong><\/em><\/p>   <p class=\"has-background\" style=\"background-color:#26f0f0\">\u00ab\u00a0J&rsquo;ai appris l&rsquo;histoire de la Martinique, comment les esclaves vivaient \u00e0 l&rsquo;\u00e9poque, comment ils travaillaient beaucoup et comment ils se sont d\u00e9brouill\u00e9s pour vivre une vie normale. J&rsquo;ai tout appr\u00e9ci\u00e9 car tout \u00e9tait super, surtout le village am\u00e9rindien!\u00a0\u00bb                                                                           <strong>                             <em>Djemerlie, 4<sup>\u00e8me<\/sup> B<\/em><\/strong><\/p>   <p class=\"has-background\" style=\"background-color:#f28fee\">\u00ab\u00a0J&rsquo;ai appr\u00e9ci\u00e9 la plage parce qu&rsquo;on s&rsquo;est bien amus\u00e9 ensemble. On a jou\u00e9 au foot!\u00a0\u00bb                                                                                              <em><strong>Widtcha\u00eblle, 4<sup>\u00e8me<\/sup> B<\/strong><\/em><\/p><\/p>\n\n\n\n<p> <\/p>\n\n\n\n<p>        \u00ab J\u2019ai appris que les esclaves ont beaucoup souffert. J\u2019ai appr\u00e9ci\u00e9 la plage parce que c\u2019est bien d\u2019avoir une sortie avec ma maman. \u00bb<br><strong>Franki (5eB)<\/strong><\/p>\n","protected":false},"excerpt":{"rendered":"<p>\u00ab\u00a0J&rsquo;ai appris \u00e0 faire du cacao, o\u00f9 habitaient les esclaves et l&rsquo;histoire des am\u00e9rindiens. J&rsquo;ai appr\u00e9ci\u00e9 le pique-nique sur la plage et jouer avec ma famille.\u00bb Isma\u00ebl, 5\u00e8me B \u00ab\u00a0J&rsquo;ai appris qu&rsquo;il y avait des am\u00e9rindiens avant nous et qu&rsquo;ils avaient les cheveux longs. J&rsquo;ai appr\u00e9ci\u00e9 quand on est all\u00e9 \u00e0 la plage parce que &hellip; <\/p>\n<p class=\"link-more\"><a href=\"https:\/\/site.ac-martinique.fr\/clg-bassepointe\/temoignages-deleves-decouverte-du-patrimoine-culturel-et-naturel-aux-trois-ilets\/\" class=\"more-link\">Lire la suite de<span class=\"screen-reader-text\">\u00ab\u00a0T\u00e9moignages d&rsquo;\u00e9l\u00e8ves (D\u00e9couverte du patrimoine culturel et naturel aux Trois \u00celets)\u00a0\u00bb<\/span><\/a><\/p>\n","protected":false},"author":318,"featured_media":0,"parent":0,"menu_order":0,"comment_status":"closed","ping_status":"closed","template":"","meta":{"inspiro_hide_title":false,"footnotes":""},"class_list":["post-458","page","type-page","status-publish","hentry"],"_links":{"self":[{"href":"https:\/\/site.ac-martinique.fr\/clg-bassepointe\/wp-json\/wp\/v2\/pages\/458","targetHints":{"allow":["GET"]}}],"collection":[{"href":"https:\/\/site.ac-martinique.fr\/clg-bassepointe\/wp-json\/wp\/v2\/pages"}],"about":[{"href":"https:\/\/site.ac-martinique.fr\/clg-bassepointe\/wp-json\/wp\/v2\/types\/page"}],"author":[{"embeddable":true,"href":"https:\/\/site.ac-martinique.fr\/clg-bassepointe\/wp-json\/wp\/v2\/users\/318"}],"replies":[{"embeddable":true,"href":"https:\/\/site.ac-martinique.fr\/clg-bassepointe\/wp-json\/wp\/v2\/comments?post=458"}],"version-history":[{"count":1,"href":"https:\/\/site.ac-martinique.fr\/clg-bassepointe\/wp-json\/wp\/v2\/pages\/458\/revisions"}],"predecessor-version":[{"id":459,"href":"https:\/\/site.ac-martinique.fr\/clg-bassepointe\/wp-json\/wp\/v2\/pages\/458\/revisions\/459"}],"wp:attachment":[{"href":"https:\/\/site.ac-martinique.fr\/clg-bassepointe\/wp-json\/wp\/v2\/media?parent=458"}],"curies":[{"name":"wp","href":"https:\/\/api.w.org\/{rel}","templated":true}]}}