{"id":515,"date":"2022-07-07T20:35:39","date_gmt":"2022-07-08T00:35:39","guid":{"rendered":"https:\/\/site.ac-martinique.fr\/clg-bassepointe\/?page_id=515"},"modified":"2022-07-08T11:20:00","modified_gmt":"2022-07-08T15:20:00","slug":"webradio","status":"publish","type":"page","link":"https:\/\/site.ac-martinique.fr\/clg-bassepointe\/webradio\/","title":{"rendered":"WEBRADIO"},"content":{"rendered":"\n<figure class=\"wp-block-image size-full\"><img loading=\"lazy\" decoding=\"async\" width=\"611\" height=\"317\" src=\"https:\/\/site.ac-martinique.fr\/clg-bassepointe\/wp-content\/uploads\/sites\/108\/2022\/07\/WEBR-2021-2022-1.gif\" alt=\"\" class=\"wp-image-519\"\/><figcaption><strong>WEBRADIO 2021-2022<\/strong><\/figcaption><\/figure>\n\n\n\n<figure class=\"wp-block-audio\"><audio controls src=\"https:\/\/site.ac-martinique.fr\/clg-bassepointe\/wp-content\/uploads\/sites\/108\/2022\/07\/Entretien-Mr-ACHAUME61.mp3\"><\/audio><figcaption><strong><mark style=\"background-color:rgba(0, 0, 0, 0);color:#c53e3e\" class=\"has-inline-color\">Entretien avec M ACHAUME (journaliste) : MARS 2022<\/mark><\/strong><\/figcaption><\/figure>\n\n\n\n<p>Dans le cadre de la semaine de la presse dont le th\u00e8me \u00e9tait cette ann\u00e9e \u00ab\u00a0S&rsquo;informer pour comprendre le monde\u00a0\u00bb, les \u00e9l\u00e8ves,encadr\u00e9s par la professeure documentaliste Madame Joseph-Fran\u00e7ois, se sont entretenus avec M. ACHAUME  et lui ont pos\u00e9 des questions sur son m\u00e9tier de journaliste. <\/p>\n\n\n\n<p class=\"has-light-gray-background-color has-background\">Voici l&rsquo;index (<strong><mark style=\"background-color:#f2eac0\" class=\"has-inline-color has-blue-color\">en minutes et secondes<\/mark><\/strong>) des questions pos\u00e9es \u00e0 retrouver dans l&rsquo;audio ci-dessus :<\/p>\n\n\n\n<ol class=\"has-light-gray-background-color has-background wp-block-list\"><li>Tout d&rsquo;abord, pouvez-vous nous pr\u00e9ciser en quoi consiste le m\u00e9tier de journaliste? (<strong><mark style=\"background-color:#f2ea8f\" class=\"has-inline-color has-blue-color\">\u00e0 1 : 26<\/mark><\/strong>)<\/li><li>Travaillez-vous seul ou en \u00e9quipe? (<strong><mark style=\"background-color:#f7f1af\" class=\"has-inline-color has-blue-color\">\u00e0 2 : 24<\/mark><\/strong>)<\/li><li>Quels sont les outils que vous utilisez dans le cadre de vos activit\u00e9s? (<strong><mark style=\"background-color:#f8eeba\" class=\"has-inline-color has-blue-color\">\u00e0 3 : 31<\/mark><\/strong>)<\/li><li>A qui s&rsquo;adresse principalement votre journal? (<strong><mark style=\"background-color:#f3eab3\" class=\"has-inline-color has-blue-color\">\u00e0 5 : 07<\/mark><\/strong>)<\/li><li>Quel est votre parcours professionnel? (<strong><mark style=\"background-color:#f4ebb8\" class=\"has-inline-color has-blue-color\">\u00e0 5 : 49<\/mark><\/strong>)<\/li><li>Quelles sont les comp\u00e9tences requises pour exercer ce m\u00e9tier? (<strong><mark style=\"background-color:#f5edbf\" class=\"has-inline-color has-blue-color\">\u00e0 7 : 23<\/mark><\/strong>)<\/li><li>Quels sont les avantages et les inconv\u00e9nients du m\u00e9tier? (<strong><mark style=\"background-color:#f7efc6\" class=\"has-inline-color has-blue-color\">\u00e0 9 : 49<\/mark><\/strong>)<\/li><li>Est-il difficile de travailer sur le terrain? (<strong><mark style=\"background-color:#f7f1cf\" class=\"has-inline-color has-blue-color\">\u00e0 13 : 42<\/mark><\/strong>)<\/li><li>Comment faites vous pour \u00e9viter les fake news? (<strong><mark style=\"background-color:#f5f3c5\" class=\"has-inline-color has-blue-color\">\u00e0 14 : 09<\/mark><\/strong>)<\/li><li>Quelles seraient les cons\u00e9quences si vous diffusiez une fausse information? (<strong><mark style=\"background-color:#f7efc4\" class=\"has-inline-color has-blue-color\">\u00e0 16 : 01<\/mark><\/strong>)<\/li><li>Que pr\u00e9f\u00e9rez-vous dans votre m\u00e9tier? (<strong><mark style=\"background-color:#f5efc6\" class=\"has-inline-color has-blue-color\">\u00e0 17 : 24<\/mark><\/strong>)<\/li><li>Quel moment vous a le plus marqu\u00e9 dans l&rsquo;exercice de votre m\u00e9tier? (<strong><mark style=\"background-color:#f6f0bf\" class=\"has-inline-color has-blue-color\">\u00e0 17 : 59<\/mark><\/strong>)<\/li><li>Quel est votre salaire moyen? (<strong><mark style=\"background-color:#f7f4cf\" class=\"has-inline-color has-blue-color\">\u00e0 19 : 52<\/mark><\/strong>)<\/li><li>Sur quel projet travaillez-vous actuellement? (<strong><mark style=\"background-color:#f6f2c1\" class=\"has-inline-color has-blue-color\">\u00e0 23 : 26<\/mark><\/strong>)<\/li><li>Dans un contexte de guerre, quelles sont les difficult\u00e9s que peuvent rencontrer les journalistes? (<strong><mark style=\"background-color:#f8f1c7\" class=\"has-inline-color has-blue-color\">\u00e0 25 : 12<\/mark><\/strong>) <\/li><\/ol>\n","protected":false},"excerpt":{"rendered":"<p>Dans le cadre de la semaine de la presse dont le th\u00e8me \u00e9tait cette ann\u00e9e \u00ab\u00a0S&rsquo;informer pour comprendre le monde\u00a0\u00bb, les \u00e9l\u00e8ves,encadr\u00e9s par la professeure documentaliste Madame Joseph-Fran\u00e7ois, se sont entretenus avec M. ACHAUME et lui ont pos\u00e9 des questions sur son m\u00e9tier de journaliste. Voici l&rsquo;index (en minutes et secondes) des questions pos\u00e9es \u00e0 &hellip; <\/p>\n<p class=\"link-more\"><a href=\"https:\/\/site.ac-martinique.fr\/clg-bassepointe\/webradio\/\" class=\"more-link\">Lire la suite de<span class=\"screen-reader-text\">\u00ab\u00a0WEBRADIO\u00a0\u00bb<\/span><\/a><\/p>\n","protected":false},"author":318,"featured_media":0,"parent":0,"menu_order":0,"comment_status":"closed","ping_status":"closed","template":"","meta":{"inspiro_hide_title":false,"footnotes":""},"class_list":["post-515","page","type-page","status-publish","hentry"],"_links":{"self":[{"href":"https:\/\/site.ac-martinique.fr\/clg-bassepointe\/wp-json\/wp\/v2\/pages\/515","targetHints":{"allow":["GET"]}}],"collection":[{"href":"https:\/\/site.ac-martinique.fr\/clg-bassepointe\/wp-json\/wp\/v2\/pages"}],"about":[{"href":"https:\/\/site.ac-martinique.fr\/clg-bassepointe\/wp-json\/wp\/v2\/types\/page"}],"author":[{"embeddable":true,"href":"https:\/\/site.ac-martinique.fr\/clg-bassepointe\/wp-json\/wp\/v2\/users\/318"}],"replies":[{"embeddable":true,"href":"https:\/\/site.ac-martinique.fr\/clg-bassepointe\/wp-json\/wp\/v2\/comments?post=515"}],"version-history":[{"count":5,"href":"https:\/\/site.ac-martinique.fr\/clg-bassepointe\/wp-json\/wp\/v2\/pages\/515\/revisions"}],"predecessor-version":[{"id":567,"href":"https:\/\/site.ac-martinique.fr\/clg-bassepointe\/wp-json\/wp\/v2\/pages\/515\/revisions\/567"}],"wp:attachment":[{"href":"https:\/\/site.ac-martinique.fr\/clg-bassepointe\/wp-json\/wp\/v2\/media?parent=515"}],"curies":[{"name":"wp","href":"https:\/\/api.w.org\/{rel}","templated":true}]}}