{"id":730,"date":"2023-03-05T13:27:29","date_gmt":"2023-03-05T17:27:29","guid":{"rendered":"https:\/\/site.ac-martinique.fr\/clg-bassepointe\/?page_id=730"},"modified":"2023-03-05T13:27:30","modified_gmt":"2023-03-05T17:27:30","slug":"fonctionnement-infirmerie","status":"publish","type":"page","link":"https:\/\/site.ac-martinique.fr\/clg-bassepointe\/fonctionnement-infirmerie\/","title":{"rendered":"FONCTIONNEMENT INFIRMERIE"},"content":{"rendered":"\n<figure class=\"wp-block-table is-style-tw-border-h\"><table><tbody><tr><td>FONCTIONNEMENT DE L&rsquo;INFIRMERIE<\/td><td><\/td><\/tr><tr><td>L&rsquo;\u00e9l\u00e8ve se rend \u00e0 l&rsquo;infirmerie de pr\u00e9f\u00e9rence en dehors des heures de cours. Il est muni du carnet de liaison ou d\u2019un mot sign\u00e9 par le professeur ou l\u2019adulte responsable de l\u2019\u00e9l\u00e8ve, et peut \u00eatre accompagn\u00e9 d&rsquo;un autre \u00e9l\u00e8ve si besoin.<br><br><mark style=\"background-color:#f7f05e\" class=\"has-inline-color\"><strong>Modalit\u00e9 d&rsquo;accueil \u00e0 l&rsquo;infirmerie<\/strong><br><strong>L&rsquo;\u00e9l\u00e8ve doit d&rsquo;abord se rendre \u00e0 la vie scolaire qui le dirigera vers l&rsquo;infirmerie.<br>Apr\u00e8s entrevue avec l&rsquo;infirmi\u00e8re, l&rsquo;\u00e9l\u00e8ve doit se rendre \u00e0 la vie scolaire qui le redirigera vers sa salle de cours.<\/strong><\/mark><br><br>A l\u2019issue de son passage ou s\u00e9jour \u00e0 l&rsquo;infirmerie l&rsquo;\u00e9l\u00e8ve pourra en fonction de son \u00e9tat de sant\u00e9, reprendre son activit\u00e9 scolaire ou sera orient\u00e9 vers sa famille ou l&rsquo;h\u00f4pital. Dans tous les cas c&rsquo;est l&rsquo;infirmi\u00e8re ou le coll\u00e8ge qui contacte la famille. L&rsquo;infirmi\u00e8re peut administrer des m\u00e9dicaments de sa propre initiative suivant les besoins de l&rsquo;\u00e9l\u00e8ve. Le dialogue et les conseils sont privil\u00e9gi\u00e9s. Je vous rappelle que l&rsquo;infirmi\u00e8re est soumise au Secret Professionnel, elle ne doit lever le secret qu&rsquo;en cas de danger pour l&rsquo;\u00e9l\u00e8ve.<br><br>Les dispenses de sport sont g\u00e9r\u00e9es \u00e0 l\u2019infirmerie, les \u00e9l\u00e8ves se rendent \u00e0 l\u2019infirmerie avec la dispense du m\u00e9decin. L\u2019infirmi\u00e8re le note dans le carnet de liaison qui sera montr\u00e9 aux professeurs d&rsquo;Education Physique et Sportive. Une dispense r\u00e9dig\u00e9e par les parents n&rsquo;est pas recevable. Pour une dispense ponctuelle, l&rsquo;\u00e9l\u00e8ve se pr\u00e9sente \u00e0 l&rsquo;infirmerie et l&rsquo;infirmi\u00e8re notera la dispense pour la journ\u00e9e dans le carnet.<br><br>Si l\u2019\u00e9tat de sant\u00e9 de l\u2019\u00e9l\u00e8ve n\u00e9cessite la prise de m\u00e9dicament, l\u2019\u00e9l\u00e8ve d\u00e9posera son traitement et l\u2019ordonnance du m\u00e9decin \u00e0 l\u2019infirmerie d\u00e8s son arriv\u00e9e au coll\u00e8ge et les r\u00e9cup\u00e9ra \u00e0 sa sortie. En cas de traitement de longue dur\u00e9e un projet d\u2019accueil individualis\u00e9 (PAI) pourra \u00eatre propos\u00e9 \u00e0 la famille. Seul les \u00e9l\u00e8ves asthmatiques peuvent garder avec eux leur traitement.<br>Le formulaire de PAI peut \u00eatre imprim\u00e9 en cliquant sur l&rsquo;onglet PAI.<\/td><\/tr><\/tbody><\/table><\/figure>\n","protected":false},"excerpt":{"rendered":"<p>FONCTIONNEMENT DE L&rsquo;INFIRMERIE L&rsquo;\u00e9l\u00e8ve se rend \u00e0 l&rsquo;infirmerie de pr\u00e9f\u00e9rence en dehors des heures de cours. Il est muni du carnet de liaison ou d\u2019un mot sign\u00e9 par le professeur ou l\u2019adulte responsable de l\u2019\u00e9l\u00e8ve, et peut \u00eatre accompagn\u00e9 d&rsquo;un autre \u00e9l\u00e8ve si besoin. Modalit\u00e9 d&rsquo;accueil \u00e0 l&rsquo;infirmerieL&rsquo;\u00e9l\u00e8ve doit d&rsquo;abord se rendre \u00e0 la vie &hellip; <\/p>\n<p class=\"link-more\"><a href=\"https:\/\/site.ac-martinique.fr\/clg-bassepointe\/fonctionnement-infirmerie\/\" class=\"more-link\">Lire la suite de<span class=\"screen-reader-text\">\u00ab\u00a0FONCTIONNEMENT INFIRMERIE\u00a0\u00bb<\/span><\/a><\/p>\n","protected":false},"author":318,"featured_media":0,"parent":0,"menu_order":0,"comment_status":"closed","ping_status":"closed","template":"","meta":{"inspiro_hide_title":false,"footnotes":""},"class_list":["post-730","page","type-page","status-publish","hentry"],"_links":{"self":[{"href":"https:\/\/site.ac-martinique.fr\/clg-bassepointe\/wp-json\/wp\/v2\/pages\/730","targetHints":{"allow":["GET"]}}],"collection":[{"href":"https:\/\/site.ac-martinique.fr\/clg-bassepointe\/wp-json\/wp\/v2\/pages"}],"about":[{"href":"https:\/\/site.ac-martinique.fr\/clg-bassepointe\/wp-json\/wp\/v2\/types\/page"}],"author":[{"embeddable":true,"href":"https:\/\/site.ac-martinique.fr\/clg-bassepointe\/wp-json\/wp\/v2\/users\/318"}],"replies":[{"embeddable":true,"href":"https:\/\/site.ac-martinique.fr\/clg-bassepointe\/wp-json\/wp\/v2\/comments?post=730"}],"version-history":[{"count":1,"href":"https:\/\/site.ac-martinique.fr\/clg-bassepointe\/wp-json\/wp\/v2\/pages\/730\/revisions"}],"predecessor-version":[{"id":731,"href":"https:\/\/site.ac-martinique.fr\/clg-bassepointe\/wp-json\/wp\/v2\/pages\/730\/revisions\/731"}],"wp:attachment":[{"href":"https:\/\/site.ac-martinique.fr\/clg-bassepointe\/wp-json\/wp\/v2\/media?parent=730"}],"curies":[{"name":"wp","href":"https:\/\/api.w.org\/{rel}","templated":true}]}}