{"id":735,"date":"2023-03-05T13:36:02","date_gmt":"2023-03-05T17:36:02","guid":{"rendered":"https:\/\/site.ac-martinique.fr\/clg-bassepointe\/?page_id=735"},"modified":"2023-03-05T20:02:43","modified_gmt":"2023-03-06T00:02:43","slug":"pai","status":"publish","type":"page","link":"https:\/\/site.ac-martinique.fr\/clg-bassepointe\/pai\/","title":{"rendered":"PAI"},"content":{"rendered":"\n<p>Si l\u2019\u00e9tat de sant\u00e9 de l\u2019\u00e9l\u00e8ve n\u00e9cessite la prise de m\u00e9dicament, l\u2019\u00e9l\u00e8ve d\u00e9posera son traitement et l\u2019ordonnance du m\u00e9decin \u00e0 l\u2019infirmerie d\u00e8s son arriv\u00e9e au coll\u00e8ge et les r\u00e9cup\u00e9ra \u00e0 sa sortie.<\/p>\n\n\n\n<p>En cas de traitement de longue dur\u00e9e un projet d\u2019accueil individualis\u00e9 (PAI) pourra \u00eatre propos\u00e9 \u00e0 la famille. Seul les \u00e9l\u00e8ves asthmatiques peuvent garder avec eux leur traitement.<\/p>\n\n\n\n<p><strong><mark style=\"background-color:#efe372\" class=\"has-inline-color\">Veuillez:<\/mark><br><br><\/strong>1- Imprimer le ou les documents adapt\u00e9(s)  au probl\u00e8me de sant\u00e9 de votre enfant<\/p>\n\n\n\n<p><strong><a rel=\"noreferrer noopener\" href=\"https:\/\/site.ac-martinique.fr\/clg-bassepointe\/fiches-de-liaison-pai\/#DEMPAI\" target=\"_blank\">Demande de PAI<\/a><br><a href=\"https:\/\/site.ac-martinique.fr\/clg-bassepointe\/fiches-de-liaison-pai\/#PAIASTHME\" target=\"_blank\" rel=\"noreferrer noopener\">Fiche de liaison PAI Asthme<\/a><br><a href=\"https:\/\/site.ac-martinique.fr\/clg-bassepointe\/fiches-de-liaison-pai\/#PAIDIABETE\" target=\"_blank\" rel=\"noreferrer noopener\"><mark style=\"background-color:rgba(0, 0, 0, 0)\" class=\"has-inline-color has-blue-color\">Fiche de liaison PAI Diab\u00e8te<\/mark><\/a><br><a href=\"https:\/\/site.ac-martinique.fr\/clg-bassepointe\/fiches-de-liaison-pai\/#PAIALLERGIE\" target=\"_blank\" rel=\"noreferrer noopener\">Fiche de liaison PAI Allergie<\/a><br><\/strong><br>2- remplir et signer la partie administrative et coller une PHOTO<br>3- faire remplir et signer la partie m\u00e9dicale par le m\u00e9decin traitant de votre enfant (g\u00e9n\u00e9raliste ou sp\u00e9cialiste)<br>4- joindre COPIE de l&rsquo;ordonnance et les MEDICAMENTS n\u00e9cessaires 5- retourner le tout \u00e0 mon attention (d\u00e9poser \u00e0 l&rsquo;accueil du coll\u00e8ge ou directement \u00e0 l&rsquo;infirmerie par le biais de votre enfant)<\/p>\n\n\n\n<p>Il sera alors ensuite tr\u00e8s simple de le renouveler chaque ann\u00e9e.<br>Avec ce document les soins et prise de traitement sont assur\u00e9s en mon absence, l&rsquo;ensemble des adultes du Coll\u00e8ge savent quoi faire en cas d&rsquo;urgence sans toutefois entraver le secret m\u00e9dical.<\/p>\n","protected":false},"excerpt":{"rendered":"<p>Si l\u2019\u00e9tat de sant\u00e9 de l\u2019\u00e9l\u00e8ve n\u00e9cessite la prise de m\u00e9dicament, l\u2019\u00e9l\u00e8ve d\u00e9posera son traitement et l\u2019ordonnance du m\u00e9decin \u00e0 l\u2019infirmerie d\u00e8s son arriv\u00e9e au coll\u00e8ge et les r\u00e9cup\u00e9ra \u00e0 sa sortie. En cas de traitement de longue dur\u00e9e un projet d\u2019accueil individualis\u00e9 (PAI) pourra \u00eatre propos\u00e9 \u00e0 la famille. Seul les \u00e9l\u00e8ves asthmatiques peuvent &hellip; <\/p>\n<p class=\"link-more\"><a href=\"https:\/\/site.ac-martinique.fr\/clg-bassepointe\/pai\/\" class=\"more-link\">Lire la suite de<span class=\"screen-reader-text\">\u00ab\u00a0PAI\u00a0\u00bb<\/span><\/a><\/p>\n","protected":false},"author":318,"featured_media":0,"parent":0,"menu_order":0,"comment_status":"closed","ping_status":"closed","template":"","meta":{"inspiro_hide_title":false,"footnotes":""},"class_list":["post-735","page","type-page","status-publish","hentry"],"_links":{"self":[{"href":"https:\/\/site.ac-martinique.fr\/clg-bassepointe\/wp-json\/wp\/v2\/pages\/735","targetHints":{"allow":["GET"]}}],"collection":[{"href":"https:\/\/site.ac-martinique.fr\/clg-bassepointe\/wp-json\/wp\/v2\/pages"}],"about":[{"href":"https:\/\/site.ac-martinique.fr\/clg-bassepointe\/wp-json\/wp\/v2\/types\/page"}],"author":[{"embeddable":true,"href":"https:\/\/site.ac-martinique.fr\/clg-bassepointe\/wp-json\/wp\/v2\/users\/318"}],"replies":[{"embeddable":true,"href":"https:\/\/site.ac-martinique.fr\/clg-bassepointe\/wp-json\/wp\/v2\/comments?post=735"}],"version-history":[{"count":3,"href":"https:\/\/site.ac-martinique.fr\/clg-bassepointe\/wp-json\/wp\/v2\/pages\/735\/revisions"}],"predecessor-version":[{"id":810,"href":"https:\/\/site.ac-martinique.fr\/clg-bassepointe\/wp-json\/wp\/v2\/pages\/735\/revisions\/810"}],"wp:attachment":[{"href":"https:\/\/site.ac-martinique.fr\/clg-bassepointe\/wp-json\/wp\/v2\/media?parent=735"}],"curies":[{"name":"wp","href":"https:\/\/api.w.org\/{rel}","templated":true}]}}