{"id":739,"date":"2023-03-05T14:00:42","date_gmt":"2023-03-05T18:00:42","guid":{"rendered":"https:\/\/site.ac-martinique.fr\/clg-bassepointe\/?page_id=739"},"modified":"2023-03-05T19:56:22","modified_gmt":"2023-03-05T23:56:22","slug":"conduites-a-tenir-en-cas-durgence","status":"publish","type":"page","link":"https:\/\/site.ac-martinique.fr\/clg-bassepointe\/conduites-a-tenir-en-cas-durgence\/","title":{"rendered":"CONDUITES A TENIR EN CAS D&rsquo;URGENCE"},"content":{"rendered":"\n<p>Des fiches standards ont \u00e9t\u00e9 \u00e9labor\u00e9es avec les soci\u00e9t\u00e9s savantes pour les pathologies les plus fr\u00e9quentes et sont disponibles sur Eduscol concernant les conduites \u00e0 tenir en cas d&rsquo;urgence. Vous pourrez les imprimer et les faire renseigner par le m\u00e9decin traitant de votre enfant.<\/p>\n\n\n\n<p><mark style=\"background-color:#f6f130\" class=\"has-inline-color\"><strong>Veuillez trouver et choisir  la fiche correspondant \u00e0 la pathologie de votre enfant ci-dessous :<\/strong><\/mark><\/p>\n\n\n\n<p><a href=\"https:\/\/site.ac-martinique.fr\/clg-bassepointe\/fiches-durgence\/#FUSTANDARD\" target=\"_blank\" rel=\"noreferrer noopener\"><strong><mark style=\"background-color:rgba(0, 0, 0, 0)\" class=\"has-inline-color has-blue-color\">Fiche d&rsquo;urgence Standard<\/mark><\/strong><\/a><b><br><\/b><strong><a href=\"https:\/\/site.ac-martinique.fr\/clg-bassepointe\/fiches-durgence\/#FUDIABETE\" target=\"_blank\" rel=\"noreferrer noopener\">Fiche d&rsquo;urgence PAI Diab\u00e8te<\/a><br><a href=\"https:\/\/site.ac-martinique.fr\/clg-bassepointe\/fiches-durgence\/#FUDREPANOCYTOSE\">Fiche d&rsquo;urgence dr\u00e9panocytose<\/a><br><\/strong><\/p>\n\n\n\n<p><\/p>\n\n\n\n<p><\/p>\n","protected":false},"excerpt":{"rendered":"<p>Des fiches standards ont \u00e9t\u00e9 \u00e9labor\u00e9es avec les soci\u00e9t\u00e9s savantes pour les pathologies les plus fr\u00e9quentes et sont disponibles sur Eduscol concernant les conduites \u00e0 tenir en cas d&rsquo;urgence. Vous pourrez les imprimer et les faire renseigner par le m\u00e9decin traitant de votre enfant. Veuillez trouver et choisir la fiche correspondant \u00e0 la pathologie de &hellip; <\/p>\n<p class=\"link-more\"><a href=\"https:\/\/site.ac-martinique.fr\/clg-bassepointe\/conduites-a-tenir-en-cas-durgence\/\" class=\"more-link\">Lire la suite de<span class=\"screen-reader-text\">\u00ab\u00a0CONDUITES A TENIR EN CAS D&rsquo;URGENCE\u00a0\u00bb<\/span><\/a><\/p>\n","protected":false},"author":318,"featured_media":0,"parent":0,"menu_order":0,"comment_status":"closed","ping_status":"closed","template":"","meta":{"inspiro_hide_title":false,"footnotes":""},"class_list":["post-739","page","type-page","status-publish","hentry"],"_links":{"self":[{"href":"https:\/\/site.ac-martinique.fr\/clg-bassepointe\/wp-json\/wp\/v2\/pages\/739","targetHints":{"allow":["GET"]}}],"collection":[{"href":"https:\/\/site.ac-martinique.fr\/clg-bassepointe\/wp-json\/wp\/v2\/pages"}],"about":[{"href":"https:\/\/site.ac-martinique.fr\/clg-bassepointe\/wp-json\/wp\/v2\/types\/page"}],"author":[{"embeddable":true,"href":"https:\/\/site.ac-martinique.fr\/clg-bassepointe\/wp-json\/wp\/v2\/users\/318"}],"replies":[{"embeddable":true,"href":"https:\/\/site.ac-martinique.fr\/clg-bassepointe\/wp-json\/wp\/v2\/comments?post=739"}],"version-history":[{"count":3,"href":"https:\/\/site.ac-martinique.fr\/clg-bassepointe\/wp-json\/wp\/v2\/pages\/739\/revisions"}],"predecessor-version":[{"id":808,"href":"https:\/\/site.ac-martinique.fr\/clg-bassepointe\/wp-json\/wp\/v2\/pages\/739\/revisions\/808"}],"wp:attachment":[{"href":"https:\/\/site.ac-martinique.fr\/clg-bassepointe\/wp-json\/wp\/v2\/media?parent=739"}],"curies":[{"name":"wp","href":"https:\/\/api.w.org\/{rel}","templated":true}]}}