{"id":97,"date":"2021-11-21T17:06:22","date_gmt":"2021-11-21T21:06:22","guid":{"rendered":"https:\/\/site.ac-martinique.fr\/clg-bassepointe\/?page_id=97"},"modified":"2023-03-08T13:04:13","modified_gmt":"2023-03-08T17:04:13","slug":"infirmerie","status":"publish","type":"page","link":"https:\/\/site.ac-martinique.fr\/clg-bassepointe\/infirmerie\/","title":{"rendered":"Infirmerie"},"content":{"rendered":"\n<div class=\"wp-block-columns is-layout-flex wp-container-core-columns-is-layout-d0b3c9c8 wp-block-columns-is-layout-flex\">\n<div class=\"wp-block-column is-layout-flow wp-block-column-is-layout-flow\" style=\"--col-width:33.33%;flex-basis:33.33%\">\n<figure class=\"wp-block-image aligncenter size-full is-resized\"><a href=\"https:\/\/site.ac-martinique.fr\/clg-bassepointe\/fonctionnement-infirmerie\/\" target=\"_blank\" rel=\"noreferrer noopener\"><img loading=\"lazy\" decoding=\"async\" src=\"https:\/\/site.ac-martinique.fr\/clg-bassepointe\/wp-content\/uploads\/sites\/108\/2023\/03\/FONCTIONNEMENT-INFIRMERIE.jpg\" alt=\"\" class=\"wp-image-781\" width=\"188\" height=\"75\"\/><\/a><\/figure>\n\n\n\n<figure class=\"wp-block-image aligncenter size-full is-resized\"><a href=\"https:\/\/site.ac-martinique.fr\/clg-bassepointe\/mission-de-linfirmiere\/\" target=\"_blank\" rel=\"noreferrer noopener\"><img loading=\"lazy\" decoding=\"async\" src=\"https:\/\/site.ac-martinique.fr\/clg-bassepointe\/wp-content\/uploads\/sites\/108\/2023\/03\/MISSION-DE-LINFIRMIERE.jpg\" alt=\"\" class=\"wp-image-782\" width=\"187\" height=\"74\"\/><\/a><\/figure>\n\n\n\n<figure class=\"wp-block-image aligncenter size-full is-resized\"><a href=\"https:\/\/site.ac-martinique.fr\/clg-bassepointe\/fiches-de-liaison-pai\/\" target=\"_blank\" rel=\"noreferrer noopener\"><img loading=\"lazy\" decoding=\"async\" src=\"https:\/\/site.ac-martinique.fr\/clg-bassepointe\/wp-content\/uploads\/sites\/108\/2023\/03\/PAI.jpg\" alt=\"\" class=\"wp-image-727\" width=\"164\" height=\"157\"\/><\/a><\/figure>\n\n\n\n<figure class=\"wp-block-image aligncenter size-full is-resized\"><a href=\"https:\/\/site.ac-martinique.fr\/clg-bassepointe\/conduites-a-tenir-en-cas-durgence\/\" target=\"_blank\" rel=\"noreferrer noopener\"><img loading=\"lazy\" decoding=\"async\" src=\"https:\/\/site.ac-martinique.fr\/clg-bassepointe\/wp-content\/uploads\/sites\/108\/2023\/03\/URGENCE.jpg\" alt=\"\" class=\"wp-image-728\" width=\"188\" height=\"67\"\/><\/a><\/figure>\n<\/div>\n\n\n\n<div class=\"wp-block-column is-layout-flow wp-block-column-is-layout-flow\" style=\"--col-width:66.66%;flex-basis:66.66%\">\n<p>Bienvenue \u00e0 l&rsquo;infirmerie, Lieu de soins, d&rsquo;\u00e9coute, de repos et de conseils; l&rsquo;infirmerie est situ\u00e9e au fond de la cour pr\u00e8s des salles de permanences et de la salle d&rsquo;Arts&nbsp;Plastiques.<\/p>\n\n\n\n<p><strong>Je suis pr\u00e9sente au coll\u00e8ge les lundi (7h30 \u00e0 17h),mercredi (7h30 \u00e0 12h) et jeudi (8h00 \u00e0 17h). J&rsquo;accueille les \u00e9l\u00e8ves en continu et je re\u00e7ois \u00e9galement les parents sur RDV. <\/strong><\/p>\n\n\n\n<p><strong>Les parents peuvent me joindre aux : 0696 01 74 64 ou au 0596 78 52 12 pour tous renseignements ou prises de rendez-vous.<\/strong><\/p>\n\n\n\n<p>Vous trouverez sur cette page diff\u00e9rentes informations et liens concernant la sant\u00e9 et la scolarit\u00e9 de votre enfant. Pour y acc\u00e9der, <strong><mark style=\"background-color:#ebfa13;color:#f80606\" class=\"has-inline-color\">cliquez sur le rectangle correspondant \u00e0 l&rsquo;information souhait\u00e9e<\/mark><\/strong>. <\/p>\n\n\n\n<p>Je vous rappelle qu&rsquo;il est interdit d&rsquo;avoir des m\u00e9dicaments dans son sac. Un protocole (PAI) est mis en place pour les \u00e9l\u00e8ves n\u00e9cessitant des soins ou la prise&nbsp;d&rsquo;un traitement&nbsp;sur le temps scolaire. Vous pourrez t\u00e9l\u00e9charger le formulaire \u00e0 remplir.<\/p>\n\n\n\n<p class=\"has-text-align-left\">&nbsp;Il est n\u00e9cessaire de me signaler toutes difficult\u00e9s ou pr\u00e9cautions \u00e0 prendre pour votre infant, maladies, traitements, allergie ou intol\u00e9rance alimentaire&#8230;<br><br>Bonne ann\u00e9e scolaire!<\/p>\n\n\n\n<p>MICHE B\u00e9atrice, Infirmi\u00e8re Interdegr\u00e9s Education Nationale.<\/p>\n<\/div>\n<\/div>\n","protected":false},"excerpt":{"rendered":"<p>Bienvenue \u00e0 l&rsquo;infirmerie, Lieu de soins, d&rsquo;\u00e9coute, de repos et de conseils; l&rsquo;infirmerie est situ\u00e9e au fond de la cour pr\u00e8s des salles de permanences et de la salle d&rsquo;Arts&nbsp;Plastiques. Je suis pr\u00e9sente au coll\u00e8ge les lundi (7h30 \u00e0 17h),mercredi (7h30 \u00e0 12h) et jeudi (8h00 \u00e0 17h). J&rsquo;accueille les \u00e9l\u00e8ves en continu et je &hellip; <\/p>\n<p class=\"link-more\"><a href=\"https:\/\/site.ac-martinique.fr\/clg-bassepointe\/infirmerie\/\" class=\"more-link\">Lire la suite de<span class=\"screen-reader-text\">\u00ab\u00a0Infirmerie\u00a0\u00bb<\/span><\/a><\/p>\n","protected":false},"author":318,"featured_media":0,"parent":0,"menu_order":0,"comment_status":"closed","ping_status":"closed","template":"","meta":{"inspiro_hide_title":false,"footnotes":""},"class_list":["post-97","page","type-page","status-publish","hentry"],"_links":{"self":[{"href":"https:\/\/site.ac-martinique.fr\/clg-bassepointe\/wp-json\/wp\/v2\/pages\/97","targetHints":{"allow":["GET"]}}],"collection":[{"href":"https:\/\/site.ac-martinique.fr\/clg-bassepointe\/wp-json\/wp\/v2\/pages"}],"about":[{"href":"https:\/\/site.ac-martinique.fr\/clg-bassepointe\/wp-json\/wp\/v2\/types\/page"}],"author":[{"embeddable":true,"href":"https:\/\/site.ac-martinique.fr\/clg-bassepointe\/wp-json\/wp\/v2\/users\/318"}],"replies":[{"embeddable":true,"href":"https:\/\/site.ac-martinique.fr\/clg-bassepointe\/wp-json\/wp\/v2\/comments?post=97"}],"version-history":[{"count":5,"href":"https:\/\/site.ac-martinique.fr\/clg-bassepointe\/wp-json\/wp\/v2\/pages\/97\/revisions"}],"predecessor-version":[{"id":840,"href":"https:\/\/site.ac-martinique.fr\/clg-bassepointe\/wp-json\/wp\/v2\/pages\/97\/revisions\/840"}],"wp:attachment":[{"href":"https:\/\/site.ac-martinique.fr\/clg-bassepointe\/wp-json\/wp\/v2\/media?parent=97"}],"curies":[{"name":"wp","href":"https:\/\/api.w.org\/{rel}","templated":true}]}}