{"id":1308,"date":"2018-01-19T12:56:02","date_gmt":"2018-01-19T16:56:02","guid":{"rendered":"\/clg-beausejour\/?page_id=1308"},"modified":"2018-02-05T09:31:06","modified_gmt":"2018-02-05T13:31:06","slug":"jeux-serieux","status":"publish","type":"page","link":"https:\/\/site.ac-martinique.fr\/clg-beausejour\/?page_id=1308","title":{"rendered":"JEUX SERIEUX"},"content":{"rendered":"<h3>Voici une liste de jeux s\u00e9rieux et \u00e9ducatifs que tu peux consulter au CDI ou \u00e0 la maison.<\/h3>\n<p>Le plus utile pour tes r\u00e9visions :<a href=\"http:\/\/www.jeuxpedago.com\" target=\"_blank\">\u00a0www.jeuxpedago.com<\/a><\/p>\n<h3><a href=\"http:\/\/www.netvibes.com\/cdiberce#Jeux_educatifs\">Clique sur le lien pour acc\u00e9der \u00e0 la list<\/a>e :\u00a0<a href=\"http:\/\/www.netvibes.com\/cdiberce#Jeux_educatifs\" target=\"_blank\">LISTE 1<\/a>\u00a0&#8211;\u00a0<a href=\"https:\/\/www.scoop.it\/t\/jeux-quiz?page=1\" target=\"_blank\">LISTE 2.<\/a><\/h3>\n<p><a href=\"http:\/\/education.francetv.fr\/jeux\" target=\"_blank\">Tu trouveras des jeux int\u00e9ressants sur le Site.tv :\u00a0http:\/\/education.francetv.fr\/jeux<\/a><\/p>\n<p>Teste aussi ces jeux :<\/p>\n<div>\u00a0Ak\u00e9ra monde :\u00a0<a href=\"http:\/\/www.akera-monde.fr\/\">http:\/\/www.akera-monde.fr\/<\/a><\/div>\n<div><\/div>\n<div><a href=\"http:\/\/www.netcity.org\">www.netcity.org<\/a><\/div>\n<div><\/div>\n<div><a href=\"http:\/\/www.scienceenjeu.com\/index.php\">http:\/\/www.scienceenjeu.com\/index.php<\/a><\/div>\n<div><\/div>\n<div>\n<p><a href=\"https:\/\/www.stoplaviolence.net\/\" target=\"_blank\" data-saferedirecturl=\"https:\/\/www.google.com\/url?hl=fr&amp;q=https:\/\/www.stoplaviolence.net\/&amp;source=gmail&amp;ust=1516463562108000&amp;usg=AFQjCNGhmZXG047TC8JpSoAmdMJYjJ8YBg\">https:\/\/www.stoplaviolence.net<wbr \/>\/<\/a><\/p>\n<div>\n<div class=\"m_6605545552790981586gmail-m_4770728079903249646gmail_signature\">\n<div dir=\"ltr\">\n<div>\n<div dir=\"ltr\">\n<div><\/div>\n<div><a href=\"http:\/\/www.cite-sciences.fr\/ressources-en-ligne\/juniors\/rechauffement-climatique\/Fr\/\" target=\"_blank\" data-saferedirecturl=\"https:\/\/www.google.com\/url?hl=fr&amp;q=http:\/\/www.cite-sciences.fr\/ressources-en-ligne\/juniors\/rechauffement-climatique\/Fr\/&amp;source=gmail&amp;ust=1516463562108000&amp;usg=AFQjCNEamAeXjyfmUrZTnZR-PMB5kWGijg\">http:\/\/www.cite-sciences.fr\/re<wbr \/>ssources-en-ligne\/juniors\/rech<wbr \/>auffement-climatique\/Fr\/<\/a><\/div>\n<div><\/div>\n<div><a href=\"http:\/\/www.cite-sciences.fr\/fr\/ressources\/juniors\/a-toi-de-jouer\/\" target=\"_blank\" data-saferedirecturl=\"https:\/\/www.google.com\/url?hl=fr&amp;q=http:\/\/www.cite-sciences.fr\/fr\/ressources\/juniors\/a-toi-de-jouer\/&amp;source=gmail&amp;ust=1516463562109000&amp;usg=AFQjCNGZwuWVwIwXpHkmosaewHX-Z11g4w\">http:\/\/www.cite-sciences.fr\/fr<wbr \/>\/ressources\/juniors\/a-toi-de-<wbr \/>jouer\/<\/a><\/div>\n<div><\/div>\n<div><a href=\"http:\/\/education.francetv.fr\/jeux\" target=\"_blank\" data-saferedirecturl=\"https:\/\/www.google.com\/url?hl=fr&amp;q=http:\/\/education.francetv.fr\/jeux&amp;source=gmail&amp;ust=1516463562109000&amp;usg=AFQjCNEQI5iizUN2Nt_LGo9SRHj_BGGoQg\">http:\/\/education.francetv.fr\/<wbr \/>jeux<\/a><\/div>\n<div><\/div>\n<div><a href=\"https:\/\/www.lavenirsimagine.com\/\" target=\"_blank\" data-saferedirecturl=\"https:\/\/www.google.com\/url?hl=fr&amp;q=https:\/\/www.lavenirsimagine.com\/&amp;source=gmail&amp;ust=1516463562109000&amp;usg=AFQjCNEJ0ldFNTnv36DVae3vNqEmFH647w\">https:\/\/www.lavenirsimagine.<wbr \/>com\/<\/a><\/div>\n<div><\/div>\n<div><a href=\"http:\/\/matilda.education\/app\/course\/view.php?id=216\" target=\"_blank\" data-saferedirecturl=\"https:\/\/www.google.com\/url?hl=fr&amp;q=http:\/\/matilda.education\/app\/course\/view.php?id%3D216&amp;source=gmail&amp;ust=1516463562109000&amp;usg=AFQjCNEFVzHr_dJfvmdRXuZo8cMCefkPkg\">http:\/\/matilda.education\/app\/c<wbr \/>ourse\/view.php?id=216<\/a><\/div>\n<div><\/div>\n<div><a href=\"http:\/\/habilomedias.ca\/jeux\/les-cyberaventures-dalex-alex\/pour-les-jeunes\" target=\"_blank\" data-saferedirecturl=\"https:\/\/www.google.com\/url?hl=fr&amp;q=http:\/\/habilomedias.ca\/jeux\/les-cyberaventures-dalex-alex\/pour-les-jeunes&amp;source=gmail&amp;ust=1516463562109000&amp;usg=AFQjCNHuo05YaxG8JRXwtl6-4xpHucEggQ\">http:\/\/habilomedias.ca\/jeux\/le<wbr \/>s-cyberaventures-dalex-alex\/po<wbr \/>ur-les-jeunes<\/a><\/div>\n<\/div>\n<\/div>\n<\/div>\n<\/div>\n<\/div>\n<\/div>\n<p>&nbsp;<\/p>\n<div>IRD:<\/div>\n<div><\/div>\n<div><a href=\"http:\/\/missionsird.zz.mu\/story_html5.html\" target=\"_blank\" data-saferedirecturl=\"https:\/\/www.google.com\/url?hl=fr&amp;q=http:\/\/missionsird.zz.mu\/story_html5.html&amp;source=gmail&amp;ust=1516463562108000&amp;usg=AFQjCNGQ4Ftqx0p3NlLDmu7_UAdjlP9Pow\">http:\/\/missionsird.zz.mu\/story<wbr \/>_html5.html<\/a><\/div>\n<div><\/div>\n<div><a href=\"https:\/\/sites.google.com\/site\/irdcollege\/home\" target=\"_blank\" data-saferedirecturl=\"https:\/\/www.google.com\/url?hl=fr&amp;q=https:\/\/sites.google.com\/site\/irdcollege\/home&amp;source=gmail&amp;ust=1516463562108000&amp;usg=AFQjCNGrVMaQUFbzGCHA1-n_8EUAXndkkQ\">https:\/\/sites.google.com\/site\/<wbr \/>irdcollege\/home<\/a><\/div>\n<div><\/div>\n<div><a href=\"https:\/\/sites.google.com\/site\/irdaucdi\/home\" target=\"_blank\" data-saferedirecturl=\"https:\/\/www.google.com\/url?hl=fr&amp;q=https:\/\/sites.google.com\/site\/irdaucdi\/home&amp;source=gmail&amp;ust=1516463562108000&amp;usg=AFQjCNFlFp7hAugLd-rXCNhuRmizKxDVUQ\">https:\/\/sites.google.com\/site\/<wbr \/>irdaucdi\/home<\/a><\/div>\n<div><a href=\"http:\/\/bibliomontreal.com\/escouadeB\/\" target=\"_blank\" data-saferedirecturl=\"https:\/\/www.google.com\/url?hl=fr&amp;q=http:\/\/bibliomontreal.com\/escouadeB\/&amp;source=gmail&amp;ust=1516463562108000&amp;usg=AFQjCNG_ga9_ooKK6USxnB_5KKxt-DvktQ\">http:\/\/bibliomontreal.com\/esco<wbr \/>uadeB\/<\/a><\/div>\n<p>&nbsp;<\/p>\n<p>&nbsp;<\/p>\n<p>&nbsp;<\/p>\n<p>&nbsp;<\/p>\n<p>&nbsp;<\/p>\n","protected":false},"excerpt":{"rendered":"<p>Voici une liste de jeux s\u00e9rieux et \u00e9ducatifs que tu peux consulter au CDI ou \u00e0 la maison. Le plus utile pour tes r\u00e9visions :\u00a0www.jeuxpedago.com Clique sur le lien pour acc\u00e9der \u00e0 la liste :\u00a0LISTE 1\u00a0&#8211;\u00a0LISTE 2. Tu trouveras des jeux int\u00e9ressants sur le Site.tv :\u00a0http:\/\/education.francetv.fr\/jeux Teste aussi ces jeux : \u00a0Ak\u00e9ra monde :\u00a0http:\/\/www.akera-monde.fr\/ www.netcity.org &hellip; <\/p>\n<p class=\"link-more\"><a href=\"https:\/\/site.ac-martinique.fr\/clg-beausejour\/?page_id=1308\" class=\"more-link\">Continuer la lecture<span class=\"screen-reader-text\"> de &laquo;&nbsp;JEUX SERIEUX&nbsp;&raquo;<\/span><\/a><\/p>\n","protected":false},"author":115,"featured_media":0,"parent":0,"menu_order":0,"comment_status":"closed","ping_status":"closed","template":"","meta":{"footnotes":""},"class_list":["post-1308","page","type-page","status-publish","hentry"],"_links":{"self":[{"href":"https:\/\/site.ac-martinique.fr\/clg-beausejour\/index.php?rest_route=\/wp\/v2\/pages\/1308","targetHints":{"allow":["GET"]}}],"collection":[{"href":"https:\/\/site.ac-martinique.fr\/clg-beausejour\/index.php?rest_route=\/wp\/v2\/pages"}],"about":[{"href":"https:\/\/site.ac-martinique.fr\/clg-beausejour\/index.php?rest_route=\/wp\/v2\/types\/page"}],"author":[{"embeddable":true,"href":"https:\/\/site.ac-martinique.fr\/clg-beausejour\/index.php?rest_route=\/wp\/v2\/users\/115"}],"replies":[{"embeddable":true,"href":"https:\/\/site.ac-martinique.fr\/clg-beausejour\/index.php?rest_route=%2Fwp%2Fv2%2Fcomments&post=1308"}],"version-history":[{"count":5,"href":"https:\/\/site.ac-martinique.fr\/clg-beausejour\/index.php?rest_route=\/wp\/v2\/pages\/1308\/revisions"}],"predecessor-version":[{"id":1342,"href":"https:\/\/site.ac-martinique.fr\/clg-beausejour\/index.php?rest_route=\/wp\/v2\/pages\/1308\/revisions\/1342"}],"wp:attachment":[{"href":"https:\/\/site.ac-martinique.fr\/clg-beausejour\/index.php?rest_route=%2Fwp%2Fv2%2Fmedia&parent=1308"}],"curies":[{"name":"wp","href":"https:\/\/api.w.org\/{rel}","templated":true}]}}