{"id":1568,"date":"2018-05-03T14:43:42","date_gmt":"2018-05-03T18:43:42","guid":{"rendered":"\/clg-beausejour\/?page_id=1568"},"modified":"2018-05-14T11:10:09","modified_gmt":"2018-05-14T15:10:09","slug":"regate-scolaire-de-martinique","status":"publish","type":"page","link":"https:\/\/site.ac-martinique.fr\/clg-beausejour\/?page_id=1568","title":{"rendered":"R\u00e9gate scolaire de Martinique"},"content":{"rendered":"<p>Ce mercredi 25 Avril 2018 \u00e9tait tr\u00e8s sp\u00e9cial pour nos petits \u00ab\u00a0voileux\u00a0\u00bb car ils ont disput\u00e9 la r\u00e9gate de la Martinique.<\/p>\n<p>Laquelle des 11 \u00e9quipes pr\u00e9sentes deviendra champion junior de la Martinique\u00a0?<\/p>\n<p>Chaque \u00e9quipage comptait deux personnes.<\/p>\n<p>Les quatre coll\u00e8ges se disputaient les trois premi\u00e8res places.<\/p>\n<p>Dans notre cher coll\u00e8ge de Beaus\u00e9jour, une r\u00e8gle suppl\u00e9mentaire, nous devions \u00eatre en \u00e9quipage mixte (un gar\u00e7on, une fille)<\/p>\n<p>Pour gagner, nous devions faire qu&rsquo;un avec notre partenaire, \u00ab\u00a0devenir\u00a0\u00bb le bateau,&#8230; Mais surtout, respecter les priorit\u00e9s sous peine de sanction.<\/p>\n<p>La deuxi\u00e8me round se d\u00e9roulait ainsi\u00a0: Ligne de d\u00e9part, bou\u00e9e verte, bou\u00e9e bleue, deux tours et ensuite direction la ligne d&rsquo;arriv\u00e9e:<\/p>\n<p><a href=\"\/clg-beausejour\/wp-content\/uploads\/sites\/48\/2018\/05\/r\u00e9gate.jpg\"><img loading=\"lazy\" decoding=\"async\" class=\"aligncenter wp-image-1594 size-large\" src=\"\/clg-beausejour\/wp-content\/uploads\/sites\/48\/2018\/05\/r\u00e9gate-1024x843.jpg\" alt=\"\" width=\"730\" height=\"601\" srcset=\"https:\/\/site.ac-martinique.fr\/clg-beausejour\/wp-content\/uploads\/sites\/48\/2018\/05\/r\u00e9gate-1024x843.jpg 1024w, https:\/\/site.ac-martinique.fr\/clg-beausejour\/wp-content\/uploads\/sites\/48\/2018\/05\/r\u00e9gate-300x247.jpg 300w, https:\/\/site.ac-martinique.fr\/clg-beausejour\/wp-content\/uploads\/sites\/48\/2018\/05\/r\u00e9gate-768x632.jpg 768w, https:\/\/site.ac-martinique.fr\/clg-beausejour\/wp-content\/uploads\/sites\/48\/2018\/05\/r\u00e9gate-730x601.jpg 730w, https:\/\/site.ac-martinique.fr\/clg-beausejour\/wp-content\/uploads\/sites\/48\/2018\/05\/r\u00e9gate.jpg 1276w\" sizes=\"auto, (max-width: 730px) 100vw, 730px\" \/><\/a><\/p>\n<p>Les \u00e9quipage \u00e9taient r\u00e9compens\u00e9s par section.<\/p>\n<p>Les trois premier de Beaus\u00e9jour sont\u00a0:<\/p>\n<p>N\u00b01\u00a0: Roman Bier \u2013 Elo\u00efse delourme<\/p>\n<p>n\u00b02\u00a0: Milond\u00e9sil Mathias\u2013 Leseur-ately Nawell<\/p>\n<p>n\u00b03\u00a0: Simon Sivag\u00e9 \u2013 Aurelie Losat<\/p>\n<p>Le podium \u00e9tait constitu\u00e9 de\u00a0:<\/p>\n<p>Coll\u00e8ge n\u00b01\u00a0:\u00a0\u00a0 G\u00e9rard Caf\u00e9<\/p>\n<p><a href=\"\/clg-beausejour\/wp-content\/uploads\/sites\/48\/2018\/05\/045abc39-0a04-4173-9ce8-ff57a14cb929.jpg\"><img loading=\"lazy\" decoding=\"async\" class=\"aligncenter size-medium wp-image-1570\" src=\"\/clg-beausejour\/wp-content\/uploads\/sites\/48\/2018\/05\/045abc39-0a04-4173-9ce8-ff57a14cb929-300x225.jpg\" alt=\"\" width=\"300\" height=\"225\" srcset=\"https:\/\/site.ac-martinique.fr\/clg-beausejour\/wp-content\/uploads\/sites\/48\/2018\/05\/045abc39-0a04-4173-9ce8-ff57a14cb929-300x225.jpg 300w, https:\/\/site.ac-martinique.fr\/clg-beausejour\/wp-content\/uploads\/sites\/48\/2018\/05\/045abc39-0a04-4173-9ce8-ff57a14cb929-768x576.jpg 768w, https:\/\/site.ac-martinique.fr\/clg-beausejour\/wp-content\/uploads\/sites\/48\/2018\/05\/045abc39-0a04-4173-9ce8-ff57a14cb929-1024x768.jpg 1024w, https:\/\/site.ac-martinique.fr\/clg-beausejour\/wp-content\/uploads\/sites\/48\/2018\/05\/045abc39-0a04-4173-9ce8-ff57a14cb929-730x548.jpg 730w, https:\/\/site.ac-martinique.fr\/clg-beausejour\/wp-content\/uploads\/sites\/48\/2018\/05\/045abc39-0a04-4173-9ce8-ff57a14cb929.jpg 1280w\" sizes=\"auto, (max-width: 300px) 100vw, 300px\" \/><\/a><\/p>\n<p>&nbsp;<\/p>\n<p>&nbsp;<\/p>\n<p>Coll\u00e8ge n\u00b02\u00a0: Tartenson (pas d\u2019image)<\/p>\n<p>Coll\u00e8ge n\u00b03\u00a0:\u00a0 \u00a0 Beaus\u00e9jour<\/p>\n<p><a href=\"\/clg-beausejour\/wp-content\/uploads\/sites\/48\/2018\/05\/64002b0f-c095-4bf0-bb26-d420471de509.jpg\"><img loading=\"lazy\" decoding=\"async\" class=\"aligncenter size-medium wp-image-1569\" src=\"\/clg-beausejour\/wp-content\/uploads\/sites\/48\/2018\/05\/64002b0f-c095-4bf0-bb26-d420471de509-300x225.jpg\" alt=\"\" width=\"300\" height=\"225\" srcset=\"https:\/\/site.ac-martinique.fr\/clg-beausejour\/wp-content\/uploads\/sites\/48\/2018\/05\/64002b0f-c095-4bf0-bb26-d420471de509-300x225.jpg 300w, https:\/\/site.ac-martinique.fr\/clg-beausejour\/wp-content\/uploads\/sites\/48\/2018\/05\/64002b0f-c095-4bf0-bb26-d420471de509-768x576.jpg 768w, https:\/\/site.ac-martinique.fr\/clg-beausejour\/wp-content\/uploads\/sites\/48\/2018\/05\/64002b0f-c095-4bf0-bb26-d420471de509-1024x768.jpg 1024w, https:\/\/site.ac-martinique.fr\/clg-beausejour\/wp-content\/uploads\/sites\/48\/2018\/05\/64002b0f-c095-4bf0-bb26-d420471de509-730x548.jpg 730w, https:\/\/site.ac-martinique.fr\/clg-beausejour\/wp-content\/uploads\/sites\/48\/2018\/05\/64002b0f-c095-4bf0-bb26-d420471de509.jpg 1280w\" sizes=\"auto, (max-width: 300px) 100vw, 300px\" \/><\/a><\/p>\n<p>Ce championnat s\u2019est d\u00e9roul\u00e9 a Schoelcher .<\/p>\n<p>Nous avons \u00e9t\u00e9 tr\u00e8s contents de participer \u00e0 cette grande r\u00e9gate qui, nous esp\u00e9rons sera le d\u00e9but de beaucoup d\u2019autre victoires pour notre section sportive voile.<\/p>\n<p>Gr\u00e2ce \u00e0 notre l\u2019entra\u00eenement fournit par nos professeurs, nous avons put atteindre un certain niveau qui nous \u00e0 permis de remporter ce championnat, c\u2019est pourquoi nous encourageons tous les amateurs de voile \u00e0 continuer dans cette voie.<\/p>\n<div id=\"metaslider-id-1582\" style=\"max-width: 960px; margin: 0 auto;\" class=\"ml-slider-3-108-0 metaslider metaslider-flex metaslider-1582 ml-slider has-dots-nav ms-theme-default\" role=\"region\" aria-label=\"r\u00e9gate\" data-height=\"720\" data-width=\"960\">\n    <div id=\"metaslider_container_1582\">\n        <div id=\"metaslider_1582\">\n            <ul class='slides'>\n                <li style=\"display: block; width: 100%;\" class=\"slide-1579 ms-image \" aria-roledescription=\"slide\" data-date=\"2018-05-03 14:31:29\" data-filename=\"743fd28d-44a2-4338-8eba-8c83dcfca311-1-960x720.jpg\" data-slide-type=\"image\"><img loading=\"lazy\" decoding=\"async\" src=\"https:\/\/site.ac-martinique.fr\/clg-beausejour\/wp-content\/uploads\/sites\/48\/2018\/05\/743fd28d-44a2-4338-8eba-8c83dcfca311-1-960x720.jpg\" height=\"720\" width=\"960\" alt=\"\" class=\"slider-1582 slide-1579 msDefaultImage\" \/><\/li>\n                <li style=\"display: none; width: 100%;\" class=\"slide-1577 ms-image \" aria-roledescription=\"slide\" data-date=\"2018-05-03 14:31:28\" data-filename=\"31bdefe8-619e-4fae-92b4-a6658f7c7732-811x609.jpg\" data-slide-type=\"image\"><img loading=\"lazy\" decoding=\"async\" src=\"https:\/\/site.ac-martinique.fr\/clg-beausejour\/wp-content\/uploads\/sites\/48\/2018\/05\/31bdefe8-619e-4fae-92b4-a6658f7c7732-811x609.jpg\" height=\"720\" width=\"960\" alt=\"\" class=\"slider-1582 slide-1577 msDefaultImage\" \/><\/li>\n                <li style=\"display: none; width: 100%;\" class=\"slide-1578 ms-image \" aria-roledescription=\"slide\" data-date=\"2018-05-03 14:31:28\" data-filename=\"715e0e2b-fb8d-46f3-a00e-704889537b04-585x439.jpg\" data-slide-type=\"image\"><img loading=\"lazy\" decoding=\"async\" src=\"https:\/\/site.ac-martinique.fr\/clg-beausejour\/wp-content\/uploads\/sites\/48\/2018\/05\/715e0e2b-fb8d-46f3-a00e-704889537b04-585x439.jpg\" height=\"720\" width=\"960\" alt=\"\" class=\"slider-1582 slide-1578 msDefaultImage\" \/><\/li>\n                <li style=\"display: none; width: 100%;\" class=\"slide-1576 ms-image \" aria-roledescription=\"slide\" data-date=\"2018-05-03 14:31:23\" data-filename=\"cbe4fd18-f3ab-4ef3-82d1-d37707a73f9f-682x512.jpg\" data-slide-type=\"image\"><img loading=\"lazy\" decoding=\"async\" src=\"https:\/\/site.ac-martinique.fr\/clg-beausejour\/wp-content\/uploads\/sites\/48\/2018\/05\/cbe4fd18-f3ab-4ef3-82d1-d37707a73f9f-682x512.jpg\" height=\"720\" width=\"960\" alt=\"\" class=\"slider-1582 slide-1576 msDefaultImage\" \/><\/li>\n                <li style=\"display: none; width: 100%;\" class=\"slide-1575 ms-image \" aria-roledescription=\"slide\" data-date=\"2018-05-03 14:31:22\" data-filename=\"ac72c993-b069-4ece-9cd1-2399bf18c22e-927x696.jpg\" data-slide-type=\"image\"><img loading=\"lazy\" decoding=\"async\" src=\"https:\/\/site.ac-martinique.fr\/clg-beausejour\/wp-content\/uploads\/sites\/48\/2018\/05\/ac72c993-b069-4ece-9cd1-2399bf18c22e-927x696.jpg\" height=\"720\" width=\"960\" alt=\"\" class=\"slider-1582 slide-1575 msDefaultImage\" \/><\/li>\n                <li style=\"display: none; width: 100%;\" class=\"slide-1574 ms-image \" aria-roledescription=\"slide\" data-date=\"2018-05-03 14:31:18\" data-filename=\"2676ac24-76ef-46d4-9b7a-ef826c50b8a5-960x720.jpg\" data-slide-type=\"image\"><img loading=\"lazy\" decoding=\"async\" src=\"https:\/\/site.ac-martinique.fr\/clg-beausejour\/wp-content\/uploads\/sites\/48\/2018\/05\/2676ac24-76ef-46d4-9b7a-ef826c50b8a5-960x720.jpg\" height=\"720\" width=\"960\" alt=\"\" class=\"slider-1582 slide-1574 msDefaultImage\" \/><\/li>\n                <li style=\"display: none; width: 100%;\" class=\"slide-1573 ms-image \" aria-roledescription=\"slide\" data-date=\"2018-05-03 14:30:57\" data-filename=\"743fd28d-44a2-4338-8eba-8c83dcfca311-960x720.jpg\" data-slide-type=\"image\"><img loading=\"lazy\" decoding=\"async\" src=\"https:\/\/site.ac-martinique.fr\/clg-beausejour\/wp-content\/uploads\/sites\/48\/2018\/05\/743fd28d-44a2-4338-8eba-8c83dcfca311-960x720.jpg\" height=\"720\" width=\"960\" alt=\"\" class=\"slider-1582 slide-1573 msDefaultImage\" \/><\/li>\n                <li style=\"display: none; width: 100%;\" class=\"slide-1572 ms-image \" aria-roledescription=\"slide\" data-date=\"2018-05-03 14:30:52\" data-filename=\"539b0125-f959-49c4-99a5-f79434a84b10-960x720.jpg\" data-slide-type=\"image\"><img loading=\"lazy\" decoding=\"async\" src=\"https:\/\/site.ac-martinique.fr\/clg-beausejour\/wp-content\/uploads\/sites\/48\/2018\/05\/539b0125-f959-49c4-99a5-f79434a84b10-960x720.jpg\" height=\"720\" width=\"960\" alt=\"\" class=\"slider-1582 slide-1572 msDefaultImage\" \/><\/li>\n                <li style=\"display: none; width: 100%;\" class=\"slide-1569 ms-image \" aria-roledescription=\"slide\" data-date=\"2018-05-03 14:30:46\" data-filename=\"64002b0f-c095-4bf0-bb26-d420471de509-960x720.jpg\" data-slide-type=\"image\"><img loading=\"lazy\" decoding=\"async\" src=\"https:\/\/site.ac-martinique.fr\/clg-beausejour\/wp-content\/uploads\/sites\/48\/2018\/05\/64002b0f-c095-4bf0-bb26-d420471de509-960x720.jpg\" height=\"720\" width=\"960\" alt=\"\" class=\"slider-1582 slide-1569 msDefaultImage\" \/><\/li>\n                <li style=\"display: none; width: 100%;\" class=\"slide-1571 ms-image \" aria-roledescription=\"slide\" data-date=\"2018-05-03 14:30:51\" data-filename=\"136aeaa6-afe2-4c73-b127-1faac8d63c5c-960x720.jpg\" data-slide-type=\"image\"><img loading=\"lazy\" decoding=\"async\" src=\"https:\/\/site.ac-martinique.fr\/clg-beausejour\/wp-content\/uploads\/sites\/48\/2018\/05\/136aeaa6-afe2-4c73-b127-1faac8d63c5c-960x720.jpg\" height=\"720\" width=\"960\" alt=\"\" class=\"slider-1582 slide-1571 msDefaultImage\" \/><\/li>\n                <li style=\"display: none; width: 100%;\" class=\"slide-1570 ms-image \" aria-roledescription=\"slide\" data-date=\"2018-05-03 14:30:50\" data-filename=\"045abc39-0a04-4173-9ce8-ff57a14cb929-960x720.jpg\" data-slide-type=\"image\"><img loading=\"lazy\" decoding=\"async\" src=\"https:\/\/site.ac-martinique.fr\/clg-beausejour\/wp-content\/uploads\/sites\/48\/2018\/05\/045abc39-0a04-4173-9ce8-ff57a14cb929-960x720.jpg\" height=\"720\" width=\"960\" alt=\"\" class=\"slider-1582 slide-1570 msDefaultImage\" \/><\/li>\n            <\/ul>\n        <\/div>\n        \n    <\/div>\n<\/div>\n<p>E.D<\/p>\n","protected":false},"excerpt":{"rendered":"<p>Ce mercredi 25 Avril 2018 \u00e9tait tr\u00e8s sp\u00e9cial pour nos petits \u00ab\u00a0voileux\u00a0\u00bb car ils ont disput\u00e9 la r\u00e9gate de la Martinique. Laquelle des 11 \u00e9quipes pr\u00e9sentes deviendra champion junior de la Martinique\u00a0? Chaque \u00e9quipage comptait deux personnes. Les quatre coll\u00e8ges se disputaient les trois premi\u00e8res places. Dans notre cher coll\u00e8ge de Beaus\u00e9jour, une r\u00e8gle suppl\u00e9mentaire, &hellip; <\/p>\n<p class=\"link-more\"><a href=\"https:\/\/site.ac-martinique.fr\/clg-beausejour\/?page_id=1568\" class=\"more-link\">Continuer la lecture<span class=\"screen-reader-text\"> de &laquo;&nbsp;R\u00e9gate scolaire de Martinique&nbsp;&raquo;<\/span><\/a><\/p>\n","protected":false},"author":115,"featured_media":0,"parent":0,"menu_order":0,"comment_status":"closed","ping_status":"closed","template":"","meta":{"footnotes":""},"class_list":["post-1568","page","type-page","status-publish","hentry"],"_links":{"self":[{"href":"https:\/\/site.ac-martinique.fr\/clg-beausejour\/index.php?rest_route=\/wp\/v2\/pages\/1568","targetHints":{"allow":["GET"]}}],"collection":[{"href":"https:\/\/site.ac-martinique.fr\/clg-beausejour\/index.php?rest_route=\/wp\/v2\/pages"}],"about":[{"href":"https:\/\/site.ac-martinique.fr\/clg-beausejour\/index.php?rest_route=\/wp\/v2\/types\/page"}],"author":[{"embeddable":true,"href":"https:\/\/site.ac-martinique.fr\/clg-beausejour\/index.php?rest_route=\/wp\/v2\/users\/115"}],"replies":[{"embeddable":true,"href":"https:\/\/site.ac-martinique.fr\/clg-beausejour\/index.php?rest_route=%2Fwp%2Fv2%2Fcomments&post=1568"}],"version-history":[{"count":5,"href":"https:\/\/site.ac-martinique.fr\/clg-beausejour\/index.php?rest_route=\/wp\/v2\/pages\/1568\/revisions"}],"predecessor-version":[{"id":1595,"href":"https:\/\/site.ac-martinique.fr\/clg-beausejour\/index.php?rest_route=\/wp\/v2\/pages\/1568\/revisions\/1595"}],"wp:attachment":[{"href":"https:\/\/site.ac-martinique.fr\/clg-beausejour\/index.php?rest_route=%2Fwp%2Fv2%2Fmedia&parent=1568"}],"curies":[{"name":"wp","href":"https:\/\/api.w.org\/{rel}","templated":true}]}}