{"id":183,"date":"2015-05-18T09:50:55","date_gmt":"2015-05-18T13:50:55","guid":{"rendered":"\/clg-beausejour\/?page_id=183"},"modified":"2015-05-21T08:43:28","modified_gmt":"2015-05-21T12:43:28","slug":"restauration","status":"publish","type":"page","link":"https:\/\/site.ac-martinique.fr\/clg-beausejour\/?page_id=183","title":{"rendered":"Restauration"},"content":{"rendered":"<p>Le coll\u00e8ge Beaus\u00e9jour est un externat. De ce fait, il ne dispose pas de service de restauration, n\u00e9anmoins, les \u00e9l\u00e8ves peuvent b\u00e9n\u00e9ficier du service de restauration du lyc\u00e9e.<\/p>\n<p><span style=\"text-decoration: underline;\"><strong>Modalit\u00e9s<\/strong><\/span><strong> :\u00a0\u00a0\u00a0\u00a0\u00a0\u00a0\u00a0\u00a0\u00a0\u00a0\u00a0\u00a0\u00a0\u00a0\u00a0\u00a0\u00a0\u00a0\u00a0\u00a0\u00a0\u00a0\u00a0\u00a0\u00a0\u00a0\u00a0\u00a0\u00a0\u00a0\u00a0\u00a0\u00a0\u00a0\u00a0\u00a0\u00a0\u00a0\u00a0\u00a0\u00a0\u00a0\u00a0\u00a0\u00a0\u00a0\u00a0\u00a0\u00a0\u00a0\u00a0\u00a0\u00a0\u00a0\u00a0\u00a0\u00a0\u00a0\u00a0\u00a0\u00a0\u00a0\u00a0\u00a0\u00a0\u00a0\u00a0\u00a0\u00a0\u00a0\u00a0\u00a0\u00a0\u00a0<\/strong><strong><a href=\"\/clg-beausejour\/?page_id=240\"><img loading=\"lazy\" decoding=\"async\" class=\"wp-image-238 alignright\" src=\"\/clg-beausejour\/wp-content\/uploads\/sites\/48\/2015\/05\/Au-Menu-cette-semaine-300x216.gif\" alt=\"Au-Menu-cette-semaine\" width=\"128\" height=\"92\" \/><\/a><\/strong><\/p>\n<p>Les \u00e9l\u00e8ves doivent faire l&rsquo;acquisition d&rsquo;une carte \u00e9lectronique valable pour toute la scolarit\u00e9 aupr\u00e8s de l&rsquo;administration du lyc\u00e9e.<\/p>\n<p>Cette carte est personnelle (il est donc interdit de la pr\u00eater) et doit \u00eatre approvisionn\u00e9e aux dates pr\u00e9vues par le calendrier de paiement.<\/p>\n<p>Le r\u00e8glement des repas s\u2019effectue au b\u00e2timent administratif porte 2.<\/p>\n<p>Entre deux campagnes, possibilit\u00e9 d\u2019approvisionnement de la carte uniquement pour les \u00e9l\u00e8ves inscrits tardivement, malades sur pr\u00e9sentation du billet valid\u00e9 par la vie scolaire ou en stage sur pr\u00e9sentation de la convention de stage. En dehors de ces hypoth\u00e8ses, aucune op\u00e9ration d\u2019approvisionnement de la carte ne sera admise. Les usagers doivent veiller \u00e0 faire cr\u00e9diter leur carte d\u2019une somme suffisante.<\/p>\n<p><strong><span style=\"text-decoration: underline;\">Paiement<\/span>\u00a0:<br \/>\n<\/strong><\/p>\n<p><b>H<\/b><strong>oraires\u00a0:<\/strong><\/p>\n<table>\n<tbody>\n<tr>\n<td width=\"158\">Du lundi au vendredi<\/td>\n<td width=\"170\">11h00 \u2013 13h00<\/td>\n<\/tr>\n<tr>\n<td width=\"158\">Mercredi<\/td>\n<td width=\"170\">8h00 \u2013 11h30<\/td>\n<\/tr>\n<\/tbody>\n<\/table>\n<p><strong>Tarifs\u00a0:<br \/>\n<\/strong>valables jusqu\u2019au 31\/12\/15 sauf pour les \u00e9l\u00e8ves de BTS (31\/08\/15).<\/p>\n<table>\n<tbody>\n<tr>\n<td width=\"154\"><strong>Cat\u00e9gorie<\/strong><\/td>\n<td width=\"154\"><strong>Prix Unitaire<\/strong><\/td>\n<td width=\"154\"><strong>10 Repas<\/strong><\/td>\n<td width=\"154\"><strong>Le mois (16 repas)<\/strong><\/td>\n<\/tr>\n<tr>\n<td width=\"154\"><strong><em>El\u00e8ves Coll\u00e8ge<\/em><\/strong><\/td>\n<td width=\"154\"><strong><em>1,64<\/em><\/strong><\/td>\n<td width=\"154\"><strong><em>16,40<\/em><\/strong><\/td>\n<td width=\"154\"><strong><em>26,24<\/em><\/strong><\/td>\n<\/tr>\n<tr>\n<td width=\"154\">El\u00e8ves LGT \/ LP<\/td>\n<td width=\"154\">3,60<\/td>\n<td width=\"154\">36,00<\/td>\n<td width=\"154\">57,60<\/td>\n<\/tr>\n<tr>\n<td width=\"154\">El\u00e8ves de BTS<\/td>\n<td width=\"154\">3,20<\/td>\n<td width=\"154\">32,00<\/td>\n<td width=\"154\">51,20<\/td>\n<\/tr>\n<tr>\n<td colspan=\"2\" width=\"307\"><strong>Prix de la carte<\/strong><\/td>\n<td colspan=\"2\" width=\"307\"><strong>9,05 \u20ac<\/strong><\/td>\n<\/tr>\n<\/tbody>\n<\/table>\n<p><strong>Mode de paiement accept\u00e9\u00a0: ch\u00e8que ou esp\u00e8ces.<\/strong><\/p>\n<p>Les paiement par ch\u00e8que peuvent \u00eatre d\u00e9pos\u00e9s dans la boite aux lettres situ\u00e9e dans le hall du b\u00e2timent administratif (aux dates pr\u00e9vues). Le nom, le pr\u00e9nom de l\u2019\u00e9l\u00e8ve ainsi que le N\u00b0 de sa carte de cantine doivent \u00eatre indiqu\u00e9s au dos du ch\u00e8que libell\u00e9 \u00e0 l\u2019ordre de \u00ab\u00a0<strong>L\u2019agent comptable du lyc\u00e9e de Trinit\u00e9\u00a0<\/strong>\u00bb.<\/p>\n<p>En cas de ch\u00e8que rejet\u00e9, suspension des droits qui seront r\u00e9tablis apr\u00e8s versement d\u2019esp\u00e8ces ou d\u2019un ch\u00e8que certifi\u00e9.<\/p>\n<p>En cas de perte, de vol ou de d\u00e9t\u00e9rioration, la carte sera remplac\u00e9e et factur\u00e9e 9,05 \u20ac. Les repas seront report\u00e9s sur la nouvelle carte.<\/p>\n<p><span style=\"text-decoration: underline;\"><strong>R\u00e9servation<\/strong><\/span><strong> :<\/strong><\/p>\n<p>La <strong>r\u00e9servation<\/strong> des repas est <strong>obligatoirement faite la veille<\/strong>. Sauf cas exceptionnel (absence justifi\u00e9e la veille), aucune r\u00e9servation ne sera possible le jour du repas. Elle s\u2019effectue en passant la carte devant la borne implant\u00e9e dans les couloirs du B\u00e2timent 1 du coll\u00e8ge juste \u00e0 c\u00f4t\u00e9 de la salle d\u2019\u00e9tude.<\/p>\n<p>La r\u00e9servation peut \u00eatre <strong>annul\u00e9e<\/strong> le jour du repas <strong>avant 8h00 pr\u00e9cises.<\/strong> Tout repas r\u00e9serv\u00e9 et non consomm\u00e9 restera d\u00e9bit\u00e9 de la carte.<\/p>\n<p><strong>Horaires des r\u00e9servations\u00a0:<\/strong><\/p>\n<table>\n<tbody>\n<tr>\n<td width=\"205\"><strong>Jour du repas<\/strong><\/td>\n<td width=\"205\"><strong>R\u00e9servation<\/strong><\/td>\n<td width=\"205\"><strong>Heure<\/strong><\/td>\n<\/tr>\n<tr>\n<td width=\"205\">Lundi midi<\/td>\n<td width=\"205\">R\u00e9servation la veille<\/td>\n<td width=\"205\">Le vendredi de 7h00 \u00e0 16h15<\/td>\n<\/tr>\n<tr>\n<td width=\"205\">Mardi midi<\/td>\n<td width=\"205\">R\u00e9servation la veille<\/td>\n<td width=\"205\">Le lundi de 7h00 \u00e0 17h15<\/td>\n<\/tr>\n<tr>\n<td width=\"205\">Jeudi midi<\/td>\n<td width=\"205\">2 jours de r\u00e9servation<\/td>\n<td width=\"205\">Le mardi 7h00 \u00e0 17h15 et le mercredi de 7h00 \u00e0 12h45<\/td>\n<\/tr>\n<tr>\n<td width=\"205\">Vendredi midi<\/td>\n<td width=\"205\">R\u00e9servation la veille<\/td>\n<td width=\"205\">Le jeudi de 7h00 \u00e0 17h15<\/td>\n<\/tr>\n<tr>\n<td width=\"205\">Avant les vacances scolaires<\/td>\n<td colspan=\"2\" width=\"409\">R\u00e9servation le dernier jour de classe \u00e0 partir de 7h00<\/td>\n<\/tr>\n<\/tbody>\n<\/table>\n<p>Aucune r\u00e9servation ne sera accept\u00e9e par t\u00e9l\u00e9phone.<\/p>\n<p><span style=\"text-decoration: underline;\"><strong>Passage au self<\/strong><\/span><strong> :<br \/>\n<\/strong><\/p>\n<p><strong>\u00a0Le service de restauration est assur\u00e9 de 11h30 \u00e0 13h15<\/strong><\/p>\n<p>L\u2019\u00e9l\u00e8ve passe sa carte de cantine devant la borne d\u2019acc\u00e8s. Une visualisation sur \u00e9cran et sur la borne lui autorise le passage. Cette visualisation lui permet aussi de connaitre le solde de sa carte<\/p>\n<p>Le passage lui sera refus\u00e9 si le solde est insuffisant, le repas n\u2019a pas \u00e9t\u00e9 r\u00e9serv\u00e9 et en cas de carte vol\u00e9e ou abim\u00e9e.<\/p>\n<p>&nbsp;<\/p>\n<p><a href=\"\/clg-beausejour\"><img loading=\"lazy\" decoding=\"async\" class=\"aligncenter size-medium wp-image-401\" src=\"\/clg-beausejour\/wp-content\/uploads\/sites\/48\/2015\/05\/Accueil-300x198.jpg\" alt=\"Accueil\" width=\"100\" height=\"66\" \/><\/a><\/p>\n","protected":false},"excerpt":{"rendered":"<p>Le coll\u00e8ge Beaus\u00e9jour est un externat. De ce fait, il ne dispose pas de service de restauration, n\u00e9anmoins, les \u00e9l\u00e8ves peuvent b\u00e9n\u00e9ficier du service de restauration du lyc\u00e9e. Modalit\u00e9s :\u00a0\u00a0\u00a0\u00a0\u00a0\u00a0\u00a0\u00a0\u00a0\u00a0\u00a0\u00a0\u00a0\u00a0\u00a0\u00a0\u00a0\u00a0\u00a0\u00a0\u00a0\u00a0\u00a0\u00a0\u00a0\u00a0\u00a0\u00a0\u00a0\u00a0\u00a0\u00a0\u00a0\u00a0\u00a0\u00a0\u00a0\u00a0\u00a0\u00a0\u00a0\u00a0\u00a0\u00a0\u00a0\u00a0\u00a0\u00a0\u00a0\u00a0\u00a0\u00a0\u00a0\u00a0\u00a0\u00a0\u00a0\u00a0\u00a0\u00a0\u00a0\u00a0\u00a0\u00a0\u00a0\u00a0\u00a0\u00a0\u00a0\u00a0\u00a0\u00a0\u00a0\u00a0 Les \u00e9l\u00e8ves doivent faire l&rsquo;acquisition d&rsquo;une carte \u00e9lectronique valable pour toute la scolarit\u00e9 aupr\u00e8s de l&rsquo;administration du lyc\u00e9e. Cette carte est personnelle (il est donc &hellip; <\/p>\n<p class=\"link-more\"><a href=\"https:\/\/site.ac-martinique.fr\/clg-beausejour\/?page_id=183\" class=\"more-link\">Continuer la lecture<span class=\"screen-reader-text\"> de &laquo;&nbsp;Restauration&nbsp;&raquo;<\/span><\/a><\/p>\n","protected":false},"author":115,"featured_media":0,"parent":0,"menu_order":0,"comment_status":"closed","ping_status":"closed","template":"","meta":{"footnotes":""},"class_list":["post-183","page","type-page","status-publish","hentry"],"_links":{"self":[{"href":"https:\/\/site.ac-martinique.fr\/clg-beausejour\/index.php?rest_route=\/wp\/v2\/pages\/183","targetHints":{"allow":["GET"]}}],"collection":[{"href":"https:\/\/site.ac-martinique.fr\/clg-beausejour\/index.php?rest_route=\/wp\/v2\/pages"}],"about":[{"href":"https:\/\/site.ac-martinique.fr\/clg-beausejour\/index.php?rest_route=\/wp\/v2\/types\/page"}],"author":[{"embeddable":true,"href":"https:\/\/site.ac-martinique.fr\/clg-beausejour\/index.php?rest_route=\/wp\/v2\/users\/115"}],"replies":[{"embeddable":true,"href":"https:\/\/site.ac-martinique.fr\/clg-beausejour\/index.php?rest_route=%2Fwp%2Fv2%2Fcomments&post=183"}],"version-history":[{"count":11,"href":"https:\/\/site.ac-martinique.fr\/clg-beausejour\/index.php?rest_route=\/wp\/v2\/pages\/183\/revisions"}],"predecessor-version":[{"id":3951,"href":"https:\/\/site.ac-martinique.fr\/clg-beausejour\/index.php?rest_route=\/wp\/v2\/pages\/183\/revisions\/3951"}],"wp:attachment":[{"href":"https:\/\/site.ac-martinique.fr\/clg-beausejour\/index.php?rest_route=%2Fwp%2Fv2%2Fmedia&parent=183"}],"curies":[{"name":"wp","href":"https:\/\/api.w.org\/{rel}","templated":true}]}}