{"id":1845,"date":"2018-12-06T14:54:40","date_gmt":"2018-12-06T18:54:40","guid":{"rendered":"\/clg-beausejour\/?page_id=1845"},"modified":"2018-12-06T14:54:59","modified_gmt":"2018-12-06T18:54:59","slug":"premiere-rencontre-de-district-unss-basket","status":"publish","type":"page","link":"https:\/\/site.ac-martinique.fr\/clg-beausejour\/?page_id=1845","title":{"rendered":"Premi\u00e8re rencontre de district UNSS basket"},"content":{"rendered":"<p>Aujourd\u2019hui, mercredi 14 novembre 2018, se d\u00e9roule la premi\u00e8re rencontre de district pour l\u2019UNSS basket \u00e0 Sainte Marie. Pour cette ouverture de saison, les cat\u00e9gories qui ont r\u00e9pondu \u00e0 l\u2019appel sont\u00a0: les benjamines (bien que peu nombreuses), les benjamins, les minimes filles et les minimes gar\u00e7ons. Dans l\u2019ensemble les quatre cat\u00e9gories se sont bien d\u00e9brouill\u00e9s. Nous n\u2019avons pas encore eu les r\u00e9sultats des diff\u00e9rents matchs mais on peut tout de m\u00eame f\u00e9liciter nos quatre cat\u00e9gories et leur souhaiter de passer une bonne ann\u00e9e \u00e0 l\u2019UNSS basket.<\/p>\n<div id=\"metaslider-id-1853\" style=\"max-width: 960px; margin: 0 auto;\" class=\"ml-slider-3-107-0 metaslider metaslider-flex metaslider-1853 ml-slider has-dots-nav ms-theme-default\" role=\"region\" aria-label=\"unss basket\" data-height=\"720\" data-width=\"960\">\n    <div id=\"metaslider_container_1853\">\n        <div id=\"metaslider_1853\">\n            <ul class='slides'>\n                <li style=\"display: block; width: 100%;\" class=\"slide-1851 ms-image \" aria-roledescription=\"slide\" data-date=\"2018-12-06 14:33:13\" data-filename=\"DSCN0803.jpg\" data-slide-type=\"image\"><img loading=\"lazy\" decoding=\"async\" width=\"4160\" height=\"3120\" src=\"https:\/\/site.ac-martinique.fr\/clg-beausejour\/wp-content\/uploads\/sites\/48\/2018\/12\/DSCN0803.jpg\" class=\"slider-1853 slide-1851 msDefaultImage\" alt=\"\" rel=\"\" title=\"\" style=\"margin: 0 auto; width: 100%\" srcset=\"https:\/\/site.ac-martinique.fr\/clg-beausejour\/wp-content\/uploads\/sites\/48\/2018\/12\/DSCN0803.jpg 4160w, https:\/\/site.ac-martinique.fr\/clg-beausejour\/wp-content\/uploads\/sites\/48\/2018\/12\/DSCN0803-300x225.jpg 300w, https:\/\/site.ac-martinique.fr\/clg-beausejour\/wp-content\/uploads\/sites\/48\/2018\/12\/DSCN0803-768x576.jpg 768w, https:\/\/site.ac-martinique.fr\/clg-beausejour\/wp-content\/uploads\/sites\/48\/2018\/12\/DSCN0803-1024x768.jpg 1024w, https:\/\/site.ac-martinique.fr\/clg-beausejour\/wp-content\/uploads\/sites\/48\/2018\/12\/DSCN0803-730x548.jpg 730w\" sizes=\"auto, 100vw\" \/><\/li>\n                <li style=\"display: none; width: 100%;\" class=\"slide-1852 ms-image \" aria-roledescription=\"slide\" data-date=\"2018-12-06 14:33:20\" data-filename=\"DSCN0804.jpg\" data-slide-type=\"image\"><img loading=\"lazy\" decoding=\"async\" width=\"4160\" height=\"3120\" src=\"https:\/\/site.ac-martinique.fr\/clg-beausejour\/wp-content\/uploads\/sites\/48\/2018\/12\/DSCN0804.jpg\" class=\"slider-1853 slide-1852 msDefaultImage\" alt=\"\" rel=\"\" title=\"\" style=\"margin: 0 auto; width: 100%\" srcset=\"https:\/\/site.ac-martinique.fr\/clg-beausejour\/wp-content\/uploads\/sites\/48\/2018\/12\/DSCN0804.jpg 4160w, https:\/\/site.ac-martinique.fr\/clg-beausejour\/wp-content\/uploads\/sites\/48\/2018\/12\/DSCN0804-300x225.jpg 300w, https:\/\/site.ac-martinique.fr\/clg-beausejour\/wp-content\/uploads\/sites\/48\/2018\/12\/DSCN0804-768x576.jpg 768w, https:\/\/site.ac-martinique.fr\/clg-beausejour\/wp-content\/uploads\/sites\/48\/2018\/12\/DSCN0804-1024x768.jpg 1024w, https:\/\/site.ac-martinique.fr\/clg-beausejour\/wp-content\/uploads\/sites\/48\/2018\/12\/DSCN0804-730x548.jpg 730w\" sizes=\"auto, 100vw\" \/><\/li>\n                <li style=\"display: none; width: 100%;\" class=\"slide-1850 ms-image \" aria-roledescription=\"slide\" data-date=\"2018-12-06 14:33:09\" data-filename=\"DSCN0809.jpg\" data-slide-type=\"image\"><img loading=\"lazy\" decoding=\"async\" width=\"4160\" height=\"3120\" src=\"https:\/\/site.ac-martinique.fr\/clg-beausejour\/wp-content\/uploads\/sites\/48\/2018\/12\/DSCN0809.jpg\" class=\"slider-1853 slide-1850 msDefaultImage\" alt=\"\" rel=\"\" title=\"\" style=\"margin: 0 auto; width: 100%\" srcset=\"https:\/\/site.ac-martinique.fr\/clg-beausejour\/wp-content\/uploads\/sites\/48\/2018\/12\/DSCN0809.jpg 4160w, https:\/\/site.ac-martinique.fr\/clg-beausejour\/wp-content\/uploads\/sites\/48\/2018\/12\/DSCN0809-300x225.jpg 300w, https:\/\/site.ac-martinique.fr\/clg-beausejour\/wp-content\/uploads\/sites\/48\/2018\/12\/DSCN0809-768x576.jpg 768w, https:\/\/site.ac-martinique.fr\/clg-beausejour\/wp-content\/uploads\/sites\/48\/2018\/12\/DSCN0809-1024x768.jpg 1024w, https:\/\/site.ac-martinique.fr\/clg-beausejour\/wp-content\/uploads\/sites\/48\/2018\/12\/DSCN0809-730x548.jpg 730w\" sizes=\"auto, 100vw\" \/><\/li>\n                <li style=\"display: none; width: 100%;\" class=\"slide-1848 ms-image \" aria-roledescription=\"slide\" data-date=\"2018-12-06 14:32:56\" data-filename=\"DSCN0807.jpg\" data-slide-type=\"image\"><img loading=\"lazy\" decoding=\"async\" width=\"4160\" height=\"3120\" src=\"https:\/\/site.ac-martinique.fr\/clg-beausejour\/wp-content\/uploads\/sites\/48\/2018\/12\/DSCN0807.jpg\" class=\"slider-1853 slide-1848 msDefaultImage\" alt=\"\" rel=\"\" title=\"\" style=\"margin: 0 auto; width: 100%\" srcset=\"https:\/\/site.ac-martinique.fr\/clg-beausejour\/wp-content\/uploads\/sites\/48\/2018\/12\/DSCN0807.jpg 4160w, https:\/\/site.ac-martinique.fr\/clg-beausejour\/wp-content\/uploads\/sites\/48\/2018\/12\/DSCN0807-300x225.jpg 300w, https:\/\/site.ac-martinique.fr\/clg-beausejour\/wp-content\/uploads\/sites\/48\/2018\/12\/DSCN0807-768x576.jpg 768w, https:\/\/site.ac-martinique.fr\/clg-beausejour\/wp-content\/uploads\/sites\/48\/2018\/12\/DSCN0807-1024x768.jpg 1024w, https:\/\/site.ac-martinique.fr\/clg-beausejour\/wp-content\/uploads\/sites\/48\/2018\/12\/DSCN0807-730x548.jpg 730w\" sizes=\"auto, 100vw\" \/><\/li>\n                <li style=\"display: none; width: 100%;\" class=\"slide-1847 ms-image \" aria-roledescription=\"slide\" data-date=\"2018-12-06 14:32:51\" data-filename=\"DSCN0806.jpg\" data-slide-type=\"image\"><img loading=\"lazy\" decoding=\"async\" width=\"4160\" height=\"3120\" src=\"https:\/\/site.ac-martinique.fr\/clg-beausejour\/wp-content\/uploads\/sites\/48\/2018\/12\/DSCN0806.jpg\" class=\"slider-1853 slide-1847 msDefaultImage\" alt=\"\" rel=\"\" title=\"\" style=\"margin: 0 auto; width: 100%\" srcset=\"https:\/\/site.ac-martinique.fr\/clg-beausejour\/wp-content\/uploads\/sites\/48\/2018\/12\/DSCN0806.jpg 4160w, https:\/\/site.ac-martinique.fr\/clg-beausejour\/wp-content\/uploads\/sites\/48\/2018\/12\/DSCN0806-300x225.jpg 300w, https:\/\/site.ac-martinique.fr\/clg-beausejour\/wp-content\/uploads\/sites\/48\/2018\/12\/DSCN0806-768x576.jpg 768w, https:\/\/site.ac-martinique.fr\/clg-beausejour\/wp-content\/uploads\/sites\/48\/2018\/12\/DSCN0806-1024x768.jpg 1024w, https:\/\/site.ac-martinique.fr\/clg-beausejour\/wp-content\/uploads\/sites\/48\/2018\/12\/DSCN0806-730x548.jpg 730w\" sizes=\"auto, 100vw\" \/><\/li>\n                <li style=\"display: none; width: 100%;\" class=\"slide-1846 ms-image \" aria-roledescription=\"slide\" data-date=\"2018-12-06 14:32:45\" data-filename=\"DSCN0805.jpg\" data-slide-type=\"image\"><img loading=\"lazy\" decoding=\"async\" width=\"4160\" height=\"3120\" src=\"https:\/\/site.ac-martinique.fr\/clg-beausejour\/wp-content\/uploads\/sites\/48\/2018\/12\/DSCN0805.jpg\" class=\"slider-1853 slide-1846 msDefaultImage\" alt=\"\" rel=\"\" title=\"\" style=\"margin: 0 auto; width: 100%\" srcset=\"https:\/\/site.ac-martinique.fr\/clg-beausejour\/wp-content\/uploads\/sites\/48\/2018\/12\/DSCN0805.jpg 4160w, https:\/\/site.ac-martinique.fr\/clg-beausejour\/wp-content\/uploads\/sites\/48\/2018\/12\/DSCN0805-300x225.jpg 300w, https:\/\/site.ac-martinique.fr\/clg-beausejour\/wp-content\/uploads\/sites\/48\/2018\/12\/DSCN0805-768x576.jpg 768w, https:\/\/site.ac-martinique.fr\/clg-beausejour\/wp-content\/uploads\/sites\/48\/2018\/12\/DSCN0805-1024x768.jpg 1024w, https:\/\/site.ac-martinique.fr\/clg-beausejour\/wp-content\/uploads\/sites\/48\/2018\/12\/DSCN0805-730x548.jpg 730w\" sizes=\"auto, 100vw\" \/><\/li>\n            <\/ul>\n        <\/div>\n        \n    <\/div>\n<\/div>\n<p>C\u2019\u00e9tait Lucenay K\u00e9ziah de 3\u00e8me2 ! \u00c0 la prochaine\u00a0!<\/p>\n","protected":false},"excerpt":{"rendered":"<p>Aujourd\u2019hui, mercredi 14 novembre 2018, se d\u00e9roule la premi\u00e8re rencontre de district pour l\u2019UNSS basket \u00e0 Sainte Marie. Pour cette ouverture de saison, les cat\u00e9gories qui ont r\u00e9pondu \u00e0 l\u2019appel sont\u00a0: les benjamines (bien que peu nombreuses), les benjamins, les minimes filles et les minimes gar\u00e7ons. Dans l\u2019ensemble les quatre cat\u00e9gories se sont bien d\u00e9brouill\u00e9s. &hellip; <\/p>\n<p class=\"link-more\"><a href=\"https:\/\/site.ac-martinique.fr\/clg-beausejour\/?page_id=1845\" class=\"more-link\">Continuer la lecture<span class=\"screen-reader-text\"> de &laquo;&nbsp;Premi\u00e8re rencontre de district UNSS basket&nbsp;&raquo;<\/span><\/a><\/p>\n","protected":false},"author":115,"featured_media":0,"parent":0,"menu_order":0,"comment_status":"closed","ping_status":"closed","template":"","meta":{"footnotes":""},"class_list":["post-1845","page","type-page","status-publish","hentry"],"_links":{"self":[{"href":"https:\/\/site.ac-martinique.fr\/clg-beausejour\/index.php?rest_route=\/wp\/v2\/pages\/1845","targetHints":{"allow":["GET"]}}],"collection":[{"href":"https:\/\/site.ac-martinique.fr\/clg-beausejour\/index.php?rest_route=\/wp\/v2\/pages"}],"about":[{"href":"https:\/\/site.ac-martinique.fr\/clg-beausejour\/index.php?rest_route=\/wp\/v2\/types\/page"}],"author":[{"embeddable":true,"href":"https:\/\/site.ac-martinique.fr\/clg-beausejour\/index.php?rest_route=\/wp\/v2\/users\/115"}],"replies":[{"embeddable":true,"href":"https:\/\/site.ac-martinique.fr\/clg-beausejour\/index.php?rest_route=%2Fwp%2Fv2%2Fcomments&post=1845"}],"version-history":[{"count":3,"href":"https:\/\/site.ac-martinique.fr\/clg-beausejour\/index.php?rest_route=\/wp\/v2\/pages\/1845\/revisions"}],"predecessor-version":[{"id":1856,"href":"https:\/\/site.ac-martinique.fr\/clg-beausejour\/index.php?rest_route=\/wp\/v2\/pages\/1845\/revisions\/1856"}],"wp:attachment":[{"href":"https:\/\/site.ac-martinique.fr\/clg-beausejour\/index.php?rest_route=%2Fwp%2Fv2%2Fmedia&parent=1845"}],"curies":[{"name":"wp","href":"https:\/\/api.w.org\/{rel}","templated":true}]}}