{"id":185,"date":"2015-05-18T09:51:19","date_gmt":"2015-05-18T13:51:19","guid":{"rendered":"\/clg-beausejour\/?page_id=185"},"modified":"2018-05-28T09:47:04","modified_gmt":"2018-05-28T13:47:04","slug":"cdi","status":"publish","type":"page","link":"https:\/\/site.ac-martinique.fr\/clg-beausejour\/?page_id=185","title":{"rendered":"Le CDI"},"content":{"rendered":"<p><img loading=\"lazy\" decoding=\"async\" class=\"aligncenter\" src=\"http:\/\/www.lyceesamuelraapoto.com\/wp-content\/uploads\/sites\/48\/2015\/11\/Copy-of-CDI-Accueil.png\" width=\"341\" height=\"339\" \/><\/p>\n<p style=\"text-align: center;\"><strong>Le Centre de Documentation et d\u2019Information<\/strong> est un lieu organis\u00e9 pour la recherche d\u2019informations : les \u00e9l\u00e8ves y vont pour enrichir leurs connaissances ou pour trouver des r\u00e9ponses aux questions qu\u2019ils se posent ou que les professeurs leur posent.<\/p>\n<p style=\"text-align: center;\"><strong>Cette ann\u00e9e, c&rsquo;est M. GILLES le nouveau professeur-documentaliste qui vous accueillera.<\/strong><\/p>\n<h2 style=\"text-align: center;\">Que faire pour se rendre au CDI ?<\/h2>\n<p style=\"text-align: center;\">Il faut d\u2019abord se rendre en permanence avec son carnet de correspondance.<\/p>\n<h2 style=\"text-align: center;\">Que peut- on faire au CDI ?<\/h2>\n<p style=\"text-align: center;\">&#8211; Des recherches, des expos\u00e9s<\/p>\n<p style=\"text-align: center;\">&#8211; Lire, travailler, faire ses devoirs, apprendre ses le\u00e7ons.<\/p>\n<p style=\"text-align: center;\">&#8211; Emprunter des ouvrages, proposer des livres<\/p>\n<p style=\"text-align: center;\">&#8211; Travailler sur les postes informatiques (attention, ceux qui font des recherches sont prioritaires !)<\/p>\n<h2 style=\"text-align: center;\">Horaires<\/h2>\n<table style=\"height: 372px;\" width=\"1125\">\n<tbody>\n<tr>\n<td width=\"123\">JOUR<\/td>\n<td width=\"168\">MATIN<\/td>\n<td width=\"183\">\n<p style=\"text-align: left;\">APR\u00c8S-MIDI<\/p>\n<\/td>\n<\/tr>\n<tr>\n<td width=\"123\"><em>lundi<\/em><\/td>\n<td width=\"168\">7h30-12h30<\/td>\n<td width=\"183\">13h00-16h00<\/td>\n<\/tr>\n<tr>\n<td width=\"123\"><em>Mardi<\/em><\/td>\n<td width=\"168\">7h30-12h30<\/td>\n<td width=\"183\">13h00-16h00<\/td>\n<\/tr>\n<tr>\n<td width=\"123\"><em>Mercredi<\/em><\/td>\n<td width=\"168\">ferm\u00e9<\/td>\n<td width=\"183\"><\/td>\n<\/tr>\n<tr>\n<td width=\"123\"><em>Jeudi<\/em><\/td>\n<td width=\"168\">7h30-12h30<\/td>\n<td width=\"183\">13h00-16h00<\/td>\n<\/tr>\n<tr>\n<td width=\"123\"><em>Vendredi<\/em><\/td>\n<td width=\"168\">7h30-13h30<\/td>\n<td width=\"183\"><\/td>\n<\/tr>\n<\/tbody>\n<\/table>\n<table class=\" aligncenter\" style=\"height: 5px;\" width=\"5\">\n<tbody>\n<tr>\n<td style=\"text-align: left;\" width=\"75\"><\/td>\n<td style=\"text-align: left;\" width=\"103\"><\/td>\n<td style=\"text-align: left;\" width=\"112\"><\/td>\n<\/tr>\n<\/tbody>\n<\/table>\n<h2 style=\"text-align: center;\">Activit\u00e9s et Ateliers<\/h2>\n<p style=\"text-align: center;\"><img loading=\"lazy\" decoding=\"async\" class=\"wp-image-401 aligncenter\" src=\"\/clg-beausejour\/wp-content\/uploads\/sites\/48\/2015\/06\/AteliersCDI.jpg\" alt=\"Ateliers\" width=\"183\" height=\"122\" \/><\/p>\n<p style=\"text-align: center;\">Il est possible de participer \u00e0 des ateliers de ton choix (atelier \u00ab\u00a0manga\u00a0\u00bb, atelier film d&rsquo;animation, atelier \u00ab\u00a0journal du coll\u00e8ge\u00a0\u00bb&#8230; \u00e0 d\u00e9finir) sur les cr\u00e9neaux suivants :<\/p>\n<p style=\"text-align: center;\">Lundi : 13h-14h<\/p>\n<p style=\"text-align: center;\">Mardi : 13h-14h<\/p>\n<p style=\"text-align: center;\">Jeudi : 13h-14h<\/p>\n<p style=\"text-align: center;\">Vendredi : 12h30 &#8211; 13h30<\/p>\n<p style=\"text-align: center;\">Si tu as une proposition d&rsquo;atelier, n&rsquo;h\u00e9site pas \u00e0\u00a0en parler au professeur documentaliste.<\/p>\n<h2 style=\"text-align: center;\">Qu\u2019est ce qu\u2019on ne peut pas faire au CDI ?<\/h2>\n<p style=\"text-align: center;\">\u2013 S\u2019amuser, jouer sur les ordinateurs pendant une heure<\/p>\n<p style=\"text-align: center;\">\u2013 Se d\u00e9placer sans but, ne rien faire\u00a0pendant une heure<\/p>\n<p style=\"text-align: center;\">\u2013 Manger ou m\u00e2cher des chewing-gums<\/p>\n<p style=\"text-align: center;\">\u2013 D\u00e9concentrer les autres, bavarder<\/p>\n<p style=\"text-align: center;\"><em><strong>Au CDI, le silence est la r\u00e8gle d\u2019or !<\/strong><\/em><\/p>\n<p style=\"text-align: center;\">On doit respecter le silence afin de laisser les autres utilisateurs travailler ou Lire !<\/p>\n<p style=\"text-align: center;\"><a href=\"http:\/\/9720351z.esidoc.fr\/\">Tu recherches un livre en particulier? Tu souhaites connaitre le fonds documentaire disponible au CDI? <\/a><\/p>\n<p style=\"text-align: center;\"><a href=\"http:\/\/9720351z.esidoc.fr\/\">Alors consulte la page ESIDOC du CDI, tu trouveras toutes les informations.<\/a><\/p>\n<p style=\"text-align: center;\"><a href=\"http:\/\/9720351z.esidoc.fr\/\" target=\"_blank\" rel=\"http:\/\/9720351z.esidoc.fr\/\"><img loading=\"lazy\" decoding=\"async\" class=\"aligncenter\" src=\"http:\/\/www.ensemble-sacre-coeur.fr\/medias\/images\/esidoc.png\" alt=\"\" width=\"540\" height=\"200\" \/><\/a><\/p>\n<p style=\"text-align: center;\"><img loading=\"lazy\" decoding=\"async\" class=\"\" src=\"http:\/\/site.ac-martinique.fr\/documentation\/wp-content\/uploads\/sites\/48\/2014\/11\/CDI.png\" width=\"542\" height=\"326\" \/><\/p>\n<p style=\"text-align: center;\"><img loading=\"lazy\" decoding=\"async\" class=\"aligncenter size-medium wp-image-401\" src=\"\/clg-beausejour\/wp-content\/uploads\/sites\/48\/2015\/05\/Accueil-300x198.jpg\" alt=\"Accueil\" width=\"100\" height=\"66\" \/><\/p>\n","protected":false},"excerpt":{"rendered":"<p>Le Centre de Documentation et d\u2019Information est un lieu organis\u00e9 pour la recherche d\u2019informations : les \u00e9l\u00e8ves y vont pour enrichir leurs connaissances ou pour trouver des r\u00e9ponses aux questions qu\u2019ils se posent ou que les professeurs leur posent. Cette ann\u00e9e, c&rsquo;est M. GILLES le nouveau professeur-documentaliste qui vous accueillera. Que faire pour se rendre &hellip; <\/p>\n<p class=\"link-more\"><a href=\"https:\/\/site.ac-martinique.fr\/clg-beausejour\/?page_id=185\" class=\"more-link\">Continuer la lecture<span class=\"screen-reader-text\"> de &laquo;&nbsp;Le CDI&nbsp;&raquo;<\/span><\/a><\/p>\n","protected":false},"author":115,"featured_media":0,"parent":0,"menu_order":0,"comment_status":"closed","ping_status":"closed","template":"","meta":{"footnotes":""},"class_list":["post-185","page","type-page","status-publish","hentry"],"_links":{"self":[{"href":"https:\/\/site.ac-martinique.fr\/clg-beausejour\/index.php?rest_route=\/wp\/v2\/pages\/185","targetHints":{"allow":["GET"]}}],"collection":[{"href":"https:\/\/site.ac-martinique.fr\/clg-beausejour\/index.php?rest_route=\/wp\/v2\/pages"}],"about":[{"href":"https:\/\/site.ac-martinique.fr\/clg-beausejour\/index.php?rest_route=\/wp\/v2\/types\/page"}],"author":[{"embeddable":true,"href":"https:\/\/site.ac-martinique.fr\/clg-beausejour\/index.php?rest_route=\/wp\/v2\/users\/115"}],"replies":[{"embeddable":true,"href":"https:\/\/site.ac-martinique.fr\/clg-beausejour\/index.php?rest_route=%2Fwp%2Fv2%2Fcomments&post=185"}],"version-history":[{"count":27,"href":"https:\/\/site.ac-martinique.fr\/clg-beausejour\/index.php?rest_route=\/wp\/v2\/pages\/185\/revisions"}],"predecessor-version":[{"id":1620,"href":"https:\/\/site.ac-martinique.fr\/clg-beausejour\/index.php?rest_route=\/wp\/v2\/pages\/185\/revisions\/1620"}],"wp:attachment":[{"href":"https:\/\/site.ac-martinique.fr\/clg-beausejour\/index.php?rest_route=%2Fwp%2Fv2%2Fmedia&parent=185"}],"curies":[{"name":"wp","href":"https:\/\/api.w.org\/{rel}","templated":true}]}}