{"id":19,"date":"2014-07-04T09:47:45","date_gmt":"2014-07-04T13:47:45","guid":{"rendered":"\/clg-beausejour\/?page_id=19"},"modified":"2023-09-10T11:09:03","modified_gmt":"2023-09-10T15:09:03","slug":"presentation-le-college-beausejour","status":"publish","type":"page","link":"https:\/\/site.ac-martinique.fr\/clg-beausejour\/?page_id=19","title":{"rendered":"Pr\u00e9sentation du Coll\u00e8ge BEAUS\u00c9JOUR"},"content":{"rendered":"<div id=\"metaslider-id-630\" style=\"max-width: 800px;\" class=\"ml-slider-3-109-0 metaslider metaslider-flex metaslider-630 ml-slider has-dots-nav ms-theme-default\" role=\"region\" aria-label=\"Pr\u00e9sentation Coll\u00e8ge\" data-height=\"400\" data-width=\"800\">\n    <div id=\"metaslider_container_630\">\n        <div id=\"metaslider_630\">\n            <ul class='slides'>\n                <li style=\"display: block; width: 100%;\" class=\"slide-631 ms-image \" aria-roledescription=\"slide\" data-date=\"2015-06-12 09:15:00\" data-filename=\"IMGP3420-800x400.jpg\" data-slide-type=\"image\"><img loading=\"lazy\" decoding=\"async\" src=\"https:\/\/site.ac-martinique.fr\/clg-beausejour\/wp-content\/uploads\/sites\/48\/2015\/06\/IMGP3420-800x400.jpg\" height=\"400\" width=\"800\" alt=\"\" class=\"slider-630 slide-631 msDefaultImage\" \/><\/li>\n                <li style=\"display: none; width: 100%;\" class=\"slide-632 ms-image \" aria-roledescription=\"slide\" data-date=\"2015-06-12 09:15:04\" data-filename=\"IMGP3428-800x400.jpg\" data-slide-type=\"image\"><img loading=\"lazy\" decoding=\"async\" src=\"https:\/\/site.ac-martinique.fr\/clg-beausejour\/wp-content\/uploads\/sites\/48\/2015\/06\/IMGP3428-800x400.jpg\" height=\"400\" width=\"800\" alt=\"\" class=\"slider-630 slide-632 msDefaultImage\" \/><\/li>\n                <li style=\"display: none; width: 100%;\" class=\"slide-633 ms-image \" aria-roledescription=\"slide\" data-date=\"2015-06-12 09:15:07\" data-filename=\"IMGP3433-800x400.jpg\" data-slide-type=\"image\"><img loading=\"lazy\" decoding=\"async\" src=\"https:\/\/site.ac-martinique.fr\/clg-beausejour\/wp-content\/uploads\/sites\/48\/2015\/06\/IMGP3433-800x400.jpg\" height=\"400\" width=\"800\" alt=\"\" class=\"slider-630 slide-633 msDefaultImage\" \/><\/li>\n                <li style=\"display: none; width: 100%;\" class=\"slide-634 ms-image \" aria-roledescription=\"slide\" data-date=\"2015-06-12 09:15:11\" data-filename=\"IMGP3438-800x400.jpg\" data-slide-type=\"image\"><img loading=\"lazy\" decoding=\"async\" src=\"https:\/\/site.ac-martinique.fr\/clg-beausejour\/wp-content\/uploads\/sites\/48\/2015\/06\/IMGP3438-800x400.jpg\" height=\"400\" width=\"800\" alt=\"\" class=\"slider-630 slide-634 msDefaultImage\" \/><\/li>\n                <li style=\"display: none; width: 100%;\" class=\"slide-638 ms-image \" aria-roledescription=\"slide\" data-date=\"2015-06-12 09:24:18\" data-filename=\"CLG_Beaus\u00e9jour-800x400.jpg\" data-slide-type=\"image\"><img loading=\"lazy\" decoding=\"async\" src=\"https:\/\/site.ac-martinique.fr\/clg-beausejour\/wp-content\/uploads\/sites\/48\/2015\/06\/CLG_Beaus\u00e9jour-800x400.jpg\" height=\"400\" width=\"800\" alt=\"\" class=\"slider-630 slide-638 msDefaultImage\" \/><\/li>\n                <li style=\"display: none; width: 100%;\" class=\"slide-635 ms-image \" aria-roledescription=\"slide\" data-date=\"2015-06-12 09:15:22\" data-filename=\"DSC03252-800x400.jpg\" data-slide-type=\"image\"><img loading=\"lazy\" decoding=\"async\" src=\"https:\/\/site.ac-martinique.fr\/clg-beausejour\/wp-content\/uploads\/sites\/48\/2015\/06\/DSC03252-800x400.jpg\" height=\"400\" width=\"800\" alt=\"\" class=\"slider-630 slide-635 msDefaultImage\" \/><\/li>\n                <li style=\"display: none; width: 100%;\" class=\"slide-639 ms-image \" aria-roledescription=\"slide\" data-date=\"2015-06-12 09:24:21\" data-filename=\"DSC00280-800x400.jpg\" data-slide-type=\"image\"><img loading=\"lazy\" decoding=\"async\" src=\"https:\/\/site.ac-martinique.fr\/clg-beausejour\/wp-content\/uploads\/sites\/48\/2015\/06\/DSC00280-800x400.jpg\" height=\"400\" width=\"800\" alt=\"\" class=\"slider-630 slide-639 msDefaultImage\" \/><\/li>\n            <\/ul>\n        <\/div>\n        \n    <\/div>\n<\/div>\n<p style=\"text-align: justify;\">Construit en 1<img loading=\"lazy\" decoding=\"async\" class=\"size-full wp-image-20 alignleft\" src=\"\/clg-beausejour\/wp-content\/uploads\/sites\/48\/2014\/07\/coll01.jpg\" alt=\"coll01\" width=\"267\" height=\"232\" \/>970 sur le territoire de la <a href=\"https:\/\/www.martinique.org\/experience\/la-trinite\" target=\"_blank\" rel=\"noopener\">ville de Trinit\u00e9<\/a>, le Coll\u00e8ge Beaus\u00e9jour se situe au c\u0153ur de la cit\u00e9 scolaire Frantz FANON qui comprend \u00e9galement un lyc\u00e9e professionnel et un lyc\u00e9e polyvalent.<\/p>\n<p>Le coll\u00e8ge devient autonome en septembre 1976.<\/p>\n<p><span style=\"color: #0000ff;\"><em><strong>Built in 1970 in\u00a0the\u00a0<a href=\"https:\/\/www.martinique.org\/experience\/la-trinite\" target=\"_blank\" rel=\"noopener\">city of Trinit\u00e9<\/a>, Beaus\u00e9jour Middle School is situated on the <a href=\"https:\/\/us.martinique.org\/caravelle-peninsula\" target=\"_blank\" rel=\"noopener\">north-eastern peninsula<\/a> of the French <a href=\"https:\/\/en.wikipedia.org\/wiki\/Lesser_Antilles\" target=\"_blank\" rel=\"noopener\">Antillean island<\/a>, <a href=\"https:\/\/en.wikipedia.org\/wiki\/Martinique\" target=\"_blank\" rel=\"noopener\">Martinique<\/a> (also called \u00ab\u00a0FWI\u00a0\u00bb : French West Indies, and it is an\u00a0<a class=\"mw-redirect\" title=\"Overseas region\" href=\"https:\/\/en.wikipedia.org\/wiki\/Overseas_region\" target=\"_blank\" rel=\"noopener\">overseas region<\/a>). Our middle school is located in the heart of the Frantz FANON<a href=\"https:\/\/youtu.be\/Iawbdsnkoaw?t=45\" target=\"_blank\" rel=\"noopener\"> school campus<\/a>. The campus is bordered by the Atlantic Ocean both in the north and the south, and includes a secondary school, a vocational school and a technical high school.<\/strong><\/em><\/span><\/p>\n<p><img decoding=\"async\" class=\"aligncenter\" src=\"https:\/\/upload.wikimedia.org\/wikipedia\/en\/thumb\/0\/0f\/Frantz_Fanon.jpg\/220px-Frantz_Fanon.jpg\" alt=\"Frantz Fanon.jpg\" \/><\/p>\n<p style=\"text-align: center;\"><em><strong><a href=\"https:\/\/en.wikipedia.org\/wiki\/Frantz_Fanon\" target=\"_blank\" rel=\"noopener\">Frantz FANON<\/a><\/strong><\/em><\/p>\n<hr \/>\n<p style=\"text-align: justify;\">Notre coll\u00e8ge compte 214 \u00e9l\u00e8ves dont 55 en SES-SEGPA (Section d\u2019\u00c9ducation Sp\u00e9cialis\u00e9e &#8211; Section d\u2019Enseignement G\u00e9n\u00e9ral et Professionnel Adapt\u00e9) r\u00e9partis en 16 classes. Le public vient principalement des quartiers environnants (Beaus\u00e9jour, L&rsquo;autre Bord, anse Bellune, zone du Bac, Galion) et de Tartane.<\/p>\n<p style=\"text-align: justify;\">Il est dirig\u00e9 par Mme Za\u00efre, la Principale, aid\u00e9e dans sa t\u00e2che par Mme Burlac, Principale adjoint, et Mme Platon, gestionnaire adjointe, Mme Daphn\u00e9, assistante\u00a0de direction,<\/p>\n<p style=\"text-align: justify;\">La directrice de SEGPA est Mme SIMAX.<\/p>\n<p><span style=\"color: #0000ff;\"><em><strong>Our middle school counts 214 students divided into 16 forms including 55 students in SES-SEGPA (Section of Specialized Education : General and Vocational Adapted Learning Section). The students come mainly from the surrounding neighborhoods (Beaus\u00e9jour, <a href=\"https:\/\/youtu.be\/3iINA6RC9ls?t=21\" target=\"_blank\" rel=\"noopener\">L&rsquo;autre Bord<\/a>, Anse Bellune, Zone du Bac, <a href=\"https:\/\/youtu.be\/fTqLXnwxQ4c?t=10\" target=\"_blank\" rel=\"noopener\">Galion<\/a>) and <a href=\"https:\/\/www.youtube.com\/watch?v=5nN-Z5X4qY8\" target=\"_blank\" rel=\"noopener\">Tartane<\/a>.<\/strong><\/em><\/span><\/p>\n<p><span style=\"color: #0000ff;\"><em><b>Mrs. <\/b><b>Za\u00efre is<\/b><b>\u00a0the\u00a0school Principal &#8211; headmaster, assisted in her task by Mrs. Burlac, vice principal -deputy headmaster,\u00a0and Mrs. Platon, fund manager, Mrs. Daphn\u00e9, executive assistant, fund manager assistant.\u00a0<\/b><\/em><em><strong>The head school of SEGPA is Mrs. Simax.<\/strong><\/em><\/span><\/p>\n<p style=\"text-align: justify;\"><a href=\"\/clg-beausejour\/wp-content\/uploads\/sites\/48\/2018\/11\/IMG_20181124_084915.jpg\"><img loading=\"lazy\" decoding=\"async\" class=\"aligncenter wp-image-1791\" src=\"\/clg-beausejour\/wp-content\/uploads\/sites\/48\/2018\/11\/IMG_20181124_084915-300x225.jpg\" alt=\"\" width=\"500\" height=\"375\" srcset=\"https:\/\/site.ac-martinique.fr\/clg-beausejour\/wp-content\/uploads\/sites\/48\/2018\/11\/IMG_20181124_084915-300x225.jpg 300w, https:\/\/site.ac-martinique.fr\/clg-beausejour\/wp-content\/uploads\/sites\/48\/2018\/11\/IMG_20181124_084915-768x576.jpg 768w, https:\/\/site.ac-martinique.fr\/clg-beausejour\/wp-content\/uploads\/sites\/48\/2018\/11\/IMG_20181124_084915-1024x768.jpg 1024w, https:\/\/site.ac-martinique.fr\/clg-beausejour\/wp-content\/uploads\/sites\/48\/2018\/11\/IMG_20181124_084915-730x548.jpg 730w\" sizes=\"auto, (max-width: 500px) 100vw, 500px\" \/><\/a><\/p>\n<p style=\"text-align: justify;\"><a href=\"\/clg-beausejour\/wp-content\/uploads\/sites\/48\/2018\/11\/IMG_20181124_091316.jpg\"><img loading=\"lazy\" decoding=\"async\" class=\"aligncenter wp-image-1796\" src=\"\/clg-beausejour\/wp-content\/uploads\/sites\/48\/2018\/11\/IMG_20181124_091316-300x225.jpg\" alt=\"\" width=\"500\" height=\"375\" srcset=\"https:\/\/site.ac-martinique.fr\/clg-beausejour\/wp-content\/uploads\/sites\/48\/2018\/11\/IMG_20181124_091316-300x225.jpg 300w, https:\/\/site.ac-martinique.fr\/clg-beausejour\/wp-content\/uploads\/sites\/48\/2018\/11\/IMG_20181124_091316-768x576.jpg 768w, https:\/\/site.ac-martinique.fr\/clg-beausejour\/wp-content\/uploads\/sites\/48\/2018\/11\/IMG_20181124_091316-1024x768.jpg 1024w, https:\/\/site.ac-martinique.fr\/clg-beausejour\/wp-content\/uploads\/sites\/48\/2018\/11\/IMG_20181124_091316-730x548.jpg 730w\" sizes=\"auto, (max-width: 500px) 100vw, 500px\" \/><\/a><\/p>\n<p style=\"text-align: justify;\">De gauche \u00e0 droite : M. Philippeau, Proviseur du lyc\u00e9e professionnel, Mme Za\u00efre, Principale du coll\u00e8ge Beaus\u00e9jour, M. Buval, le maire de Trinit\u00e9 et ancien professeur du coll\u00e8ge, M. Hierso, ancien Principal-adjoint du coll\u00e8ge et actuel Principal du coll\u00e8ge E. Sald\u00e8s \u00e0 Sainte-Marie.<\/p>\n<p style=\"text-align: justify;\"><span style=\"color: #0000ff;\">From left to right: Mr. Philippeau, Proviseur of the vocational school, Ms. Za\u00efre, Principal of Beaus\u00e9jour <em>secondary school<\/em>, Mr. Buval, Mayor of Trinity and former professor of the <em>secondary school<\/em>, Mr. Hierso, former Principal-deputy of the <em>secondary school\u00a0<\/em>and current Principal of the E. Sald\u00e8s <em>secondary school\u00a0<\/em>at Sainte-Marie.<\/span><\/p>\n<p style=\"text-align: justify;\"><img loading=\"lazy\" decoding=\"async\" class=\"size-medium wp-image-21 alignright\" src=\"\/clg-beausejour\/wp-content\/uploads\/sites\/48\/2014\/07\/coll02-300x225.jpg\" alt=\"coll02\" width=\"300\" height=\"225\" srcset=\"https:\/\/site.ac-martinique.fr\/clg-beausejour\/wp-content\/uploads\/sites\/48\/2014\/07\/coll02-300x225.jpg 300w, https:\/\/site.ac-martinique.fr\/clg-beausejour\/wp-content\/uploads\/sites\/48\/2014\/07\/coll02.jpg 372w\" sizes=\"auto, (max-width: 300px) 100vw, 300px\" \/><\/p>\n<p style=\"text-align: justify;\">L\u2019\u00e9quipe p\u00e9dagogique regroupe 32 professeurs, un professeur-documentaliste, Mme. CHATELAIN, 6 AED et une CPE, Mme NOMEL, une infirmi\u00e8re, Mme BRUNAULT , un Psy-EN, M. Audel et une assistante sociale Mme SOLIS. Le coll\u00e8ge compte \u00e9galement 8 agents ATTEE.<\/p>\n<p style=\"text-align: justify;\">En dehors des enseignements obligatoires,\u00a0les \u00e9l\u00e8ves peuvent choisir, d\u00e8s la 5\u00e8me, <strong>le Latin<\/strong> ou <strong>Langue et culture r\u00e9gionale (cr\u00e9ole)<\/strong> en 4\u00e8me.<\/p>\n<p style=\"text-align: justify;\">En 4\u00e8me et 3\u00e8me, le coll\u00e8ge dispose de deux sections deux \u00ab\u00a0sections euro-carib\u00e9ennes\u00a0\u00bb, l\u2019une en anglais et l\u2019autre en espagnol.<\/p>\n<p style=\"text-align: justify;\">\u00a0Nous avons aussi\u00a0un club de ping-pong, une section surf, un club UNSS basket-ball et\u00a0badminton, une section voile, un club d\u2019\u00e9checs, une chorale, un club de photographie (\u00ab\u00a0<em>Les photoreporters de l&rsquo;art<\/em>\u00ab\u00a0), un atelier th\u00e9\u00e2tre (\u00ab\u00a0<em>Coup de th\u00e9\u00e2tre \u00e0 Beaus\u00e9jour<\/em>\u00ab\u00a0), un atelier cuisine (\u00ab\u00a0<em>Top chef\u00a0\u00bb<\/em>), un atelier\u00a0Slam de cr\u00e9ation-\u00e9criture (\u00ab\u00a0<em>Sous l&rsquo;\u00e2me des mots<\/em>\u00ab\u00a0.<\/p>\n<p><span style=\"color: #0000ff;\"><em><strong>The educational team includes 31 teachers, the school librarian (school library media specialist) Mme CHATELAIN, 6 educational supervisors (AED), a chief supervisor Mrs. NOMEL. The middle school also has 8polyvalent state agents (ATTEE), a nurse, Mrs. BRUNAULT , a social worker Mrs. SOLIS, and M. Audel, the school psychologist.<\/strong><\/em><\/span><\/p>\n<p><span style=\"color: #0000ff;\"><em><b style=\"color: #0000ff;\">In addition, students can choose elective subjects such as Latin or Regional Language and Culture (<\/b><span style=\"color: #0000ff;\"><b>Cr\u00e9ole, the vernacular language in Martinique<\/b><\/span><b style=\"color: #0000ff;\">) in<strong>\u00a0year 8.<\/strong><\/b><\/em><\/span><\/p>\n<p><strong><span style=\"color: #0000ff;\"><em>In\u00a0year 9 and year 10, our middle school offers two \u00ab\u00a0Euro-Caribbean sections\u00a0\u00bb (intensive language classes), one in English and the other in Spanish.\u00a0<\/em><\/span><\/strong><\/p>\n<p><strong><span style=\"color: #0000ff;\">Also we have\u00a0in our highschool ping pong, surfing, basketball, badminton and sailing clubs,\u00a0a chess club, a secular choir, a photography and drama club, cooking activities,\u00a0creative-writing Slam\u00a0workshop.<\/span><\/strong><\/p>\n<p>Pr\u00e9sentation du plateau sportif de la cit\u00e9 scolaire.\u00a0<span style=\"color: #0000ff;\"><em><strong>Presentation of the sport field of the school campus.<\/strong><\/em><\/span><\/p>\n<p>https:\/\/youtu.be\/GKGfZ03heCg<\/p>\n<p><span style=\"text-decoration: underline;\"><strong>L&rsquo;acc\u00e8s au coll\u00e8ge<\/strong><\/span><strong>\u00a0\u00a0\u00a0\u00a0\u00a0\u00a0\u00a0\u00a0\u00a0\u00a0\u00a0\u00a0\u00a0\u00a0\u00a0\u00a0\u00a0\u00a0\u00a0\u00a0\u00a0\u00a0\u00a0\u00a0\u00a0\u00a0\u00a0\u00a0\u00a0\u00a0\u00a0\u00a0\u00a0\u00a0\u00a0\u00a0\u00a0\u00a0\u00a0\u00a0\u00a0\u00a0\u00a0\u00a0\u00a0\u00a0\u00a0\u00a0\u00a0\u00a0\u00a0\u00a0\u00a0\u00a0\u00a0\u00a0\u00a0\u00a0\u00a0\u00a0\u00a0\u00a0\u00a0\u00a0\u00a0\u00a0\u00a0\u00a0\u00a0\u00a0\u00a0\u00a0\u00a0\u00a0\u00a0\u00a0\u00a0\u00a0\u00a0\u00a0\u00a0\u00a0\u00a0\u00a0\u00a0\u00a0\u00a0\u00a0\u00a0\u00a0\u00a0\u00a0 <\/strong><span style=\"text-decoration: underline;\"><strong>Plan du coll\u00e8ge<br \/>\n<\/strong><\/span><\/p>\n<p>Cliquer pour agrandir<\/p>\n<p style=\"text-align: center;\"><img loading=\"lazy\" decoding=\"async\" class=\"alignleft\" src=\"http:\/\/cms.ac-martinique.fr\/etablissement\/clgbeausejour\/file\/plan-acces.JPG\" alt=\"\" width=\"260\" height=\"366\" align=\"bottom\" border=\"0\" hspace=\"0\" \/><a href=\"\/clg-beausejour\/wp-content\/uploads\/sites\/48\/2015\/05\/plan_c.jpg\" target=\"blank\" rel=\"noopener\"><img loading=\"lazy\" decoding=\"async\" class=\"wp-image-208 alignnone\" src=\"\/clg-beausejour\/wp-content\/uploads\/sites\/48\/2015\/05\/plan_c-300x200.jpg\" alt=\"plan_c\" width=\"387\" height=\"258\" srcset=\"https:\/\/site.ac-martinique.fr\/clg-beausejour\/wp-content\/uploads\/sites\/48\/2015\/05\/plan_c-300x200.jpg 300w, https:\/\/site.ac-martinique.fr\/clg-beausejour\/wp-content\/uploads\/sites\/48\/2015\/05\/plan_c.jpg 647w\" sizes=\"auto, (max-width: 387px) 100vw, 387px\" \/><\/a><\/p>\n<p style=\"text-align: center;\"><a href=\"\/clg-beausejour\"><img loading=\"lazy\" decoding=\"async\" class=\"alignright wp-image-401\" src=\"\/clg-beausejour\/wp-content\/uploads\/sites\/48\/2015\/05\/Accueil-300x198.jpg\" alt=\"Accueil\" width=\"94\" height=\"62\" \/><\/a><\/p>\n","protected":false},"excerpt":{"rendered":"<p>Construit en 1970 sur le territoire de la ville de Trinit\u00e9, le Coll\u00e8ge Beaus\u00e9jour se situe au c\u0153ur de la cit\u00e9 scolaire Frantz FANON qui comprend \u00e9galement un lyc\u00e9e professionnel et un lyc\u00e9e polyvalent. Le coll\u00e8ge devient autonome en septembre 1976. Built in 1970 in\u00a0the\u00a0city of Trinit\u00e9, Beaus\u00e9jour Middle School is situated on the north-eastern &hellip; <\/p>\n<p class=\"link-more\"><a href=\"https:\/\/site.ac-martinique.fr\/clg-beausejour\/?page_id=19\" class=\"more-link\">Continuer la lecture<span class=\"screen-reader-text\"> de &laquo;&nbsp;Pr\u00e9sentation du Coll\u00e8ge BEAUS\u00c9JOUR&nbsp;&raquo;<\/span><\/a><\/p>\n","protected":false},"author":115,"featured_media":0,"parent":0,"menu_order":0,"comment_status":"closed","ping_status":"open","template":"","meta":{"footnotes":""},"class_list":["post-19","page","type-page","status-publish","hentry"],"_links":{"self":[{"href":"https:\/\/site.ac-martinique.fr\/clg-beausejour\/index.php?rest_route=\/wp\/v2\/pages\/19","targetHints":{"allow":["GET"]}}],"collection":[{"href":"https:\/\/site.ac-martinique.fr\/clg-beausejour\/index.php?rest_route=\/wp\/v2\/pages"}],"about":[{"href":"https:\/\/site.ac-martinique.fr\/clg-beausejour\/index.php?rest_route=\/wp\/v2\/types\/page"}],"author":[{"embeddable":true,"href":"https:\/\/site.ac-martinique.fr\/clg-beausejour\/index.php?rest_route=\/wp\/v2\/users\/115"}],"replies":[{"embeddable":true,"href":"https:\/\/site.ac-martinique.fr\/clg-beausejour\/index.php?rest_route=%2Fwp%2Fv2%2Fcomments&post=19"}],"version-history":[{"count":35,"href":"https:\/\/site.ac-martinique.fr\/clg-beausejour\/index.php?rest_route=\/wp\/v2\/pages\/19\/revisions"}],"predecessor-version":[{"id":3583,"href":"https:\/\/site.ac-martinique.fr\/clg-beausejour\/index.php?rest_route=\/wp\/v2\/pages\/19\/revisions\/3583"}],"wp:attachment":[{"href":"https:\/\/site.ac-martinique.fr\/clg-beausejour\/index.php?rest_route=%2Fwp%2Fv2%2Fmedia&parent=19"}],"curies":[{"name":"wp","href":"https:\/\/api.w.org\/{rel}","templated":true}]}}