{"id":2075,"date":"2019-02-03T10:24:59","date_gmt":"2019-02-03T14:24:59","guid":{"rendered":"\/clg-beausejour\/?page_id=2075"},"modified":"2023-05-27T15:12:18","modified_gmt":"2023-05-27T19:12:18","slug":"la-section-sportive-voile-du-college","status":"publish","type":"page","link":"https:\/\/site.ac-martinique.fr\/clg-beausejour\/?page_id=2075","title":{"rendered":"La section sportive voile du Coll\u00e8ge"},"content":{"rendered":"<p><a href=\"\/clg-beausejour\/wp-content\/uploads\/sites\/48\/2019\/02\/b85b24d3-f293-4ac8-9c3a-086e4445fddb.jpg\"><img loading=\"lazy\" decoding=\"async\" class=\"alignnone size-medium wp-image-2076\" src=\"\/clg-beausejour\/wp-content\/uploads\/sites\/48\/2019\/02\/b85b24d3-f293-4ac8-9c3a-086e4445fddb-284x300.jpg\" alt=\"\" width=\"284\" height=\"300\" srcset=\"https:\/\/site.ac-martinique.fr\/clg-beausejour\/wp-content\/uploads\/sites\/48\/2019\/02\/b85b24d3-f293-4ac8-9c3a-086e4445fddb-284x300.jpg 284w, https:\/\/site.ac-martinique.fr\/clg-beausejour\/wp-content\/uploads\/sites\/48\/2019\/02\/b85b24d3-f293-4ac8-9c3a-086e4445fddb-768x811.jpg 768w, https:\/\/site.ac-martinique.fr\/clg-beausejour\/wp-content\/uploads\/sites\/48\/2019\/02\/b85b24d3-f293-4ac8-9c3a-086e4445fddb-970x1024.jpg 970w, https:\/\/site.ac-martinique.fr\/clg-beausejour\/wp-content\/uploads\/sites\/48\/2019\/02\/b85b24d3-f293-4ac8-9c3a-086e4445fddb-730x771.jpg 730w, https:\/\/site.ac-martinique.fr\/clg-beausejour\/wp-content\/uploads\/sites\/48\/2019\/02\/b85b24d3-f293-4ac8-9c3a-086e4445fddb.jpg 1009w\" sizes=\"auto, (max-width: 284px) 100vw, 284px\" \/><\/a><\/p>\n<p>La section sportive voile du coll\u00e8ge a pour vocation de former les futurs champions de demain.<\/p>\n<p>Pour l&rsquo;ann\u00e9e scolaire 2022\/2023 &nbsp;12 \u00e9l\u00e8ves y sont inscrits<\/p>\n<p>PASCHAL Mathis \u00e9l\u00e8ve du lyc\u00e9e Professionnel et ancient \u00e9l\u00e8ve de la section est le jeune coach<\/p>\n<p><\/p>\n<p>2 filles et 10 gar\u00e7ons<\/p>\n<p>Les bateaux supports sont des Topazes UNO &nbsp;&nbsp; <a href=\"\/clg-beausejour\/wp-content\/uploads\/sites\/48\/2019\/02\/Unknown.jpg\"><img loading=\"lazy\" decoding=\"async\" class=\"alignnone size-full wp-image-2077\" src=\"\/clg-beausejour\/wp-content\/uploads\/sites\/48\/2019\/02\/Unknown.jpg\" alt=\"\" width=\"290\" height=\"174\"><\/a> <a href=\"\/clg-beausejour\/wp-content\/uploads\/sites\/48\/2019\/02\/dd9f3086-4301-4bf0-a1fc-e210d7128373.jpg\"><img loading=\"lazy\" decoding=\"async\" class=\"alignnone size-medium wp-image-2078\" src=\"\/clg-beausejour\/wp-content\/uploads\/sites\/48\/2019\/02\/dd9f3086-4301-4bf0-a1fc-e210d7128373-300x225.jpg\" alt=\"\" width=\"300\" height=\"225\" srcset=\"https:\/\/site.ac-martinique.fr\/clg-beausejour\/wp-content\/uploads\/sites\/48\/2019\/02\/dd9f3086-4301-4bf0-a1fc-e210d7128373-300x225.jpg 300w, https:\/\/site.ac-martinique.fr\/clg-beausejour\/wp-content\/uploads\/sites\/48\/2019\/02\/dd9f3086-4301-4bf0-a1fc-e210d7128373-768x576.jpg 768w, https:\/\/site.ac-martinique.fr\/clg-beausejour\/wp-content\/uploads\/sites\/48\/2019\/02\/dd9f3086-4301-4bf0-a1fc-e210d7128373-1024x768.jpg 1024w, https:\/\/site.ac-martinique.fr\/clg-beausejour\/wp-content\/uploads\/sites\/48\/2019\/02\/dd9f3086-4301-4bf0-a1fc-e210d7128373-730x548.jpg 730w, https:\/\/site.ac-martinique.fr\/clg-beausejour\/wp-content\/uploads\/sites\/48\/2019\/02\/dd9f3086-4301-4bf0-a1fc-e210d7128373.jpg 1280w\" sizes=\"auto, (max-width: 300px) 100vw, 300px\" \/><\/a><\/p>\n<p><\/p>\n<p><\/p>\n\n\n<figure class=\"wp-block-video\"><video height=\"360\" style=\"aspect-ratio: 640 \/ 360;\" width=\"640\" controls poster=\"https:\/\/site.ac-martinique.fr\/clg-beausejour\/wp-content\/uploads\/sites\/48\/2023\/05\/Section-sportive-voile-SD-480p-mov-image.jpg\" src=\"https:\/\/site.ac-martinique.fr\/clg-beausejour\/wp-content\/uploads\/sites\/48\/2023\/05\/Section-sportive-voile-SD-480p.mov\"><\/video><\/figure>\n\n\n\n<figure class=\"wp-block-image size-large\"><a href=\"https:\/\/site.ac-martinique.fr\/clg-beausejour\/wp-content\/uploads\/sites\/48\/2022\/12\/section-sportive-2022-scaled.jpg\"><img loading=\"lazy\" decoding=\"async\" width=\"1024\" height=\"768\" src=\"https:\/\/site.ac-martinique.fr\/clg-beausejour\/wp-content\/uploads\/sites\/48\/2022\/12\/section-sportive-2022-1024x768.jpg\" alt=\"\" class=\"wp-image-3172\" srcset=\"https:\/\/site.ac-martinique.fr\/clg-beausejour\/wp-content\/uploads\/sites\/48\/2022\/12\/section-sportive-2022-1024x768.jpg 1024w, https:\/\/site.ac-martinique.fr\/clg-beausejour\/wp-content\/uploads\/sites\/48\/2022\/12\/section-sportive-2022-300x225.jpg 300w, https:\/\/site.ac-martinique.fr\/clg-beausejour\/wp-content\/uploads\/sites\/48\/2022\/12\/section-sportive-2022-768x576.jpg 768w, https:\/\/site.ac-martinique.fr\/clg-beausejour\/wp-content\/uploads\/sites\/48\/2022\/12\/section-sportive-2022-1536x1152.jpg 1536w, https:\/\/site.ac-martinique.fr\/clg-beausejour\/wp-content\/uploads\/sites\/48\/2022\/12\/section-sportive-2022-2048x1536.jpg 2048w\" sizes=\"auto, (max-width: 767px) 89vw, (max-width: 1000px) 54vw, (max-width: 1071px) 543px, 580px\" \/><\/a><\/figure>\n\n\n\n<ul class=\"wp-block-list\">\n<li><strong>les \u00e9l\u00e8ves de la section<\/strong> 2022\/2023<\/li>\n\n\n\n<li><\/li>\n\n\n\n<li>MONJARDET BELLOCQ L\u00e9na       3\u00e8me1<\/li>\n\n\n\n<li>FRASER Elijah                                 3\u00e8me2<\/li>\n\n\n\n<li>QUENAON Nathan                        3\u00e8me2<\/li>\n\n\n\n<li>LESOUTENEUR Enzo                       4\u00e8me 1<\/li>\n\n\n\n<li>LIRICE L\u00e9o                                       6\u00e8me 1<\/li>\n\n\n\n<li>MAUMET Lou                                  3\u00e8me 1<\/li>\n\n\n\n<li>LIRICE Louis                                    4\u00e8me 1<\/li>\n\n\n\n<li>MOURA\u00cf Oscar                              3\u00e8me 3<\/li>\n\n\n\n<li>AUSTER No\u00e9                                   3\u00e8me 4<\/li>\n\n\n\n<li>GIBON Ismael                                4\u00e8me 2<\/li>\n\n\n\n<li>KINGUE MOUDIO DARTUS Abel   4\u00e8me 2<\/li>\n<\/ul>\n","protected":false},"excerpt":{"rendered":"<p>La section sportive voile du coll\u00e8ge a pour vocation de former les futurs champions de demain. Pour l&rsquo;ann\u00e9e scolaire 2022\/2023 &nbsp;12 \u00e9l\u00e8ves y sont inscrits PASCHAL Mathis \u00e9l\u00e8ve du lyc\u00e9e Professionnel et ancient \u00e9l\u00e8ve de la section est le jeune coach 2 filles et 10 gar\u00e7ons Les bateaux supports sont des Topazes UNO &nbsp;&nbsp;<\/p>\n","protected":false},"author":113,"featured_media":0,"parent":348,"menu_order":0,"comment_status":"closed","ping_status":"closed","template":"","meta":{"footnotes":""},"class_list":["post-2075","page","type-page","status-publish","hentry"],"_links":{"self":[{"href":"https:\/\/site.ac-martinique.fr\/clg-beausejour\/index.php?rest_route=\/wp\/v2\/pages\/2075","targetHints":{"allow":["GET"]}}],"collection":[{"href":"https:\/\/site.ac-martinique.fr\/clg-beausejour\/index.php?rest_route=\/wp\/v2\/pages"}],"about":[{"href":"https:\/\/site.ac-martinique.fr\/clg-beausejour\/index.php?rest_route=\/wp\/v2\/types\/page"}],"author":[{"embeddable":true,"href":"https:\/\/site.ac-martinique.fr\/clg-beausejour\/index.php?rest_route=\/wp\/v2\/users\/113"}],"replies":[{"embeddable":true,"href":"https:\/\/site.ac-martinique.fr\/clg-beausejour\/index.php?rest_route=%2Fwp%2Fv2%2Fcomments&post=2075"}],"version-history":[{"count":7,"href":"https:\/\/site.ac-martinique.fr\/clg-beausejour\/index.php?rest_route=\/wp\/v2\/pages\/2075\/revisions"}],"predecessor-version":[{"id":3505,"href":"https:\/\/site.ac-martinique.fr\/clg-beausejour\/index.php?rest_route=\/wp\/v2\/pages\/2075\/revisions\/3505"}],"up":[{"embeddable":true,"href":"https:\/\/site.ac-martinique.fr\/clg-beausejour\/index.php?rest_route=\/wp\/v2\/pages\/348"}],"wp:attachment":[{"href":"https:\/\/site.ac-martinique.fr\/clg-beausejour\/index.php?rest_route=%2Fwp%2Fv2%2Fmedia&parent=2075"}],"curies":[{"name":"wp","href":"https:\/\/api.w.org\/{rel}","templated":true}]}}