{"id":252,"date":"2015-05-18T11:20:14","date_gmt":"2015-05-18T15:20:14","guid":{"rendered":"\/clg-beausejour\/?page_id=252"},"modified":"2022-12-19T18:33:43","modified_gmt":"2022-12-19T22:33:43","slug":"infirmerie","status":"publish","type":"page","link":"https:\/\/site.ac-martinique.fr\/clg-beausejour\/?page_id=252","title":{"rendered":"Infirmerie"},"content":{"rendered":"<h1 style=\"text-align: center\">L\u2019infirmi\u00e8re de l\u2019\u00e9ducation nationale<\/h1>\n<p><a href=\"\/clg-beausejour\/wp-content\/uploads\/sites\/48\/2015\/05\/infirmiere-t10369.jpg\"><img loading=\"lazy\" decoding=\"async\" src=\"\/clg-beausejour\/wp-content\/uploads\/sites\/48\/2015\/05\/infirmiere-t10369-212x300.jpg\" class=\"alignleft wp-image-254\" alt=\"infirmiere-t10369\" width=\"88\" height=\"125\" srcset=\"https:\/\/site.ac-martinique.fr\/clg-beausejour\/wp-content\/uploads\/sites\/48\/2015\/05\/infirmiere-t10369-212x300.jpg 212w, https:\/\/site.ac-martinique.fr\/clg-beausejour\/wp-content\/uploads\/sites\/48\/2015\/05\/infirmiere-t10369.jpg 354w\" sizes=\"auto, (max-width: 88px) 100vw, 88px\" \/><\/a><strong>Qui est-elle&nbsp;?<\/strong><b> <\/b><\/p>\n<p><strong>Mme BRUNAULT V\u00e9ronique <\/strong><b><br \/>\n<\/b><\/p>\n<p>L\u2019infirmi\u00e8re de l\u2019\u00e9ducation nationale est une infirmi\u00e8re dipl\u00f4m\u00e9e d\u2019\u00e9tat qui a choisi de se sp\u00e9cialiser&nbsp;en milieu scolaire; elle est recrut\u00e9e par voie de concours.<\/p>\n<p>Elle a en charge le coll\u00e8ge de Beaus\u00e9jour et les \u00e9coles maternelles et primaires de Beaus\u00e9jour et Tartane.<\/p>\n<p><strong>Que fait-elle&nbsp;?<\/strong><\/p>\n<p>L\u2019infirmi\u00e8re proc\u00e8de \u00e0 des d\u00e9pistages&nbsp;: poids, taille, vue, audition, dentition, statique dorsale, \u00e9tat cutan\u00e9, hygi\u00e8ne de vie, comportement, vaccinations, tous les ans avec les enfants de grandes sections de maternelle et CE2 en ce qui concerne les \u00e9coles primaires, 6\u00e8me au coll\u00e8ge, ainsi que tous les enfants qui ont des probl\u00e8mes particuliers.<\/p>\n<p>En cas de probl\u00e8me de sant\u00e9, elle oriente les parents vers le m\u00e9decin ou le sp\u00e9cialiste appropri\u00e9.<\/p>\n<p>Elle participe aux r\u00e9unions concernant les enfants en difficult\u00e9 et peut apporter ses conseils \u00e0 l\u2019\u00e9quipe \u00e9ducative et aux parents.<\/p>\n<p>Elle organise des actions d\u2019\u00e9ducation \u00e0 la sant\u00e9 en faveur des \u00e9l\u00e8ves&nbsp;: alimentation, hygi\u00e8ne, \u00e9ducation \u00e0 la vie affective et sexuelle, d\u00e9veloppement des comp\u00e9tences psychosociales \u2026<\/p>\n<p>Elle participe aux enqu\u00eates de sant\u00e9 publique.<\/p>\n<p>Elle a aussi un r\u00f4le d\u2019\u00e9coute autant aupr\u00e8s des \u00e9l\u00e8ves, des parents et de l\u2019\u00e9quipe \u00e9ducative.<\/p>\n<p><strong>O\u00f9 et quand peut-on la voir&nbsp;?<\/strong><\/p>\n<p><strong>&nbsp;<\/strong>L&rsquo;infirmi\u00e8re du secteur, peut vous recevoir les<strong><i> mardi et jeudi toute la journ\u00e9e au coll\u00e8ge<\/i>,<\/strong> le lundi \u00e0 l\u2019\u00e9cole Auguste REJON, et le vendredi \u00e0 l\u2019\u00e9cole de TARTANE, sur rendez-vous.<\/p>\n<p><a href=\"\/clg-beausejour\"><img loading=\"lazy\" decoding=\"async\" src=\"\/clg-beausejour\/wp-content\/uploads\/sites\/48\/2015\/05\/Accueil-300x198.jpg\" class=\"aligncenter size-medium wp-image-401\" width=\"100\" height=\"66\" alt=\"Accueil\"><\/a><\/p>\n","protected":false},"excerpt":{"rendered":"<p>L\u2019infirmi\u00e8re de l\u2019\u00e9ducation nationale Qui est-elle&nbsp;? Mme BRUNAULT V\u00e9ronique L\u2019infirmi\u00e8re de l\u2019\u00e9ducation nationale est une infirmi\u00e8re dipl\u00f4m\u00e9e d\u2019\u00e9tat qui a choisi de se sp\u00e9cialiser&nbsp;en milieu scolaire; elle est recrut\u00e9e par voie de concours. Elle a en charge le coll\u00e8ge de Beaus\u00e9jour et les \u00e9coles maternelles et primaires de Beaus\u00e9jour et Tartane. Que fait-elle&nbsp;? L\u2019infirmi\u00e8re proc\u00e8de &hellip; <\/p>\n<p class=\"link-more\"><a href=\"https:\/\/site.ac-martinique.fr\/clg-beausejour\/?page_id=252\" class=\"more-link\">Continuer la lecture<span class=\"screen-reader-text\"> de &laquo;&nbsp;Infirmerie&nbsp;&raquo;<\/span><\/a><\/p>\n","protected":false},"author":115,"featured_media":0,"parent":0,"menu_order":0,"comment_status":"closed","ping_status":"open","template":"","meta":{"footnotes":""},"class_list":["post-252","page","type-page","status-publish","hentry"],"_links":{"self":[{"href":"https:\/\/site.ac-martinique.fr\/clg-beausejour\/index.php?rest_route=\/wp\/v2\/pages\/252","targetHints":{"allow":["GET"]}}],"collection":[{"href":"https:\/\/site.ac-martinique.fr\/clg-beausejour\/index.php?rest_route=\/wp\/v2\/pages"}],"about":[{"href":"https:\/\/site.ac-martinique.fr\/clg-beausejour\/index.php?rest_route=\/wp\/v2\/types\/page"}],"author":[{"embeddable":true,"href":"https:\/\/site.ac-martinique.fr\/clg-beausejour\/index.php?rest_route=\/wp\/v2\/users\/115"}],"replies":[{"embeddable":true,"href":"https:\/\/site.ac-martinique.fr\/clg-beausejour\/index.php?rest_route=%2Fwp%2Fv2%2Fcomments&post=252"}],"version-history":[{"count":7,"href":"https:\/\/site.ac-martinique.fr\/clg-beausejour\/index.php?rest_route=\/wp\/v2\/pages\/252\/revisions"}],"predecessor-version":[{"id":3152,"href":"https:\/\/site.ac-martinique.fr\/clg-beausejour\/index.php?rest_route=\/wp\/v2\/pages\/252\/revisions\/3152"}],"wp:attachment":[{"href":"https:\/\/site.ac-martinique.fr\/clg-beausejour\/index.php?rest_route=%2Fwp%2Fv2%2Fmedia&parent=252"}],"curies":[{"name":"wp","href":"https:\/\/api.w.org\/{rel}","templated":true}]}}