{"id":275,"date":"2015-05-18T14:51:04","date_gmt":"2015-05-18T18:51:04","guid":{"rendered":"\/clg-beausejour\/?page_id=275"},"modified":"2015-05-29T08:50:44","modified_gmt":"2015-05-29T12:50:44","slug":"ppre","status":"publish","type":"page","link":"https:\/\/site.ac-martinique.fr\/clg-beausejour\/?page_id=275","title":{"rendered":"PPRE"},"content":{"rendered":"<h2 style=\"text-align: center;\">Programmes Personnalis\u00e9s de R\u00e9ussite Educative<\/h2>\n<p><span style=\"text-decoration: underline;\">Pr\u00e9sentation<\/span><\/p>\n<p>Un programme personnalis\u00e9 de r\u00e9ussite \u00e9ducative (PPRE) est un plan coordonn\u00e9 d&rsquo;actions con\u00e7u pour r\u00e9pondre aux besoins d&rsquo;un \u00e9l\u00e8ve lorsqu&rsquo;il appara\u00eet qu&rsquo;il risque de ne pas ma\u00eetriser les connaissances et les comp\u00e9tences du socle commun. Il est propos\u00e9 \u00e0 l&rsquo;\u00e9cole \u00e9l\u00e9mentaire et au coll\u00e8ge. Il est \u00e9labor\u00e9 par l&rsquo;\u00e9quipe p\u00e9dagogique, discut\u00e9 avec les parents et pr\u00e9sent\u00e9 \u00e0 l&rsquo;\u00e9l\u00e8ve.<\/p>\n<p><span style=\"text-decoration: underline;\">Amener les \u00e9l\u00e8ves \u00e0 ma\u00eetriser les comp\u00e9tences du socle<\/span><\/p>\n<p>Le PPRE est propos\u00e9 \u00e0 tous les \u00e9l\u00e8ves qui risquent de ne pas ma\u00eetriser le socle commun. Il peut intervenir \u00e0 n&rsquo;importe quel moment de la scolarit\u00e9 obligatoire en fonction des besoins de chaque \u00e9l\u00e8ve. Il est temporaire : sa dur\u00e9e varie en fonction des difficult\u00e9s scolaires rencontr\u00e9es par l&rsquo;\u00e9l\u00e8ve et de ses progr\u00e8s.<\/p>\n<p>Il se concentre prioritairement sur le fran\u00e7ais, les math\u00e9matiques et, au coll\u00e8ge, sur la premi\u00e8re langue vivante. Il fixe des objectifs pr\u00e9cis en nombre r\u00e9duit. Il pr\u00e9vient l&rsquo;aggravation des difficult\u00e9s ou permet \u00e0 l&rsquo;\u00e9l\u00e8ve de surmonter les obstacles \u00e0 la poursuite de ses apprentissages.<\/p>\n<p>\u00c0 l&rsquo;\u00e9cole, les \u00e9valuations de CE1 et de CM2 facilitent le rep\u00e9rage des difficult\u00e9s d&rsquo;un \u00e9l\u00e8ve. Le PPRE donne coh\u00e9rence \u00e0 l&rsquo;ensemble des aides dont il b\u00e9n\u00e9ficie. Il est obligatoire pour les \u00e9l\u00e8ves qui redoublent.<\/p>\n<p>Au coll\u00e8ge, le PPRE permet d&rsquo;organiser une prise en charge personnalis\u00e9e autour d&rsquo;objectifs d&rsquo;apprentissage prioritaires, dans une p\u00e9riode d\u00e9finie (quelques semaines le plus souvent).<br \/>\nAu terme du PPRE, l&rsquo;enseignant, en g\u00e9n\u00e9ral le professeur principal, dresse un bilan pour d\u00e9cider :<br \/>\n\u2022 sa poursuite,<br \/>\n\u2022 son interruption,<br \/>\n\u2022 la r\u00e9vision de ses objectifs,<br \/>\n\u2022 l&rsquo;introduction de nouvelles actions.<\/p>\n<p><span style=\"text-decoration: underline;\">Impliquer l&rsquo;\u00e9quipe p\u00e9dagogique, l&rsquo;\u00e9l\u00e8ve et sa famille<\/span><\/p>\n<p>\u00c0 travers un PPRE, le professeur principal et le chef d&rsquo;\u00e9tablissement au coll\u00e8ge, l&rsquo;enseignant de la classe et le directeur \u00e0 l&rsquo;\u00e9cole, proposent \u00e0 l&rsquo;\u00e9l\u00e8ve et \u00e0 sa famille un plan d&rsquo;aide ciblant des connaissances et des comp\u00e9tences pr\u00e9cises.<\/p>\n<p>Ce plan est formalis\u00e9 : il repr\u00e9sente contrat entre l&rsquo;\u00e9cole ou le coll\u00e8ge et la famille. Il diversifie les aides propos\u00e9es qui vont de la diff\u00e9renciation p\u00e9dagogique dans la classe aux aides sp\u00e9cialis\u00e9es.<\/p>\n<p>Il pr\u00e9voit aussi les modalit\u00e9s d&rsquo;\u00e9valuation des progr\u00e8s de l&rsquo;\u00e9l\u00e8ve.<\/p>\n<p><a href=\"\/clg-beausejour\"><img loading=\"lazy\" decoding=\"async\" class=\"aligncenter size-medium wp-image-401\" src=\"\/clg-beausejour\/wp-content\/uploads\/sites\/48\/2015\/05\/Accueil-300x198.jpg\" alt=\"Accueil\" width=\"100\" height=\"66\" \/><\/a><\/p>\n","protected":false},"excerpt":{"rendered":"<p>Programmes Personnalis\u00e9s de R\u00e9ussite Educative Pr\u00e9sentation Un programme personnalis\u00e9 de r\u00e9ussite \u00e9ducative (PPRE) est un plan coordonn\u00e9 d&rsquo;actions con\u00e7u pour r\u00e9pondre aux besoins d&rsquo;un \u00e9l\u00e8ve lorsqu&rsquo;il appara\u00eet qu&rsquo;il risque de ne pas ma\u00eetriser les connaissances et les comp\u00e9tences du socle commun. Il est propos\u00e9 \u00e0 l&rsquo;\u00e9cole \u00e9l\u00e9mentaire et au coll\u00e8ge. Il est \u00e9labor\u00e9 par l&rsquo;\u00e9quipe &hellip; <\/p>\n<p class=\"link-more\"><a href=\"https:\/\/site.ac-martinique.fr\/clg-beausejour\/?page_id=275\" class=\"more-link\">Continuer la lecture<span class=\"screen-reader-text\"> de &laquo;&nbsp;PPRE&nbsp;&raquo;<\/span><\/a><\/p>\n","protected":false},"author":115,"featured_media":0,"parent":0,"menu_order":0,"comment_status":"closed","ping_status":"open","template":"","meta":{"footnotes":""},"class_list":["post-275","page","type-page","status-publish","hentry"],"_links":{"self":[{"href":"https:\/\/site.ac-martinique.fr\/clg-beausejour\/index.php?rest_route=\/wp\/v2\/pages\/275","targetHints":{"allow":["GET"]}}],"collection":[{"href":"https:\/\/site.ac-martinique.fr\/clg-beausejour\/index.php?rest_route=\/wp\/v2\/pages"}],"about":[{"href":"https:\/\/site.ac-martinique.fr\/clg-beausejour\/index.php?rest_route=\/wp\/v2\/types\/page"}],"author":[{"embeddable":true,"href":"https:\/\/site.ac-martinique.fr\/clg-beausejour\/index.php?rest_route=\/wp\/v2\/users\/115"}],"replies":[{"embeddable":true,"href":"https:\/\/site.ac-martinique.fr\/clg-beausejour\/index.php?rest_route=%2Fwp%2Fv2%2Fcomments&post=275"}],"version-history":[{"count":3,"href":"https:\/\/site.ac-martinique.fr\/clg-beausejour\/index.php?rest_route=\/wp\/v2\/pages\/275\/revisions"}],"predecessor-version":[{"id":554,"href":"https:\/\/site.ac-martinique.fr\/clg-beausejour\/index.php?rest_route=\/wp\/v2\/pages\/275\/revisions\/554"}],"wp:attachment":[{"href":"https:\/\/site.ac-martinique.fr\/clg-beausejour\/index.php?rest_route=%2Fwp%2Fv2%2Fmedia&parent=275"}],"curies":[{"name":"wp","href":"https:\/\/api.w.org\/{rel}","templated":true}]}}