{"id":3174,"date":"2022-12-24T12:56:29","date_gmt":"2022-12-24T16:56:29","guid":{"rendered":"https:\/\/site.ac-martinique.fr\/clg-beausejour\/?page_id=3174"},"modified":"2023-09-27T00:34:56","modified_gmt":"2023-09-27T04:34:56","slug":"comite-directeur-de-lassociation-sportive","status":"publish","type":"page","link":"https:\/\/site.ac-martinique.fr\/clg-beausejour\/?page_id=3174","title":{"rendered":"COMITE DIRECTEUR DE L&rsquo;ASSOCIATION SPORTIVE"},"content":{"rendered":"\n<p><strong>Ann\u00e9e scolaire 2023\/2024<\/strong><\/p>\n\n\n\n<figure class=\"wp-block-image size-full is-resized\"><a href=\"https:\/\/site.ac-martinique.fr\/clg-beausejour\/wp-content\/uploads\/sites\/48\/2023\/01\/12CB77E4-FBAB-487C-811A-89E471B78B84.jpeg\"><img loading=\"lazy\" decoding=\"async\" src=\"https:\/\/site.ac-martinique.fr\/clg-beausejour\/wp-content\/uploads\/sites\/48\/2023\/01\/12CB77E4-FBAB-487C-811A-89E471B78B84.jpeg\" alt=\"\" class=\"wp-image-3327\" style=\"width:199px;height:196px\" width=\"199\" height=\"196\" srcset=\"https:\/\/site.ac-martinique.fr\/clg-beausejour\/wp-content\/uploads\/sites\/48\/2023\/01\/12CB77E4-FBAB-487C-811A-89E471B78B84.jpeg 306w, https:\/\/site.ac-martinique.fr\/clg-beausejour\/wp-content\/uploads\/sites\/48\/2023\/01\/12CB77E4-FBAB-487C-811A-89E471B78B84-300x296.jpeg 300w\" sizes=\"auto, (max-width: 199px) 100vw, 199px\" \/><\/a><\/figure>\n\n\n\n<ul class=\"wp-block-list\">\n<li>Pr\u00e9sidente                                                                             Mme Flora ZAIRE<\/li>\n\n\n\n<li>SECRETAIRE                                                                            M  Jean Louis ANDRE<\/li>\n\n\n\n<li>TRESORIER                                                                              M Raymond PETIT FRERE<\/li>\n\n\n\n<li>VICE PRESIDENT PARENT                                                      Mme ALBERT MARTIN Emeline<\/li>\n\n\n\n<li>VICE PRESIDENT ELEVE                                                         M MONJARDET BELLOCQ Milo<\/li>\n\n\n\n<li><\/li>\n<\/ul>\n\n\n\n<p>Les \u00e9l\u00e8ves<\/p>\n\n\n\n<p> DANCRADE Doriane responsable de la section musculation<\/p>\n\n\n\n<p> BONIFACE S\u00e9phora responsable de la section Badminton <\/p>\n\n\n\n<p>LIRICE L\u00e9o responsable de la section voile<\/p>\n\n\n\n<p> RADEGONDE Siryane responsable de la section Basket\u00a0<\/p>\n\n\n\n<figure class=\"wp-block-image size-large is-resized\"><a href=\"https:\/\/site.ac-martinique.fr\/clg-beausejour\/wp-content\/uploads\/sites\/48\/2021\/09\/cropped-cropped-cd54cdff-2540-4c49-afd1-18d0ce3433ac.png\"><img loading=\"lazy\" decoding=\"async\" src=\"https:\/\/site.ac-martinique.fr\/clg-beausejour\/wp-content\/uploads\/sites\/48\/2021\/09\/cropped-cropped-cd54cdff-2540-4c49-afd1-18d0ce3433ac-1024x1006.png\" alt=\"\" class=\"wp-image-3193\" style=\"width:199px;height:196px\" width=\"199\" height=\"196\" srcset=\"https:\/\/site.ac-martinique.fr\/clg-beausejour\/wp-content\/uploads\/sites\/48\/2021\/09\/cropped-cropped-cd54cdff-2540-4c49-afd1-18d0ce3433ac-1024x1006.png 1024w, https:\/\/site.ac-martinique.fr\/clg-beausejour\/wp-content\/uploads\/sites\/48\/2021\/09\/cropped-cropped-cd54cdff-2540-4c49-afd1-18d0ce3433ac-300x295.png 300w, https:\/\/site.ac-martinique.fr\/clg-beausejour\/wp-content\/uploads\/sites\/48\/2021\/09\/cropped-cropped-cd54cdff-2540-4c49-afd1-18d0ce3433ac-768x755.png 768w, https:\/\/site.ac-martinique.fr\/clg-beausejour\/wp-content\/uploads\/sites\/48\/2021\/09\/cropped-cropped-cd54cdff-2540-4c49-afd1-18d0ce3433ac-1536x1509.png 1536w, https:\/\/site.ac-martinique.fr\/clg-beausejour\/wp-content\/uploads\/sites\/48\/2021\/09\/cropped-cropped-cd54cdff-2540-4c49-afd1-18d0ce3433ac.png 2000w\" sizes=\"auto, (max-width: 199px) 100vw, 199px\" \/><\/a><\/figure>\n","protected":false},"excerpt":{"rendered":"<p>Ann\u00e9e scolaire 2023\/2024 Les \u00e9l\u00e8ves DANCRADE Doriane responsable de la section musculation BONIFACE S\u00e9phora responsable de la section Badminton LIRICE L\u00e9o responsable de la section voile RADEGONDE Siryane responsable de la section Basket\u00a0<\/p>\n","protected":false},"author":115,"featured_media":0,"parent":348,"menu_order":0,"comment_status":"closed","ping_status":"closed","template":"","meta":{"footnotes":""},"class_list":["post-3174","page","type-page","status-publish","hentry"],"_links":{"self":[{"href":"https:\/\/site.ac-martinique.fr\/clg-beausejour\/index.php?rest_route=\/wp\/v2\/pages\/3174","targetHints":{"allow":["GET"]}}],"collection":[{"href":"https:\/\/site.ac-martinique.fr\/clg-beausejour\/index.php?rest_route=\/wp\/v2\/pages"}],"about":[{"href":"https:\/\/site.ac-martinique.fr\/clg-beausejour\/index.php?rest_route=\/wp\/v2\/types\/page"}],"author":[{"embeddable":true,"href":"https:\/\/site.ac-martinique.fr\/clg-beausejour\/index.php?rest_route=\/wp\/v2\/users\/115"}],"replies":[{"embeddable":true,"href":"https:\/\/site.ac-martinique.fr\/clg-beausejour\/index.php?rest_route=%2Fwp%2Fv2%2Fcomments&post=3174"}],"version-history":[{"count":3,"href":"https:\/\/site.ac-martinique.fr\/clg-beausejour\/index.php?rest_route=\/wp\/v2\/pages\/3174\/revisions"}],"predecessor-version":[{"id":3630,"href":"https:\/\/site.ac-martinique.fr\/clg-beausejour\/index.php?rest_route=\/wp\/v2\/pages\/3174\/revisions\/3630"}],"up":[{"embeddable":true,"href":"https:\/\/site.ac-martinique.fr\/clg-beausejour\/index.php?rest_route=\/wp\/v2\/pages\/348"}],"wp:attachment":[{"href":"https:\/\/site.ac-martinique.fr\/clg-beausejour\/index.php?rest_route=%2Fwp%2Fv2%2Fmedia&parent=3174"}],"curies":[{"name":"wp","href":"https:\/\/api.w.org\/{rel}","templated":true}]}}