{"id":3315,"date":"2023-01-03T23:25:42","date_gmt":"2023-01-04T03:25:42","guid":{"rendered":"https:\/\/site.ac-martinique.fr\/clg-beausejour\/?page_id=3315"},"modified":"2023-01-04T07:48:22","modified_gmt":"2023-01-04T11:48:22","slug":"le-cross-en-2022","status":"publish","type":"page","link":"https:\/\/site.ac-martinique.fr\/clg-beausejour\/?page_id=3315","title":{"rendered":"Le CROSS"},"content":{"rendered":"\n<figure class=\"wp-block-image size-full is-resized\"><a href=\"https:\/\/site.ac-martinique.fr\/clg-beausejour\/wp-content\/uploads\/sites\/48\/2023\/01\/12CB77E4-FBAB-487C-811A-89E471B78B84.jpeg\"><img loading=\"lazy\" decoding=\"async\" src=\"https:\/\/site.ac-martinique.fr\/clg-beausejour\/wp-content\/uploads\/sites\/48\/2023\/01\/12CB77E4-FBAB-487C-811A-89E471B78B84.jpeg\" alt=\"\" class=\"wp-image-3327\" width=\"119\" height=\"117\" srcset=\"https:\/\/site.ac-martinique.fr\/clg-beausejour\/wp-content\/uploads\/sites\/48\/2023\/01\/12CB77E4-FBAB-487C-811A-89E471B78B84.jpeg 306w, https:\/\/site.ac-martinique.fr\/clg-beausejour\/wp-content\/uploads\/sites\/48\/2023\/01\/12CB77E4-FBAB-487C-811A-89E471B78B84-300x296.jpeg 300w\" sizes=\"auto, (max-width: 119px) 100vw, 119px\" \/><\/a><\/figure>\n\n\n\n<p><strong>Cross de district \u00e0 TRINITE .<\/strong>30 novembre 2022<\/p>\n\n\n\n<figure class=\"wp-block-image size-full\"><a href=\"https:\/\/site.ac-martinique.fr\/clg-beausejour\/wp-content\/uploads\/sites\/48\/2023\/01\/93751873-3FF7-4E0B-B0C0-573DCAAA8272.jpeg\"><img loading=\"lazy\" decoding=\"async\" width=\"479\" height=\"640\" src=\"https:\/\/site.ac-martinique.fr\/clg-beausejour\/wp-content\/uploads\/sites\/48\/2023\/01\/93751873-3FF7-4E0B-B0C0-573DCAAA8272.jpeg\" alt=\"\" class=\"wp-image-3322\" srcset=\"https:\/\/site.ac-martinique.fr\/clg-beausejour\/wp-content\/uploads\/sites\/48\/2023\/01\/93751873-3FF7-4E0B-B0C0-573DCAAA8272.jpeg 479w, https:\/\/site.ac-martinique.fr\/clg-beausejour\/wp-content\/uploads\/sites\/48\/2023\/01\/93751873-3FF7-4E0B-B0C0-573DCAAA8272-225x300.jpeg 225w\" sizes=\"auto, (max-width: 479px) 100vw, 479px\" \/><\/a><\/figure>\n\n\n\n<p><strong>R\u00e9sultats<\/strong><\/p>\n\n\n\n<div data-wp-interactive=\"core\/file\" class=\"wp-block-file\"><object data-wp-bind--hidden=\"!state.hasPdfPreview\" hidden class=\"wp-block-file__embed\" data=\"https:\/\/site.ac-martinique.fr\/clg-beausejour\/wp-content\/uploads\/sites\/48\/2023\/01\/Gestion-cross-DISTRICT-2022.pdf\" type=\"application\/pdf\" style=\"width:100%;height:600px\" aria-label=\"Contenu embarqu\u00e9 Gestion-cross-DISTRICT-2022.\"><\/object><a id=\"wp-block-file--media-15d05ee0-c8d5-4293-9116-3fc07229f73f\" href=\"https:\/\/site.ac-martinique.fr\/clg-beausejour\/wp-content\/uploads\/sites\/48\/2023\/01\/Gestion-cross-DISTRICT-2022.pdf\">Gestion-cross-DISTRICT-2022<\/a><a href=\"https:\/\/site.ac-martinique.fr\/clg-beausejour\/wp-content\/uploads\/sites\/48\/2023\/01\/Gestion-cross-DISTRICT-2022.pdf\" class=\"wp-block-file__button wp-element-button\" download aria-describedby=\"wp-block-file--media-15d05ee0-c8d5-4293-9116-3fc07229f73f\">T\u00e9l\u00e9charger<\/a><\/div>\n\n\n\n<p><br><\/p>\n\n\n\n<p><span style=\"text-decoration: underline;\">FINALES ACAD\u00c9MIQUES <\/span> au Morne Vert. 14 d\u00e9cembre 2022<\/p>\n\n\n\n<figure class=\"wp-block-image size-full\"><a href=\"https:\/\/site.ac-martinique.fr\/clg-beausejour\/wp-content\/uploads\/sites\/48\/2023\/01\/000AAE0E-19D6-4CF3-99AE-CED46B57E8DC.jpeg\"><img loading=\"lazy\" decoding=\"async\" width=\"479\" height=\"640\" src=\"https:\/\/site.ac-martinique.fr\/clg-beausejour\/wp-content\/uploads\/sites\/48\/2023\/01\/000AAE0E-19D6-4CF3-99AE-CED46B57E8DC.jpeg\" alt=\"\" class=\"wp-image-3321\" srcset=\"https:\/\/site.ac-martinique.fr\/clg-beausejour\/wp-content\/uploads\/sites\/48\/2023\/01\/000AAE0E-19D6-4CF3-99AE-CED46B57E8DC.jpeg 479w, https:\/\/site.ac-martinique.fr\/clg-beausejour\/wp-content\/uploads\/sites\/48\/2023\/01\/000AAE0E-19D6-4CF3-99AE-CED46B57E8DC-225x300.jpeg 225w\" sizes=\"auto, (max-width: 479px) 100vw, 479px\" \/><\/a><\/figure>\n\n\n\n<p>les r\u00e9sultats :<\/p>\n\n\n\n<div data-wp-interactive=\"core\/file\" class=\"wp-block-file\"><object data-wp-bind--hidden=\"!state.hasPdfPreview\" hidden class=\"wp-block-file__embed\" data=\"https:\/\/site.ac-martinique.fr\/clg-beausejour\/wp-content\/uploads\/sites\/48\/2023\/01\/Classements-equipes-mixtes-college.pdf\" type=\"application\/pdf\" style=\"width:100%;height:600px\" aria-label=\"Contenu embarqu\u00e9 Classements-equipes-mixtes-college.\"><\/object><a id=\"wp-block-file--media-3878ec5b-3529-43ce-a711-f2277624368d\" href=\"https:\/\/site.ac-martinique.fr\/clg-beausejour\/wp-content\/uploads\/sites\/48\/2023\/01\/Classements-equipes-mixtes-college.pdf\">Classements-equipes-mixtes-college<\/a><a href=\"https:\/\/site.ac-martinique.fr\/clg-beausejour\/wp-content\/uploads\/sites\/48\/2023\/01\/Classements-equipes-mixtes-college.pdf\" class=\"wp-block-file__button wp-element-button\" download aria-describedby=\"wp-block-file--media-3878ec5b-3529-43ce-a711-f2277624368d\">T\u00e9l\u00e9charger<\/a><\/div>\n\n\n\n<div data-wp-interactive=\"core\/file\" class=\"wp-block-file\"><object data-wp-bind--hidden=\"!state.hasPdfPreview\" hidden class=\"wp-block-file__embed\" data=\"https:\/\/site.ac-martinique.fr\/clg-beausejour\/wp-content\/uploads\/sites\/48\/2023\/01\/Cross-Benjamines.pdf\" type=\"application\/pdf\" style=\"width:100%;height:600px\" aria-label=\"Contenu embarqu\u00e9 Cross-Benjamines.\"><\/object><a id=\"wp-block-file--media-f8a75a10-a939-48f9-9b91-d3042912b95c\" href=\"https:\/\/site.ac-martinique.fr\/clg-beausejour\/wp-content\/uploads\/sites\/48\/2023\/01\/Cross-Benjamines.pdf\">Cross-Benjamines<\/a><a href=\"https:\/\/site.ac-martinique.fr\/clg-beausejour\/wp-content\/uploads\/sites\/48\/2023\/01\/Cross-Benjamines.pdf\" class=\"wp-block-file__button wp-element-button\" download aria-describedby=\"wp-block-file--media-f8a75a10-a939-48f9-9b91-d3042912b95c\">T\u00e9l\u00e9charger<\/a><\/div>\n\n\n\n<div data-wp-interactive=\"core\/file\" class=\"wp-block-file\"><object data-wp-bind--hidden=\"!state.hasPdfPreview\" hidden class=\"wp-block-file__embed\" data=\"https:\/\/site.ac-martinique.fr\/clg-beausejour\/wp-content\/uploads\/sites\/48\/2023\/01\/CROSS-BENJAMINS.pdf\" type=\"application\/pdf\" style=\"width:100%;height:600px\" aria-label=\"Contenu embarqu\u00e9 CROSS-BENJAMINS.\"><\/object><a id=\"wp-block-file--media-2bd9067e-62b0-49a2-911e-cbf161ab19de\" href=\"https:\/\/site.ac-martinique.fr\/clg-beausejour\/wp-content\/uploads\/sites\/48\/2023\/01\/CROSS-BENJAMINS.pdf\">CROSS-BENJAMINS<\/a><a href=\"https:\/\/site.ac-martinique.fr\/clg-beausejour\/wp-content\/uploads\/sites\/48\/2023\/01\/CROSS-BENJAMINS.pdf\" class=\"wp-block-file__button wp-element-button\" download aria-describedby=\"wp-block-file--media-2bd9067e-62b0-49a2-911e-cbf161ab19de\">T\u00e9l\u00e9charger<\/a><\/div>\n\n\n\n<div data-wp-interactive=\"core\/file\" class=\"wp-block-file\"><object data-wp-bind--hidden=\"!state.hasPdfPreview\" hidden class=\"wp-block-file__embed\" data=\"https:\/\/site.ac-martinique.fr\/clg-beausejour\/wp-content\/uploads\/sites\/48\/2023\/01\/Cross-minimes-filles.pdf\" type=\"application\/pdf\" style=\"width:100%;height:600px\" aria-label=\"Contenu embarqu\u00e9 Cross-minimes-filles.\"><\/object><a id=\"wp-block-file--media-4ba379f7-3ab4-40a2-8a3f-cf7510b8207c\" href=\"https:\/\/site.ac-martinique.fr\/clg-beausejour\/wp-content\/uploads\/sites\/48\/2023\/01\/Cross-minimes-filles.pdf\">Cross-minimes-filles<\/a><a href=\"https:\/\/site.ac-martinique.fr\/clg-beausejour\/wp-content\/uploads\/sites\/48\/2023\/01\/Cross-minimes-filles.pdf\" class=\"wp-block-file__button wp-element-button\" download aria-describedby=\"wp-block-file--media-4ba379f7-3ab4-40a2-8a3f-cf7510b8207c\">T\u00e9l\u00e9charger<\/a><\/div>\n\n\n\n<div data-wp-interactive=\"core\/file\" class=\"wp-block-file\"><object data-wp-bind--hidden=\"!state.hasPdfPreview\" hidden class=\"wp-block-file__embed\" data=\"https:\/\/site.ac-martinique.fr\/clg-beausejour\/wp-content\/uploads\/sites\/48\/2023\/01\/CROSS-MINIMES-GARCONS.pdf\" type=\"application\/pdf\" style=\"width:100%;height:600px\" aria-label=\"Contenu embarqu\u00e9 CROSS-MINIMES-GARCONS.\"><\/object><a id=\"wp-block-file--media-2d654f75-00ad-4b77-91bf-e99f6b3846e4\" href=\"https:\/\/site.ac-martinique.fr\/clg-beausejour\/wp-content\/uploads\/sites\/48\/2023\/01\/CROSS-MINIMES-GARCONS.pdf\">CROSS-MINIMES-GARCONS<\/a><a href=\"https:\/\/site.ac-martinique.fr\/clg-beausejour\/wp-content\/uploads\/sites\/48\/2023\/01\/CROSS-MINIMES-GARCONS.pdf\" class=\"wp-block-file__button wp-element-button\" download aria-describedby=\"wp-block-file--media-2d654f75-00ad-4b77-91bf-e99f6b3846e4\">T\u00e9l\u00e9charger<\/a><\/div>\n","protected":false},"excerpt":{"rendered":"<p>Cross de district \u00e0 TRINITE .30 novembre 2022 R\u00e9sultats FINALES ACAD\u00c9MIQUES au Morne Vert. 14 d\u00e9cembre 2022 les r\u00e9sultats :<\/p>\n","protected":false},"author":115,"featured_media":0,"parent":0,"menu_order":0,"comment_status":"closed","ping_status":"closed","template":"","meta":{"footnotes":""},"class_list":["post-3315","page","type-page","status-publish","hentry"],"_links":{"self":[{"href":"https:\/\/site.ac-martinique.fr\/clg-beausejour\/index.php?rest_route=\/wp\/v2\/pages\/3315","targetHints":{"allow":["GET"]}}],"collection":[{"href":"https:\/\/site.ac-martinique.fr\/clg-beausejour\/index.php?rest_route=\/wp\/v2\/pages"}],"about":[{"href":"https:\/\/site.ac-martinique.fr\/clg-beausejour\/index.php?rest_route=\/wp\/v2\/types\/page"}],"author":[{"embeddable":true,"href":"https:\/\/site.ac-martinique.fr\/clg-beausejour\/index.php?rest_route=\/wp\/v2\/users\/115"}],"replies":[{"embeddable":true,"href":"https:\/\/site.ac-martinique.fr\/clg-beausejour\/index.php?rest_route=%2Fwp%2Fv2%2Fcomments&post=3315"}],"version-history":[{"count":3,"href":"https:\/\/site.ac-martinique.fr\/clg-beausejour\/index.php?rest_route=\/wp\/v2\/pages\/3315\/revisions"}],"predecessor-version":[{"id":3329,"href":"https:\/\/site.ac-martinique.fr\/clg-beausejour\/index.php?rest_route=\/wp\/v2\/pages\/3315\/revisions\/3329"}],"wp:attachment":[{"href":"https:\/\/site.ac-martinique.fr\/clg-beausejour\/index.php?rest_route=%2Fwp%2Fv2%2Fmedia&parent=3315"}],"curies":[{"name":"wp","href":"https:\/\/api.w.org\/{rel}","templated":true}]}}