{"id":3337,"date":"2023-03-06T20:14:06","date_gmt":"2023-03-07T00:14:06","guid":{"rendered":"https:\/\/site.ac-martinique.fr\/clg-beausejour\/?page_id=3337"},"modified":"2024-11-07T19:24:42","modified_gmt":"2024-11-07T23:24:42","slug":"les-eco-delegues","status":"publish","type":"page","link":"https:\/\/site.ac-martinique.fr\/clg-beausejour\/?page_id=3337","title":{"rendered":"L&rsquo;Education au D\u00e9veloppement Durable(EDD)"},"content":{"rendered":"\n<figure class=\"wp-block-image size-thumbnail\"><a href=\"https:\/\/site.ac-martinique.fr\/clg-beausejour\/wp-content\/uploads\/sites\/48\/2023\/03\/logo-edd.jpg\"><img loading=\"lazy\" decoding=\"async\" width=\"150\" height=\"150\" src=\"https:\/\/site.ac-martinique.fr\/clg-beausejour\/wp-content\/uploads\/sites\/48\/2023\/03\/logo-edd-150x150.jpg\" alt=\"\" class=\"wp-image-3368\" srcset=\"https:\/\/site.ac-martinique.fr\/clg-beausejour\/wp-content\/uploads\/sites\/48\/2023\/03\/logo-edd-150x150.jpg 150w, https:\/\/site.ac-martinique.fr\/clg-beausejour\/wp-content\/uploads\/sites\/48\/2023\/03\/logo-edd-100x100.jpg 100w\" sizes=\"auto, (max-width: 150px) 100vw, 150px\" \/><\/a><\/figure>\n\n\n\n<figure class=\"wp-block-image size-full\"><a href=\"https:\/\/site.ac-martinique.fr\/clg-beausejour\/wp-content\/uploads\/sites\/48\/2023\/03\/WhatsApp-Image-2023-03-07-at-08.10.10.jpeg\"><img loading=\"lazy\" decoding=\"async\" width=\"1024\" height=\"768\" src=\"https:\/\/site.ac-martinique.fr\/clg-beausejour\/wp-content\/uploads\/sites\/48\/2023\/03\/WhatsApp-Image-2023-03-07-at-08.10.10.jpeg\" alt=\"\" class=\"wp-image-3363\" srcset=\"https:\/\/site.ac-martinique.fr\/clg-beausejour\/wp-content\/uploads\/sites\/48\/2023\/03\/WhatsApp-Image-2023-03-07-at-08.10.10.jpeg 1024w, https:\/\/site.ac-martinique.fr\/clg-beausejour\/wp-content\/uploads\/sites\/48\/2023\/03\/WhatsApp-Image-2023-03-07-at-08.10.10-300x225.jpeg 300w, https:\/\/site.ac-martinique.fr\/clg-beausejour\/wp-content\/uploads\/sites\/48\/2023\/03\/WhatsApp-Image-2023-03-07-at-08.10.10-768x576.jpeg 768w\" sizes=\"auto, (max-width: 767px) 89vw, (max-width: 1000px) 54vw, (max-width: 1071px) 543px, 580px\" \/><\/a><\/figure>\n\n\n\n<p>Dans le cadre de l\u2019EDD, les \u00e9co-d\u00e9l\u00e9gu\u00e9s mettent en place des actions afin d\u2019obtenir le label E3D confirmant leur int\u00e9r\u00eat pour pr\u00e9server la plan\u00e8te et leur environnement scolaire. Il s\u2019agit d\u2019actions remarquables relatives \u00e0 leur engagement autour des th\u00e8mes de : l\u2019\u00e9nergie, l\u2019eau, la nourriture, les d\u00e9chets, la solidarit\u00e9 internationale, la sant\u00e9, la qualit\u00e9 de vie, la biodiversit\u00e9, la coop\u00e9ration locale et la coh\u00e9sion de la communaut\u00e9 \u00e9ducative.<br>Cette d\u00e9marche s\u2019appuie sur les 17 Objectifs de D\u00e9veloppement Durable de l\u2019agenda 2030 de l\u2019ONU privil\u00e9giant la transition \u00e9cologique.<\/p>\n\n\n\n<figure class=\"wp-block-image size-medium is-resized\"><a href=\"https:\/\/site.ac-martinique.fr\/clg-beausejour\/wp-content\/uploads\/sites\/48\/2023\/03\/prenons-soin-de-notre-planete.jpg\"><img loading=\"lazy\" decoding=\"async\" width=\"169\" height=\"300\" src=\"https:\/\/site.ac-martinique.fr\/clg-beausejour\/wp-content\/uploads\/sites\/48\/2023\/03\/prenons-soin-de-notre-planete-169x300.jpg\" alt=\"\" class=\"wp-image-3369\" style=\"width:265px;height:470px\" srcset=\"https:\/\/site.ac-martinique.fr\/clg-beausejour\/wp-content\/uploads\/sites\/48\/2023\/03\/prenons-soin-de-notre-planete-169x300.jpg 169w, https:\/\/site.ac-martinique.fr\/clg-beausejour\/wp-content\/uploads\/sites\/48\/2023\/03\/prenons-soin-de-notre-planete.jpg 576w\" sizes=\"auto, (max-width: 169px) 100vw, 169px\" \/><\/a><\/figure>\n\n\n\n<p><\/p>\n\n\n\n<h2 class=\"wp-block-heading\"><strong>Voir tous les articles sur le d\u00e9veloppement durable<\/strong><\/h2>\n\n\n\n<h2 class=\"wp-block-heading\">                            &#8211;<a href=\"http:\/\/site.ac-martinique.fr\/clg-beausejour\/?p=3333\" data-type=\"URL\" data-id=\"http:\/\/site.ac-martinique.fr\/clg-beausejour\/?p=3333\">FABRICATION DE DEODORANT<\/a><\/h2>\n\n\n\n<p>                                   &#8211;<a href=\"http:\/\/site.ac-martinique.fr\/clg-beausejour\/?p=3061\" data-type=\"URL\" data-id=\"http:\/\/site.ac-martinique.fr\/clg-beausejour\/?p=3061\">FORMATION DES ECO-DELEGUES<\/a><\/p>\n\n\n\n<p>                                   &#8211;<a href=\"http:\/\/site.ac-martinique.fr\/clg-beausejour\/?p=3084\" data-type=\"URL\" data-id=\"http:\/\/site.ac-martinique.fr\/clg-beausejour\/?p=3084\">VISITE DE L&rsquo;EXPOSITION\u00a0\u00bbMA MAISON,MES DECHETS ET MOI\u00a0\u00bb<\/a><\/p>\n\n\n\n<p>                                   <a href=\"http:\/\/site.ac-martinique.fr\/clg-beausejour\/?p=3032\" data-type=\"URL\" data-id=\"site.ac-martinique.fr\/clg-beausejour\/?p=3032\">-L&rsquo;AFFICHE<\/a><\/p>\n\n\n\n<p>                                  &#8211;<a href=\"http:\/\/site.ac-martinique.fr\/clg-beausejour\/?p=3010\" data-type=\"URL\" data-id=\"site.ac-martinique.fr\/clg-beausejour\/?p=3010\">NETTOYAGE DU PARKING<\/a><\/p>\n\n\n\n<div id=\"metaslider-id-3375\" style=\"max-width: 1000px; margin: 0 auto;\" class=\"ml-slider-3-107-0 metaslider metaslider-flex metaslider-3375 ml-slider has-dots-nav ms-theme-default\" role=\"region\" aria-label=\"Nettoyage du parking\" data-height=\"800\" data-width=\"1000\">\n    <div id=\"metaslider_container_3375\">\n        <div id=\"metaslider_3375\" class=\"flexslider\">\n            <ul class='slides'>\n                <li style=\"display: block; width: 100%;\" class=\"slide-3376 ms-image \" aria-roledescription=\"slide\" data-date=\"2023-03-09 09:16:12\" data-filename=\"31B3B9A3-DEA0-4A81-91EA-DC41498F2D08.jpeg\" data-slide-type=\"image\"><img loading=\"lazy\" decoding=\"async\" width=\"768\" height=\"1024\" src=\"https:\/\/site.ac-martinique.fr\/clg-beausejour\/wp-content\/uploads\/sites\/48\/2022\/08\/31B3B9A3-DEA0-4A81-91EA-DC41498F2D08.jpeg\" class=\"slider-3375 slide-3376 msDefaultImage\" alt=\"\" rel=\"\" title=\"31B3B9A3-DEA0-4A81-91EA-DC41498F2D08\" style=\"margin: 0 auto; width: 60%\" srcset=\"https:\/\/site.ac-martinique.fr\/clg-beausejour\/wp-content\/uploads\/sites\/48\/2022\/08\/31B3B9A3-DEA0-4A81-91EA-DC41498F2D08.jpeg 768w, https:\/\/site.ac-martinique.fr\/clg-beausejour\/wp-content\/uploads\/sites\/48\/2022\/08\/31B3B9A3-DEA0-4A81-91EA-DC41498F2D08-225x300.jpeg 225w\" sizes=\"auto, 100vw\" \/><\/li>\n                <li style=\"display: none; width: 100%;\" class=\"slide-3377 ms-image \" aria-roledescription=\"slide\" data-date=\"2023-03-09 09:16:26\" data-filename=\"8D9F12A9-2D55-4400-9C79-EF0E4CABFD8E.jpeg\" data-slide-type=\"image\"><img loading=\"lazy\" decoding=\"async\" width=\"768\" height=\"1024\" src=\"https:\/\/site.ac-martinique.fr\/clg-beausejour\/wp-content\/uploads\/sites\/48\/2022\/08\/8D9F12A9-2D55-4400-9C79-EF0E4CABFD8E.jpeg\" class=\"slider-3375 slide-3377 msDefaultImage\" alt=\"\" rel=\"\" title=\"8D9F12A9-2D55-4400-9C79-EF0E4CABFD8E\" style=\"margin: 0 auto; width: 60%\" srcset=\"https:\/\/site.ac-martinique.fr\/clg-beausejour\/wp-content\/uploads\/sites\/48\/2022\/08\/8D9F12A9-2D55-4400-9C79-EF0E4CABFD8E.jpeg 768w, https:\/\/site.ac-martinique.fr\/clg-beausejour\/wp-content\/uploads\/sites\/48\/2022\/08\/8D9F12A9-2D55-4400-9C79-EF0E4CABFD8E-225x300.jpeg 225w\" sizes=\"auto, 100vw\" \/><\/li>\n                <li style=\"display: none; width: 100%;\" class=\"slide-3378 ms-image \" aria-roledescription=\"slide\" data-date=\"2023-03-09 09:16:37\" data-filename=\"C7FF57D5-6F72-4463-B463-88BC8BC0AF14.jpeg\" data-slide-type=\"image\"><img loading=\"lazy\" decoding=\"async\" width=\"1024\" height=\"768\" src=\"https:\/\/site.ac-martinique.fr\/clg-beausejour\/wp-content\/uploads\/sites\/48\/2022\/08\/C7FF57D5-6F72-4463-B463-88BC8BC0AF14.jpeg\" class=\"slider-3375 slide-3378 msDefaultImage\" alt=\"\" rel=\"\" title=\"C7FF57D5-6F72-4463-B463-88BC8BC0AF14\" style=\"margin-top: 2.5%\" srcset=\"https:\/\/site.ac-martinique.fr\/clg-beausejour\/wp-content\/uploads\/sites\/48\/2022\/08\/C7FF57D5-6F72-4463-B463-88BC8BC0AF14.jpeg 1024w, https:\/\/site.ac-martinique.fr\/clg-beausejour\/wp-content\/uploads\/sites\/48\/2022\/08\/C7FF57D5-6F72-4463-B463-88BC8BC0AF14-300x225.jpeg 300w, https:\/\/site.ac-martinique.fr\/clg-beausejour\/wp-content\/uploads\/sites\/48\/2022\/08\/C7FF57D5-6F72-4463-B463-88BC8BC0AF14-768x576.jpeg 768w\" sizes=\"auto, 100vw\" \/><\/li>\n                <li style=\"display: none; width: 100%;\" class=\"slide-3379 ms-image \" aria-roledescription=\"slide\" data-date=\"2023-03-09 09:16:49\" data-filename=\"0F87AE47-C803-4D26-9CF3-879A0B78DB61.jpeg\" data-slide-type=\"image\"><img loading=\"lazy\" decoding=\"async\" width=\"768\" height=\"1024\" src=\"https:\/\/site.ac-martinique.fr\/clg-beausejour\/wp-content\/uploads\/sites\/48\/2022\/08\/0F87AE47-C803-4D26-9CF3-879A0B78DB61.jpeg\" class=\"slider-3375 slide-3379 msDefaultImage\" alt=\"\" rel=\"\" title=\"0F87AE47-C803-4D26-9CF3-879A0B78DB61\" style=\"margin: 0 auto; width: 60%\" srcset=\"https:\/\/site.ac-martinique.fr\/clg-beausejour\/wp-content\/uploads\/sites\/48\/2022\/08\/0F87AE47-C803-4D26-9CF3-879A0B78DB61.jpeg 768w, https:\/\/site.ac-martinique.fr\/clg-beausejour\/wp-content\/uploads\/sites\/48\/2022\/08\/0F87AE47-C803-4D26-9CF3-879A0B78DB61-225x300.jpeg 225w\" sizes=\"auto, 100vw\" \/><\/li>\n                <li style=\"display: none; width: 100%;\" class=\"slide-3380 ms-image \" aria-roledescription=\"slide\" data-date=\"2023-03-09 09:17:03\" data-filename=\"254B7D83-977E-4D06-9876-E8E6E82EAE35.jpeg\" data-slide-type=\"image\"><img loading=\"lazy\" decoding=\"async\" width=\"1024\" height=\"768\" src=\"https:\/\/site.ac-martinique.fr\/clg-beausejour\/wp-content\/uploads\/sites\/48\/2022\/08\/254B7D83-977E-4D06-9876-E8E6E82EAE35.jpeg\" class=\"slider-3375 slide-3380 msDefaultImage\" alt=\"\" rel=\"\" title=\"254B7D83-977E-4D06-9876-E8E6E82EAE35\" style=\"margin-top: 2.5%\" srcset=\"https:\/\/site.ac-martinique.fr\/clg-beausejour\/wp-content\/uploads\/sites\/48\/2022\/08\/254B7D83-977E-4D06-9876-E8E6E82EAE35.jpeg 1024w, https:\/\/site.ac-martinique.fr\/clg-beausejour\/wp-content\/uploads\/sites\/48\/2022\/08\/254B7D83-977E-4D06-9876-E8E6E82EAE35-300x225.jpeg 300w, https:\/\/site.ac-martinique.fr\/clg-beausejour\/wp-content\/uploads\/sites\/48\/2022\/08\/254B7D83-977E-4D06-9876-E8E6E82EAE35-768x576.jpeg 768w\" sizes=\"auto, 100vw\" \/><\/li>\n                <li style=\"display: none; width: 100%;\" class=\"slide-3381 ms-image \" aria-roledescription=\"slide\" data-date=\"2023-03-09 09:17:11\" data-filename=\"50E89FE5-DDBB-4ABC-A789-E909AFE0B145.jpeg\" data-slide-type=\"image\"><img loading=\"lazy\" decoding=\"async\" width=\"1024\" height=\"768\" src=\"https:\/\/site.ac-martinique.fr\/clg-beausejour\/wp-content\/uploads\/sites\/48\/2022\/08\/50E89FE5-DDBB-4ABC-A789-E909AFE0B145.jpeg\" class=\"slider-3375 slide-3381 msDefaultImage\" alt=\"\" rel=\"\" title=\"50E89FE5-DDBB-4ABC-A789-E909AFE0B145\" style=\"margin-top: 2.5%\" srcset=\"https:\/\/site.ac-martinique.fr\/clg-beausejour\/wp-content\/uploads\/sites\/48\/2022\/08\/50E89FE5-DDBB-4ABC-A789-E909AFE0B145.jpeg 1024w, https:\/\/site.ac-martinique.fr\/clg-beausejour\/wp-content\/uploads\/sites\/48\/2022\/08\/50E89FE5-DDBB-4ABC-A789-E909AFE0B145-300x225.jpeg 300w, https:\/\/site.ac-martinique.fr\/clg-beausejour\/wp-content\/uploads\/sites\/48\/2022\/08\/50E89FE5-DDBB-4ABC-A789-E909AFE0B145-768x576.jpeg 768w\" sizes=\"auto, 100vw\" \/><\/li>\n                <li style=\"display: none; width: 100%;\" class=\"slide-3382 ms-image \" aria-roledescription=\"slide\" data-date=\"2023-03-09 09:17:22\" data-filename=\"E833206E-C17B-4642-8A23-80E6734F8DAF.jpeg\" data-slide-type=\"image\"><img loading=\"lazy\" decoding=\"async\" width=\"1024\" height=\"768\" src=\"https:\/\/site.ac-martinique.fr\/clg-beausejour\/wp-content\/uploads\/sites\/48\/2022\/08\/E833206E-C17B-4642-8A23-80E6734F8DAF.jpeg\" class=\"slider-3375 slide-3382 msDefaultImage\" alt=\"\" rel=\"\" title=\"E833206E-C17B-4642-8A23-80E6734F8DAF\" style=\"margin-top: 2.5%\" srcset=\"https:\/\/site.ac-martinique.fr\/clg-beausejour\/wp-content\/uploads\/sites\/48\/2022\/08\/E833206E-C17B-4642-8A23-80E6734F8DAF.jpeg 1024w, https:\/\/site.ac-martinique.fr\/clg-beausejour\/wp-content\/uploads\/sites\/48\/2022\/08\/E833206E-C17B-4642-8A23-80E6734F8DAF-300x225.jpeg 300w, https:\/\/site.ac-martinique.fr\/clg-beausejour\/wp-content\/uploads\/sites\/48\/2022\/08\/E833206E-C17B-4642-8A23-80E6734F8DAF-768x576.jpeg 768w\" sizes=\"auto, 100vw\" \/><\/li>\n                <li style=\"display: none; width: 100%;\" class=\"slide-3383 ms-image \" aria-roledescription=\"slide\" data-date=\"2023-03-09 09:17:31\" data-filename=\"C5FFC7D9-3753-45A6-825A-2718CDDE4A7B.jpeg\" data-slide-type=\"image\"><img loading=\"lazy\" decoding=\"async\" width=\"768\" height=\"1024\" src=\"https:\/\/site.ac-martinique.fr\/clg-beausejour\/wp-content\/uploads\/sites\/48\/2022\/08\/C5FFC7D9-3753-45A6-825A-2718CDDE4A7B.jpeg\" class=\"slider-3375 slide-3383 msDefaultImage\" alt=\"\" rel=\"\" title=\"C5FFC7D9-3753-45A6-825A-2718CDDE4A7B\" style=\"margin: 0 auto; width: 60%\" srcset=\"https:\/\/site.ac-martinique.fr\/clg-beausejour\/wp-content\/uploads\/sites\/48\/2022\/08\/C5FFC7D9-3753-45A6-825A-2718CDDE4A7B.jpeg 768w, https:\/\/site.ac-martinique.fr\/clg-beausejour\/wp-content\/uploads\/sites\/48\/2022\/08\/C5FFC7D9-3753-45A6-825A-2718CDDE4A7B-225x300.jpeg 225w\" sizes=\"auto, 100vw\" \/><\/li>\n            <\/ul>\n        <\/div>\n        \n    <\/div>\n<\/div>\n\n\n\n<h2 class=\"wp-block-heading\">                          <a href=\"http:\/\/site.ac-martinique.fr\/clg-beausejour\/?p=3394\" data-type=\"URL\" data-id=\"site.ac-martinique.fr\/clg-beausejour\/?p=3394\" target=\"_blank\" rel=\"noreferrer noopener\">-1\u00e8re JOURNEE  DE FORMATION AUX OBJECTIFS DE DEVELOPPEMENT DURABLE<\/a>      <\/h2>\n\n\n\n<figure class=\"wp-block-embed is-type-wp-embed is-provider-coll-ge-beaus-jour wp-block-embed-coll-ge-beaus-jour\"><div class=\"wp-block-embed__wrapper\">\n<blockquote class=\"wp-embedded-content\" data-secret=\"ZA3un4jH3x\"><a href=\"https:\/\/site.ac-martinique.fr\/clg-beausejour\/?p=3783\">Action \u00e9co d\u00e9l\u00e9gu\u00e9s<\/a><\/blockquote><iframe loading=\"lazy\" class=\"wp-embedded-content\" sandbox=\"allow-scripts\" security=\"restricted\" style=\"position: absolute; visibility: hidden;\" title=\"\u00ab\u00a0Action \u00e9co d\u00e9l\u00e9gu\u00e9s\u00a0\u00bb &#8212; Coll\u00e8ge Beaus\u00e9jour\" src=\"https:\/\/site.ac-martinique.fr\/clg-beausejour\/?p=3783&#038;embed=true#?secret=6WnULF0ak2#?secret=ZA3un4jH3x\" data-secret=\"ZA3un4jH3x\" width=\"525\" height=\"296\" frameborder=\"0\" marginwidth=\"0\" marginheight=\"0\" scrolling=\"no\"><\/iframe>\n<\/div><\/figure>\n\n\n\n<figure class=\"wp-block-embed is-type-wp-embed is-provider-coll-ge-beaus-jour wp-block-embed-coll-ge-beaus-jour\"><div class=\"wp-block-embed__wrapper\">\n<blockquote class=\"wp-embedded-content\" data-secret=\"wV9kfqOh2K\"><a href=\"https:\/\/site.ac-martinique.fr\/clg-beausejour\/?p=3958\">\u00a0ACTION EDU-SANTE N*1 AU COLL\u00c8GE BEAUS\u00c9JOUR<\/a><\/blockquote><iframe loading=\"lazy\" class=\"wp-embedded-content\" sandbox=\"allow-scripts\" security=\"restricted\" style=\"position: absolute; visibility: hidden;\" title=\"\u00ab\u00a0\u00a0ACTION EDU-SANTE N*1 AU COLL\u00c8GE BEAUS\u00c9JOUR\u00a0\u00bb &#8212; Coll\u00e8ge Beaus\u00e9jour\" src=\"https:\/\/site.ac-martinique.fr\/clg-beausejour\/?p=3958&#038;embed=true#?secret=pUaRLWRZdr#?secret=wV9kfqOh2K\" data-secret=\"wV9kfqOh2K\" width=\"525\" height=\"296\" frameborder=\"0\" marginwidth=\"0\" marginheight=\"0\" scrolling=\"no\"><\/iframe>\n<\/div><\/figure>\n","protected":false},"excerpt":{"rendered":"<p>Dans le cadre de l\u2019EDD, les \u00e9co-d\u00e9l\u00e9gu\u00e9s mettent en place des actions afin d\u2019obtenir le label E3D confirmant leur int\u00e9r\u00eat pour pr\u00e9server la plan\u00e8te et leur environnement scolaire. Il s\u2019agit d\u2019actions remarquables relatives \u00e0 leur engagement autour des th\u00e8mes de : l\u2019\u00e9nergie, l\u2019eau, la nourriture, les d\u00e9chets, la solidarit\u00e9 internationale, la sant\u00e9, la qualit\u00e9 de &hellip; <\/p>\n<p class=\"link-more\"><a href=\"https:\/\/site.ac-martinique.fr\/clg-beausejour\/?page_id=3337\" class=\"more-link\">Continuer la lecture<span class=\"screen-reader-text\"> de &laquo;&nbsp;L&rsquo;Education au D\u00e9veloppement Durable(EDD)&nbsp;&raquo;<\/span><\/a><\/p>\n","protected":false},"author":115,"featured_media":0,"parent":0,"menu_order":0,"comment_status":"closed","ping_status":"closed","template":"","meta":{"footnotes":""},"class_list":["post-3337","page","type-page","status-publish","hentry"],"_links":{"self":[{"href":"https:\/\/site.ac-martinique.fr\/clg-beausejour\/index.php?rest_route=\/wp\/v2\/pages\/3337","targetHints":{"allow":["GET"]}}],"collection":[{"href":"https:\/\/site.ac-martinique.fr\/clg-beausejour\/index.php?rest_route=\/wp\/v2\/pages"}],"about":[{"href":"https:\/\/site.ac-martinique.fr\/clg-beausejour\/index.php?rest_route=\/wp\/v2\/types\/page"}],"author":[{"embeddable":true,"href":"https:\/\/site.ac-martinique.fr\/clg-beausejour\/index.php?rest_route=\/wp\/v2\/users\/115"}],"replies":[{"embeddable":true,"href":"https:\/\/site.ac-martinique.fr\/clg-beausejour\/index.php?rest_route=%2Fwp%2Fv2%2Fcomments&post=3337"}],"version-history":[{"count":27,"href":"https:\/\/site.ac-martinique.fr\/clg-beausejour\/index.php?rest_route=\/wp\/v2\/pages\/3337\/revisions"}],"predecessor-version":[{"id":3968,"href":"https:\/\/site.ac-martinique.fr\/clg-beausejour\/index.php?rest_route=\/wp\/v2\/pages\/3337\/revisions\/3968"}],"wp:attachment":[{"href":"https:\/\/site.ac-martinique.fr\/clg-beausejour\/index.php?rest_route=%2Fwp%2Fv2%2Fmedia&parent=3337"}],"curies":[{"name":"wp","href":"https:\/\/api.w.org\/{rel}","templated":true}]}}