{"id":338,"date":"2015-05-19T08:06:46","date_gmt":"2015-05-19T12:06:46","guid":{"rendered":"\/clg-beausejour\/?page_id=338"},"modified":"2015-06-12T08:51:48","modified_gmt":"2015-06-12T12:51:48","slug":"francais","status":"publish","type":"page","link":"https:\/\/site.ac-martinique.fr\/clg-beausejour\/?page_id=338","title":{"rendered":"Lettres"},"content":{"rendered":"<p>&nbsp;<\/p>\n<h2>Le Proc\u00e8s de Barbe Bleue : Projet r\u00e9alis\u00e9 dans le cadre du Conseil Ecole-Coll\u00e8ge.<\/h2>\n<p>Les \u00e9l\u00e8ves de 6e et ceux des classes de CM2 des \u00e9coles Auguste REJON et Christiane LANGE ont \u00e9crit et mis en sc\u00e8ne cette pi\u00e8ce de th\u00e9\u00e2tre dont la repr\u00e9sentation a eu lieu en fin d&rsquo;ann\u00e9e scolaire.<\/p>\n<p>Cliquer ici pour afficher le texte complet : <a href=\"\/clg-beausejour\/wp-content\/uploads\/sites\/48\/2015\/05\/LE-PROCES-DE-BARBE-BLEUE-LIVRE.pdf\">LE PROCES DE BARBE BLEUE LIVRE<\/a><\/p>\n<p>&nbsp;<\/p>\n<p>&nbsp;<\/p>\n<p><a href=\"\/clg-beausejour\" target=\"blank\"><img loading=\"lazy\" decoding=\"async\" class=\"aligncenter size-medium wp-image-401\" src=\"\/clg-beausejour\/wp-content\/uploads\/sites\/48\/2015\/05\/Accueil-300x198.jpg\" alt=\"Accueil\" width=\"100\" height=\"66\" \/><\/a><\/p>\n","protected":false},"excerpt":{"rendered":"<p>&nbsp; Le Proc\u00e8s de Barbe Bleue : Projet r\u00e9alis\u00e9 dans le cadre du Conseil Ecole-Coll\u00e8ge. Les \u00e9l\u00e8ves de 6e et ceux des classes de CM2 des \u00e9coles Auguste REJON et Christiane LANGE ont \u00e9crit et mis en sc\u00e8ne cette pi\u00e8ce de th\u00e9\u00e2tre dont la repr\u00e9sentation a eu lieu en fin d&rsquo;ann\u00e9e scolaire. Cliquer ici pour &hellip; <\/p>\n<p class=\"link-more\"><a href=\"https:\/\/site.ac-martinique.fr\/clg-beausejour\/?page_id=338\" class=\"more-link\">Continuer la lecture<span class=\"screen-reader-text\"> de &laquo;&nbsp;Lettres&nbsp;&raquo;<\/span><\/a><\/p>\n","protected":false},"author":115,"featured_media":0,"parent":0,"menu_order":0,"comment_status":"closed","ping_status":"open","template":"","meta":{"footnotes":""},"class_list":["post-338","page","type-page","status-publish","hentry"],"_links":{"self":[{"href":"https:\/\/site.ac-martinique.fr\/clg-beausejour\/index.php?rest_route=\/wp\/v2\/pages\/338","targetHints":{"allow":["GET"]}}],"collection":[{"href":"https:\/\/site.ac-martinique.fr\/clg-beausejour\/index.php?rest_route=\/wp\/v2\/pages"}],"about":[{"href":"https:\/\/site.ac-martinique.fr\/clg-beausejour\/index.php?rest_route=\/wp\/v2\/types\/page"}],"author":[{"embeddable":true,"href":"https:\/\/site.ac-martinique.fr\/clg-beausejour\/index.php?rest_route=\/wp\/v2\/users\/115"}],"replies":[{"embeddable":true,"href":"https:\/\/site.ac-martinique.fr\/clg-beausejour\/index.php?rest_route=%2Fwp%2Fv2%2Fcomments&post=338"}],"version-history":[{"count":4,"href":"https:\/\/site.ac-martinique.fr\/clg-beausejour\/index.php?rest_route=\/wp\/v2\/pages\/338\/revisions"}],"predecessor-version":[{"id":627,"href":"https:\/\/site.ac-martinique.fr\/clg-beausejour\/index.php?rest_route=\/wp\/v2\/pages\/338\/revisions\/627"}],"wp:attachment":[{"href":"https:\/\/site.ac-martinique.fr\/clg-beausejour\/index.php?rest_route=%2Fwp%2Fv2%2Fmedia&parent=338"}],"curies":[{"name":"wp","href":"https:\/\/api.w.org\/{rel}","templated":true}]}}