{"id":344,"date":"2015-05-19T08:07:32","date_gmt":"2015-05-19T12:07:32","guid":{"rendered":"\/clg-beausejour\/?page_id=344"},"modified":"2024-04-24T10:17:56","modified_gmt":"2024-04-24T14:17:56","slug":"eps-2","status":"publish","type":"page","link":"https:\/\/site.ac-martinique.fr\/clg-beausejour\/?page_id=344","title":{"rendered":"E.P.S."},"content":{"rendered":"<div class=\"wp-block-image\">\n<figure class=\"aligncenter\"><a href=\"\/clg-beausejour\"><img loading=\"lazy\" decoding=\"async\" width=\"300\" height=\"198\" src=\"\/clg-beausejour\/wp-content\/uploads\/sites\/48\/2015\/05\/Accueil-300x198.jpg\" alt=\"Accueil\" class=\"wp-image-401\"\/><\/a><\/figure>\n<\/div>\n\n\n<p><strong>L&rsquo;\u00e9quipe <\/strong><br> <\/p>\n\n\n\n<figure class=\"wp-block-image size-full\"><a href=\"https:\/\/site.ac-martinique.fr\/clg-beausejour\/wp-content\/uploads\/sites\/48\/2021\/09\/cropped-cd54cdff-2540-4c49-afd1-18d0ce3433ac.png\"><img loading=\"lazy\" decoding=\"async\" width=\"173\" height=\"170\" src=\"https:\/\/site.ac-martinique.fr\/clg-beausejour\/wp-content\/uploads\/sites\/48\/2021\/09\/cropped-cd54cdff-2540-4c49-afd1-18d0ce3433ac.png\" alt=\"\" class=\"wp-image-2979\"\/><\/a><\/figure>\n\n\n\n<p>Mr PETIT FR\u00c8RE Raymond\u00a0 \u00a0\u00a0 professeur sp\u00e9cialiste sports collectifs<br><\/p>\n\n\n\n<p><\/p>\n\n\n\n<p>Mr ANDR\u00c9 Jean Louis<\/p>\n\n\n\n<p>Sp\u00e9cialiste APPN<\/p>\n\n\n\n<p><\/p>\n\n\n\n<p><br><\/p>\n\n\n\n<p>&nbsp; &nbsp; &nbsp; &nbsp; &nbsp; &nbsp; .<\/p>\n\n\n\n<p><strong><span style=\"text-decoration: underline;\">Deux sections sportives<\/span><\/strong><\/p>\n\n\n\n<p>Section sportive surf<\/p>\n\n\n\n<p>Section sportive voile <\/p>\n\n\n\n<p>&nbsp; &nbsp; &nbsp; &nbsp; &nbsp; &nbsp; &nbsp; &nbsp; &nbsp; &nbsp; &nbsp; &nbsp; &nbsp; &nbsp; &nbsp; &nbsp; &nbsp; &nbsp; &nbsp; &nbsp; &nbsp; &nbsp; &nbsp; &nbsp; &nbsp; &nbsp; &nbsp; &nbsp; &nbsp; &nbsp; &nbsp; &nbsp; &nbsp; &nbsp; &nbsp; &nbsp; &nbsp; &nbsp; &nbsp; &nbsp; &nbsp; &nbsp;&nbsp;<a href=\"\/clg-beausejour\/wp-content\/uploads\/sites\/48\/2015\/05\/pico.jpg\"><img loading=\"lazy\" decoding=\"async\" width=\"259\" height=\"194\" class=\"alignnone size-full wp-image-898\" src=\"\/clg-beausejour\/wp-content\/uploads\/sites\/48\/2015\/05\/pico.jpg\" alt=\"pico\"><\/a>&nbsp; &nbsp; &nbsp; &nbsp; <\/p>\n\n\n\n<p>Le projet p\u00e9dagogique de l&rsquo;\u00e9quipe met l&rsquo;accent sur <strong><span style=\"text-decoration: underline;\">les activit\u00e9s de pleine nature <\/span><\/strong>:<\/p>\n\n\n\n<p>Kayak<\/p>\n\n\n\n<p>Voile<\/p>\n\n\n\n<p><strong><span style=\"text-decoration: underline;\">Le savoir courir<\/span><\/strong> <\/p>\n\n\n\n<p>Am\u00e9lioration de la VMA<\/p>\n\n\n\n<p>Course en dur\u00e9e <\/p>\n\n\n\n<p><strong><span style=\"text-decoration: underline;\">Le savoir nager<\/span><\/strong> au niveau 6eme<\/p>\n\n\n\n<p><span style=\"font-weight: bold; text-decoration: underline;\">Les activit\u00e9s duels<\/span><strong><span style=\"text-decoration: underline;\"> et d&rsquo;affrontement<\/span><\/strong><\/p>\n\n\n\n<p>Basket\/Handball <\/p>\n\n\n\n<p>Badminton <\/p>\n\n\n\n<p>&nbsp; &nbsp; &nbsp; &nbsp; &nbsp; &nbsp; &nbsp; &nbsp; &nbsp; &nbsp; &nbsp; &nbsp; &nbsp; &nbsp; &nbsp; &nbsp; &nbsp; &nbsp; &nbsp; &nbsp; &nbsp; &nbsp; &nbsp; &nbsp; &nbsp; &nbsp; &nbsp; &nbsp; &nbsp; &nbsp;<\/p>\n\n\n\n<p><\/p>\n\n\n\n<h1 class=\"wp-block-heading\"><br>&nbsp; &nbsp; &nbsp; &nbsp; &nbsp; &nbsp; &nbsp; &nbsp; &nbsp; &nbsp; &nbsp; &nbsp; &nbsp; &nbsp; &nbsp; &nbsp; &nbsp; &nbsp; &nbsp; &nbsp; &nbsp; &nbsp; &nbsp; &nbsp; &nbsp; &nbsp; &nbsp; &nbsp; &nbsp; &nbsp; &nbsp; &nbsp; &nbsp; &nbsp; &nbsp; &nbsp; &nbsp; &nbsp; &nbsp; &nbsp; &nbsp; &nbsp; &nbsp; &nbsp; &nbsp; &nbsp; &nbsp; &nbsp; <\/h1>\n\n\n\n<figure class=\"wp-block-video\"><video height=\"480\" style=\"aspect-ratio: 848 \/ 480;\" width=\"848\" controls src=\"https:\/\/site.ac-martinique.fr\/clg-beausejour\/wp-content\/uploads\/sites\/48\/2024\/04\/WhatsApp-Video-2024-04-22-at-1.13.51\u202fPM.mp4\"><\/video><\/figure>\n","protected":false},"excerpt":{"rendered":"<p>L&rsquo;\u00e9quipe Mr PETIT FR\u00c8RE Raymond\u00a0 \u00a0\u00a0 professeur sp\u00e9cialiste sports collectifs Mr ANDR\u00c9 Jean Louis Sp\u00e9cialiste APPN &nbsp; &nbsp; &nbsp; &nbsp; &nbsp; &nbsp; . Deux sections sportives Section sportive surf Section sportive voile &nbsp; &nbsp; &nbsp; &nbsp; &nbsp; &nbsp; &nbsp; &nbsp; &nbsp; &nbsp; &nbsp; &nbsp; &nbsp; &nbsp; &nbsp; &nbsp; &nbsp; &nbsp; &nbsp; &nbsp; &nbsp; &nbsp; &nbsp; &hellip; <\/p>\n<p class=\"link-more\"><a href=\"https:\/\/site.ac-martinique.fr\/clg-beausejour\/?page_id=344\" class=\"more-link\">Continuer la lecture<span class=\"screen-reader-text\"> de &laquo;&nbsp;E.P.S.&nbsp;&raquo;<\/span><\/a><\/p>\n","protected":false},"author":115,"featured_media":0,"parent":0,"menu_order":0,"comment_status":"closed","ping_status":"closed","template":"","meta":{"footnotes":""},"class_list":["post-344","page","type-page","status-publish","hentry"],"_links":{"self":[{"href":"https:\/\/site.ac-martinique.fr\/clg-beausejour\/index.php?rest_route=\/wp\/v2\/pages\/344","targetHints":{"allow":["GET"]}}],"collection":[{"href":"https:\/\/site.ac-martinique.fr\/clg-beausejour\/index.php?rest_route=\/wp\/v2\/pages"}],"about":[{"href":"https:\/\/site.ac-martinique.fr\/clg-beausejour\/index.php?rest_route=\/wp\/v2\/types\/page"}],"author":[{"embeddable":true,"href":"https:\/\/site.ac-martinique.fr\/clg-beausejour\/index.php?rest_route=\/wp\/v2\/users\/115"}],"replies":[{"embeddable":true,"href":"https:\/\/site.ac-martinique.fr\/clg-beausejour\/index.php?rest_route=%2Fwp%2Fv2%2Fcomments&post=344"}],"version-history":[{"count":10,"href":"https:\/\/site.ac-martinique.fr\/clg-beausejour\/index.php?rest_route=\/wp\/v2\/pages\/344\/revisions"}],"predecessor-version":[{"id":3885,"href":"https:\/\/site.ac-martinique.fr\/clg-beausejour\/index.php?rest_route=\/wp\/v2\/pages\/344\/revisions\/3885"}],"wp:attachment":[{"href":"https:\/\/site.ac-martinique.fr\/clg-beausejour\/index.php?rest_route=%2Fwp%2Fv2%2Fmedia&parent=344"}],"curies":[{"name":"wp","href":"https:\/\/api.w.org\/{rel}","templated":true}]}}