{"id":479,"date":"2015-05-21T15:23:25","date_gmt":"2015-05-21T19:23:25","guid":{"rendered":"\/clg-beausejour\/?page_id=479"},"modified":"2015-05-21T15:29:14","modified_gmt":"2015-05-21T19:29:14","slug":"diplome-national-du-brevet-dnb","status":"publish","type":"page","link":"https:\/\/site.ac-martinique.fr\/clg-beausejour\/?page_id=479","title":{"rendered":"Dipl\u00f4me National du Brevet (DNB)"},"content":{"rendered":"<h2><a href=\"\/clg-beausejour\/wp-content\/uploads\/sites\/48\/2015\/05\/DNB.jpg\"><img loading=\"lazy\" decoding=\"async\" class=\"aligncenter size-medium wp-image-480\" src=\"\/clg-beausejour\/wp-content\/uploads\/sites\/48\/2015\/05\/DNB-300x98.jpg\" alt=\"DNB\" width=\"300\" height=\"98\" srcset=\"https:\/\/site.ac-martinique.fr\/clg-beausejour\/wp-content\/uploads\/sites\/48\/2015\/05\/DNB-300x98.jpg 300w, https:\/\/site.ac-martinique.fr\/clg-beausejour\/wp-content\/uploads\/sites\/48\/2015\/05\/DNB.jpg 391w\" sizes=\"auto, (max-width: 300px) 100vw, 300px\" \/><\/a>Dipl\u00f4me<\/h2>\n<p>Le dipl\u00f4me national du brevet\u00a0 atteste la ma\u00eetrise du socle commun et sanctionne la formation acquise au terme du coll\u00e8ge. Il ne conditionne pas l&rsquo;acc\u00e8s \u00e0 une classe sup\u00e9rieure en fin de troisi\u00e8me : les deux d\u00e9cisions, attribution du dipl\u00f4me et orientation, sont dissoci\u00e9es.<\/p>\n<h2>S\u00e9ries<\/h2>\n<p>Depuis la session 2013, le dipl\u00f4me national du brevet comporte deux s\u00e9ries : la s\u00e9rie g\u00e9n\u00e9rale et la s\u00e9rie professionnelle.<\/p>\n<p>Peuvent se pr\u00e9senter \u00e0 la s\u00e9rie g\u00e9n\u00e9rale les \u00e9l\u00e8ves des classes de troisi\u00e8me des coll\u00e8ges. Les \u00e9l\u00e8ves des classes de troisi\u00e8me \u00e0 dispositifs particuliers (3\u00e8mes Pr\u00e9pa-Pro, ULIS, SEGPA, UPE2A, le cas \u00e9ch\u00e9ant 3\u00e8mes d&rsquo;Insertion et 3\u00e8mes DP6) peuvent se pr\u00e9senter \u00e0 la s\u00e9rie professionnelle ou \u00e0 la s\u00e9rie g\u00e9n\u00e9rale.<\/p>\n<p>&nbsp;<\/p>\n<h2>\u00c9l\u00e8ves des \u00e9tablissements d&rsquo;enseignement public et priv\u00e9 sous contrat<\/h2>\n<p>Trois \u00e9l\u00e9ments sont pris en compte pour l&rsquo;obtention du dipl\u00f4me :<\/p>\n<ul>\n<li><b>la ma\u00eetrise du socle commun de connaissances et de comp\u00e9tences, palier 3<\/b>, attest\u00e9e par le \u00ab\u00a0Livret personnel de comp\u00e9tences\u00a0\u00bb ;<\/li>\n<li><b>les notes obtenues \u00e0\u00a0l&rsquo;examen<\/b> <b>du brevet<\/b> compos\u00e9 d&rsquo;une \u00e9preuve orale (coefficient 2) d&rsquo;histoire des arts et de trois \u00e9preuves \u00e9crites : fran\u00e7ais (coefficient 2), math\u00e9matiques (coefficient 2), histoire-g\u00e9ographie-\u00e9ducation civique (coefficient 2) ;<\/li>\n<li><b>les notes de contr\u00f4le continu<\/b>, effectu\u00e9 tout au long de l&rsquo;ann\u00e9e en classe de troisi\u00e8me, dans toutes les disciplines (sauf histoire-g\u00e9ographie-\u00e9ducation civique).<\/li>\n<\/ul>\n<p>Pour les candidats de la s\u00e9rie g\u00e9n\u00e9rale, sont \u00e9galement pris en compte <b>les points sup\u00e9rieurs \u00e0 la moyenne de 10 sur 20 <\/b>obtenus dans <b>l&rsquo;enseignement optionnel facultatif : <\/b><\/p>\n<ul>\n<li>latin ou grec,<\/li>\n<li>ou langue vivante\u00a0r\u00e9gionale, ou langue vivante \u00e9trang\u00e8re 2 si le candidat a choisi une langue r\u00e9gionale en LV2,<\/li>\n<li>ou langue des signes fran\u00e7aise,<\/li>\n<li>ou option d\u00e9couverte professionnelle 3 heures.<\/li>\n<\/ul>\n<p><b>Pour \u00eatre d\u00e9clar\u00e9s admis, les candidats doivent obtenir une moyenne g\u00e9n\u00e9rale au moins \u00e9gale\u00a0\u00e0 10 sur 20 pour l&rsquo;ensemble des r\u00e9sultats chiffr\u00e9s et la\u00a0ma\u00eetrise du socle commun\u00a0 au palier 3.<\/b><\/p>\n<p>Des mentions sont attribu\u00e9es :<\/p>\n<ul>\n<li>mention \u00ab\u00a0Assez bien\u00a0\u00bb : pour une moyenne comprise entre 12 et 14 sur 20,<\/li>\n<li>mention \u00ab\u00a0Bien\u00a0\u00bb : pour une moyenne comprise entre 14 et 16 sur 20,<\/li>\n<li>mention \u00ab\u00a0Tr\u00e8s bien\u00a0\u00bb : pour une moyenne au-del\u00e0 de 16 sur 20.<\/li>\n<\/ul>\n<p>Les \u00e9l\u00e8ves d\u00e9j\u00e0 boursiers sur crit\u00e8res sociaux qui obtiennent une mention \u00ab\u00a0Bien\u00a0\u00bb ou \u00ab\u00a0Tr\u00e8s bien\u00a0\u00bb peuvent se voir accorder une bourse au m\u00e9rite compl\u00e9mentaire.<\/p>\n<p>&nbsp;<\/p>\n<h2>Contr\u00f4le continu et \u00c9ducation physique et sportive<\/h2>\n<p>Depuis la session 2013, la note d&rsquo;EPS au DNB (toutes s\u00e9ries) est la moyenne des notes obtenues sur trois activit\u00e9s physiques sportives et artistiques repr\u00e9sentant trois comp\u00e9tences propres \u00e0 l&rsquo;EPS.<\/p>\n<p>&nbsp;<br \/>\n<a href=\"\/clg-beausejour\"><img loading=\"lazy\" decoding=\"async\" class=\"aligncenter size-medium wp-image-401\" src=\"\/clg-beausejour\/wp-content\/uploads\/sites\/48\/2015\/05\/Accueil-300x198.jpg\" alt=\"Accueil\" width=\"100\" height=\"66\" \/><\/a><\/p>\n<p>&nbsp;<\/p>\n","protected":false},"excerpt":{"rendered":"<p>Dipl\u00f4me Le dipl\u00f4me national du brevet\u00a0 atteste la ma\u00eetrise du socle commun et sanctionne la formation acquise au terme du coll\u00e8ge. Il ne conditionne pas l&rsquo;acc\u00e8s \u00e0 une classe sup\u00e9rieure en fin de troisi\u00e8me : les deux d\u00e9cisions, attribution du dipl\u00f4me et orientation, sont dissoci\u00e9es. S\u00e9ries Depuis la session 2013, le dipl\u00f4me national du brevet &hellip; <\/p>\n<p class=\"link-more\"><a href=\"https:\/\/site.ac-martinique.fr\/clg-beausejour\/?page_id=479\" class=\"more-link\">Continuer la lecture<span class=\"screen-reader-text\"> de &laquo;&nbsp;Dipl\u00f4me National du Brevet (DNB)&nbsp;&raquo;<\/span><\/a><\/p>\n","protected":false},"author":115,"featured_media":0,"parent":0,"menu_order":0,"comment_status":"closed","ping_status":"open","template":"","meta":{"footnotes":""},"class_list":["post-479","page","type-page","status-publish","hentry"],"_links":{"self":[{"href":"https:\/\/site.ac-martinique.fr\/clg-beausejour\/index.php?rest_route=\/wp\/v2\/pages\/479","targetHints":{"allow":["GET"]}}],"collection":[{"href":"https:\/\/site.ac-martinique.fr\/clg-beausejour\/index.php?rest_route=\/wp\/v2\/pages"}],"about":[{"href":"https:\/\/site.ac-martinique.fr\/clg-beausejour\/index.php?rest_route=\/wp\/v2\/types\/page"}],"author":[{"embeddable":true,"href":"https:\/\/site.ac-martinique.fr\/clg-beausejour\/index.php?rest_route=\/wp\/v2\/users\/115"}],"replies":[{"embeddable":true,"href":"https:\/\/site.ac-martinique.fr\/clg-beausejour\/index.php?rest_route=%2Fwp%2Fv2%2Fcomments&post=479"}],"version-history":[{"count":4,"href":"https:\/\/site.ac-martinique.fr\/clg-beausejour\/index.php?rest_route=\/wp\/v2\/pages\/479\/revisions"}],"predecessor-version":[{"id":484,"href":"https:\/\/site.ac-martinique.fr\/clg-beausejour\/index.php?rest_route=\/wp\/v2\/pages\/479\/revisions\/484"}],"wp:attachment":[{"href":"https:\/\/site.ac-martinique.fr\/clg-beausejour\/index.php?rest_route=%2Fwp%2Fv2%2Fmedia&parent=479"}],"curies":[{"name":"wp","href":"https:\/\/api.w.org\/{rel}","templated":true}]}}