{"id":485,"date":"2015-05-21T15:32:53","date_gmt":"2015-05-21T19:32:53","guid":{"rendered":"\/clg-beausejour\/?page_id=485"},"modified":"2015-05-21T15:34:06","modified_gmt":"2015-05-21T19:34:06","slug":"assr","status":"publish","type":"page","link":"https:\/\/site.ac-martinique.fr\/clg-beausejour\/?page_id=485","title":{"rendered":"ASSR"},"content":{"rendered":"<h2>Les attestations scolaires de s\u00e9curit\u00e9 routi\u00e8re<\/h2>\n<p><a><img loading=\"lazy\" decoding=\"async\" class=\"aligncenter size-full wp-image-486\" src=\"\/clg-beausejour\/wp-content\/uploads\/sites\/48\/2015\/05\/assr.png\" alt=\"assr\" width=\"200\" height=\"74\" \/><\/a><\/p>\n<p>Ces attestations sont obligatoires pour toutes les personnes n\u00e9es \u00e0 compter du 1er janvier 1988 qui souhaitent conduire.<\/p>\n<p>Tout \u00e9l\u00e8ve, quel que soit son lieu de scolarisation, doit avoir pass\u00e9 :<\/p>\n<p>L&rsquo;ASSR de 1er niveau le jour o\u00f9 il atteint ses 14 ans, \u00e2ge \u00e0 partir duquel il est possible de conduire un cyclomoteur.<\/p>\n<p>L&rsquo;\u00e9preuve de l&rsquo;ASSR1 est organis\u00e9e pour : les \u00e9l\u00e8ves des classes de cinqui\u00e8me et de niveau correspondant, des \u00e9l\u00e8ves d&rsquo;autres classes qui atteignent l&rsquo;\u00e2ge de 14 ans au cours de l&rsquo;ann\u00e9e civile (au plus tard le 31 d\u00e9cembre de l&rsquo;ann\u00e9e), les \u00e9l\u00e8ves ayant \u00e9chou\u00e9 ou ne relevant pas encore de l&rsquo;ASSR2 mais d\u00e9sirant pr\u00e9parer le BSR en auto \u00e9cole.<\/p>\n<p>L&rsquo;ASSR1 n&rsquo;est pas obligatoire pour passer l&rsquo;ASSR2.<\/p>\n<p>L&rsquo;ASSR de 2nd niveau le jour o\u00f9 il atteint ses 16 ans, \u00e2ge \u00e0 partir duquel il peut commencer l&rsquo;apprentissage de la conduite accompagn\u00e9e d&rsquo;un v\u00e9hicule \u00e0 moteur.<\/p>\n<p>L&rsquo;\u00e9preuve de l&rsquo;ASSR2 est organis\u00e9e pour :<\/p>\n<p>les \u00e9l\u00e8ves des classes de troisi\u00e8me et de niveau correspondant,<br \/>\ndes \u00e9l\u00e8ves d&rsquo;autres classes qui atteignent l&rsquo;\u00e2ge de 16 ans au cours de l&rsquo;ann\u00e9e civile (au plus tard le 31 d\u00e9cembre de l&rsquo;ann\u00e9e),<br \/>\nles \u00e9l\u00e8ves qui suivent une formation de pr\u00e9apprentissage,<br \/>\nles \u00e9l\u00e8ves \u00e2g\u00e9s de plus de seize ans encore scolaris\u00e9s et qui n&rsquo;en sont pas titulaires.<\/p>\n<p>L&rsquo;\u00e9l\u00e8ve absent ou ayant \u00e9chou\u00e9 \u00e0 la premi\u00e8re session des ASSR peut passer une seule \u00e9preuve de rattrapage organis\u00e9e durant la m\u00eame ann\u00e9e dans l&rsquo;\u00e9tablissement.<\/p>\n<p>Les jeunes qui n&rsquo;ont pas obtenu les ASSR, peuvent passer respectivement les \u00e9preuves de l&rsquo;ASSR2 au lyc\u00e9e et de l&rsquo;ASR au CFA durant une session.<\/p>\n<p>Les jeunes qui n&rsquo;ont pu passer ou obtenir l&rsquo;une ou l&rsquo;autre de ces attestations en milieu scolaire peuvent passer une attestation de s\u00e9curit\u00e9 routi\u00e8re (ASR) dans les GRETA et dans les CFA.<\/p>\n<p>En r\u00e9sum\u00e9 : les jeunes scolaris\u00e9s et les pr\u00e9-apprentis passent les ASSR.<\/p>\n<p><a href=\"\/clg-beausejour\"><img loading=\"lazy\" decoding=\"async\" class=\"aligncenter size-medium wp-image-401\" src=\"\/clg-beausejour\/wp-content\/uploads\/sites\/48\/2015\/05\/Accueil-300x198.jpg\" alt=\"Accueil\" width=\"100\" height=\"66\" \/><\/a><\/p>\n","protected":false},"excerpt":{"rendered":"<p>Les attestations scolaires de s\u00e9curit\u00e9 routi\u00e8re Ces attestations sont obligatoires pour toutes les personnes n\u00e9es \u00e0 compter du 1er janvier 1988 qui souhaitent conduire. Tout \u00e9l\u00e8ve, quel que soit son lieu de scolarisation, doit avoir pass\u00e9 : L&rsquo;ASSR de 1er niveau le jour o\u00f9 il atteint ses 14 ans, \u00e2ge \u00e0 partir duquel il est &hellip; <\/p>\n<p class=\"link-more\"><a href=\"https:\/\/site.ac-martinique.fr\/clg-beausejour\/?page_id=485\" class=\"more-link\">Continuer la lecture<span class=\"screen-reader-text\"> de &laquo;&nbsp;ASSR&nbsp;&raquo;<\/span><\/a><\/p>\n","protected":false},"author":115,"featured_media":0,"parent":0,"menu_order":0,"comment_status":"closed","ping_status":"open","template":"","meta":{"footnotes":""},"class_list":["post-485","page","type-page","status-publish","hentry"],"_links":{"self":[{"href":"https:\/\/site.ac-martinique.fr\/clg-beausejour\/index.php?rest_route=\/wp\/v2\/pages\/485","targetHints":{"allow":["GET"]}}],"collection":[{"href":"https:\/\/site.ac-martinique.fr\/clg-beausejour\/index.php?rest_route=\/wp\/v2\/pages"}],"about":[{"href":"https:\/\/site.ac-martinique.fr\/clg-beausejour\/index.php?rest_route=\/wp\/v2\/types\/page"}],"author":[{"embeddable":true,"href":"https:\/\/site.ac-martinique.fr\/clg-beausejour\/index.php?rest_route=\/wp\/v2\/users\/115"}],"replies":[{"embeddable":true,"href":"https:\/\/site.ac-martinique.fr\/clg-beausejour\/index.php?rest_route=%2Fwp%2Fv2%2Fcomments&post=485"}],"version-history":[{"count":4,"href":"https:\/\/site.ac-martinique.fr\/clg-beausejour\/index.php?rest_route=\/wp\/v2\/pages\/485\/revisions"}],"predecessor-version":[{"id":490,"href":"https:\/\/site.ac-martinique.fr\/clg-beausejour\/index.php?rest_route=\/wp\/v2\/pages\/485\/revisions\/490"}],"wp:attachment":[{"href":"https:\/\/site.ac-martinique.fr\/clg-beausejour\/index.php?rest_route=%2Fwp%2Fv2%2Fmedia&parent=485"}],"curies":[{"name":"wp","href":"https:\/\/api.w.org\/{rel}","templated":true}]}}