{"id":511,"date":"2015-05-27T11:27:27","date_gmt":"2015-05-27T15:27:27","guid":{"rendered":"\/clg-beausejour\/?page_id=511"},"modified":"2015-07-03T08:14:04","modified_gmt":"2015-07-03T12:14:04","slug":"liens-utiles-pour-lorientation","status":"publish","type":"page","link":"https:\/\/site.ac-martinique.fr\/clg-beausejour\/?page_id=511","title":{"rendered":"Liens Utiles pour l&rsquo;orientation"},"content":{"rendered":"<p><a href=\"https:\/\/www.ac-martinique.fr\/index.php?id=54\" target=\"blank\"><img loading=\"lazy\" decoding=\"async\" class=\"alignleft wp-image-516 size-full\" src=\"\/clg-beausejour\/wp-content\/uploads\/sites\/48\/2015\/05\/Logo-CIO.jpg\" alt=\"Logo-CIO\" width=\"235\" height=\"66\" \/><\/a>Liste des CIO (Centres d&rsquo;Information et d&rsquo;Orientation) de la Martinique.<\/p>\n<p>&nbsp;<\/p>\n<p>&nbsp;<\/p>\n<p><a href=\"http:\/\/www.onisep.fr\/Mes-infos-regionales\/Martinique\" target=\"blank\"><img loading=\"lazy\" decoding=\"async\" class=\"  wp-image-514 alignleft\" src=\"\/clg-beausejour\/wp-content\/uploads\/sites\/48\/2015\/05\/logo-onisep-300x87.jpg\" alt=\"logo-onisep\" width=\"235\" height=\"66\" \/><\/a>Permet de\u00a0 rechercher des informations sur les m\u00e9tiers et les formations en Martinique et ailleurs.<\/p>\n<p>&nbsp;<\/p>\n<p>&nbsp;<\/p>\n<p><a href=\"http:\/\/www.monorientationenligne.fr\/qr\/boite.php\" target=\"blank\"><img loading=\"lazy\" decoding=\"async\" class=\" size-medium wp-image-517 alignleft\" src=\"\/clg-beausejour\/wp-content\/uploads\/sites\/48\/2015\/05\/monorientationonisep-300x93.png\" alt=\"monorientationonisep\" width=\"235\" height=\"66\" \/><\/a>L&rsquo;ONISEP et ses conseillers r\u00e9pondent \u00e0 vos questions sur l\u2019orientation, les fili\u00e8res de formation et les m\u00e9tiers.<\/p>\n<p>&nbsp;<\/p>\n<p>&nbsp;<\/p>\n<p>&nbsp;<\/p>\n<p>&nbsp;<\/p>\n<p>&nbsp;<\/p>\n<p><a href=\"\/clg-beausejour\"><img loading=\"lazy\" decoding=\"async\" class=\"aligncenter size-medium wp-image-401\" src=\"\/clg-beausejour\/wp-content\/uploads\/sites\/48\/2015\/05\/Accueil-300x198.jpg\" alt=\"Accueil\" width=\"100\" height=\"66\" \/><\/a><\/p>\n","protected":false},"excerpt":{"rendered":"<p>Liste des CIO (Centres d&rsquo;Information et d&rsquo;Orientation) de la Martinique. &nbsp; &nbsp; Permet de\u00a0 rechercher des informations sur les m\u00e9tiers et les formations en Martinique et ailleurs. &nbsp; &nbsp; L&rsquo;ONISEP et ses conseillers r\u00e9pondent \u00e0 vos questions sur l\u2019orientation, les fili\u00e8res de formation et les m\u00e9tiers. &nbsp; &nbsp; &nbsp; &nbsp; &nbsp;<\/p>\n","protected":false},"author":115,"featured_media":0,"parent":0,"menu_order":0,"comment_status":"closed","ping_status":"open","template":"","meta":{"footnotes":""},"class_list":["post-511","page","type-page","status-publish","hentry"],"_links":{"self":[{"href":"https:\/\/site.ac-martinique.fr\/clg-beausejour\/index.php?rest_route=\/wp\/v2\/pages\/511","targetHints":{"allow":["GET"]}}],"collection":[{"href":"https:\/\/site.ac-martinique.fr\/clg-beausejour\/index.php?rest_route=\/wp\/v2\/pages"}],"about":[{"href":"https:\/\/site.ac-martinique.fr\/clg-beausejour\/index.php?rest_route=\/wp\/v2\/types\/page"}],"author":[{"embeddable":true,"href":"https:\/\/site.ac-martinique.fr\/clg-beausejour\/index.php?rest_route=\/wp\/v2\/users\/115"}],"replies":[{"embeddable":true,"href":"https:\/\/site.ac-martinique.fr\/clg-beausejour\/index.php?rest_route=%2Fwp%2Fv2%2Fcomments&post=511"}],"version-history":[{"count":10,"href":"https:\/\/site.ac-martinique.fr\/clg-beausejour\/index.php?rest_route=\/wp\/v2\/pages\/511\/revisions"}],"predecessor-version":[{"id":884,"href":"https:\/\/site.ac-martinique.fr\/clg-beausejour\/index.php?rest_route=\/wp\/v2\/pages\/511\/revisions\/884"}],"wp:attachment":[{"href":"https:\/\/site.ac-martinique.fr\/clg-beausejour\/index.php?rest_route=%2Fwp%2Fv2%2Fmedia&parent=511"}],"curies":[{"name":"wp","href":"https:\/\/api.w.org\/{rel}","templated":true}]}}