{"id":567,"date":"2015-06-04T10:59:15","date_gmt":"2015-06-04T14:59:15","guid":{"rendered":"\/clg-beausejour\/?page_id=567"},"modified":"2015-06-04T11:21:08","modified_gmt":"2015-06-04T15:21:08","slug":"ateliers-du-c-d-i","status":"publish","type":"page","link":"https:\/\/site.ac-martinique.fr\/clg-beausejour\/?page_id=567","title":{"rendered":"Ateliers du C.D.I."},"content":{"rendered":"<h2 style=\"text-align: center;\">\u00ab C\u2019est l\u2019heure du conte au CDI \u00bb<\/h2>\n<ul>\n<li>Faire d\u00e9couvrir aux \u00e9l\u00e8ves des contes du monde et les inciter par la suite \u00e0 la lecture et l\u2019analyse de ces contes<\/li>\n<li>Stimuler leur imaginaire. Une production est pr\u00e9vue en fin d\u2019ann\u00e9e.<\/li>\n<\/ul>\n<p style=\"text-align: center;\">\u00a0<a href=\"\/clg-beausejour\/wp-content\/uploads\/sites\/48\/2015\/06\/lheure-du-conte.jpg\"><img loading=\"lazy\" decoding=\"async\" class=\"aligncenter size-medium wp-image-577\" src=\"\/clg-beausejour\/wp-content\/uploads\/sites\/48\/2015\/06\/lheure-du-conte-300x225.jpg\" alt=\"l'heure du conte\" width=\"300\" height=\"225\" srcset=\"https:\/\/site.ac-martinique.fr\/clg-beausejour\/wp-content\/uploads\/sites\/48\/2015\/06\/lheure-du-conte-300x225.jpg 300w, https:\/\/site.ac-martinique.fr\/clg-beausejour\/wp-content\/uploads\/sites\/48\/2015\/06\/lheure-du-conte-1024x768.jpg 1024w, https:\/\/site.ac-martinique.fr\/clg-beausejour\/wp-content\/uploads\/sites\/48\/2015\/06\/lheure-du-conte-730x548.jpg 730w\" sizes=\"auto, (max-width: 300px) 100vw, 300px\" \/><\/a>Invit\u00e9 surprise Mr Paul Blam\u00e8ble<\/p>\n<p style=\"text-align: center;\">\n<h2 style=\"text-align: center;\">\u00ab\u00a0Images et aspects de ma culture cr\u00e9ole\u00a0\u00bb<\/h2>\n<p>Objectifs\u00a0: Permettre aux \u00e9l\u00e8ves de s\u2019approprier leur culture au point de vue historique, artistique, culinaire, artisanal.<\/p>\n<p style=\"text-align: center;\"><a href=\"\/clg-beausejour\/wp-content\/uploads\/sites\/48\/2015\/06\/atelier-cr\u00e9ole.-Mr-Bolosier-cadre-culturel1.jpg\"><img loading=\"lazy\" decoding=\"async\" class=\"aligncenter size-medium wp-image-574\" src=\"\/clg-beausejour\/wp-content\/uploads\/sites\/48\/2015\/06\/atelier-cr\u00e9ole.-Mr-Bolosier-cadre-culturel1-300x249.jpg\" alt=\"atelier cr\u00e9ole. Mr Bolosier cadre culturel1\" width=\"300\" height=\"249\" srcset=\"https:\/\/site.ac-martinique.fr\/clg-beausejour\/wp-content\/uploads\/sites\/48\/2015\/06\/atelier-cr\u00e9ole.-Mr-Bolosier-cadre-culturel1-300x249.jpg 300w, https:\/\/site.ac-martinique.fr\/clg-beausejour\/wp-content\/uploads\/sites\/48\/2015\/06\/atelier-cr\u00e9ole.-Mr-Bolosier-cadre-culturel1-1024x849.jpg 1024w, https:\/\/site.ac-martinique.fr\/clg-beausejour\/wp-content\/uploads\/sites\/48\/2015\/06\/atelier-cr\u00e9ole.-Mr-Bolosier-cadre-culturel1-730x605.jpg 730w\" sizes=\"auto, (max-width: 300px) 100vw, 300px\" \/><\/a>Invit\u00e9 Mr Bolosier qui parle du contexte de la naissance du conte cr\u00e9ole<\/p>\n<p style=\"text-align: center;\">\n<h2 style=\"text-align: center;\">\u00ab\u00a0Atelier th\u00e9\u00e2tre\u00a0\u00bb<\/h2>\n<p>Objectifs\u00a0:<\/p>\n<ul>\n<li>Permettre l\u2019expression artistique et culturelle de l\u2019\u00e9l\u00e8ve<\/li>\n<li>Permettre \u00e0 l\u2019\u00e9l\u00e8ve d\u2019acqu\u00e9rir des savoirs \u00eatre et savoir- faire relatifs au th\u00e9\u00e2tre<\/li>\n<\/ul>\n<p>Production artistique\u00a0: rencontres th\u00e9\u00e2trales acad\u00e9miques<\/p>\n<p>Intervenante 2014\/2015 Mme Astrid Mercier<\/p>\n<p style=\"text-align: center;\"><a href=\"\/clg-beausejour\/wp-content\/uploads\/sites\/48\/2015\/06\/Th\u00e9atre.jpg\"><img loading=\"lazy\" decoding=\"async\" class=\"aligncenter size-medium wp-image-578\" src=\"\/clg-beausejour\/wp-content\/uploads\/sites\/48\/2015\/06\/Th\u00e9atre-300x200.jpg\" alt=\"Th\u00e9atre\" width=\"300\" height=\"200\" srcset=\"https:\/\/site.ac-martinique.fr\/clg-beausejour\/wp-content\/uploads\/sites\/48\/2015\/06\/Th\u00e9atre-300x200.jpg 300w, https:\/\/site.ac-martinique.fr\/clg-beausejour\/wp-content\/uploads\/sites\/48\/2015\/06\/Th\u00e9atre-1024x683.jpg 1024w, https:\/\/site.ac-martinique.fr\/clg-beausejour\/wp-content\/uploads\/sites\/48\/2015\/06\/Th\u00e9atre-730x487.jpg 730w\" sizes=\"auto, (max-width: 300px) 100vw, 300px\" \/><\/a>R\u00e9p\u00e9tition de la pi\u00e8ce ADV 93 (Sophie Balthazard)<\/p>\n<p style=\"text-align: center;\"><a href=\"\/clg-beausejour\/wp-content\/uploads\/sites\/48\/2015\/06\/Lheure-du-conte-proces-Barbe-bleue-conseil-\u00e9cole-coll\u00e8ge1.jpg\"><img loading=\"lazy\" decoding=\"async\" class=\"aligncenter size-medium wp-image-576\" src=\"\/clg-beausejour\/wp-content\/uploads\/sites\/48\/2015\/06\/Lheure-du-conte-proces-Barbe-bleue-conseil-\u00e9cole-coll\u00e8ge1-300x190.jpg\" alt=\"L'heure du conte proces Barbe bleue conseil \u00e9cole coll\u00e8ge1\" width=\"300\" height=\"190\" srcset=\"https:\/\/site.ac-martinique.fr\/clg-beausejour\/wp-content\/uploads\/sites\/48\/2015\/06\/Lheure-du-conte-proces-Barbe-bleue-conseil-\u00e9cole-coll\u00e8ge1-300x190.jpg 300w, https:\/\/site.ac-martinique.fr\/clg-beausejour\/wp-content\/uploads\/sites\/48\/2015\/06\/Lheure-du-conte-proces-Barbe-bleue-conseil-\u00e9cole-coll\u00e8ge1-1024x648.jpg 1024w, https:\/\/site.ac-martinique.fr\/clg-beausejour\/wp-content\/uploads\/sites\/48\/2015\/06\/Lheure-du-conte-proces-Barbe-bleue-conseil-\u00e9cole-coll\u00e8ge1-730x462.jpg 730w\" sizes=\"auto, (max-width: 300px) 100vw, 300px\" \/><\/a>Intervention de la\u00a0\u00ab\u00a0 compagnie Virgul\u00a0\u00bb au CDI pour la mise en sc\u00e8ne du proc\u00e8s de Barbe bleue (Projet commun conseil \u00e9cole- coll\u00e8ge)<\/p>\n<p style=\"text-align: center;\">\n<h2 style=\"text-align: center;\">\u00ab Club M\u00e9dia\u00a0\u00bb<\/h2>\n<ul>\n<li>Contribuer \u00e0 l\u2019\u00e9ducation aux m\u00e9dias en partie gr\u00e2ce \u00e0 la web radio\u00a0: une activit\u00e9 innovante recourant aux technologies num\u00e9riques qui permet non seulement d\u2019\u00e9duquer les \u00e9l\u00e8ves \u00e0 la citoyennet\u00e9 mais qui contribue aussi \u00e0 la maitrise de la langue<\/li>\n<\/ul>\n<p style=\"text-align: center;\"><a href=\"\/clg-beausejour\/wp-content\/uploads\/sites\/48\/2015\/06\/club-media-atelier-\u00e9crriture-journalistique1.jpg\"><img loading=\"lazy\" decoding=\"async\" class=\"aligncenter size-medium wp-image-575\" src=\"\/clg-beausejour\/wp-content\/uploads\/sites\/48\/2015\/06\/club-media-atelier-\u00e9crriture-journalistique1-300x225.jpg\" alt=\"club media atelier \u00e9crriture journalistique1\" width=\"300\" height=\"225\" srcset=\"https:\/\/site.ac-martinique.fr\/clg-beausejour\/wp-content\/uploads\/sites\/48\/2015\/06\/club-media-atelier-\u00e9crriture-journalistique1-300x225.jpg 300w, https:\/\/site.ac-martinique.fr\/clg-beausejour\/wp-content\/uploads\/sites\/48\/2015\/06\/club-media-atelier-\u00e9crriture-journalistique1-1024x768.jpg 1024w, https:\/\/site.ac-martinique.fr\/clg-beausejour\/wp-content\/uploads\/sites\/48\/2015\/06\/club-media-atelier-\u00e9crriture-journalistique1-730x548.jpg 730w, https:\/\/site.ac-martinique.fr\/clg-beausejour\/wp-content\/uploads\/sites\/48\/2015\/06\/club-media-atelier-\u00e9crriture-journalistique1.jpg 2048w\" sizes=\"auto, (max-width: 300px) 100vw, 300px\" \/><\/a>Intervention de Mme Pierrette L\u00e9ti lors d\u2019une s\u00e9ance de formation \u00e0 l\u2019\u00e9criture journalistique<\/p>\n<p style=\"text-align: center;\">\n<h2 style=\"text-align: center;\">\u00ab Accompagnement \u00e9ducatif anglais \u00bb<\/h2>\n<p>&nbsp;<\/p>\n<ul>\n<li>Apporter une aide aux \u00e9l\u00e8ves de 6eme qui le souhaitent en leur permettant de renforcer les notions et mettre en \u0153uvre les comp\u00e9tences initi\u00e9es en cours d\u2019anglais.<\/li>\n<li>Aborder des aspects de la civilisation anglophone.<\/li>\n<\/ul>\n<p style=\"text-align: center;\"><a href=\"\/clg-beausejour\/wp-content\/uploads\/sites\/48\/2015\/06\/accompagnement-educatif-anglais.jpg\"><img loading=\"lazy\" decoding=\"async\" class=\"aligncenter size-medium wp-image-571\" src=\"\/clg-beausejour\/wp-content\/uploads\/sites\/48\/2015\/06\/accompagnement-educatif-anglais-180x300.jpg\" alt=\"accompagnement educatif anglais\" width=\"180\" height=\"300\" srcset=\"https:\/\/site.ac-martinique.fr\/clg-beausejour\/wp-content\/uploads\/sites\/48\/2015\/06\/accompagnement-educatif-anglais-180x300.jpg 180w, https:\/\/site.ac-martinique.fr\/clg-beausejour\/wp-content\/uploads\/sites\/48\/2015\/06\/accompagnement-educatif-anglais-614x1024.jpg 614w, https:\/\/site.ac-martinique.fr\/clg-beausejour\/wp-content\/uploads\/sites\/48\/2015\/06\/accompagnement-educatif-anglais-730x1217.jpg 730w, https:\/\/site.ac-martinique.fr\/clg-beausejour\/wp-content\/uploads\/sites\/48\/2015\/06\/accompagnement-educatif-anglais.jpg 1536w\" sizes=\"auto, (max-width: 180px) 100vw, 180px\" \/><\/a><em>Muffins r\u00e9alis\u00e9s lors d\u2019une s\u00e9ance tout en fredonnant \u00ab\u00a0 Do you know the muffin man\u2026.\u00a0\u00bb<\/em><\/p>\n<p style=\"text-align: center;\">\n<p>&nbsp;<\/p>\n<p>&nbsp;<\/p>\n<p>&nbsp;<\/p>\n<p style=\"text-align: center;\">\n<p style=\"text-align: center;\">\n<p>&nbsp;<\/p>\n","protected":false},"excerpt":{"rendered":"<p>\u00ab C\u2019est l\u2019heure du conte au CDI \u00bb Faire d\u00e9couvrir aux \u00e9l\u00e8ves des contes du monde et les inciter par la suite \u00e0 la lecture et l\u2019analyse de ces contes Stimuler leur imaginaire. Une production est pr\u00e9vue en fin d\u2019ann\u00e9e. \u00a0Invit\u00e9 surprise Mr Paul Blam\u00e8ble \u00ab\u00a0Images et aspects de ma culture cr\u00e9ole\u00a0\u00bb Objectifs\u00a0: Permettre aux &hellip; <\/p>\n<p class=\"link-more\"><a href=\"https:\/\/site.ac-martinique.fr\/clg-beausejour\/?page_id=567\" class=\"more-link\">Continuer la lecture<span class=\"screen-reader-text\"> de &laquo;&nbsp;Ateliers du C.D.I.&nbsp;&raquo;<\/span><\/a><\/p>\n","protected":false},"author":115,"featured_media":0,"parent":0,"menu_order":0,"comment_status":"closed","ping_status":"open","template":"","meta":{"footnotes":""},"class_list":["post-567","page","type-page","status-publish","hentry"],"_links":{"self":[{"href":"https:\/\/site.ac-martinique.fr\/clg-beausejour\/index.php?rest_route=\/wp\/v2\/pages\/567","targetHints":{"allow":["GET"]}}],"collection":[{"href":"https:\/\/site.ac-martinique.fr\/clg-beausejour\/index.php?rest_route=\/wp\/v2\/pages"}],"about":[{"href":"https:\/\/site.ac-martinique.fr\/clg-beausejour\/index.php?rest_route=\/wp\/v2\/types\/page"}],"author":[{"embeddable":true,"href":"https:\/\/site.ac-martinique.fr\/clg-beausejour\/index.php?rest_route=\/wp\/v2\/users\/115"}],"replies":[{"embeddable":true,"href":"https:\/\/site.ac-martinique.fr\/clg-beausejour\/index.php?rest_route=%2Fwp%2Fv2%2Fcomments&post=567"}],"version-history":[{"count":3,"href":"https:\/\/site.ac-martinique.fr\/clg-beausejour\/index.php?rest_route=\/wp\/v2\/pages\/567\/revisions"}],"predecessor-version":[{"id":580,"href":"https:\/\/site.ac-martinique.fr\/clg-beausejour\/index.php?rest_route=\/wp\/v2\/pages\/567\/revisions\/580"}],"wp:attachment":[{"href":"https:\/\/site.ac-martinique.fr\/clg-beausejour\/index.php?rest_route=%2Fwp%2Fv2%2Fmedia&parent=567"}],"curies":[{"name":"wp","href":"https:\/\/api.w.org\/{rel}","templated":true}]}}