{"id":664,"date":"2015-06-17T12:14:04","date_gmt":"2015-06-17T16:14:04","guid":{"rendered":"\/clg-beausejour\/?page_id=664"},"modified":"2015-06-17T12:14:04","modified_gmt":"2015-06-17T16:14:04","slug":"liste-du-materiel-en-mathematiques","status":"publish","type":"page","link":"https:\/\/site.ac-martinique.fr\/clg-beausejour\/?page_id=664","title":{"rendered":"Liste du mat\u00e9riel en math\u00e9matiques"},"content":{"rendered":"<h3>Pour les 6\u00e8me et 5\u00e8me<\/h3>\n<p>\u2022 2 petits cahiers de 196 pages + 1 petit cahier de brouillon + 3 prot\u00e8ges cahiers petit format jaune<br \/>\n\u2022 1 chemise cartonn\u00e9e \u00e0 \u00e9lastique jaune<br \/>\n\u2022 1 pochette de papier calque<br \/>\n\u2022 1 rapporteur gradu\u00e9 uniquement jusqu\u2019\u00e0 180\u00b0 + 1 \u00e9querre + 1 r\u00e8gle gradu\u00e9e de 20 cm<br \/>\n\u2022 <strong>1 compas qui reste \u00e0 la maison<\/strong><br \/>\n\u2022 Pour les 5\u00e8me uniquement, 1 pochette de papiers millim\u00e9tr\u00e9s format A4 (pas de calque) +<br \/>\ncalculatrice scientifique<\/p>\n<p>&nbsp;<\/p>\n<h3>Pour les 4\u00e8me et 3\u00e8me<\/h3>\n<p>\u2022 1 grand cahier 196 pages + 1 grand cahier 96 pages+ 1 petit cahier de brouillon<br \/>\n\u2022 Calculatrice scientifique + 1 pochette de papiers millim\u00e9tr\u00e9s format A4 (pas de calque)<br \/>\n\u2022 1 rapporteur gradu\u00e9 uniquement jusqu\u2019\u00e0 180\u00b0 + 1 \u00e9querre + 1 r\u00e8gle gradu\u00e9e de 20 cm<br \/>\n\u2022 <strong>1 compas qui reste \u00e0 la maison<\/strong><\/p>\n<h2 style=\"text-align: center;\">( \u00e0 renouveler si n\u00e9cessaire)<\/h2>\n","protected":false},"excerpt":{"rendered":"<p>Pour les 6\u00e8me et 5\u00e8me \u2022 2 petits cahiers de 196 pages + 1 petit cahier de brouillon + 3 prot\u00e8ges cahiers petit format jaune \u2022 1 chemise cartonn\u00e9e \u00e0 \u00e9lastique jaune \u2022 1 pochette de papier calque \u2022 1 rapporteur gradu\u00e9 uniquement jusqu\u2019\u00e0 180\u00b0 + 1 \u00e9querre + 1 r\u00e8gle gradu\u00e9e de 20 cm &hellip; <\/p>\n<p class=\"link-more\"><a href=\"https:\/\/site.ac-martinique.fr\/clg-beausejour\/?page_id=664\" class=\"more-link\">Continuer la lecture<span class=\"screen-reader-text\"> de &laquo;&nbsp;Liste du mat\u00e9riel en math\u00e9matiques&nbsp;&raquo;<\/span><\/a><\/p>\n","protected":false},"author":115,"featured_media":0,"parent":0,"menu_order":0,"comment_status":"closed","ping_status":"open","template":"","meta":{"footnotes":""},"class_list":["post-664","page","type-page","status-publish","hentry"],"_links":{"self":[{"href":"https:\/\/site.ac-martinique.fr\/clg-beausejour\/index.php?rest_route=\/wp\/v2\/pages\/664","targetHints":{"allow":["GET"]}}],"collection":[{"href":"https:\/\/site.ac-martinique.fr\/clg-beausejour\/index.php?rest_route=\/wp\/v2\/pages"}],"about":[{"href":"https:\/\/site.ac-martinique.fr\/clg-beausejour\/index.php?rest_route=\/wp\/v2\/types\/page"}],"author":[{"embeddable":true,"href":"https:\/\/site.ac-martinique.fr\/clg-beausejour\/index.php?rest_route=\/wp\/v2\/users\/115"}],"replies":[{"embeddable":true,"href":"https:\/\/site.ac-martinique.fr\/clg-beausejour\/index.php?rest_route=%2Fwp%2Fv2%2Fcomments&post=664"}],"version-history":[{"count":1,"href":"https:\/\/site.ac-martinique.fr\/clg-beausejour\/index.php?rest_route=\/wp\/v2\/pages\/664\/revisions"}],"predecessor-version":[{"id":665,"href":"https:\/\/site.ac-martinique.fr\/clg-beausejour\/index.php?rest_route=\/wp\/v2\/pages\/664\/revisions\/665"}],"wp:attachment":[{"href":"https:\/\/site.ac-martinique.fr\/clg-beausejour\/index.php?rest_route=%2Fwp%2Fv2%2Fmedia&parent=664"}],"curies":[{"name":"wp","href":"https:\/\/api.w.org\/{rel}","templated":true}]}}