{"id":861,"date":"2015-07-01T11:09:39","date_gmt":"2015-07-01T15:09:39","guid":{"rendered":"\/clg-beausejour\/?page_id=861"},"modified":"2015-07-01T11:09:39","modified_gmt":"2015-07-01T15:09:39","slug":"sites-internet-pedagogiques-a-consulter","status":"publish","type":"page","link":"https:\/\/site.ac-martinique.fr\/clg-beausejour\/?page_id=861","title":{"rendered":"Sites internet p\u00e9dagogiques \u00e0 consulter"},"content":{"rendered":"<ul>\n<li>Exercices de math\u00e9matiques interactifs avec rappels de cours et de m\u00e9thodes\u00a0\u00a0\u00a0 \u00a0 \u00a0 \u00a0 \u00a0 \u00a0 \u00a0 \u00a0 \u00a0 \u00a0 \u00a0 \u00a0 \u00a0 \u00a0 \u00a0 \u00a0 \u00a0 \u00a0 \u00a0 \u00a0 \u00a0\u00a0\u00a0\u00a0\u00a0\u00a0\u00a0\u00a0\u00a0\u00a0\u00a0\u00a0\u00a0\u00a0\u00a0\u00a0\u00a0\u00a0\u00a0\u00a0\u00a0\u00a0\u00a0\u00a0\u00a0\u00a0\u00a0\u00a0\u00a0\u00a0\u00a0\u00a0\u00a0\u00a0\u00a0\u00a0\u00a0\u00a0\u00a0\u00a0\u00a0\u00a0\u00a0 \u00a0\u00a0 \u00a0\u00a0\u00a0\u00a0\u00a0\u00a0\u00a0\u00a0\u00a0 <a href=\"http:\/\/archives.mathenpoche.net\/6eme\/pages\/menu.html\" target=\"_blank\"><img loading=\"lazy\" decoding=\"async\" class=\"  wp-image-820 alignnone\" src=\"\/clg-beausejour\/wp-content\/uploads\/sites\/48\/2015\/07\/mp6e-300x246.jpg\" alt=\"mp6e\" width=\"59\" height=\"49\" srcset=\"https:\/\/site.ac-martinique.fr\/clg-beausejour\/wp-content\/uploads\/sites\/48\/2015\/07\/mp6e-300x246.jpg 300w, https:\/\/site.ac-martinique.fr\/clg-beausejour\/wp-content\/uploads\/sites\/48\/2015\/07\/mp6e.jpg 346w\" sizes=\"auto, (max-width: 59px) 100vw, 59px\" \/><\/a>\u00a0\u00a0\u00a0\u00a0<a href=\"http:\/\/archives.mathenpoche.net\/5eme\/pages\/menu.html\" target=\"_blank\"><img loading=\"lazy\" decoding=\"async\" class=\"  wp-image-819 alignnone\" src=\"\/clg-beausejour\/wp-content\/uploads\/sites\/48\/2015\/07\/mp5e-300x238.jpg\" alt=\"mp5e\" width=\"59\" height=\"47\" srcset=\"https:\/\/site.ac-martinique.fr\/clg-beausejour\/wp-content\/uploads\/sites\/48\/2015\/07\/mp5e-300x238.jpg 300w, https:\/\/site.ac-martinique.fr\/clg-beausejour\/wp-content\/uploads\/sites\/48\/2015\/07\/mp5e.jpg 346w\" sizes=\"auto, (max-width: 59px) 100vw, 59px\" \/><\/a> \u00a0 <a href=\"http:\/\/archives.mathenpoche.net\/4eme\/pages\/menu.html\" target=\"_blank\"><img loading=\"lazy\" decoding=\"async\" class=\"  wp-image-817 alignnone\" src=\"\/clg-beausejour\/wp-content\/uploads\/sites\/48\/2015\/07\/mp4e-300x246.jpg\" alt=\"mp4e\" width=\"59\" height=\"48\" srcset=\"https:\/\/site.ac-martinique.fr\/clg-beausejour\/wp-content\/uploads\/sites\/48\/2015\/07\/mp4e-300x246.jpg 300w, https:\/\/site.ac-martinique.fr\/clg-beausejour\/wp-content\/uploads\/sites\/48\/2015\/07\/mp4e.jpg 346w\" sizes=\"auto, (max-width: 59px) 100vw, 59px\" \/><\/a>\u00a0 \u00a0 <a href=\"http:\/\/archives.mathenpoche.net\/3eme\/pages\/menu.html\" target=\"_blank\"><img loading=\"lazy\" decoding=\"async\" class=\"  wp-image-818 alignnone\" src=\"\/clg-beausejour\/wp-content\/uploads\/sites\/48\/2015\/07\/mp3e-300x238.jpg\" alt=\"mp3e\" width=\"58\" height=\"46\" srcset=\"https:\/\/site.ac-martinique.fr\/clg-beausejour\/wp-content\/uploads\/sites\/48\/2015\/07\/mp3e-300x238.jpg 300w, https:\/\/site.ac-martinique.fr\/clg-beausejour\/wp-content\/uploads\/sites\/48\/2015\/07\/mp3e.jpg 342w\" sizes=\"auto, (max-width: 58px) 100vw, 58px\" \/><\/a><\/li>\n<\/ul>\n<ul>\n<li>Logiciel d\u2019entra\u00eenement gratuit d\u2019utilisation du rapporteur \u00e0 t\u00e9l\u00e9charger<\/li>\n<\/ul>\n<p style=\"text-align: center;\">\u00a0\u00a0\u00a0 <a href=\"http:\/\/symetrie1.0.free.fr\/rappo\/\" target=\"_blank\"><img loading=\"lazy\" decoding=\"async\" class=\"  wp-image-826 alignnone\" src=\"\/clg-beausejour\/wp-content\/uploads\/sites\/48\/2015\/07\/SITE-COLLEGE-RAPPORTEUR.jpg\" alt=\"SITE COLLEGE RAPPORTEUR\" width=\"110\" height=\"76\" \/><\/a><\/p>\n<ul>\n<li>Logiciel de g\u00e9om\u00e9trie dynamique\u00a0gratuit Geogebra \u00e0 t\u00e9l\u00e9charger<\/li>\n<\/ul>\n<p style=\"text-align: center;\">\u00a0 <a href=\"https:\/\/www.geogebra.org\/download\" target=\"_blank\"><img loading=\"lazy\" decoding=\"async\" class=\"  wp-image-854 alignnone\" src=\"\/clg-beausejour\/wp-content\/uploads\/sites\/48\/2015\/07\/GEOGEBRA.jpg\" alt=\"GEOGEBRA\" width=\"182\" height=\"39\" \/><\/a><\/p>\n<ul>\n<li>Sujets type brevet corrig\u00e9s, class\u00e9s par ann\u00e9e de parution<\/li>\n<\/ul>\n<p><a href=\"http:\/\/www.apmep.fr\/-BREVET-207-sujets\" target=\"_blank\"><img loading=\"lazy\" decoding=\"async\" class=\"  wp-image-822 alignnone aligncenter\" src=\"\/clg-beausejour\/wp-content\/uploads\/sites\/48\/2015\/07\/SITE-COLLEGE-APMEP.jpg\" alt=\"SITE COLLEGE APMEP\" width=\"84\" height=\"94\" \/><\/a><\/p>\n","protected":false},"excerpt":{"rendered":"<p>Exercices de math\u00e9matiques interactifs avec rappels de cours et de m\u00e9thodes\u00a0\u00a0\u00a0 \u00a0 \u00a0 \u00a0 \u00a0 \u00a0 \u00a0 \u00a0 \u00a0 \u00a0 \u00a0 \u00a0 \u00a0 \u00a0 \u00a0 \u00a0 \u00a0 \u00a0 \u00a0 \u00a0 \u00a0\u00a0\u00a0\u00a0\u00a0\u00a0\u00a0\u00a0\u00a0\u00a0\u00a0\u00a0\u00a0\u00a0\u00a0\u00a0\u00a0\u00a0\u00a0\u00a0\u00a0\u00a0\u00a0\u00a0\u00a0\u00a0\u00a0\u00a0\u00a0\u00a0\u00a0\u00a0\u00a0\u00a0\u00a0\u00a0\u00a0\u00a0\u00a0\u00a0\u00a0\u00a0\u00a0 \u00a0\u00a0 \u00a0\u00a0\u00a0\u00a0\u00a0\u00a0\u00a0\u00a0\u00a0 \u00a0\u00a0\u00a0\u00a0 \u00a0 \u00a0 \u00a0 Logiciel d\u2019entra\u00eenement gratuit d\u2019utilisation du rapporteur \u00e0 t\u00e9l\u00e9charger \u00a0\u00a0\u00a0 Logiciel de g\u00e9om\u00e9trie dynamique\u00a0gratuit Geogebra \u00e0 t\u00e9l\u00e9charger \u00a0 Sujets &hellip; <\/p>\n<p class=\"link-more\"><a href=\"https:\/\/site.ac-martinique.fr\/clg-beausejour\/?page_id=861\" class=\"more-link\">Continuer la lecture<span class=\"screen-reader-text\"> de &laquo;&nbsp;Sites internet p\u00e9dagogiques \u00e0 consulter&nbsp;&raquo;<\/span><\/a><\/p>\n","protected":false},"author":115,"featured_media":0,"parent":0,"menu_order":0,"comment_status":"closed","ping_status":"open","template":"","meta":{"footnotes":""},"class_list":["post-861","page","type-page","status-publish","hentry"],"_links":{"self":[{"href":"https:\/\/site.ac-martinique.fr\/clg-beausejour\/index.php?rest_route=\/wp\/v2\/pages\/861","targetHints":{"allow":["GET"]}}],"collection":[{"href":"https:\/\/site.ac-martinique.fr\/clg-beausejour\/index.php?rest_route=\/wp\/v2\/pages"}],"about":[{"href":"https:\/\/site.ac-martinique.fr\/clg-beausejour\/index.php?rest_route=\/wp\/v2\/types\/page"}],"author":[{"embeddable":true,"href":"https:\/\/site.ac-martinique.fr\/clg-beausejour\/index.php?rest_route=\/wp\/v2\/users\/115"}],"replies":[{"embeddable":true,"href":"https:\/\/site.ac-martinique.fr\/clg-beausejour\/index.php?rest_route=%2Fwp%2Fv2%2Fcomments&post=861"}],"version-history":[{"count":1,"href":"https:\/\/site.ac-martinique.fr\/clg-beausejour\/index.php?rest_route=\/wp\/v2\/pages\/861\/revisions"}],"predecessor-version":[{"id":862,"href":"https:\/\/site.ac-martinique.fr\/clg-beausejour\/index.php?rest_route=\/wp\/v2\/pages\/861\/revisions\/862"}],"wp:attachment":[{"href":"https:\/\/site.ac-martinique.fr\/clg-beausejour\/index.php?rest_route=%2Fwp%2Fv2%2Fmedia&parent=861"}],"curies":[{"name":"wp","href":"https:\/\/api.w.org\/{rel}","templated":true}]}}