{"id":1064,"date":"2016-06-17T07:44:22","date_gmt":"2016-06-17T11:44:22","guid":{"rendered":"\/clg-belleetoile\/?page_id=1064"},"modified":"2016-06-17T07:44:22","modified_gmt":"2016-06-17T11:44:22","slug":"devoirs-de-vacances-a-remettre-a-la-rentree-2016","status":"publish","type":"page","link":"https:\/\/site.ac-martinique.fr\/clg-belleetoile\/pedagogie\/mathematiques-2\/devoirs-de-vacances-a-remettre-a-la-rentree-2016\/","title":{"rendered":"Devoirs de Vacances \u00e0 remettre \u00e0 la rentr\u00e9e 2016"},"content":{"rendered":"<h1 style=\"text-align: center;\">Devoirs de Vacances 2016<\/h1>\n<p>&nbsp;<\/p>\n<p><a href=\"\/clg-belleetoile\/wp-content\/uploads\/sites\/49\/2016\/06\/Devoir-de-rentr\u00e9e-2016-5e.doc\">Devoir de rentr\u00e9e 2016 5e<\/a><\/p>\n<p><a href=\"\/clg-belleetoile\/wp-content\/uploads\/sites\/49\/2016\/06\/Devoir-de-rentr\u00e9e-2016-pour-les-4emes.doc\">Devoir de rentr\u00e9e 2016 pour les 4emes<\/a><\/p>\n<p><a href=\"\/clg-belleetoile\/wp-content\/uploads\/sites\/49\/2016\/06\/DEVOIR-DE-VACANCES-3\u00e8me-2016.doc\">DEVOIR DE VACANCES 3\u00e8me 2016<\/a><\/p>\n","protected":false},"excerpt":{"rendered":"<p>Devoirs de Vacances 2016 &nbsp; Devoir de rentr\u00e9e 2016 5e Devoir de rentr\u00e9e 2016 pour les 4emes DEVOIR DE VACANCES 3\u00e8me 2016<\/p>\n","protected":false},"author":118,"featured_media":0,"parent":246,"menu_order":0,"comment_status":"closed","ping_status":"closed","template":"","meta":{"footnotes":""},"class_list":["post-1064","page","type-page","status-publish","hentry"],"_links":{"self":[{"href":"https:\/\/site.ac-martinique.fr\/clg-belleetoile\/wp-json\/wp\/v2\/pages\/1064","targetHints":{"allow":["GET"]}}],"collection":[{"href":"https:\/\/site.ac-martinique.fr\/clg-belleetoile\/wp-json\/wp\/v2\/pages"}],"about":[{"href":"https:\/\/site.ac-martinique.fr\/clg-belleetoile\/wp-json\/wp\/v2\/types\/page"}],"author":[{"embeddable":true,"href":"https:\/\/site.ac-martinique.fr\/clg-belleetoile\/wp-json\/wp\/v2\/users\/118"}],"replies":[{"embeddable":true,"href":"https:\/\/site.ac-martinique.fr\/clg-belleetoile\/wp-json\/wp\/v2\/comments?post=1064"}],"version-history":[{"count":2,"href":"https:\/\/site.ac-martinique.fr\/clg-belleetoile\/wp-json\/wp\/v2\/pages\/1064\/revisions"}],"predecessor-version":[{"id":1069,"href":"https:\/\/site.ac-martinique.fr\/clg-belleetoile\/wp-json\/wp\/v2\/pages\/1064\/revisions\/1069"}],"up":[{"embeddable":true,"href":"https:\/\/site.ac-martinique.fr\/clg-belleetoile\/wp-json\/wp\/v2\/pages\/246"}],"wp:attachment":[{"href":"https:\/\/site.ac-martinique.fr\/clg-belleetoile\/wp-json\/wp\/v2\/media?parent=1064"}],"curies":[{"name":"wp","href":"https:\/\/api.w.org\/{rel}","templated":true}]}}