{"id":1073,"date":"2016-06-17T11:38:26","date_gmt":"2016-06-17T15:38:26","guid":{"rendered":"\/clg-belleetoile\/?page_id=1073"},"modified":"2016-06-17T11:57:15","modified_gmt":"2016-06-17T15:57:15","slug":"notre-compte-rendu","status":"publish","type":"page","link":"https:\/\/site.ac-martinique.fr\/clg-belleetoile\/pedagogie\/les-couleurs-de-classe\/projet-developpement-durable\/la-5eme-developpement-durable\/notre-compte-rendu\/","title":{"rendered":"1.Collecte des piles"},"content":{"rendered":"<p style=\"text-align: center;\"><a href=\"\/clg-belleetoile\/wp-content\/uploads\/sites\/49\/2016\/06\/Pile.jpg\"><img loading=\"lazy\" decoding=\"async\" class=\"aligncenter size-medium wp-image-1077\" src=\"\/clg-belleetoile\/wp-content\/uploads\/sites\/49\/2016\/06\/Pile-300x167.jpg\" alt=\"Pile\" width=\"300\" height=\"167\" srcset=\"https:\/\/site.ac-martinique.fr\/clg-belleetoile\/wp-content\/uploads\/sites\/49\/2016\/06\/Pile-300x167.jpg 300w, https:\/\/site.ac-martinique.fr\/clg-belleetoile\/wp-content\/uploads\/sites\/49\/2016\/06\/Pile.jpg 406w\" sizes=\"auto, (max-width: 300px) 100vw, 300px\" \/><\/a><\/p>\n<p><span style=\"color: #ff0000;\"><strong>Bonjour\u00a0 \u00e0 tous. \u263b\u263a<\/strong><\/span><\/p>\n<p><span style=\"color: #666699;\"><strong>Nous\u00a0 sommes la 5eme DD\u00a0:<\/strong><\/span><\/p>\n<p><span style=\"color: #993300;\"><strong>(D\u00e9veloppement Durable).<\/strong><\/span><\/p>\n<p><strong><span style=\"color: #ffcc99;\">Nous \u00a0avons sensibilis\u00e9 les<\/span><span style=\"color: #333300;\"> \u00e9l\u00e8ves de 6\u00e8me \u00a0\u00e0 la collecte<\/span> <span style=\"color: #ffcc00;\">des piles au d\u00e9but de l\u2019ann\u00e9e scolaire. \u00a0Ils nous ont<\/span> <span style=\"color: #333399;\">ramen\u00e9 \u00a0de nombreuses piles, et nous<\/span> <span style=\"color: #33cccc;\">voulons les remercier pour leur<\/span> \u00a0<span style=\"color: #800000;\">participation.<\/span><\/strong><\/p>\n<p><strong><span style=\"color: #999999;\">Nous avons collect\u00e9 661 piles<\/span> <span style=\"color: #000080;\">pour un poids de 15 Kg.<\/span><\/strong><\/p>\n<p><strong><span style=\"color: #000080;\">Nous vous invitons \u00e0<\/span> <span style=\"color: #333399;\">faire<\/span> <span style=\"color: #99cc00;\">de m\u00eame \u00a0gr\u00e2ce au tri.<\/span><\/strong><\/p>\n<p><span style=\"color: #ff99cc;\"><strong>Pouvez- vous nous ramener\u00a0 des piles et les d\u00e9poser dans le casier de Madame S\u00e9bastien\u00a0ou dans les batribox dispos\u00e9es dans le coll\u00e8ge ?<\/strong><\/span><\/p>\n<p style=\"text-align: center;\"><strong>Merci de votre participation.<\/strong><\/p>\n<p style=\"text-align: center;\"><a href=\"\/clg-belleetoile\/wp-content\/uploads\/sites\/49\/2016\/06\/DSC00143.jpg\"><img loading=\"lazy\" decoding=\"async\" class=\"aligncenter size-medium wp-image-1079\" src=\"\/clg-belleetoile\/wp-content\/uploads\/sites\/49\/2016\/06\/DSC00143-300x225.jpg\" alt=\"DSC00143\" width=\"300\" height=\"225\" srcset=\"https:\/\/site.ac-martinique.fr\/clg-belleetoile\/wp-content\/uploads\/sites\/49\/2016\/06\/DSC00143-300x225.jpg 300w, https:\/\/site.ac-martinique.fr\/clg-belleetoile\/wp-content\/uploads\/sites\/49\/2016\/06\/DSC00143.jpg 640w\" sizes=\"auto, (max-width: 300px) 100vw, 300px\" \/><\/a> <a href=\"\/clg-belleetoile\/wp-content\/uploads\/sites\/49\/2016\/06\/DSC00146.jpg\"><img loading=\"lazy\" decoding=\"async\" class=\"aligncenter size-medium wp-image-1080\" src=\"\/clg-belleetoile\/wp-content\/uploads\/sites\/49\/2016\/06\/DSC00146-300x225.jpg\" alt=\"DSC00146\" width=\"300\" height=\"225\" srcset=\"https:\/\/site.ac-martinique.fr\/clg-belleetoile\/wp-content\/uploads\/sites\/49\/2016\/06\/DSC00146-300x225.jpg 300w, https:\/\/site.ac-martinique.fr\/clg-belleetoile\/wp-content\/uploads\/sites\/49\/2016\/06\/DSC00146.jpg 640w\" sizes=\"auto, (max-width: 300px) 100vw, 300px\" \/><\/a> <a href=\"\/clg-belleetoile\/wp-content\/uploads\/sites\/49\/2016\/06\/DSC00162.jpg\"><img loading=\"lazy\" decoding=\"async\" class=\"aligncenter size-medium wp-image-1081\" src=\"\/clg-belleetoile\/wp-content\/uploads\/sites\/49\/2016\/06\/DSC00162-300x225.jpg\" alt=\"DSC00162\" width=\"300\" height=\"225\" srcset=\"https:\/\/site.ac-martinique.fr\/clg-belleetoile\/wp-content\/uploads\/sites\/49\/2016\/06\/DSC00162-300x225.jpg 300w, https:\/\/site.ac-martinique.fr\/clg-belleetoile\/wp-content\/uploads\/sites\/49\/2016\/06\/DSC00162.jpg 640w\" sizes=\"auto, (max-width: 300px) 100vw, 300px\" \/><\/a><\/p>\n","protected":false},"excerpt":{"rendered":"<p>Bonjour\u00a0 \u00e0 tous. \u263b\u263a Nous\u00a0 sommes la 5eme DD\u00a0: (D\u00e9veloppement Durable). Nous \u00a0avons sensibilis\u00e9 les \u00e9l\u00e8ves de 6\u00e8me \u00a0\u00e0 la collecte des piles au d\u00e9but de l\u2019ann\u00e9e scolaire. \u00a0Ils nous ont ramen\u00e9 \u00a0de nombreuses piles, et nous voulons les remercier &hellip; <a href=\"https:\/\/site.ac-martinique.fr\/clg-belleetoile\/pedagogie\/les-couleurs-de-classe\/projet-developpement-durable\/la-5eme-developpement-durable\/notre-compte-rendu\/\">Continuer la lecture <span class=\"meta-nav\">&rarr;<\/span><\/a><\/p>\n","protected":false},"author":118,"featured_media":0,"parent":1083,"menu_order":0,"comment_status":"closed","ping_status":"closed","template":"","meta":{"footnotes":""},"class_list":["post-1073","page","type-page","status-publish","hentry"],"_links":{"self":[{"href":"https:\/\/site.ac-martinique.fr\/clg-belleetoile\/wp-json\/wp\/v2\/pages\/1073","targetHints":{"allow":["GET"]}}],"collection":[{"href":"https:\/\/site.ac-martinique.fr\/clg-belleetoile\/wp-json\/wp\/v2\/pages"}],"about":[{"href":"https:\/\/site.ac-martinique.fr\/clg-belleetoile\/wp-json\/wp\/v2\/types\/page"}],"author":[{"embeddable":true,"href":"https:\/\/site.ac-martinique.fr\/clg-belleetoile\/wp-json\/wp\/v2\/users\/118"}],"replies":[{"embeddable":true,"href":"https:\/\/site.ac-martinique.fr\/clg-belleetoile\/wp-json\/wp\/v2\/comments?post=1073"}],"version-history":[{"count":6,"href":"https:\/\/site.ac-martinique.fr\/clg-belleetoile\/wp-json\/wp\/v2\/pages\/1073\/revisions"}],"predecessor-version":[{"id":1098,"href":"https:\/\/site.ac-martinique.fr\/clg-belleetoile\/wp-json\/wp\/v2\/pages\/1073\/revisions\/1098"}],"up":[{"embeddable":true,"href":"https:\/\/site.ac-martinique.fr\/clg-belleetoile\/wp-json\/wp\/v2\/pages\/1083"}],"wp:attachment":[{"href":"https:\/\/site.ac-martinique.fr\/clg-belleetoile\/wp-json\/wp\/v2\/media?parent=1073"}],"curies":[{"name":"wp","href":"https:\/\/api.w.org\/{rel}","templated":true}]}}