{"id":1083,"date":"2016-06-17T11:49:20","date_gmt":"2016-06-17T15:49:20","guid":{"rendered":"\/clg-belleetoile\/?page_id=1083"},"modified":"2017-07-05T16:43:11","modified_gmt":"2017-07-05T20:43:11","slug":"la-5eme-developpement-durable","status":"publish","type":"page","link":"https:\/\/site.ac-martinique.fr\/clg-belleetoile\/pedagogie\/les-couleurs-de-classe\/projet-developpement-durable\/la-5eme-developpement-durable\/","title":{"rendered":"2015\/2016"},"content":{"rendered":"<p>1<\/p>\n<ol>\n<li><a href=\"\/clg-belleetoile\/?page_id=1073\">Collecte des piles<\/a><\/li>\n<\/ol>\n<p><a href=\"\/clg-belleetoile\/?page_id=1086\">2. Le village du tri<\/a><\/p>\n<p><a href=\"\/clg-belleetoile\/?page_id=1099\">3. Habitation Belfort<\/a><\/p>\n<p><a href=\"\/clg-belleetoile\/?page_id=1114\">4. R\u00e9alisation de masques<\/a><\/p>\n<p><a href=\"\/clg-belleetoile\/?page_id=1139\">5. Sortie en for\u00eat<\/a><\/p>\n<p><a href=\"\/clg-belleetoile\/?page_id=1141\">6. Journ\u00e9e du d\u00e9veloppement durable<\/a><\/p>\n<p>&nbsp;<\/p>\n","protected":false},"excerpt":{"rendered":"<p>1 Collecte des piles 2. Le village du tri 3. Habitation Belfort 4. R\u00e9alisation de masques 5. Sortie en for\u00eat 6. Journ\u00e9e du d\u00e9veloppement durable &nbsp;<\/p>\n","protected":false},"author":118,"featured_media":0,"parent":1437,"menu_order":1,"comment_status":"closed","ping_status":"closed","template":"","meta":{"footnotes":""},"class_list":["post-1083","page","type-page","status-publish","hentry"],"_links":{"self":[{"href":"https:\/\/site.ac-martinique.fr\/clg-belleetoile\/wp-json\/wp\/v2\/pages\/1083","targetHints":{"allow":["GET"]}}],"collection":[{"href":"https:\/\/site.ac-martinique.fr\/clg-belleetoile\/wp-json\/wp\/v2\/pages"}],"about":[{"href":"https:\/\/site.ac-martinique.fr\/clg-belleetoile\/wp-json\/wp\/v2\/types\/page"}],"author":[{"embeddable":true,"href":"https:\/\/site.ac-martinique.fr\/clg-belleetoile\/wp-json\/wp\/v2\/users\/118"}],"replies":[{"embeddable":true,"href":"https:\/\/site.ac-martinique.fr\/clg-belleetoile\/wp-json\/wp\/v2\/comments?post=1083"}],"version-history":[{"count":9,"href":"https:\/\/site.ac-martinique.fr\/clg-belleetoile\/wp-json\/wp\/v2\/pages\/1083\/revisions"}],"predecessor-version":[{"id":1113,"href":"https:\/\/site.ac-martinique.fr\/clg-belleetoile\/wp-json\/wp\/v2\/pages\/1083\/revisions\/1113"}],"up":[{"embeddable":true,"href":"https:\/\/site.ac-martinique.fr\/clg-belleetoile\/wp-json\/wp\/v2\/pages\/1437"}],"wp:attachment":[{"href":"https:\/\/site.ac-martinique.fr\/clg-belleetoile\/wp-json\/wp\/v2\/media?parent=1083"}],"curies":[{"name":"wp","href":"https:\/\/api.w.org\/{rel}","templated":true}]}}