{"id":1086,"date":"2016-06-17T11:55:20","date_gmt":"2016-06-17T15:55:20","guid":{"rendered":"\/clg-belleetoile\/?page_id=1086"},"modified":"2016-06-17T11:56:12","modified_gmt":"2016-06-17T15:56:12","slug":"2-le-village-du-tri","status":"publish","type":"page","link":"https:\/\/site.ac-martinique.fr\/clg-belleetoile\/pedagogie\/les-couleurs-de-classe\/projet-developpement-durable\/la-5eme-developpement-durable\/2-le-village-du-tri\/","title":{"rendered":"2.Le village du tri"},"content":{"rendered":"<h1 style=\"text-align: center;\"><span style=\"color: #ff6600;\"><strong><em>Journal des \u00e9l\u00e8ves de la 5<sup>e<\/sup>DD<\/em><\/strong><\/span><\/h1>\n<p><strong><em><a href=\"\/clg-belleetoile\/wp-content\/uploads\/sites\/49\/2016\/06\/Le-village.jpg\"><img loading=\"lazy\" decoding=\"async\" class=\"aligncenter size-medium wp-image-1087\" src=\"\/clg-belleetoile\/wp-content\/uploads\/sites\/49\/2016\/06\/Le-village-300x239.jpg\" alt=\"Le village\" width=\"300\" height=\"239\" srcset=\"https:\/\/site.ac-martinique.fr\/clg-belleetoile\/wp-content\/uploads\/sites\/49\/2016\/06\/Le-village-300x239.jpg 300w, https:\/\/site.ac-martinique.fr\/clg-belleetoile\/wp-content\/uploads\/sites\/49\/2016\/06\/Le-village.jpg 307w\" sizes=\"auto, (max-width: 300px) 100vw, 300px\" \/><\/a><\/em><em>\u00a0<\/em><\/strong><\/p>\n<h2 style=\"text-align: center;\"><span style=\"color: #00ff00;\"><strong><em>Classe de d\u00e9veloppement durable<\/em><\/strong><\/span><\/h2>\n<p><u><span style=\"color: #99cc00;\">Nos d\u00e9couvertes<\/span> <\/u><\/p>\n<p>Le jeudi <span style=\"color: #ff0000;\">15 Octobre 2015<\/span>, nous sommes all\u00e9s au <span style=\"color: #ff0000;\">Palais des sports du Lamentin<\/span> pour vraiment d\u00e9couvrir tout ce qui est en lien avec le d\u00e9veloppement durable.<\/p>\n<p>Nous avons fait 3 groupes de 7 \u00e9l\u00e8ves et sommes all\u00e9s dans diff\u00e9rents stands. Nous avons particip\u00e9 \u00e0 des jeux (<span style=\"color: #ff0000;\">dominos, r\u00e9bus, \u00e9nigmes, lancer de verre broy\u00e9s sur des objets de recyclage, trouver l\u2019ann\u00e9e de d\u00e9gradation des d\u00e9chets<\/span>), puis nous avons visit\u00e9 la<span style=\"color: #ff0000;\"> SMTVD<\/span> (qui signifie <span style=\"color: #ff0000;\">syndicat martiniquais de traitement et de valorisation des d\u00e9chets<\/span>), Martinique recyclage, Aliz\u00e9e Environnement et la CACEM. Nous sommes all\u00e9s dans le stand d\u2019une animatrice qui faisait des maisons, des fleurs, des cr\u00e8ches, des marionnettes, des boites \u00e0 bijoux, des bracelets et des sacs <span style=\"color: #ff0000;\">avec des mat\u00e9riaux de r\u00e9cup\u00e9ration<\/span>.<\/p>\n<p>Nous avons d\u00e9couvert qu\u2019avec du <span style=\"color: #ff0000;\">verre broy\u00e9<\/span>, on peut faire les <span style=\"color: #ff0000;\">all\u00e9es de maisons<\/span>, des bancs et aussi <span style=\"color: #ff0000;\">comment est fait le compost<\/span>.<\/p>\n<p>Si on r\u00e9pondait bien aux questions, nous gagnions un certain nombre de cadeaux.<\/p>\n<p><span style=\"color: #ff0000;\"><strong><em><u>Notre message\u00a0:<\/u><\/em><\/strong><\/span><\/p>\n<p><strong><em><span style=\"color: #ff0000;\">Nous voulons dire aux citoyens de devenir des \u00e9co citoyens afin de sauver la plan\u00e8te. Pour cela, vous devrez faire le tri s\u00e9lectif en pensant qu\u2019il y a d\u2019autres personnes qui viennent apr\u00e8s nous.<\/span> <\/em><\/strong><\/p>\n<p><em>Merci de votre compr\u00e9hension<\/em><\/p>\n<p><a href=\"\/clg-belleetoile\/wp-content\/uploads\/sites\/49\/2016\/06\/20151015_100028.jpg\"><img loading=\"lazy\" decoding=\"async\" class=\"aligncenter size-medium wp-image-1089\" src=\"\/clg-belleetoile\/wp-content\/uploads\/sites\/49\/2016\/06\/20151015_100028-300x169.jpg\" alt=\"20151015_100028\" width=\"300\" height=\"169\" srcset=\"https:\/\/site.ac-martinique.fr\/clg-belleetoile\/wp-content\/uploads\/sites\/49\/2016\/06\/20151015_100028-300x169.jpg 300w, https:\/\/site.ac-martinique.fr\/clg-belleetoile\/wp-content\/uploads\/sites\/49\/2016\/06\/20151015_100028-1024x576.jpg 1024w\" sizes=\"auto, (max-width: 300px) 100vw, 300px\" \/><\/a> <a href=\"\/clg-belleetoile\/wp-content\/uploads\/sites\/49\/2016\/06\/20151015_100349.jpg\"><img loading=\"lazy\" decoding=\"async\" class=\"aligncenter size-medium wp-image-1091\" src=\"\/clg-belleetoile\/wp-content\/uploads\/sites\/49\/2016\/06\/20151015_100349-300x169.jpg\" alt=\"20151015_100349\" width=\"300\" height=\"169\" srcset=\"https:\/\/site.ac-martinique.fr\/clg-belleetoile\/wp-content\/uploads\/sites\/49\/2016\/06\/20151015_100349-300x169.jpg 300w, https:\/\/site.ac-martinique.fr\/clg-belleetoile\/wp-content\/uploads\/sites\/49\/2016\/06\/20151015_100349-1024x576.jpg 1024w\" sizes=\"auto, (max-width: 300px) 100vw, 300px\" \/><\/a> <a href=\"\/clg-belleetoile\/wp-content\/uploads\/sites\/49\/2016\/06\/20151015_100606.jpg\"><img loading=\"lazy\" decoding=\"async\" class=\"aligncenter size-medium wp-image-1092\" src=\"\/clg-belleetoile\/wp-content\/uploads\/sites\/49\/2016\/06\/20151015_100606-300x169.jpg\" alt=\"20151015_100606\" width=\"300\" height=\"169\" srcset=\"https:\/\/site.ac-martinique.fr\/clg-belleetoile\/wp-content\/uploads\/sites\/49\/2016\/06\/20151015_100606-300x169.jpg 300w, https:\/\/site.ac-martinique.fr\/clg-belleetoile\/wp-content\/uploads\/sites\/49\/2016\/06\/20151015_100606-1024x576.jpg 1024w\" sizes=\"auto, (max-width: 300px) 100vw, 300px\" \/><\/a> <a href=\"\/clg-belleetoile\/wp-content\/uploads\/sites\/49\/2016\/06\/20151015_101331.jpg\"><img loading=\"lazy\" decoding=\"async\" class=\"aligncenter size-medium wp-image-1093\" src=\"\/clg-belleetoile\/wp-content\/uploads\/sites\/49\/2016\/06\/20151015_101331-300x169.jpg\" alt=\"20151015_101331\" width=\"300\" height=\"169\" srcset=\"https:\/\/site.ac-martinique.fr\/clg-belleetoile\/wp-content\/uploads\/sites\/49\/2016\/06\/20151015_101331-300x169.jpg 300w, https:\/\/site.ac-martinique.fr\/clg-belleetoile\/wp-content\/uploads\/sites\/49\/2016\/06\/20151015_101331-1024x576.jpg 1024w\" sizes=\"auto, (max-width: 300px) 100vw, 300px\" \/><\/a> <a href=\"\/clg-belleetoile\/wp-content\/uploads\/sites\/49\/2016\/06\/20151015_103457.jpg\"><img loading=\"lazy\" decoding=\"async\" class=\"aligncenter size-medium wp-image-1094\" src=\"\/clg-belleetoile\/wp-content\/uploads\/sites\/49\/2016\/06\/20151015_103457-300x169.jpg\" alt=\"20151015_103457\" width=\"300\" height=\"169\" srcset=\"https:\/\/site.ac-martinique.fr\/clg-belleetoile\/wp-content\/uploads\/sites\/49\/2016\/06\/20151015_103457-300x169.jpg 300w, https:\/\/site.ac-martinique.fr\/clg-belleetoile\/wp-content\/uploads\/sites\/49\/2016\/06\/20151015_103457-1024x576.jpg 1024w\" sizes=\"auto, (max-width: 300px) 100vw, 300px\" \/><\/a> <a href=\"\/clg-belleetoile\/wp-content\/uploads\/sites\/49\/2016\/06\/20151015_103524.jpg\"><img loading=\"lazy\" decoding=\"async\" class=\"aligncenter size-medium wp-image-1095\" src=\"\/clg-belleetoile\/wp-content\/uploads\/sites\/49\/2016\/06\/20151015_103524-300x169.jpg\" alt=\"20151015_103524\" width=\"300\" height=\"169\" srcset=\"https:\/\/site.ac-martinique.fr\/clg-belleetoile\/wp-content\/uploads\/sites\/49\/2016\/06\/20151015_103524-300x169.jpg 300w, https:\/\/site.ac-martinique.fr\/clg-belleetoile\/wp-content\/uploads\/sites\/49\/2016\/06\/20151015_103524-1024x576.jpg 1024w\" sizes=\"auto, (max-width: 300px) 100vw, 300px\" \/><\/a> <a href=\"\/clg-belleetoile\/wp-content\/uploads\/sites\/49\/2016\/06\/20151015_110149.jpg\"><img loading=\"lazy\" decoding=\"async\" class=\"aligncenter size-medium wp-image-1096\" src=\"\/clg-belleetoile\/wp-content\/uploads\/sites\/49\/2016\/06\/20151015_110149-300x169.jpg\" alt=\"20151015_110149\" width=\"300\" height=\"169\" srcset=\"https:\/\/site.ac-martinique.fr\/clg-belleetoile\/wp-content\/uploads\/sites\/49\/2016\/06\/20151015_110149-300x169.jpg 300w, https:\/\/site.ac-martinique.fr\/clg-belleetoile\/wp-content\/uploads\/sites\/49\/2016\/06\/20151015_110149-1024x576.jpg 1024w\" sizes=\"auto, (max-width: 300px) 100vw, 300px\" \/><\/a><\/p>\n","protected":false},"excerpt":{"rendered":"<p>Journal des \u00e9l\u00e8ves de la 5eDD \u00a0 Classe de d\u00e9veloppement durable Nos d\u00e9couvertes Le jeudi 15 Octobre 2015, nous sommes all\u00e9s au Palais des sports du Lamentin pour vraiment d\u00e9couvrir tout ce qui est en lien avec le d\u00e9veloppement durable. &hellip; <a href=\"https:\/\/site.ac-martinique.fr\/clg-belleetoile\/pedagogie\/les-couleurs-de-classe\/projet-developpement-durable\/la-5eme-developpement-durable\/2-le-village-du-tri\/\">Continuer la lecture <span class=\"meta-nav\">&rarr;<\/span><\/a><\/p>\n","protected":false},"author":118,"featured_media":0,"parent":1083,"menu_order":0,"comment_status":"closed","ping_status":"closed","template":"","meta":{"footnotes":""},"class_list":["post-1086","page","type-page","status-publish","hentry"],"_links":{"self":[{"href":"https:\/\/site.ac-martinique.fr\/clg-belleetoile\/wp-json\/wp\/v2\/pages\/1086","targetHints":{"allow":["GET"]}}],"collection":[{"href":"https:\/\/site.ac-martinique.fr\/clg-belleetoile\/wp-json\/wp\/v2\/pages"}],"about":[{"href":"https:\/\/site.ac-martinique.fr\/clg-belleetoile\/wp-json\/wp\/v2\/types\/page"}],"author":[{"embeddable":true,"href":"https:\/\/site.ac-martinique.fr\/clg-belleetoile\/wp-json\/wp\/v2\/users\/118"}],"replies":[{"embeddable":true,"href":"https:\/\/site.ac-martinique.fr\/clg-belleetoile\/wp-json\/wp\/v2\/comments?post=1086"}],"version-history":[{"count":2,"href":"https:\/\/site.ac-martinique.fr\/clg-belleetoile\/wp-json\/wp\/v2\/pages\/1086\/revisions"}],"predecessor-version":[{"id":1097,"href":"https:\/\/site.ac-martinique.fr\/clg-belleetoile\/wp-json\/wp\/v2\/pages\/1086\/revisions\/1097"}],"up":[{"embeddable":true,"href":"https:\/\/site.ac-martinique.fr\/clg-belleetoile\/wp-json\/wp\/v2\/pages\/1083"}],"wp:attachment":[{"href":"https:\/\/site.ac-martinique.fr\/clg-belleetoile\/wp-json\/wp\/v2\/media?parent=1086"}],"curies":[{"name":"wp","href":"https:\/\/api.w.org\/{rel}","templated":true}]}}