{"id":1099,"date":"2016-06-17T14:45:47","date_gmt":"2016-06-17T18:45:47","guid":{"rendered":"\/clg-belleetoile\/?page_id=1099"},"modified":"2016-06-17T14:45:47","modified_gmt":"2016-06-17T18:45:47","slug":"3-habitation-belfort","status":"publish","type":"page","link":"https:\/\/site.ac-martinique.fr\/clg-belleetoile\/pedagogie\/les-couleurs-de-classe\/projet-developpement-durable\/la-5eme-developpement-durable\/3-habitation-belfort\/","title":{"rendered":"3. Habitation Belfort"},"content":{"rendered":"<h2 style=\"text-align: center;\"><span style=\"color: #800000;\"><a href=\"\/clg-belleetoile\/wp-content\/uploads\/sites\/49\/2016\/06\/Bando.jpg\"><img loading=\"lazy\" decoding=\"async\" class=\"alignleft size-full wp-image-1101\" src=\"\/clg-belleetoile\/wp-content\/uploads\/sites\/49\/2016\/06\/Bando.jpg\" alt=\"Bando\" width=\"56\" height=\"27\" \/><\/a>Sortie \u00e0 l\u2019habitation Belfort le 17 d\u00e9cembre 2015<a href=\"\/clg-belleetoile\/wp-content\/uploads\/sites\/49\/2016\/06\/Bando.jpg\"><img loading=\"lazy\" decoding=\"async\" class=\"alignright size-full wp-image-1101\" src=\"\/clg-belleetoile\/wp-content\/uploads\/sites\/49\/2016\/06\/Bando.jpg\" alt=\"Bando\" width=\"56\" height=\"27\" \/><\/a><\/span><\/h2>\n<p><em>Notre classe de 5<sup>\u00e8me<\/sup> d\u00e9veloppement durable a particip\u00e9 \u00e0 une sortie d\u00e9couverte \u00e0 l\u2019habitation Belfort au Lamentin le jeudi 17 d\u00e9cembre 2015.<\/em><\/p>\n<p><em>Cette habitation fait 6 hectares et se compose de plusieurs am\u00e9nagements et \u00e9quipements r\u00e9alis\u00e9s en bois. Nous avons visit\u00e9 cette habitation en petit train, qui est tr\u00e8s\u00a0 confortable et adapt\u00e9 \u00e0 ce type de visite pour d\u00e9couvrir une bananeraie. <\/em><\/p>\n<p><em>Les bananiers sont des plantes g\u00e9antes et ils ont besoin de 6 ml d\u2019eau par jour pour pousser plus vite.<\/em><\/p>\n<p><em>Un r\u00e9gime de banane peut peser\u00a0 entre 20 kg et 30 kg. <\/em><\/p>\n<p><em>Les bananiers sont souvent contamin\u00e9s par des charan\u00e7ons. Ce sont des insectes de la m\u00eame famille que les scarab\u00e9es. Ils pondent des larves dans la racine et peuvent donner des champignons aux bananiers.<\/em><\/p>\n<p><em>Pour les supprimer, les exploitants agricoles utilisent des pi\u00e8ges \u00e0 charan\u00e7on qui contiennent des ph\u00e9romones.<\/em><\/p>\n<p><em>Nous avons ensuite visit\u00e9 un atelier de transformation des r\u00e9gimes. Nous avons appris que l\u2019on coupe les \u00ab\u00a0mains\u00a0\u00bb de banane avec une cuill\u00e8re \u00e0 d\u00e9patter.<\/em><\/p>\n<p><em>Chaque ouvrier doit r\u00e9aliser 260 cartons par jour pour les exporter en m\u00e9tropole et dans la cara\u00efbe. <\/em><\/p>\n<p><em>\u00a0<a href=\"\/clg-belleetoile\/wp-content\/uploads\/sites\/49\/2016\/06\/511.jpg\"><img loading=\"lazy\" decoding=\"async\" class=\"alignright size-medium wp-image-1102\" src=\"\/clg-belleetoile\/wp-content\/uploads\/sites\/49\/2016\/06\/511-300x169.jpg\" alt=\"511\" width=\"300\" height=\"169\" srcset=\"https:\/\/site.ac-martinique.fr\/clg-belleetoile\/wp-content\/uploads\/sites\/49\/2016\/06\/511-300x169.jpg 300w, https:\/\/site.ac-martinique.fr\/clg-belleetoile\/wp-content\/uploads\/sites\/49\/2016\/06\/511-1024x576.jpg 1024w, https:\/\/site.ac-martinique.fr\/clg-belleetoile\/wp-content\/uploads\/sites\/49\/2016\/06\/511.jpg 1920w\" sizes=\"auto, (max-width: 300px) 100vw, 300px\" \/><\/a> <a href=\"\/clg-belleetoile\/wp-content\/uploads\/sites\/49\/2016\/06\/521.jpg\"><img loading=\"lazy\" decoding=\"async\" class=\"alignright size-medium wp-image-1103\" src=\"\/clg-belleetoile\/wp-content\/uploads\/sites\/49\/2016\/06\/521-300x169.jpg\" alt=\"521\" width=\"300\" height=\"169\" srcset=\"https:\/\/site.ac-martinique.fr\/clg-belleetoile\/wp-content\/uploads\/sites\/49\/2016\/06\/521-300x169.jpg 300w, https:\/\/site.ac-martinique.fr\/clg-belleetoile\/wp-content\/uploads\/sites\/49\/2016\/06\/521-1024x576.jpg 1024w, https:\/\/site.ac-martinique.fr\/clg-belleetoile\/wp-content\/uploads\/sites\/49\/2016\/06\/521.jpg 1920w\" sizes=\"auto, (max-width: 300px) 100vw, 300px\" \/><\/a> <a href=\"\/clg-belleetoile\/wp-content\/uploads\/sites\/49\/2016\/06\/522.jpg\"><img loading=\"lazy\" decoding=\"async\" class=\"alignright size-medium wp-image-1104\" src=\"\/clg-belleetoile\/wp-content\/uploads\/sites\/49\/2016\/06\/522-169x300.jpg\" alt=\"522\" width=\"169\" height=\"300\" srcset=\"https:\/\/site.ac-martinique.fr\/clg-belleetoile\/wp-content\/uploads\/sites\/49\/2016\/06\/522-169x300.jpg 169w, https:\/\/site.ac-martinique.fr\/clg-belleetoile\/wp-content\/uploads\/sites\/49\/2016\/06\/522-576x1024.jpg 576w, https:\/\/site.ac-martinique.fr\/clg-belleetoile\/wp-content\/uploads\/sites\/49\/2016\/06\/522.jpg 1080w\" sizes=\"auto, (max-width: 169px) 100vw, 169px\" \/><\/a> <a href=\"\/clg-belleetoile\/wp-content\/uploads\/sites\/49\/2016\/06\/523.jpg\"><img loading=\"lazy\" decoding=\"async\" class=\"alignright size-medium wp-image-1105\" src=\"\/clg-belleetoile\/wp-content\/uploads\/sites\/49\/2016\/06\/523-300x169.jpg\" alt=\"523\" width=\"300\" height=\"169\" srcset=\"https:\/\/site.ac-martinique.fr\/clg-belleetoile\/wp-content\/uploads\/sites\/49\/2016\/06\/523-300x169.jpg 300w, https:\/\/site.ac-martinique.fr\/clg-belleetoile\/wp-content\/uploads\/sites\/49\/2016\/06\/523-1024x576.jpg 1024w, https:\/\/site.ac-martinique.fr\/clg-belleetoile\/wp-content\/uploads\/sites\/49\/2016\/06\/523.jpg 1920w\" sizes=\"auto, (max-width: 300px) 100vw, 300px\" \/><\/a> <a href=\"\/clg-belleetoile\/wp-content\/uploads\/sites\/49\/2016\/06\/528.jpg\"><img loading=\"lazy\" decoding=\"async\" class=\"alignright size-medium wp-image-1106\" src=\"\/clg-belleetoile\/wp-content\/uploads\/sites\/49\/2016\/06\/528-169x300.jpg\" alt=\"528\" width=\"169\" height=\"300\" srcset=\"https:\/\/site.ac-martinique.fr\/clg-belleetoile\/wp-content\/uploads\/sites\/49\/2016\/06\/528-169x300.jpg 169w, https:\/\/site.ac-martinique.fr\/clg-belleetoile\/wp-content\/uploads\/sites\/49\/2016\/06\/528-576x1024.jpg 576w, https:\/\/site.ac-martinique.fr\/clg-belleetoile\/wp-content\/uploads\/sites\/49\/2016\/06\/528.jpg 1080w\" sizes=\"auto, (max-width: 169px) 100vw, 169px\" \/><\/a> <a href=\"\/clg-belleetoile\/wp-content\/uploads\/sites\/49\/2016\/06\/532.jpg\"><img loading=\"lazy\" decoding=\"async\" class=\"alignright size-medium wp-image-1107\" src=\"\/clg-belleetoile\/wp-content\/uploads\/sites\/49\/2016\/06\/532-248x300.jpg\" alt=\"532\" width=\"248\" height=\"300\" srcset=\"https:\/\/site.ac-martinique.fr\/clg-belleetoile\/wp-content\/uploads\/sites\/49\/2016\/06\/532-248x300.jpg 248w, https:\/\/site.ac-martinique.fr\/clg-belleetoile\/wp-content\/uploads\/sites\/49\/2016\/06\/532-847x1024.jpg 847w, https:\/\/site.ac-martinique.fr\/clg-belleetoile\/wp-content\/uploads\/sites\/49\/2016\/06\/532.jpg 1080w\" sizes=\"auto, (max-width: 248px) 100vw, 248px\" \/><\/a> <a href=\"\/clg-belleetoile\/wp-content\/uploads\/sites\/49\/2016\/06\/20151217_092436.jpg\"><img loading=\"lazy\" decoding=\"async\" class=\"alignright size-medium wp-image-1108\" src=\"\/clg-belleetoile\/wp-content\/uploads\/sites\/49\/2016\/06\/20151217_092436-300x169.jpg\" alt=\"20151217_092436\" width=\"300\" height=\"169\" srcset=\"https:\/\/site.ac-martinique.fr\/clg-belleetoile\/wp-content\/uploads\/sites\/49\/2016\/06\/20151217_092436-300x169.jpg 300w, https:\/\/site.ac-martinique.fr\/clg-belleetoile\/wp-content\/uploads\/sites\/49\/2016\/06\/20151217_092436-1024x576.jpg 1024w, https:\/\/site.ac-martinique.fr\/clg-belleetoile\/wp-content\/uploads\/sites\/49\/2016\/06\/20151217_092436.jpg 1328w\" sizes=\"auto, (max-width: 300px) 100vw, 300px\" \/><\/a> <a href=\"\/clg-belleetoile\/wp-content\/uploads\/sites\/49\/2016\/06\/20151217_095436.jpg\"><img loading=\"lazy\" decoding=\"async\" class=\"alignright size-medium wp-image-1109\" src=\"\/clg-belleetoile\/wp-content\/uploads\/sites\/49\/2016\/06\/20151217_095436-300x169.jpg\" alt=\"20151217_095436\" width=\"300\" height=\"169\" srcset=\"https:\/\/site.ac-martinique.fr\/clg-belleetoile\/wp-content\/uploads\/sites\/49\/2016\/06\/20151217_095436-300x169.jpg 300w, https:\/\/site.ac-martinique.fr\/clg-belleetoile\/wp-content\/uploads\/sites\/49\/2016\/06\/20151217_095436-1024x576.jpg 1024w, https:\/\/site.ac-martinique.fr\/clg-belleetoile\/wp-content\/uploads\/sites\/49\/2016\/06\/20151217_095436.jpg 1328w\" sizes=\"auto, (max-width: 300px) 100vw, 300px\" \/><\/a> <a href=\"\/clg-belleetoile\/wp-content\/uploads\/sites\/49\/2016\/06\/20151217_095440.jpg\"><img loading=\"lazy\" decoding=\"async\" class=\"alignright size-medium wp-image-1110\" src=\"\/clg-belleetoile\/wp-content\/uploads\/sites\/49\/2016\/06\/20151217_095440-300x169.jpg\" alt=\"20151217_095440\" width=\"300\" height=\"169\" srcset=\"https:\/\/site.ac-martinique.fr\/clg-belleetoile\/wp-content\/uploads\/sites\/49\/2016\/06\/20151217_095440-300x169.jpg 300w, https:\/\/site.ac-martinique.fr\/clg-belleetoile\/wp-content\/uploads\/sites\/49\/2016\/06\/20151217_095440-1024x576.jpg 1024w, https:\/\/site.ac-martinique.fr\/clg-belleetoile\/wp-content\/uploads\/sites\/49\/2016\/06\/20151217_095440.jpg 1328w\" sizes=\"auto, (max-width: 300px) 100vw, 300px\" \/><\/a><\/em><\/p>\n","protected":false},"excerpt":{"rendered":"<p>Sortie \u00e0 l\u2019habitation Belfort le 17 d\u00e9cembre 2015 Notre classe de 5\u00e8me d\u00e9veloppement durable a particip\u00e9 \u00e0 une sortie d\u00e9couverte \u00e0 l\u2019habitation Belfort au Lamentin le jeudi 17 d\u00e9cembre 2015. Cette habitation fait 6 hectares et se compose de plusieurs &hellip; <a href=\"https:\/\/site.ac-martinique.fr\/clg-belleetoile\/pedagogie\/les-couleurs-de-classe\/projet-developpement-durable\/la-5eme-developpement-durable\/3-habitation-belfort\/\">Continuer la lecture <span class=\"meta-nav\">&rarr;<\/span><\/a><\/p>\n","protected":false},"author":118,"featured_media":0,"parent":1083,"menu_order":0,"comment_status":"closed","ping_status":"closed","template":"","meta":{"footnotes":""},"class_list":["post-1099","page","type-page","status-publish","hentry"],"_links":{"self":[{"href":"https:\/\/site.ac-martinique.fr\/clg-belleetoile\/wp-json\/wp\/v2\/pages\/1099","targetHints":{"allow":["GET"]}}],"collection":[{"href":"https:\/\/site.ac-martinique.fr\/clg-belleetoile\/wp-json\/wp\/v2\/pages"}],"about":[{"href":"https:\/\/site.ac-martinique.fr\/clg-belleetoile\/wp-json\/wp\/v2\/types\/page"}],"author":[{"embeddable":true,"href":"https:\/\/site.ac-martinique.fr\/clg-belleetoile\/wp-json\/wp\/v2\/users\/118"}],"replies":[{"embeddable":true,"href":"https:\/\/site.ac-martinique.fr\/clg-belleetoile\/wp-json\/wp\/v2\/comments?post=1099"}],"version-history":[{"count":2,"href":"https:\/\/site.ac-martinique.fr\/clg-belleetoile\/wp-json\/wp\/v2\/pages\/1099\/revisions"}],"predecessor-version":[{"id":1112,"href":"https:\/\/site.ac-martinique.fr\/clg-belleetoile\/wp-json\/wp\/v2\/pages\/1099\/revisions\/1112"}],"up":[{"embeddable":true,"href":"https:\/\/site.ac-martinique.fr\/clg-belleetoile\/wp-json\/wp\/v2\/pages\/1083"}],"wp:attachment":[{"href":"https:\/\/site.ac-martinique.fr\/clg-belleetoile\/wp-json\/wp\/v2\/media?parent=1099"}],"curies":[{"name":"wp","href":"https:\/\/api.w.org\/{rel}","templated":true}]}}