{"id":1114,"date":"2016-06-17T18:54:22","date_gmt":"2016-06-17T22:54:22","guid":{"rendered":"\/clg-belleetoile\/?page_id=1114"},"modified":"2016-06-17T18:54:22","modified_gmt":"2016-06-17T22:54:22","slug":"4-realisation-de-masques","status":"publish","type":"page","link":"https:\/\/site.ac-martinique.fr\/clg-belleetoile\/pedagogie\/les-couleurs-de-classe\/projet-developpement-durable\/la-5eme-developpement-durable\/4-realisation-de-masques\/","title":{"rendered":"4. R\u00e9alisation de masques"},"content":{"rendered":"<h1 style=\"text-align: center;\"><span style=\"color: #ff0000;\">Comment r\u00e9aliser un masque \u00e0 partir de papier utilis\u00e9s\u00a0?<\/span><\/h1>\n<p>&nbsp;<\/p>\n<p><span style=\"color: #3366ff;\">Avant nos vacances, nous avons d\u00e9cid\u00e9 en fonction du mat\u00e9riel <span style=\"color: #ff0000;\">(bouteilles en plastique, papier usager, carton)<\/span> qu\u2019on a r\u00e9colt\u00e9 dans le coll\u00e8ge, de r\u00e9aliser des masques. \u00a0<\/span><\/p>\n<p>&nbsp;<\/p>\n<p><span style=\"color: #ff0000;\">1\u00e8re \u00e9tape\u00a0:<\/span><\/p>\n<p><span style=\"color: #3366ff;\">Nous avons pris du papier que nous avons d\u00e9chir\u00e9 en bandelettes, de la colle et un ballon.<\/span><\/p>\n<p>&nbsp;<\/p>\n<p><span style=\"color: #ff0000;\">2<sup>\u00e8me<\/sup> \u00e9tape :<\/span><\/p>\n<p><span style=\"color: #3366ff;\">On a gonfl\u00e9 le ballon, tremp\u00e9 les bandelettes de papier dans de la colle puis, nous les avons d\u00e9pos\u00e9es sur le ballon et\u00a0 laiss\u00e9es\u00a0 s\u00e9cher \u00a0pendant\u00a0 1 semaine.<\/span><\/p>\n<p>&nbsp;<\/p>\n<p><span style=\"color: #ff0000;\">3<sup>\u00e8me<\/sup> \u00e9tape :<\/span><\/p>\n<p><span style=\"color: #3366ff;\">Nous avons \u00e9clat\u00e9 le ballon pour obtenir une forme ovale puis nous l\u2019avons d\u00e9coup\u00e9 en deux parties.<\/span><\/p>\n<p>&nbsp;<\/p>\n<p><span style=\"color: #ff0000;\">4<sup>\u00e8me<\/sup> \u00e9tape\u00a0:<\/span><\/p>\n<p><span style=\"color: #3366ff;\">Pour d\u00e9corer le masque,\u00a0 nous \u00a0avons \u00a0utilis\u00e9 de la peinture, des paillettes, \u00a0des feutres, de la paille, des bouteilles et du carton.<\/span><\/p>\n<p>&nbsp;<\/p>\n<p><span style=\"color: #ff0000;\">5<sup>\u00e8me<\/sup> \u00e9tape\u00a0:<\/span><\/p>\n<p><span style=\"color: #3366ff;\">Nous avons accroch\u00e9 notre masque \u00e0 c\u00f4t\u00e9 de la gestion.<\/span><\/p>\n<p><span style=\"color: #3366ff;\">Le r\u00e9sultat \u00e9tait bluffant. Il y avait des masques de toutes les couleurs pour le carnaval.<\/span><\/p>\n<p>&nbsp;<\/p>\n<p><a href=\"\/clg-belleetoile\/wp-content\/uploads\/sites\/49\/2016\/06\/IMG_20160128_131137.jpg\"><img loading=\"lazy\" decoding=\"async\" class=\"alignright size-medium wp-image-1116\" src=\"\/clg-belleetoile\/wp-content\/uploads\/sites\/49\/2016\/06\/IMG_20160128_131137-300x225.jpg\" alt=\"IMG_20160128_131137\" width=\"300\" height=\"225\" srcset=\"https:\/\/site.ac-martinique.fr\/clg-belleetoile\/wp-content\/uploads\/sites\/49\/2016\/06\/IMG_20160128_131137-300x225.jpg 300w, https:\/\/site.ac-martinique.fr\/clg-belleetoile\/wp-content\/uploads\/sites\/49\/2016\/06\/IMG_20160128_131137-1024x768.jpg 1024w, https:\/\/site.ac-martinique.fr\/clg-belleetoile\/wp-content\/uploads\/sites\/49\/2016\/06\/IMG_20160128_131137.jpg 1296w\" sizes=\"auto, (max-width: 300px) 100vw, 300px\" \/><\/a> <a href=\"\/clg-belleetoile\/wp-content\/uploads\/sites\/49\/2016\/06\/IMG_20160128_131202.jpg\"><img loading=\"lazy\" decoding=\"async\" class=\"alignright size-medium wp-image-1117\" src=\"\/clg-belleetoile\/wp-content\/uploads\/sites\/49\/2016\/06\/IMG_20160128_131202-225x300.jpg\" alt=\"IMG_20160128_131202\" width=\"225\" height=\"300\" srcset=\"https:\/\/site.ac-martinique.fr\/clg-belleetoile\/wp-content\/uploads\/sites\/49\/2016\/06\/IMG_20160128_131202-225x300.jpg 225w, https:\/\/site.ac-martinique.fr\/clg-belleetoile\/wp-content\/uploads\/sites\/49\/2016\/06\/IMG_20160128_131202-768x1024.jpg 768w, https:\/\/site.ac-martinique.fr\/clg-belleetoile\/wp-content\/uploads\/sites\/49\/2016\/06\/IMG_20160128_131202.jpg 972w\" sizes=\"auto, (max-width: 225px) 100vw, 225px\" \/><\/a> <a href=\"\/clg-belleetoile\/wp-content\/uploads\/sites\/49\/2016\/06\/IMG_20160128_131243.jpg\"><img loading=\"lazy\" decoding=\"async\" class=\"alignright size-medium wp-image-1118\" src=\"\/clg-belleetoile\/wp-content\/uploads\/sites\/49\/2016\/06\/IMG_20160128_131243-300x225.jpg\" alt=\"IMG_20160128_131243\" width=\"300\" height=\"225\" srcset=\"https:\/\/site.ac-martinique.fr\/clg-belleetoile\/wp-content\/uploads\/sites\/49\/2016\/06\/IMG_20160128_131243-300x225.jpg 300w, https:\/\/site.ac-martinique.fr\/clg-belleetoile\/wp-content\/uploads\/sites\/49\/2016\/06\/IMG_20160128_131243-1024x768.jpg 1024w, https:\/\/site.ac-martinique.fr\/clg-belleetoile\/wp-content\/uploads\/sites\/49\/2016\/06\/IMG_20160128_131243.jpg 1296w\" sizes=\"auto, (max-width: 300px) 100vw, 300px\" \/><\/a> <a href=\"\/clg-belleetoile\/wp-content\/uploads\/sites\/49\/2016\/06\/IMG_20160128_131311.jpg\"><img loading=\"lazy\" decoding=\"async\" class=\"alignright size-medium wp-image-1119\" src=\"\/clg-belleetoile\/wp-content\/uploads\/sites\/49\/2016\/06\/IMG_20160128_131311-300x225.jpg\" alt=\"IMG_20160128_131311\" width=\"300\" height=\"225\" srcset=\"https:\/\/site.ac-martinique.fr\/clg-belleetoile\/wp-content\/uploads\/sites\/49\/2016\/06\/IMG_20160128_131311-300x225.jpg 300w, https:\/\/site.ac-martinique.fr\/clg-belleetoile\/wp-content\/uploads\/sites\/49\/2016\/06\/IMG_20160128_131311-1024x768.jpg 1024w, https:\/\/site.ac-martinique.fr\/clg-belleetoile\/wp-content\/uploads\/sites\/49\/2016\/06\/IMG_20160128_131311.jpg 1296w\" sizes=\"auto, (max-width: 300px) 100vw, 300px\" \/><\/a> <a href=\"\/clg-belleetoile\/wp-content\/uploads\/sites\/49\/2016\/06\/IMG_20160128_131341.jpg\"><img loading=\"lazy\" decoding=\"async\" class=\"alignright size-medium wp-image-1120\" src=\"\/clg-belleetoile\/wp-content\/uploads\/sites\/49\/2016\/06\/IMG_20160128_131341-225x300.jpg\" alt=\"IMG_20160128_131341\" width=\"225\" height=\"300\" srcset=\"https:\/\/site.ac-martinique.fr\/clg-belleetoile\/wp-content\/uploads\/sites\/49\/2016\/06\/IMG_20160128_131341-225x300.jpg 225w, https:\/\/site.ac-martinique.fr\/clg-belleetoile\/wp-content\/uploads\/sites\/49\/2016\/06\/IMG_20160128_131341-768x1024.jpg 768w, https:\/\/site.ac-martinique.fr\/clg-belleetoile\/wp-content\/uploads\/sites\/49\/2016\/06\/IMG_20160128_131341.jpg 972w\" sizes=\"auto, (max-width: 225px) 100vw, 225px\" \/><\/a> <a href=\"\/clg-belleetoile\/wp-content\/uploads\/sites\/49\/2016\/06\/IMG_20160128_131409.jpg\"><img loading=\"lazy\" decoding=\"async\" class=\"alignright size-medium wp-image-1121\" src=\"\/clg-belleetoile\/wp-content\/uploads\/sites\/49\/2016\/06\/IMG_20160128_131409-300x225.jpg\" alt=\"IMG_20160128_131409\" width=\"300\" height=\"225\" srcset=\"https:\/\/site.ac-martinique.fr\/clg-belleetoile\/wp-content\/uploads\/sites\/49\/2016\/06\/IMG_20160128_131409-300x225.jpg 300w, https:\/\/site.ac-martinique.fr\/clg-belleetoile\/wp-content\/uploads\/sites\/49\/2016\/06\/IMG_20160128_131409-1024x768.jpg 1024w, https:\/\/site.ac-martinique.fr\/clg-belleetoile\/wp-content\/uploads\/sites\/49\/2016\/06\/IMG_20160128_131409.jpg 1296w\" sizes=\"auto, (max-width: 300px) 100vw, 300px\" \/><\/a> <a href=\"\/clg-belleetoile\/wp-content\/uploads\/sites\/49\/2016\/06\/IMG_20160128_131502.jpg\"><img loading=\"lazy\" decoding=\"async\" class=\"alignright size-medium wp-image-1122\" src=\"\/clg-belleetoile\/wp-content\/uploads\/sites\/49\/2016\/06\/IMG_20160128_131502-225x300.jpg\" alt=\"IMG_20160128_131502\" width=\"225\" height=\"300\" srcset=\"https:\/\/site.ac-martinique.fr\/clg-belleetoile\/wp-content\/uploads\/sites\/49\/2016\/06\/IMG_20160128_131502-225x300.jpg 225w, https:\/\/site.ac-martinique.fr\/clg-belleetoile\/wp-content\/uploads\/sites\/49\/2016\/06\/IMG_20160128_131502-768x1024.jpg 768w, https:\/\/site.ac-martinique.fr\/clg-belleetoile\/wp-content\/uploads\/sites\/49\/2016\/06\/IMG_20160128_131502.jpg 972w\" sizes=\"auto, (max-width: 225px) 100vw, 225px\" \/><\/a> <a href=\"\/clg-belleetoile\/wp-content\/uploads\/sites\/49\/2016\/06\/IMG_20160128_131526.jpg\"><img loading=\"lazy\" decoding=\"async\" class=\"alignright size-medium wp-image-1123\" src=\"\/clg-belleetoile\/wp-content\/uploads\/sites\/49\/2016\/06\/IMG_20160128_131526-300x225.jpg\" alt=\"IMG_20160128_131526\" width=\"300\" height=\"225\" srcset=\"https:\/\/site.ac-martinique.fr\/clg-belleetoile\/wp-content\/uploads\/sites\/49\/2016\/06\/IMG_20160128_131526-300x225.jpg 300w, https:\/\/site.ac-martinique.fr\/clg-belleetoile\/wp-content\/uploads\/sites\/49\/2016\/06\/IMG_20160128_131526-1024x768.jpg 1024w, https:\/\/site.ac-martinique.fr\/clg-belleetoile\/wp-content\/uploads\/sites\/49\/2016\/06\/IMG_20160128_131526.jpg 1296w\" sizes=\"auto, (max-width: 300px) 100vw, 300px\" \/><\/a> <a href=\"\/clg-belleetoile\/wp-content\/uploads\/sites\/49\/2016\/06\/IMG_20160128_131556.jpg\"><img loading=\"lazy\" decoding=\"async\" class=\"alignright size-medium wp-image-1124\" src=\"\/clg-belleetoile\/wp-content\/uploads\/sites\/49\/2016\/06\/IMG_20160128_131556-300x225.jpg\" alt=\"IMG_20160128_131556\" width=\"300\" height=\"225\" srcset=\"https:\/\/site.ac-martinique.fr\/clg-belleetoile\/wp-content\/uploads\/sites\/49\/2016\/06\/IMG_20160128_131556-300x225.jpg 300w, https:\/\/site.ac-martinique.fr\/clg-belleetoile\/wp-content\/uploads\/sites\/49\/2016\/06\/IMG_20160128_131556-1024x768.jpg 1024w, https:\/\/site.ac-martinique.fr\/clg-belleetoile\/wp-content\/uploads\/sites\/49\/2016\/06\/IMG_20160128_131556.jpg 1296w\" sizes=\"auto, (max-width: 300px) 100vw, 300px\" \/><\/a> <a href=\"\/clg-belleetoile\/wp-content\/uploads\/sites\/49\/2016\/06\/IMG_20160128_131637.jpg\"><img loading=\"lazy\" decoding=\"async\" class=\"alignright size-medium wp-image-1125\" src=\"\/clg-belleetoile\/wp-content\/uploads\/sites\/49\/2016\/06\/IMG_20160128_131637-300x225.jpg\" alt=\"IMG_20160128_131637\" width=\"300\" height=\"225\" srcset=\"https:\/\/site.ac-martinique.fr\/clg-belleetoile\/wp-content\/uploads\/sites\/49\/2016\/06\/IMG_20160128_131637-300x225.jpg 300w, https:\/\/site.ac-martinique.fr\/clg-belleetoile\/wp-content\/uploads\/sites\/49\/2016\/06\/IMG_20160128_131637-1024x768.jpg 1024w, https:\/\/site.ac-martinique.fr\/clg-belleetoile\/wp-content\/uploads\/sites\/49\/2016\/06\/IMG_20160128_131637.jpg 1296w\" sizes=\"auto, (max-width: 300px) 100vw, 300px\" \/><\/a> <a href=\"\/clg-belleetoile\/wp-content\/uploads\/sites\/49\/2016\/06\/IMG_20160128_131709.jpg\"><img loading=\"lazy\" decoding=\"async\" class=\"alignright size-medium wp-image-1126\" src=\"\/clg-belleetoile\/wp-content\/uploads\/sites\/49\/2016\/06\/IMG_20160128_131709-300x225.jpg\" alt=\"IMG_20160128_131709\" width=\"300\" height=\"225\" srcset=\"https:\/\/site.ac-martinique.fr\/clg-belleetoile\/wp-content\/uploads\/sites\/49\/2016\/06\/IMG_20160128_131709-300x225.jpg 300w, https:\/\/site.ac-martinique.fr\/clg-belleetoile\/wp-content\/uploads\/sites\/49\/2016\/06\/IMG_20160128_131709-1024x768.jpg 1024w, https:\/\/site.ac-martinique.fr\/clg-belleetoile\/wp-content\/uploads\/sites\/49\/2016\/06\/IMG_20160128_131709.jpg 1296w\" sizes=\"auto, (max-width: 300px) 100vw, 300px\" \/><\/a> <a href=\"\/clg-belleetoile\/wp-content\/uploads\/sites\/49\/2016\/06\/IMG_20160128_131735.jpg\"><img loading=\"lazy\" decoding=\"async\" class=\"alignright size-medium wp-image-1127\" src=\"\/clg-belleetoile\/wp-content\/uploads\/sites\/49\/2016\/06\/IMG_20160128_131735-225x300.jpg\" alt=\"IMG_20160128_131735\" width=\"225\" height=\"300\" srcset=\"https:\/\/site.ac-martinique.fr\/clg-belleetoile\/wp-content\/uploads\/sites\/49\/2016\/06\/IMG_20160128_131735-225x300.jpg 225w, https:\/\/site.ac-martinique.fr\/clg-belleetoile\/wp-content\/uploads\/sites\/49\/2016\/06\/IMG_20160128_131735-768x1024.jpg 768w, https:\/\/site.ac-martinique.fr\/clg-belleetoile\/wp-content\/uploads\/sites\/49\/2016\/06\/IMG_20160128_131735.jpg 972w\" sizes=\"auto, (max-width: 225px) 100vw, 225px\" \/><\/a> <a href=\"\/clg-belleetoile\/wp-content\/uploads\/sites\/49\/2016\/06\/IMG_20160128_131800.jpg\"><img loading=\"lazy\" decoding=\"async\" class=\"alignright size-medium wp-image-1128\" src=\"\/clg-belleetoile\/wp-content\/uploads\/sites\/49\/2016\/06\/IMG_20160128_131800-225x300.jpg\" alt=\"IMG_20160128_131800\" width=\"225\" height=\"300\" srcset=\"https:\/\/site.ac-martinique.fr\/clg-belleetoile\/wp-content\/uploads\/sites\/49\/2016\/06\/IMG_20160128_131800-225x300.jpg 225w, https:\/\/site.ac-martinique.fr\/clg-belleetoile\/wp-content\/uploads\/sites\/49\/2016\/06\/IMG_20160128_131800-768x1024.jpg 768w, https:\/\/site.ac-martinique.fr\/clg-belleetoile\/wp-content\/uploads\/sites\/49\/2016\/06\/IMG_20160128_131800.jpg 972w\" sizes=\"auto, (max-width: 225px) 100vw, 225px\" \/><\/a> <a href=\"\/clg-belleetoile\/wp-content\/uploads\/sites\/49\/2016\/06\/IMG_20160128_131820.jpg\"><img loading=\"lazy\" decoding=\"async\" class=\"alignright size-medium wp-image-1129\" src=\"\/clg-belleetoile\/wp-content\/uploads\/sites\/49\/2016\/06\/IMG_20160128_131820-300x225.jpg\" alt=\"IMG_20160128_131820\" width=\"300\" height=\"225\" srcset=\"https:\/\/site.ac-martinique.fr\/clg-belleetoile\/wp-content\/uploads\/sites\/49\/2016\/06\/IMG_20160128_131820-300x225.jpg 300w, https:\/\/site.ac-martinique.fr\/clg-belleetoile\/wp-content\/uploads\/sites\/49\/2016\/06\/IMG_20160128_131820-1024x768.jpg 1024w, https:\/\/site.ac-martinique.fr\/clg-belleetoile\/wp-content\/uploads\/sites\/49\/2016\/06\/IMG_20160128_131820.jpg 1296w\" sizes=\"auto, (max-width: 300px) 100vw, 300px\" \/><\/a> <a href=\"\/clg-belleetoile\/wp-content\/uploads\/sites\/49\/2016\/06\/IMG_20160128_131902.jpg\"><img loading=\"lazy\" decoding=\"async\" class=\"alignright size-medium wp-image-1130\" src=\"\/clg-belleetoile\/wp-content\/uploads\/sites\/49\/2016\/06\/IMG_20160128_131902-225x300.jpg\" alt=\"IMG_20160128_131902\" width=\"225\" height=\"300\" srcset=\"https:\/\/site.ac-martinique.fr\/clg-belleetoile\/wp-content\/uploads\/sites\/49\/2016\/06\/IMG_20160128_131902-225x300.jpg 225w, https:\/\/site.ac-martinique.fr\/clg-belleetoile\/wp-content\/uploads\/sites\/49\/2016\/06\/IMG_20160128_131902-768x1024.jpg 768w, https:\/\/site.ac-martinique.fr\/clg-belleetoile\/wp-content\/uploads\/sites\/49\/2016\/06\/IMG_20160128_131902.jpg 972w\" sizes=\"auto, (max-width: 225px) 100vw, 225px\" \/><\/a> <a href=\"\/clg-belleetoile\/wp-content\/uploads\/sites\/49\/2016\/06\/IMG_20160128_131926.jpg\"><img loading=\"lazy\" decoding=\"async\" class=\"alignright size-medium wp-image-1131\" src=\"\/clg-belleetoile\/wp-content\/uploads\/sites\/49\/2016\/06\/IMG_20160128_131926-225x300.jpg\" alt=\"IMG_20160128_131926\" width=\"225\" height=\"300\" srcset=\"https:\/\/site.ac-martinique.fr\/clg-belleetoile\/wp-content\/uploads\/sites\/49\/2016\/06\/IMG_20160128_131926-225x300.jpg 225w, https:\/\/site.ac-martinique.fr\/clg-belleetoile\/wp-content\/uploads\/sites\/49\/2016\/06\/IMG_20160128_131926-768x1024.jpg 768w, https:\/\/site.ac-martinique.fr\/clg-belleetoile\/wp-content\/uploads\/sites\/49\/2016\/06\/IMG_20160128_131926.jpg 972w\" sizes=\"auto, (max-width: 225px) 100vw, 225px\" \/><\/a> <a href=\"\/clg-belleetoile\/wp-content\/uploads\/sites\/49\/2016\/06\/IMG_20160128_131937.jpg\"><img loading=\"lazy\" decoding=\"async\" class=\"alignright size-medium wp-image-1132\" src=\"\/clg-belleetoile\/wp-content\/uploads\/sites\/49\/2016\/06\/IMG_20160128_131937-225x300.jpg\" alt=\"IMG_20160128_131937\" width=\"225\" height=\"300\" srcset=\"https:\/\/site.ac-martinique.fr\/clg-belleetoile\/wp-content\/uploads\/sites\/49\/2016\/06\/IMG_20160128_131937-225x300.jpg 225w, https:\/\/site.ac-martinique.fr\/clg-belleetoile\/wp-content\/uploads\/sites\/49\/2016\/06\/IMG_20160128_131937-768x1024.jpg 768w, https:\/\/site.ac-martinique.fr\/clg-belleetoile\/wp-content\/uploads\/sites\/49\/2016\/06\/IMG_20160128_131937.jpg 972w\" sizes=\"auto, (max-width: 225px) 100vw, 225px\" \/><\/a> <a href=\"\/clg-belleetoile\/wp-content\/uploads\/sites\/49\/2016\/06\/IMG_20160202_113659.jpg\"><img loading=\"lazy\" decoding=\"async\" class=\"alignright size-medium wp-image-1133\" src=\"\/clg-belleetoile\/wp-content\/uploads\/sites\/49\/2016\/06\/IMG_20160202_113659-300x225.jpg\" alt=\"IMG_20160202_113659\" width=\"300\" height=\"225\" srcset=\"https:\/\/site.ac-martinique.fr\/clg-belleetoile\/wp-content\/uploads\/sites\/49\/2016\/06\/IMG_20160202_113659-300x225.jpg 300w, https:\/\/site.ac-martinique.fr\/clg-belleetoile\/wp-content\/uploads\/sites\/49\/2016\/06\/IMG_20160202_113659-1024x768.jpg 1024w, https:\/\/site.ac-martinique.fr\/clg-belleetoile\/wp-content\/uploads\/sites\/49\/2016\/06\/IMG_20160202_113659.jpg 1296w\" sizes=\"auto, (max-width: 300px) 100vw, 300px\" \/><\/a> <a href=\"\/clg-belleetoile\/wp-content\/uploads\/sites\/49\/2016\/06\/IMG_20160202_113713.jpg\"><img loading=\"lazy\" decoding=\"async\" class=\"alignright size-medium wp-image-1134\" src=\"\/clg-belleetoile\/wp-content\/uploads\/sites\/49\/2016\/06\/IMG_20160202_113713-300x225.jpg\" alt=\"IMG_20160202_113713\" width=\"300\" height=\"225\" srcset=\"https:\/\/site.ac-martinique.fr\/clg-belleetoile\/wp-content\/uploads\/sites\/49\/2016\/06\/IMG_20160202_113713-300x225.jpg 300w, https:\/\/site.ac-martinique.fr\/clg-belleetoile\/wp-content\/uploads\/sites\/49\/2016\/06\/IMG_20160202_113713-1024x768.jpg 1024w, https:\/\/site.ac-martinique.fr\/clg-belleetoile\/wp-content\/uploads\/sites\/49\/2016\/06\/IMG_20160202_113713.jpg 1296w\" sizes=\"auto, (max-width: 300px) 100vw, 300px\" \/><\/a> <a href=\"\/clg-belleetoile\/wp-content\/uploads\/sites\/49\/2016\/06\/IMG_20160202_113725.jpg\"><img loading=\"lazy\" decoding=\"async\" class=\"alignright size-medium wp-image-1135\" src=\"\/clg-belleetoile\/wp-content\/uploads\/sites\/49\/2016\/06\/IMG_20160202_113725-300x225.jpg\" alt=\"IMG_20160202_113725\" width=\"300\" height=\"225\" srcset=\"https:\/\/site.ac-martinique.fr\/clg-belleetoile\/wp-content\/uploads\/sites\/49\/2016\/06\/IMG_20160202_113725-300x225.jpg 300w, https:\/\/site.ac-martinique.fr\/clg-belleetoile\/wp-content\/uploads\/sites\/49\/2016\/06\/IMG_20160202_113725-1024x768.jpg 1024w, https:\/\/site.ac-martinique.fr\/clg-belleetoile\/wp-content\/uploads\/sites\/49\/2016\/06\/IMG_20160202_113725.jpg 1296w\" sizes=\"auto, (max-width: 300px) 100vw, 300px\" \/><\/a> <a href=\"\/clg-belleetoile\/wp-content\/uploads\/sites\/49\/2016\/06\/IMG_20160202_113743.jpg\"><img loading=\"lazy\" decoding=\"async\" class=\"alignright size-medium wp-image-1136\" src=\"\/clg-belleetoile\/wp-content\/uploads\/sites\/49\/2016\/06\/IMG_20160202_113743-300x225.jpg\" alt=\"IMG_20160202_113743\" width=\"300\" height=\"225\" srcset=\"https:\/\/site.ac-martinique.fr\/clg-belleetoile\/wp-content\/uploads\/sites\/49\/2016\/06\/IMG_20160202_113743-300x225.jpg 300w, https:\/\/site.ac-martinique.fr\/clg-belleetoile\/wp-content\/uploads\/sites\/49\/2016\/06\/IMG_20160202_113743-1024x768.jpg 1024w, https:\/\/site.ac-martinique.fr\/clg-belleetoile\/wp-content\/uploads\/sites\/49\/2016\/06\/IMG_20160202_113743.jpg 1296w\" sizes=\"auto, (max-width: 300px) 100vw, 300px\" \/><\/a><\/p>\n","protected":false},"excerpt":{"rendered":"<p>Comment r\u00e9aliser un masque \u00e0 partir de papier utilis\u00e9s\u00a0? &nbsp; Avant nos vacances, nous avons d\u00e9cid\u00e9 en fonction du mat\u00e9riel (bouteilles en plastique, papier usager, carton) qu\u2019on a r\u00e9colt\u00e9 dans le coll\u00e8ge, de r\u00e9aliser des masques. \u00a0 &nbsp; 1\u00e8re \u00e9tape\u00a0: &hellip; <a href=\"https:\/\/site.ac-martinique.fr\/clg-belleetoile\/pedagogie\/les-couleurs-de-classe\/projet-developpement-durable\/la-5eme-developpement-durable\/4-realisation-de-masques\/\">Continuer la lecture <span class=\"meta-nav\">&rarr;<\/span><\/a><\/p>\n","protected":false},"author":118,"featured_media":0,"parent":1083,"menu_order":0,"comment_status":"closed","ping_status":"closed","template":"","meta":{"footnotes":""},"class_list":["post-1114","page","type-page","status-publish","hentry"],"_links":{"self":[{"href":"https:\/\/site.ac-martinique.fr\/clg-belleetoile\/wp-json\/wp\/v2\/pages\/1114","targetHints":{"allow":["GET"]}}],"collection":[{"href":"https:\/\/site.ac-martinique.fr\/clg-belleetoile\/wp-json\/wp\/v2\/pages"}],"about":[{"href":"https:\/\/site.ac-martinique.fr\/clg-belleetoile\/wp-json\/wp\/v2\/types\/page"}],"author":[{"embeddable":true,"href":"https:\/\/site.ac-martinique.fr\/clg-belleetoile\/wp-json\/wp\/v2\/users\/118"}],"replies":[{"embeddable":true,"href":"https:\/\/site.ac-martinique.fr\/clg-belleetoile\/wp-json\/wp\/v2\/comments?post=1114"}],"version-history":[{"count":2,"href":"https:\/\/site.ac-martinique.fr\/clg-belleetoile\/wp-json\/wp\/v2\/pages\/1114\/revisions"}],"predecessor-version":[{"id":1138,"href":"https:\/\/site.ac-martinique.fr\/clg-belleetoile\/wp-json\/wp\/v2\/pages\/1114\/revisions\/1138"}],"up":[{"embeddable":true,"href":"https:\/\/site.ac-martinique.fr\/clg-belleetoile\/wp-json\/wp\/v2\/pages\/1083"}],"wp:attachment":[{"href":"https:\/\/site.ac-martinique.fr\/clg-belleetoile\/wp-json\/wp\/v2\/media?parent=1114"}],"curies":[{"name":"wp","href":"https:\/\/api.w.org\/{rel}","templated":true}]}}