{"id":1141,"date":"2016-06-17T19:38:07","date_gmt":"2016-06-17T23:38:07","guid":{"rendered":"\/clg-belleetoile\/?page_id=1141"},"modified":"2016-06-19T14:30:30","modified_gmt":"2016-06-19T18:30:30","slug":"6-journee-du-developpement-durable","status":"publish","type":"page","link":"https:\/\/site.ac-martinique.fr\/clg-belleetoile\/pedagogie\/les-couleurs-de-classe\/projet-developpement-durable\/la-5eme-developpement-durable\/6-journee-du-developpement-durable\/","title":{"rendered":"6. Journ\u00e9e du d\u00e9veloppement durable"},"content":{"rendered":"<h1 style=\"text-align: center;\"><u>R\u00e9sum\u00e9 de notre journ\u00e9e du d\u00e9veloppement durable<\/u><\/h1>\n<p>&nbsp;<\/p>\n<p>Lors de la journ\u00e9e du d\u00e9veloppement durable, nous avons sensibilis\u00e9\u00a0 les 6<sup>\u00e8me<\/sup> \u00e0 la protection de\u00a0 l\u2019environnement.<\/p>\n<p>Tout a commenc\u00e9 \u00e0 7h pr\u00e9cises, nous attendions les \u00e9l\u00e8ves de 6<sup>\u00e8me<\/sup>. Nous \u00e9tions r\u00e9partis en 5 groupes\u00a0:<\/p>\n<ul>\n<li>le 1er \u00e9tait le groupe accueil qui accueillait les \u00e9l\u00e8ves, leur pr\u00e9sentait nos actions de l\u2019ann\u00e9e et les accompagnait dans les diff\u00e9rents ateliers.<\/li>\n<\/ul>\n<p>&nbsp;<\/p>\n<ul>\n<li>le 2<sup>\u00e8me<\/sup> groupe \u00e9tait un atelier o\u00f9 il fallait trouver la date de d\u00e9gradation des d\u00e9chets.<\/li>\n<\/ul>\n<p>&nbsp;<\/p>\n<ul>\n<li>le 3<sup>\u00e8me<\/sup> groupe animait le jeu \u00ab\u00a0shoot paper\u00a0\u00bb. Il fallait r\u00e9pondre \u00e0 des questions sur le d\u00e9veloppement durable et si on r\u00e9pondait bien, on lan\u00e7ait des boules de papier dans des trous. Plus le trou \u00e9tait petit et plus on gagnait des points.<\/li>\n<\/ul>\n<p>&nbsp;<\/p>\n<ul>\n<li>Le 4<sup>\u00e8me<\/sup> groupe cachait des objets dans la salle et dans la nature et les \u00e9l\u00e8ves devaient trouver les objets puis les lancer dans la bonne poubelle\u00a0: dans la poubelle jaune (carton, plastique, papier) ou dans la poubelle verte (verre) ou dans la poubelle marron (les d\u00e9chets non recyclables).<\/li>\n<\/ul>\n<p>&nbsp;<\/p>\n<ul>\n<li>Le 5<sup>\u00e8me<\/sup> groupe animait une activit\u00e9 manuelle sur la r\u00e9utilisation du plastique. Les \u00e9l\u00e8ves devaient cr\u00e9er des portes portables, des pots \u00e0 crayon et des bracelets.<\/li>\n<\/ul>\n<p>&nbsp;<\/p>\n<p>Apr\u00e8s les ateliers, les \u00e9l\u00e8ves ont regard\u00e9 un film pour apprendre les gestes \u00e9co citoyens \u00e0 avoir chez soi.<\/p>\n<div id=\"metaslider-id-1184\" style=\"max-width: 700px;\" class=\"ml-slider-3-108-0 metaslider metaslider-flex metaslider-1184 ml-slider has-dots-nav ms-theme-default\" role=\"region\" aria-label=\"Journ\u00e9e du d\u00e9veloppement durable\" data-height=\"300\" data-width=\"700\">\n    <div id=\"metaslider_container_1184\">\n        <div id=\"metaslider_1184\">\n            <ul class='slides'>\n                <li style=\"display: block; width: 100%;\" class=\"slide-1142 ms-image \" aria-roledescription=\"slide\" data-date=\"2016-06-17 19:04:44\" data-filename=\"20160607_082406-700x300.jpg\" data-slide-type=\"image\"><img loading=\"lazy\" decoding=\"async\" src=\"https:\/\/site.ac-martinique.fr\/clg-belleetoile\/wp-content\/uploads\/sites\/49\/2016\/06\/20160607_082406-700x300.jpg\" height=\"300\" width=\"700\" alt=\"\" class=\"slider-1184 slide-1142 msDefaultImage\" \/><\/li>\n                <li style=\"display: none; width: 100%;\" class=\"slide-1143 ms-image \" aria-roledescription=\"slide\" data-date=\"2016-06-17 19:05:00\" data-filename=\"20160607_082428-700x300.jpg\" data-slide-type=\"image\"><img loading=\"lazy\" decoding=\"async\" src=\"https:\/\/site.ac-martinique.fr\/clg-belleetoile\/wp-content\/uploads\/sites\/49\/2016\/06\/20160607_082428-700x300.jpg\" height=\"300\" width=\"700\" alt=\"\" class=\"slider-1184 slide-1143 msDefaultImage\" \/><\/li>\n                <li style=\"display: none; width: 100%;\" class=\"slide-1144 ms-image \" aria-roledescription=\"slide\" data-date=\"2016-06-17 19:05:20\" data-filename=\"20160607_082646-700x300.jpg\" data-slide-type=\"image\"><img loading=\"lazy\" decoding=\"async\" src=\"https:\/\/site.ac-martinique.fr\/clg-belleetoile\/wp-content\/uploads\/sites\/49\/2016\/06\/20160607_082646-700x300.jpg\" height=\"300\" width=\"700\" alt=\"\" class=\"slider-1184 slide-1144 msDefaultImage\" \/><\/li>\n                <li style=\"display: none; width: 100%;\" class=\"slide-1145 ms-image \" aria-roledescription=\"slide\" data-date=\"2016-06-17 19:05:38\" data-filename=\"20160607_082804-700x300.jpg\" data-slide-type=\"image\"><img loading=\"lazy\" decoding=\"async\" src=\"https:\/\/site.ac-martinique.fr\/clg-belleetoile\/wp-content\/uploads\/sites\/49\/2016\/06\/20160607_082804-700x300.jpg\" height=\"300\" width=\"700\" alt=\"\" class=\"slider-1184 slide-1145 msDefaultImage\" \/><\/li>\n                <li style=\"display: none; width: 100%;\" class=\"slide-1146 ms-image \" aria-roledescription=\"slide\" data-date=\"2016-06-17 19:06:18\" data-filename=\"20160607_083908-700x300.jpg\" data-slide-type=\"image\"><img loading=\"lazy\" decoding=\"async\" src=\"https:\/\/site.ac-martinique.fr\/clg-belleetoile\/wp-content\/uploads\/sites\/49\/2016\/06\/20160607_083908-700x300.jpg\" height=\"300\" width=\"700\" alt=\"\" class=\"slider-1184 slide-1146 msDefaultImage\" \/><\/li>\n                <li style=\"display: none; width: 100%;\" class=\"slide-1147 ms-image \" aria-roledescription=\"slide\" data-date=\"2016-06-17 19:06:49\" data-filename=\"20160607_083954-700x300.jpg\" data-slide-type=\"image\"><img loading=\"lazy\" decoding=\"async\" src=\"https:\/\/site.ac-martinique.fr\/clg-belleetoile\/wp-content\/uploads\/sites\/49\/2016\/06\/20160607_083954-700x300.jpg\" height=\"300\" width=\"700\" alt=\"\" class=\"slider-1184 slide-1147 msDefaultImage\" \/><\/li>\n                <li style=\"display: none; width: 100%;\" class=\"slide-1148 ms-image \" aria-roledescription=\"slide\" data-date=\"2016-06-17 19:07:22\" data-filename=\"20160607_084049-700x300.jpg\" data-slide-type=\"image\"><img loading=\"lazy\" decoding=\"async\" src=\"https:\/\/site.ac-martinique.fr\/clg-belleetoile\/wp-content\/uploads\/sites\/49\/2016\/06\/20160607_084049-700x300.jpg\" height=\"300\" width=\"700\" alt=\"\" class=\"slider-1184 slide-1148 msDefaultImage\" \/><\/li>\n                <li style=\"display: none; width: 100%;\" class=\"slide-1149 ms-image \" aria-roledescription=\"slide\" data-date=\"2016-06-17 19:07:53\" data-filename=\"20160607_084105-700x300.jpg\" data-slide-type=\"image\"><img loading=\"lazy\" decoding=\"async\" src=\"https:\/\/site.ac-martinique.fr\/clg-belleetoile\/wp-content\/uploads\/sites\/49\/2016\/06\/20160607_084105-700x300.jpg\" height=\"300\" width=\"700\" alt=\"\" class=\"slider-1184 slide-1149 msDefaultImage\" \/><\/li>\n                <li style=\"display: none; width: 100%;\" class=\"slide-1150 ms-image \" aria-roledescription=\"slide\" data-date=\"2016-06-17 19:08:40\" data-filename=\"20160607_084135-700x300.jpg\" data-slide-type=\"image\"><img loading=\"lazy\" decoding=\"async\" src=\"https:\/\/site.ac-martinique.fr\/clg-belleetoile\/wp-content\/uploads\/sites\/49\/2016\/06\/20160607_084135-700x300.jpg\" height=\"300\" width=\"700\" alt=\"\" class=\"slider-1184 slide-1150 msDefaultImage\" \/><\/li>\n                <li style=\"display: none; width: 100%;\" class=\"slide-1151 ms-image \" aria-roledescription=\"slide\" data-date=\"2016-06-17 19:09:52\" data-filename=\"20160607_094143-700x300.jpg\" data-slide-type=\"image\"><img loading=\"lazy\" decoding=\"async\" src=\"https:\/\/site.ac-martinique.fr\/clg-belleetoile\/wp-content\/uploads\/sites\/49\/2016\/06\/20160607_094143-700x300.jpg\" height=\"300\" width=\"700\" alt=\"\" class=\"slider-1184 slide-1151 msDefaultImage\" \/><\/li>\n                <li style=\"display: none; width: 100%;\" class=\"slide-1152 ms-image \" aria-roledescription=\"slide\" data-date=\"2016-06-17 19:10:30\" data-filename=\"20160607_095407-700x300.jpg\" data-slide-type=\"image\"><img loading=\"lazy\" decoding=\"async\" src=\"https:\/\/site.ac-martinique.fr\/clg-belleetoile\/wp-content\/uploads\/sites\/49\/2016\/06\/20160607_095407-700x300.jpg\" height=\"300\" width=\"700\" alt=\"\" class=\"slider-1184 slide-1152 msDefaultImage\" \/><\/li>\n                <li style=\"display: none; width: 100%;\" class=\"slide-1153 ms-image \" aria-roledescription=\"slide\" data-date=\"2016-06-17 19:11:03\" data-filename=\"20160607_095621-700x300.jpg\" data-slide-type=\"image\"><img loading=\"lazy\" decoding=\"async\" src=\"https:\/\/site.ac-martinique.fr\/clg-belleetoile\/wp-content\/uploads\/sites\/49\/2016\/06\/20160607_095621-700x300.jpg\" height=\"300\" width=\"700\" alt=\"\" class=\"slider-1184 slide-1153 msDefaultImage\" \/><\/li>\n                <li style=\"display: none; width: 100%;\" class=\"slide-1154 ms-image \" aria-roledescription=\"slide\" data-date=\"2016-06-17 19:11:21\" data-filename=\"20160607_100708-700x300.jpg\" data-slide-type=\"image\"><img loading=\"lazy\" decoding=\"async\" src=\"https:\/\/site.ac-martinique.fr\/clg-belleetoile\/wp-content\/uploads\/sites\/49\/2016\/06\/20160607_100708-700x300.jpg\" height=\"300\" width=\"700\" alt=\"\" class=\"slider-1184 slide-1154 msDefaultImage\" \/><\/li>\n                <li style=\"display: none; width: 100%;\" class=\"slide-1155 ms-image \" aria-roledescription=\"slide\" data-date=\"2016-06-17 19:11:54\" data-filename=\"20160607_111134-700x300.jpg\" data-slide-type=\"image\"><img loading=\"lazy\" decoding=\"async\" src=\"https:\/\/site.ac-martinique.fr\/clg-belleetoile\/wp-content\/uploads\/sites\/49\/2016\/06\/20160607_111134-700x300.jpg\" height=\"300\" width=\"700\" alt=\"\" class=\"slider-1184 slide-1155 msDefaultImage\" \/><\/li>\n                <li style=\"display: none; width: 100%;\" class=\"slide-1156 ms-image \" aria-roledescription=\"slide\" data-date=\"2016-06-17 19:12:25\" data-filename=\"DSC_0092-700x300.jpg\" data-slide-type=\"image\"><img loading=\"lazy\" decoding=\"async\" src=\"https:\/\/site.ac-martinique.fr\/clg-belleetoile\/wp-content\/uploads\/sites\/49\/2016\/06\/DSC_0092-700x300.jpg\" height=\"300\" width=\"700\" alt=\"\" class=\"slider-1184 slide-1156 msDefaultImage\" \/><\/li>\n                <li style=\"display: none; width: 100%;\" class=\"slide-1157 ms-image \" aria-roledescription=\"slide\" data-date=\"2016-06-17 19:13:00\" data-filename=\"DSC_0094-700x300.jpg\" data-slide-type=\"image\"><img loading=\"lazy\" decoding=\"async\" src=\"https:\/\/site.ac-martinique.fr\/clg-belleetoile\/wp-content\/uploads\/sites\/49\/2016\/06\/DSC_0094-700x300.jpg\" height=\"300\" width=\"700\" alt=\"\" class=\"slider-1184 slide-1157 msDefaultImage\" \/><\/li>\n                <li style=\"display: none; width: 100%;\" class=\"slide-1158 ms-image \" aria-roledescription=\"slide\" data-date=\"2016-06-17 19:13:30\" data-filename=\"DSC_0095-700x300.jpg\" data-slide-type=\"image\"><img loading=\"lazy\" decoding=\"async\" src=\"https:\/\/site.ac-martinique.fr\/clg-belleetoile\/wp-content\/uploads\/sites\/49\/2016\/06\/DSC_0095-700x300.jpg\" height=\"300\" width=\"700\" alt=\"\" class=\"slider-1184 slide-1158 msDefaultImage\" \/><\/li>\n                <li style=\"display: none; width: 100%;\" class=\"slide-1159 ms-image \" aria-roledescription=\"slide\" data-date=\"2016-06-17 19:14:42\" data-filename=\"DSC_0100-700x300.jpg\" data-slide-type=\"image\"><img loading=\"lazy\" decoding=\"async\" src=\"https:\/\/site.ac-martinique.fr\/clg-belleetoile\/wp-content\/uploads\/sites\/49\/2016\/06\/DSC_0100-700x300.jpg\" height=\"300\" width=\"700\" alt=\"\" class=\"slider-1184 slide-1159 msDefaultImage\" \/><\/li>\n                <li style=\"display: none; width: 100%;\" class=\"slide-1160 ms-image \" aria-roledescription=\"slide\" data-date=\"2016-06-17 19:15:16\" data-filename=\"DSC_0101-700x300.jpg\" data-slide-type=\"image\"><img loading=\"lazy\" decoding=\"async\" src=\"https:\/\/site.ac-martinique.fr\/clg-belleetoile\/wp-content\/uploads\/sites\/49\/2016\/06\/DSC_0101-700x300.jpg\" height=\"300\" width=\"700\" alt=\"\" class=\"slider-1184 slide-1160 msDefaultImage\" \/><\/li>\n                <li style=\"display: none; width: 100%;\" class=\"slide-1161 ms-image \" aria-roledescription=\"slide\" data-date=\"2016-06-17 19:15:48\" data-filename=\"DSC_0104-700x300.jpg\" data-slide-type=\"image\"><img loading=\"lazy\" decoding=\"async\" src=\"https:\/\/site.ac-martinique.fr\/clg-belleetoile\/wp-content\/uploads\/sites\/49\/2016\/06\/DSC_0104-700x300.jpg\" height=\"300\" width=\"700\" alt=\"\" class=\"slider-1184 slide-1161 msDefaultImage\" \/><\/li>\n                <li style=\"display: none; width: 100%;\" class=\"slide-1162 ms-image \" aria-roledescription=\"slide\" data-date=\"2016-06-17 19:16:30\" data-filename=\"DSC_0107-700x300.jpg\" data-slide-type=\"image\"><img loading=\"lazy\" decoding=\"async\" src=\"https:\/\/site.ac-martinique.fr\/clg-belleetoile\/wp-content\/uploads\/sites\/49\/2016\/06\/DSC_0107-700x300.jpg\" height=\"300\" width=\"700\" alt=\"\" class=\"slider-1184 slide-1162 msDefaultImage\" \/><\/li>\n                <li style=\"display: none; width: 100%;\" class=\"slide-1163 ms-image \" aria-roledescription=\"slide\" data-date=\"2016-06-17 19:17:03\" data-filename=\"DSC_0115-700x300.jpg\" data-slide-type=\"image\"><img loading=\"lazy\" decoding=\"async\" src=\"https:\/\/site.ac-martinique.fr\/clg-belleetoile\/wp-content\/uploads\/sites\/49\/2016\/06\/DSC_0115-700x300.jpg\" height=\"300\" width=\"700\" alt=\"\" class=\"slider-1184 slide-1163 msDefaultImage\" \/><\/li>\n                <li style=\"display: none; width: 100%;\" class=\"slide-1164 ms-image \" aria-roledescription=\"slide\" data-date=\"2016-06-17 19:17:30\" data-filename=\"DSC_0117-700x300.jpg\" data-slide-type=\"image\"><img loading=\"lazy\" decoding=\"async\" src=\"https:\/\/site.ac-martinique.fr\/clg-belleetoile\/wp-content\/uploads\/sites\/49\/2016\/06\/DSC_0117-700x300.jpg\" height=\"300\" width=\"700\" alt=\"\" class=\"slider-1184 slide-1164 msDefaultImage\" \/><\/li>\n                <li style=\"display: none; width: 100%;\" class=\"slide-1165 ms-image \" aria-roledescription=\"slide\" data-date=\"2016-06-17 19:18:02\" data-filename=\"DSC_0118-700x300.jpg\" data-slide-type=\"image\"><img loading=\"lazy\" decoding=\"async\" src=\"https:\/\/site.ac-martinique.fr\/clg-belleetoile\/wp-content\/uploads\/sites\/49\/2016\/06\/DSC_0118-700x300.jpg\" height=\"300\" width=\"700\" alt=\"\" class=\"slider-1184 slide-1165 msDefaultImage\" \/><\/li>\n                <li style=\"display: none; width: 100%;\" class=\"slide-1168 ms-image \" aria-roledescription=\"slide\" data-date=\"2016-06-17 19:20:31\" data-filename=\"DSC_0134-700x300.jpg\" data-slide-type=\"image\"><img loading=\"lazy\" decoding=\"async\" src=\"https:\/\/site.ac-martinique.fr\/clg-belleetoile\/wp-content\/uploads\/sites\/49\/2016\/06\/DSC_0134-700x300.jpg\" height=\"300\" width=\"700\" alt=\"\" class=\"slider-1184 slide-1168 msDefaultImage\" \/><\/li>\n                <li style=\"display: none; width: 100%;\" class=\"slide-1166 ms-image \" aria-roledescription=\"slide\" data-date=\"2016-06-17 19:19:21\" data-filename=\"DSC_0121-700x300.jpg\" data-slide-type=\"image\"><img loading=\"lazy\" decoding=\"async\" src=\"https:\/\/site.ac-martinique.fr\/clg-belleetoile\/wp-content\/uploads\/sites\/49\/2016\/06\/DSC_0121-700x300.jpg\" height=\"300\" width=\"700\" alt=\"\" class=\"slider-1184 slide-1166 msDefaultImage\" \/><\/li>\n                <li style=\"display: none; width: 100%;\" class=\"slide-1167 ms-image \" aria-roledescription=\"slide\" data-date=\"2016-06-17 19:19:55\" data-filename=\"DSC_0123-700x300.jpg\" data-slide-type=\"image\"><img loading=\"lazy\" decoding=\"async\" src=\"https:\/\/site.ac-martinique.fr\/clg-belleetoile\/wp-content\/uploads\/sites\/49\/2016\/06\/DSC_0123-700x300.jpg\" height=\"300\" width=\"700\" alt=\"\" class=\"slider-1184 slide-1167 msDefaultImage\" \/><\/li>\n                <li style=\"display: none; width: 100%;\" class=\"slide-1169 ms-image \" aria-roledescription=\"slide\" data-date=\"2016-06-17 19:21:06\" data-filename=\"DSC_0135-700x300.jpg\" data-slide-type=\"image\"><img loading=\"lazy\" decoding=\"async\" src=\"https:\/\/site.ac-martinique.fr\/clg-belleetoile\/wp-content\/uploads\/sites\/49\/2016\/06\/DSC_0135-700x300.jpg\" height=\"300\" width=\"700\" alt=\"\" class=\"slider-1184 slide-1169 msDefaultImage\" \/><\/li>\n                <li style=\"display: none; width: 100%;\" class=\"slide-1170 ms-image \" aria-roledescription=\"slide\" data-date=\"2016-06-17 19:21:42\" data-filename=\"DSC_0136-700x300.jpg\" data-slide-type=\"image\"><img loading=\"lazy\" decoding=\"async\" src=\"https:\/\/site.ac-martinique.fr\/clg-belleetoile\/wp-content\/uploads\/sites\/49\/2016\/06\/DSC_0136-700x300.jpg\" height=\"300\" width=\"700\" alt=\"\" class=\"slider-1184 slide-1170 msDefaultImage\" \/><\/li>\n                <li style=\"display: none; width: 100%;\" class=\"slide-1171 ms-image \" aria-roledescription=\"slide\" data-date=\"2016-06-17 19:22:15\" data-filename=\"DSC_0137-700x300.jpg\" data-slide-type=\"image\"><img loading=\"lazy\" decoding=\"async\" src=\"https:\/\/site.ac-martinique.fr\/clg-belleetoile\/wp-content\/uploads\/sites\/49\/2016\/06\/DSC_0137-700x300.jpg\" height=\"300\" width=\"700\" alt=\"\" class=\"slider-1184 slide-1171 msDefaultImage\" \/><\/li>\n                <li style=\"display: none; width: 100%;\" class=\"slide-1172 ms-image \" aria-roledescription=\"slide\" data-date=\"2016-06-17 19:22:28\" data-filename=\"DSC_0157-700x300.jpg\" data-slide-type=\"image\"><img loading=\"lazy\" decoding=\"async\" src=\"https:\/\/site.ac-martinique.fr\/clg-belleetoile\/wp-content\/uploads\/sites\/49\/2016\/06\/DSC_0157-700x300.jpg\" height=\"300\" width=\"700\" alt=\"\" class=\"slider-1184 slide-1172 msDefaultImage\" \/><\/li>\n                <li style=\"display: none; width: 100%;\" class=\"slide-1173 ms-image \" aria-roledescription=\"slide\" data-date=\"2016-06-17 19:24:47\" data-filename=\"DSC_0160-700x300.jpg\" data-slide-type=\"image\"><img loading=\"lazy\" decoding=\"async\" src=\"https:\/\/site.ac-martinique.fr\/clg-belleetoile\/wp-content\/uploads\/sites\/49\/2016\/06\/DSC_0160-700x300.jpg\" height=\"300\" width=\"700\" alt=\"\" class=\"slider-1184 slide-1173 msDefaultImage\" \/><\/li>\n                <li style=\"display: none; width: 100%;\" class=\"slide-1174 ms-image \" aria-roledescription=\"slide\" data-date=\"2016-06-17 19:26:24\" data-filename=\"DSC_0163-700x300.jpg\" data-slide-type=\"image\"><img loading=\"lazy\" decoding=\"async\" src=\"https:\/\/site.ac-martinique.fr\/clg-belleetoile\/wp-content\/uploads\/sites\/49\/2016\/06\/DSC_0163-700x300.jpg\" height=\"300\" width=\"700\" alt=\"\" class=\"slider-1184 slide-1174 msDefaultImage\" \/><\/li>\n                <li style=\"display: none; width: 100%;\" class=\"slide-1175 ms-image \" aria-roledescription=\"slide\" data-date=\"2016-06-17 19:28:19\" data-filename=\"DSC_0178-700x300.jpg\" data-slide-type=\"image\"><img loading=\"lazy\" decoding=\"async\" src=\"https:\/\/site.ac-martinique.fr\/clg-belleetoile\/wp-content\/uploads\/sites\/49\/2016\/06\/DSC_0178-700x300.jpg\" height=\"300\" width=\"700\" alt=\"\" class=\"slider-1184 slide-1175 msDefaultImage\" \/><\/li>\n                <li style=\"display: none; width: 100%;\" class=\"slide-1176 ms-image \" aria-roledescription=\"slide\" data-date=\"2016-06-17 19:30:29\" data-filename=\"DSC_0179-700x300.jpg\" data-slide-type=\"image\"><img loading=\"lazy\" decoding=\"async\" src=\"https:\/\/site.ac-martinique.fr\/clg-belleetoile\/wp-content\/uploads\/sites\/49\/2016\/06\/DSC_0179-700x300.jpg\" height=\"300\" width=\"700\" alt=\"\" class=\"slider-1184 slide-1176 msDefaultImage\" \/><\/li>\n                <li style=\"display: none; width: 100%;\" class=\"slide-1177 ms-image \" aria-roledescription=\"slide\" data-date=\"2016-06-17 19:32:04\" data-filename=\"DSC_0183-700x300.jpg\" data-slide-type=\"image\"><img loading=\"lazy\" decoding=\"async\" src=\"https:\/\/site.ac-martinique.fr\/clg-belleetoile\/wp-content\/uploads\/sites\/49\/2016\/06\/DSC_0183-700x300.jpg\" height=\"300\" width=\"700\" alt=\"\" class=\"slider-1184 slide-1177 msDefaultImage\" \/><\/li>\n                <li style=\"display: none; width: 100%;\" class=\"slide-1178 ms-image \" aria-roledescription=\"slide\" data-date=\"2016-06-17 19:34:29\" data-filename=\"DSC_0189-700x300.jpg\" data-slide-type=\"image\"><img loading=\"lazy\" decoding=\"async\" src=\"https:\/\/site.ac-martinique.fr\/clg-belleetoile\/wp-content\/uploads\/sites\/49\/2016\/06\/DSC_0189-700x300.jpg\" height=\"300\" width=\"700\" alt=\"\" class=\"slider-1184 slide-1178 msDefaultImage\" \/><\/li>\n            <\/ul>\n        <\/div>\n        \n    <\/div>\n<\/div>\n&nbsp;<\/p>\n","protected":false},"excerpt":{"rendered":"<p>R\u00e9sum\u00e9 de notre journ\u00e9e du d\u00e9veloppement durable &nbsp; Lors de la journ\u00e9e du d\u00e9veloppement durable, nous avons sensibilis\u00e9\u00a0 les 6\u00e8me \u00e0 la protection de\u00a0 l\u2019environnement. Tout a commenc\u00e9 \u00e0 7h pr\u00e9cises, nous attendions les \u00e9l\u00e8ves de 6\u00e8me. Nous \u00e9tions r\u00e9partis &hellip; <a href=\"https:\/\/site.ac-martinique.fr\/clg-belleetoile\/pedagogie\/les-couleurs-de-classe\/projet-developpement-durable\/la-5eme-developpement-durable\/6-journee-du-developpement-durable\/\">Continuer la lecture <span class=\"meta-nav\">&rarr;<\/span><\/a><\/p>\n","protected":false},"author":118,"featured_media":0,"parent":1083,"menu_order":0,"comment_status":"closed","ping_status":"closed","template":"","meta":{"footnotes":""},"class_list":["post-1141","page","type-page","status-publish","hentry"],"_links":{"self":[{"href":"https:\/\/site.ac-martinique.fr\/clg-belleetoile\/wp-json\/wp\/v2\/pages\/1141","targetHints":{"allow":["GET"]}}],"collection":[{"href":"https:\/\/site.ac-martinique.fr\/clg-belleetoile\/wp-json\/wp\/v2\/pages"}],"about":[{"href":"https:\/\/site.ac-martinique.fr\/clg-belleetoile\/wp-json\/wp\/v2\/types\/page"}],"author":[{"embeddable":true,"href":"https:\/\/site.ac-martinique.fr\/clg-belleetoile\/wp-json\/wp\/v2\/users\/118"}],"replies":[{"embeddable":true,"href":"https:\/\/site.ac-martinique.fr\/clg-belleetoile\/wp-json\/wp\/v2\/comments?post=1141"}],"version-history":[{"count":4,"href":"https:\/\/site.ac-martinique.fr\/clg-belleetoile\/wp-json\/wp\/v2\/pages\/1141\/revisions"}],"predecessor-version":[{"id":1193,"href":"https:\/\/site.ac-martinique.fr\/clg-belleetoile\/wp-json\/wp\/v2\/pages\/1141\/revisions\/1193"}],"up":[{"embeddable":true,"href":"https:\/\/site.ac-martinique.fr\/clg-belleetoile\/wp-json\/wp\/v2\/pages\/1083"}],"wp:attachment":[{"href":"https:\/\/site.ac-martinique.fr\/clg-belleetoile\/wp-json\/wp\/v2\/media?parent=1141"}],"curies":[{"name":"wp","href":"https:\/\/api.w.org\/{rel}","templated":true}]}}