{"id":1442,"date":"2017-07-05T17:06:14","date_gmt":"2017-07-05T21:06:14","guid":{"rendered":"\/clg-belleetoile\/?page_id=1442"},"modified":"2017-07-05T22:23:24","modified_gmt":"2017-07-06T02:23:24","slug":"20162017-2","status":"publish","type":"page","link":"https:\/\/site.ac-martinique.fr\/clg-belleetoile\/pedagogie\/les-couleurs-de-classe\/projet-developpement-durable\/20162017-2\/","title":{"rendered":"2016\/2017"},"content":{"rendered":"<p>&nbsp;<\/p>\n<ol>\n<li><a href=\"\/clg-belleetoile\/?page_id=1444&amp;preview=true\">Madiana<\/a><\/li>\n<li><a href=\"\/clg-belleetoile\/?page_id=1469\">Sensibilisation piles<\/a><\/li>\n<li><a href=\"\/clg-belleetoile\/?page_id=1479&amp;preview=true\">C\u0153ur Bouliki<\/a><\/li>\n<li><a href=\"\/clg-belleetoile\/?page_id=1497&amp;preview=true\">D\u00e9ch\u00e8terie<\/a><\/li>\n<li><a href=\"\/clg-belleetoile\/?page_id=1504\">Sortie en foret<\/a><\/li>\n<li><a href=\"\/clg-belleetoile\/?page_id=1523\">Journ\u00e9e d\u00e9veloppement durable<\/a><\/li>\n<li><a href=\"\/clg-belleetoile\/?page_id=1542&amp;preview=true\">Aquabulle<\/a><\/li>\n<\/ol>\n","protected":false},"excerpt":{"rendered":"<p>&nbsp; Madiana Sensibilisation piles C\u0153ur Bouliki D\u00e9ch\u00e8terie Sortie en foret Journ\u00e9e d\u00e9veloppement durable Aquabulle<\/p>\n","protected":false},"author":118,"featured_media":0,"parent":1437,"menu_order":2,"comment_status":"closed","ping_status":"closed","template":"","meta":{"footnotes":""},"class_list":["post-1442","page","type-page","status-publish","hentry"],"_links":{"self":[{"href":"https:\/\/site.ac-martinique.fr\/clg-belleetoile\/wp-json\/wp\/v2\/pages\/1442","targetHints":{"allow":["GET"]}}],"collection":[{"href":"https:\/\/site.ac-martinique.fr\/clg-belleetoile\/wp-json\/wp\/v2\/pages"}],"about":[{"href":"https:\/\/site.ac-martinique.fr\/clg-belleetoile\/wp-json\/wp\/v2\/types\/page"}],"author":[{"embeddable":true,"href":"https:\/\/site.ac-martinique.fr\/clg-belleetoile\/wp-json\/wp\/v2\/users\/118"}],"replies":[{"embeddable":true,"href":"https:\/\/site.ac-martinique.fr\/clg-belleetoile\/wp-json\/wp\/v2\/comments?post=1442"}],"version-history":[{"count":8,"href":"https:\/\/site.ac-martinique.fr\/clg-belleetoile\/wp-json\/wp\/v2\/pages\/1442\/revisions"}],"predecessor-version":[{"id":1548,"href":"https:\/\/site.ac-martinique.fr\/clg-belleetoile\/wp-json\/wp\/v2\/pages\/1442\/revisions\/1548"}],"up":[{"embeddable":true,"href":"https:\/\/site.ac-martinique.fr\/clg-belleetoile\/wp-json\/wp\/v2\/pages\/1437"}],"wp:attachment":[{"href":"https:\/\/site.ac-martinique.fr\/clg-belleetoile\/wp-json\/wp\/v2\/media?parent=1442"}],"curies":[{"name":"wp","href":"https:\/\/api.w.org\/{rel}","templated":true}]}}