{"id":2010,"date":"2018-09-19T05:46:46","date_gmt":"2018-09-19T09:46:46","guid":{"rendered":"\/clg-belleetoile\/?page_id=2010"},"modified":"2019-09-01T11:53:44","modified_gmt":"2019-09-01T15:53:44","slug":"formation","status":"publish","type":"page","link":"https:\/\/site.ac-martinique.fr\/clg-belleetoile\/personnels\/formation\/","title":{"rendered":"Formation"},"content":{"rendered":"<div id=\"kwa_global_gauche\">\n<div class=\"two-col\">\n<div id=\"rubrique_simple_z3\" class=\"col-left\">\n<div class=\"chapo\">\n<h2>Plan acad\u00e9mique de formation 2019-2020<\/h2>\n<h3>Calendrier pr\u00e9visionnel<\/h3>\n<h4>Fin de la campagne d&rsquo;inscription aux pr\u00e9parations aux concours (tous PAF):<\/h4>\n<p>Lundi 9 septembre 2019<\/p>\n<h4>Fin de la campagne d&rsquo;inscription pour tous les PAF:<\/h4>\n<p>Lundi 23 septembre 2019<\/p>\n<h3>Voeux de formation<\/h3>\n<p>Pour la campagne 2019-2020, les personnels peuvent effectuer\u00a0:<\/p>\n<p>2 v\u0153ux maximum de pr\u00e9paration aux concours internes (<strong>avant le lundi 9 septembre 2019<\/strong>)<br \/>\n6 v\u0153ux maximum de modules en candidature individuelle dont au moins 3 hybrides ou \u00e0 distance (<strong>avant le lundi 23 septembre 2019<\/strong>)<\/p>\n<h3><\/h3>\n<h3>T\u00e9l\u00e9charger le Plan acad\u00e9mique de formation<\/h3>\n<h4>Personnels enseignants du premier degr\u00e9<\/h4>\n<p><a class=\"download\" title=\"PAF 1D 2019-2020 (PDF-2.28 Mo-Nouvelle fen\u00eatre)\" href=\"http:\/\/cache.media.education.gouv.fr\/file\/2019-2020\/09\/8\/PAF_1D_2019-2020_1160098.pdf\" target=\"_blank\">T\u00e9l\u00e9charger le PAF premier degr\u00e9 au format PDF<\/a><\/p>\n<h4>Personnels enseignants du second degr\u00e9<\/h4>\n<p><a class=\"download\" title=\"PAF 2D 2019-2020 (PDF-1.95 Mo-Nouvelle fen\u00eatre)\" href=\"http:\/\/cache.media.education.gouv.fr\/file\/Plan_Academique_de_Formation\/07\/6\/PAF_2D_2019-2020_1159076.pdf\" target=\"_blank\">T\u00e9l\u00e9charger le PAF second degr\u00e9 au format PDF<\/a><\/p>\n<h4>Personnels d&rsquo;encadrement et personnels ATSS<\/h4>\n<p><a class=\"download\" title=\"PAF ATSS 2019-2020 (PDF-1.26 Mo-Nouvelle fen\u00eatre)\" href=\"http:\/\/cache.media.education.gouv.fr\/file\/Plan_Academique_de_Formation\/07\/8\/PAF_ATSS_2019-2020_1159078.pdf\" target=\"_blank\">T\u00e9l\u00e9charger le PAF encadrement et ATSS au format PDF<\/a><\/p>\n<h3>Acc\u00e8s au service d&rsquo;inscription (GAIA)<\/h3>\n<p>Connectez vous au portail\u00a0:<\/p>\n<p><a class=\"chevron\" href=\"https:\/\/extranet.ac-martinique.fr\/arena\">https:\/\/extranet.ac-martinique.fr\/arena<\/a><\/p>\n<p>puis s\u00e9lectionner\u00a0: Gestion des personnels -&gt; Gestion de la formation continue (GAIA) -&gt; GAIA &#8211; Acc\u00e8s inidivduel<\/p>\n<\/div>\n<div class=\"liste_rubriques\">\n<div class=\"item\">\n<div class=\"text sans_image\">\n<p><a title=\"formation difor\" href=\"http:\/\/www.ac-martinique.fr\/cid120956\/formation-difor.html\">formation difor<\/a><\/p>\n<div class=\"content\">La Division de la formation est charg\u00e9e de la mise en \u0153uvre des actions de formation de tous les personnels de l&rsquo;acad\u00e9mie pr\u00e9vues au Plan acad\u00e9mique de formation. Afin de r\u00e9duire les d\u00e9lais de traitement des dossiers de remboursement des frais de stage et de r\u00e9mun\u00e9ration des formateurs, les documents r\u00e9quis sont disponiles en t\u00e9l\u00e9chargement<\/div>\n<\/div>\n<\/div>\n<\/div>\n<div class=\"liste_rubriques_nav\"><\/div>\n<\/div>\n<div id=\"rubrique_simple_z4\" class=\"col-right\">\n<div class=\"encadre encadre_contact\">\n<div class=\"encadre_contenu\">\n<div class=\"picto\"><\/div>\n<div class=\"encadre_titre\">Vos contacts<\/div>\n<h4>PAF 1er degr\u00e9<\/h4>\n<p>0596 52 28 78<br \/>\n<a class=\"chevron\" href=\"mailto:paf1d@ac-martinique.fr\">paf1d@ac-martinique.fr<\/a><\/p>\n<h4>PAF 2nd degr\u00e9<\/h4>\n<p>0596 52 27 14<br \/>\n<a class=\"chevron\" href=\"mailto:danielle.meril@ac-martinique.fr\">danielle.meril@ac-martinique.fr<\/a><\/p>\n<h4>PAF IATSS &#8211; Encadrement<\/h4>\n<p>0596 52 28 87<br \/>\n<a class=\"chevron\" href=\"mailto:max.burdy@ac-martinique.fr\">max.burdy@ac-martinique.fr<\/a><\/p>\n<\/div>\n<\/div>\n<\/div>\n<div><\/div>\n<\/div>\n<div id=\"rubrique_simple_z5\"><\/div>\n<div id=\"rubrique_simple_z6\"><\/div>\n<\/div>\n<p><!--more--><\/p>\n<p><!--more--><\/p>\n<div id=\"kwa_global_droite\"><\/div>\n","protected":false},"excerpt":{"rendered":"<p>Plan acad\u00e9mique de formation 2019-2020 Calendrier pr\u00e9visionnel Fin de la campagne d&rsquo;inscription aux pr\u00e9parations aux concours (tous PAF): Lundi 9 septembre 2019 Fin de la campagne d&rsquo;inscription pour tous les PAF: Lundi 23 septembre 2019 Voeux de formation Pour la &hellip; <a href=\"https:\/\/site.ac-martinique.fr\/clg-belleetoile\/personnels\/formation\/\">Continuer la lecture <span class=\"meta-nav\">&rarr;<\/span><\/a><\/p>\n","protected":false},"author":118,"featured_media":0,"parent":2005,"menu_order":0,"comment_status":"closed","ping_status":"closed","template":"","meta":{"footnotes":""},"class_list":["post-2010","page","type-page","status-publish","hentry"],"_links":{"self":[{"href":"https:\/\/site.ac-martinique.fr\/clg-belleetoile\/wp-json\/wp\/v2\/pages\/2010","targetHints":{"allow":["GET"]}}],"collection":[{"href":"https:\/\/site.ac-martinique.fr\/clg-belleetoile\/wp-json\/wp\/v2\/pages"}],"about":[{"href":"https:\/\/site.ac-martinique.fr\/clg-belleetoile\/wp-json\/wp\/v2\/types\/page"}],"author":[{"embeddable":true,"href":"https:\/\/site.ac-martinique.fr\/clg-belleetoile\/wp-json\/wp\/v2\/users\/118"}],"replies":[{"embeddable":true,"href":"https:\/\/site.ac-martinique.fr\/clg-belleetoile\/wp-json\/wp\/v2\/comments?post=2010"}],"version-history":[{"count":4,"href":"https:\/\/site.ac-martinique.fr\/clg-belleetoile\/wp-json\/wp\/v2\/pages\/2010\/revisions"}],"predecessor-version":[{"id":2380,"href":"https:\/\/site.ac-martinique.fr\/clg-belleetoile\/wp-json\/wp\/v2\/pages\/2010\/revisions\/2380"}],"up":[{"embeddable":true,"href":"https:\/\/site.ac-martinique.fr\/clg-belleetoile\/wp-json\/wp\/v2\/pages\/2005"}],"wp:attachment":[{"href":"https:\/\/site.ac-martinique.fr\/clg-belleetoile\/wp-json\/wp\/v2\/media?parent=2010"}],"curies":[{"name":"wp","href":"https:\/\/api.w.org\/{rel}","templated":true}]}}