{"id":2014,"date":"2018-09-20T05:47:04","date_gmt":"2018-09-20T09:47:04","guid":{"rendered":"\/clg-belleetoile\/?page_id=2014"},"modified":"2018-09-20T05:47:04","modified_gmt":"2018-09-20T09:47:04","slug":"finale-de-enigmatik-2018","status":"publish","type":"page","link":"https:\/\/site.ac-martinique.fr\/clg-belleetoile\/photos\/finale-de-enigmatik-2018\/","title":{"rendered":"Finale de Enig&rsquo;matik 2018"},"content":{"rendered":"<p style=\"text-align: center;\">\u00a0Les \u00e9l\u00e8ves des \u00e9coles primaires et nos coll\u00e9giens ont particip\u00e9 au d\u00e9fi Enig&rsquo;matik le mercredi 16 mai 2018. Bravo aux vainqueurs !!!!!!<\/p>\n<div id=\"attachment_1915\" style=\"width: 245px\" class=\"wp-caption aligncenter\"><a href=\"\/clg-belleetoile\/wp-content\/uploads\/sites\/49\/2018\/05\/R\u00e9sultat-finale-2018.png\"><img loading=\"lazy\" decoding=\"async\" aria-describedby=\"caption-attachment-1915\" class=\"wp-image-1915\" src=\"\/clg-belleetoile\/wp-content\/uploads\/sites\/49\/2018\/05\/R\u00e9sultat-finale-2018-212x300.png\" alt=\"\" width=\"235\" height=\"333\" srcset=\"https:\/\/site.ac-martinique.fr\/clg-belleetoile\/wp-content\/uploads\/sites\/49\/2018\/05\/R\u00e9sultat-finale-2018-212x300.png 212w, https:\/\/site.ac-martinique.fr\/clg-belleetoile\/wp-content\/uploads\/sites\/49\/2018\/05\/R\u00e9sultat-finale-2018-768x1086.png 768w, https:\/\/site.ac-martinique.fr\/clg-belleetoile\/wp-content\/uploads\/sites\/49\/2018\/05\/R\u00e9sultat-finale-2018-724x1024.png 724w, https:\/\/site.ac-martinique.fr\/clg-belleetoile\/wp-content\/uploads\/sites\/49\/2018\/05\/R\u00e9sultat-finale-2018.png 1240w\" sizes=\"auto, (max-width: 235px) 100vw, 235px\" \/><\/a><p id=\"caption-attachment-1915\" class=\"wp-caption-text\">Classement de la Finale du D\u00e9fi Maths CM1 CM2 6e 5e 2017-2018 \u00c9coles et Coll\u00e8ge<\/p><\/div>\n<p style=\"text-align: left;\">\u00a0<a href=\"\/clg-belleetoile\/wp-content\/uploads\/sites\/49\/2018\/05\/defi-maths-1.jpg\"><img loading=\"lazy\" decoding=\"async\" class=\"alignnone size-medium wp-image-1920\" src=\"\/clg-belleetoile\/wp-content\/uploads\/sites\/49\/2018\/05\/defi-maths-1-300x146.jpg\" alt=\"\" width=\"300\" height=\"146\" srcset=\"https:\/\/site.ac-martinique.fr\/clg-belleetoile\/wp-content\/uploads\/sites\/49\/2018\/05\/defi-maths-1-300x146.jpg 300w, https:\/\/site.ac-martinique.fr\/clg-belleetoile\/wp-content\/uploads\/sites\/49\/2018\/05\/defi-maths-1-768x373.jpg 768w, https:\/\/site.ac-martinique.fr\/clg-belleetoile\/wp-content\/uploads\/sites\/49\/2018\/05\/defi-maths-1-1024x498.jpg 1024w\" sizes=\"auto, (max-width: 300px) 100vw, 300px\" \/><\/a>\u00a0\u00a0 <a href=\"\/clg-belleetoile\/wp-content\/uploads\/sites\/49\/2018\/05\/20180516_095856.jpg\"><img loading=\"lazy\" decoding=\"async\" class=\"alignnone size-medium wp-image-1924\" src=\"\/clg-belleetoile\/wp-content\/uploads\/sites\/49\/2018\/05\/20180516_095856-300x146.jpg\" alt=\"\" width=\"300\" height=\"146\" srcset=\"https:\/\/site.ac-martinique.fr\/clg-belleetoile\/wp-content\/uploads\/sites\/49\/2018\/05\/20180516_095856-300x146.jpg 300w, https:\/\/site.ac-martinique.fr\/clg-belleetoile\/wp-content\/uploads\/sites\/49\/2018\/05\/20180516_095856-768x373.jpg 768w, https:\/\/site.ac-martinique.fr\/clg-belleetoile\/wp-content\/uploads\/sites\/49\/2018\/05\/20180516_095856-1024x498.jpg 1024w\" sizes=\"auto, (max-width: 300px) 100vw, 300px\" \/><\/a><\/p>\n","protected":false},"excerpt":{"rendered":"<p>\u00a0Les \u00e9l\u00e8ves des \u00e9coles primaires et nos coll\u00e9giens ont particip\u00e9 au d\u00e9fi Enig&rsquo;matik le mercredi 16 mai 2018. Bravo aux vainqueurs !!!!!! \u00a0\u00a0\u00a0<\/p>\n","protected":false},"author":118,"featured_media":0,"parent":462,"menu_order":4,"comment_status":"closed","ping_status":"closed","template":"","meta":{"footnotes":""},"class_list":["post-2014","page","type-page","status-publish","hentry"],"_links":{"self":[{"href":"https:\/\/site.ac-martinique.fr\/clg-belleetoile\/wp-json\/wp\/v2\/pages\/2014","targetHints":{"allow":["GET"]}}],"collection":[{"href":"https:\/\/site.ac-martinique.fr\/clg-belleetoile\/wp-json\/wp\/v2\/pages"}],"about":[{"href":"https:\/\/site.ac-martinique.fr\/clg-belleetoile\/wp-json\/wp\/v2\/types\/page"}],"author":[{"embeddable":true,"href":"https:\/\/site.ac-martinique.fr\/clg-belleetoile\/wp-json\/wp\/v2\/users\/118"}],"replies":[{"embeddable":true,"href":"https:\/\/site.ac-martinique.fr\/clg-belleetoile\/wp-json\/wp\/v2\/comments?post=2014"}],"version-history":[{"count":1,"href":"https:\/\/site.ac-martinique.fr\/clg-belleetoile\/wp-json\/wp\/v2\/pages\/2014\/revisions"}],"predecessor-version":[{"id":2015,"href":"https:\/\/site.ac-martinique.fr\/clg-belleetoile\/wp-json\/wp\/v2\/pages\/2014\/revisions\/2015"}],"up":[{"embeddable":true,"href":"https:\/\/site.ac-martinique.fr\/clg-belleetoile\/wp-json\/wp\/v2\/pages\/462"}],"wp:attachment":[{"href":"https:\/\/site.ac-martinique.fr\/clg-belleetoile\/wp-json\/wp\/v2\/media?parent=2014"}],"curies":[{"name":"wp","href":"https:\/\/api.w.org\/{rel}","templated":true}]}}